{"id":11481,"date":"2024-02-26T12:05:23","date_gmt":"2024-02-26T17:05:23","guid":{"rendered":"https:\/\/jaquebec.org\/?page_id=11481"},"modified":"2024-02-26T12:09:58","modified_gmt":"2024-02-26T17:09:58","slug":"marche-de-noel-2023","status":"publish","type":"page","link":"https:\/\/jaquebec.org\/en\/marche-de-noel-2023\/","title":{"rendered":"Christmas Market 2023"},"content":{"rendered":"<p>[vc_row][vc_column][vc_column_text css=&#8221;.vc_custom_1708967348620{margin-top: -50px !important;}&#8221;]<\/p>\n<h3 style=\"text-align: center;\">Christmas Market<\/h3>\n<p>[\/vc_column_text][\/vc_column][\/vc_row][vc_row][vc_column][vc_column_text css=&#8221;.vc_custom_1708967353418{margin-top: 20px !important;}&#8221;]<\/p>\n<p style=\"text-align: justify;\"><span style=\"color: #000000;\">A big thank you to everyone who came to support our student companies during the JA Quebec Christmas market! <\/span><span style=\"color: #000000;\">We want to especially thank our young entrepreneurs for their involvement as well as their mentors, their teachers, our dedicated volunteers, our financial partners and Coll\u00e8ge Jean-de-Br\u00e9beuf!<\/span><\/p>\n<p style=\"text-align: justify;\"><span style=\"color: #000000;\">We are proud to announce a global sales revenue of <strong>$<\/strong><strong>5 786.50<\/strong>. The <strong>Projet Mercure<\/strong><strong>\u00a0<\/strong>Student Company won the prize for the best kiosk at the Christmas market! <strong>Art and Myst<\/strong>, along with<strong> Prestige<\/strong>, are all tied for second place. The prize for the best kiosk at the Christmas market was awarded based on the quality of the sales pitch, product, and kiosk decoration. The company\u00a0<strong>Projet Mercure <\/strong>wins the competition for the most sales with a revenue of $<span class=\"ui-provider ed bdx azt cen ceo cep ceq cer ces cet ceu cev cew cex cey cez cfa cfb cfc cfd cfe cff cfg cfh cfi cfj cfk cfl cfm cfn cfo cfp cfq cfr cfs\" dir=\"ltr\">2640<\/span>. Furthermore, the <strong>Projet Mercure<\/strong> company has the best sales by quantity with a total of 48 units sold. Congratulations to all the teams and thank you all for your participation! Thanks to the <strong>Quebec CPA Order <\/strong>(l&#8217;ordre des comptables professionnels agr\u00e9\u00e9s du Qu\u00e9bec) for conducting an interactive workshop and an educational Kahoot quiz before the start of the Christmas market.<\/span><\/p>\n<p style=\"text-align: justify;\"><span style=\"color: #000000;\">Photos: Studio Reno &amp; fils<\/span><\/p>\n<p>[\/vc_column_text][\/vc_column][\/vc_row][vc_row][vc_column][vc_column_text css=&#8221;.vc_custom_1708967301308{margin-top: 20px !important;}&#8221;]<span style=\"color: #000000;\"><strong>The Volunteers&#8217; Meetup<\/strong><\/span>[\/vc_column_text][\/vc_column][\/vc_row][vc_row equal_height=&#8221;yes&#8221;][vc_column][vc_images_carousel images=&#8221;10864,10901,10825,10898,10824,10869,10820,10865,10900,10899,10897,10904,10902,10887,10886,10884,10885,10905,10868,10867,10866,10903,10862,10823,10821&#8243; img_size=&#8221;large&#8221; speed=&#8221;8000&#8243; slides_per_view=&#8221;3&#8243; autoplay=&#8221;yes&#8221; hide_pagination_control=&#8221;yes&#8221; wrap=&#8221;yes&#8221; css=&#8221;.vc_custom_1702671109054{margin-top: 20px !important;}&#8221;][vc_column_text css=&#8221;.vc_custom_1708967309055{margin-top: 20px !important;}&#8221;]<span style=\"color: #000000;\"><strong>The Christmas Market<\/strong><\/span>[\/vc_column_text][\/vc_column][\/vc_row][vc_row css=&#8221;.vc_custom_1708967374171{margin-top: 20px !important;margin-bottom: 40px !important;}&#8221;][vc_column][vc_images_carousel images=&#8221;10895,10861,10858,10849,10829,10843,10833,10842,10840,10836,10835,10830,10880,10888,10841,10879,10871,10838,10839,10873,10906,10831,10848,10852,10881,10890,10837,10874,10889,10894,10875,10844,10845,10826,10876,10854,10877,10859,10878,10870,10883,10828,10819,10827,10832,10893,10872,10891,10847,10850,10834,10884,10882,10863,10860,10857,10856,10855,10853,10851,10846&#8243; img_size=&#8221;large&#8221; slides_per_view=&#8221;3&#8243; autoplay=&#8221;yes&#8221; hide_pagination_control=&#8221;yes&#8221; wrap=&#8221;yes&#8221;][\/vc_column][\/vc_row]<\/p>","protected":false},"excerpt":{"rendered":"<p>[vc_row][vc_column][vc_column_text css=&#8221;.vc_custom_1708967348620{margin-top: -50px !important;}&#8221;] Christmas Market [\/vc_column_text][\/vc_column][\/vc_row][vc_row][vc_column][vc_column_text css=&#8221;.vc_custom_1708967353418{margin-top: 20px !important;}&#8221;] A big thank you to everyone who came to support our student companies during the JA Quebec Christmas market! We want to especially thank our young entrepreneurs for their involvement as well as their mentors, their teachers, our dedicated volunteers, our financial partners and Coll\u00e8ge [&hellip;]<\/p>\n","protected":false},"author":2,"featured_media":0,"parent":0,"menu_order":0,"comment_status":"closed","ping_status":"closed","template":"","meta":{"_lmt_disableupdate":"","_lmt_disable":"","footnotes":""},"class_list":["post-11481","page","type-page","status-publish","hentry"],"_links":{"self":[{"href":"https:\/\/jaquebec.org\/en\/wp-json\/wp\/v2\/pages\/11481","targetHints":{"allow":["GET"]}}],"collection":[{"href":"https:\/\/jaquebec.org\/en\/wp-json\/wp\/v2\/pages"}],"about":[{"href":"https:\/\/jaquebec.org\/en\/wp-json\/wp\/v2\/types\/page"}],"author":[{"embeddable":true,"href":"https:\/\/jaquebec.org\/en\/wp-json\/wp\/v2\/users\/2"}],"replies":[{"embeddable":true,"href":"https:\/\/jaquebec.org\/en\/wp-json\/wp\/v2\/comments?post=11481"}],"version-history":[{"count":9,"href":"https:\/\/jaquebec.org\/en\/wp-json\/wp\/v2\/pages\/11481\/revisions"}],"predecessor-version":[{"id":11490,"href":"https:\/\/jaquebec.org\/en\/wp-json\/wp\/v2\/pages\/11481\/revisions\/11490"}],"wp:attachment":[{"href":"https:\/\/jaquebec.org\/en\/wp-json\/wp\/v2\/media?parent=11481"}],"curies":[{"name":"wp","href":"https:\/\/api.w.org\/{rel}","templated":true}]}}