{"id":13260,"date":"2025-07-08T12:25:38","date_gmt":"2025-07-08T16:25:38","guid":{"rendered":"https:\/\/jaquebec.org\/?page_id=13260"},"modified":"2025-07-09T09:21:25","modified_gmt":"2025-07-09T13:21:25","slug":"formulaire-dinteret-pour-participation-au-programme-entreprise-etudiante-en-tant-quecole-ou-etablissement-parascolaire","status":"publish","type":"page","link":"https:\/\/jaquebec.org\/en\/formulaire-dinteret-pour-participation-au-programme-entreprise-etudiante-en-tant-quecole-ou-etablissement-parascolaire\/","title":{"rendered":"(Fran\u00e7ais) Formulaire d&#8217;int\u00e9r\u00eat pour participation au programme Entreprise \u00e9tudiante en tant qu&#8217;\u00e9cole ou \u00e9tablissement (parascolaire)"},"content":{"rendered":"<p class=\"qtranxs-available-languages-message qtranxs-available-languages-message-en\">Sorry, this entry is only available in <a href=\"https:\/\/jaquebec.org\/fr\/wp-json\/wp\/v2\/pages\/13260\" class=\"qtranxs-available-language-link qtranxs-available-language-link-fr\" title=\"Fran\u00e7ais\">Fran\u00e7ais<\/a>.<\/p>","protected":false},"excerpt":{"rendered":"<p>Sorry, this entry is only available in Fran\u00e7ais.<\/p>\n","protected":false},"author":4,"featured_media":0,"parent":0,"menu_order":0,"comment_status":"closed","ping_status":"closed","template":"","meta":{"_lmt_disableupdate":"","_lmt_disable":"","footnotes":""},"class_list":["post-13260","page","type-page","status-publish","hentry"],"_links":{"self":[{"href":"https:\/\/jaquebec.org\/en\/wp-json\/wp\/v2\/pages\/13260","targetHints":{"allow":["GET"]}}],"collection":[{"href":"https:\/\/jaquebec.org\/en\/wp-json\/wp\/v2\/pages"}],"about":[{"href":"https:\/\/jaquebec.org\/en\/wp-json\/wp\/v2\/types\/page"}],"author":[{"embeddable":true,"href":"https:\/\/jaquebec.org\/en\/wp-json\/wp\/v2\/users\/4"}],"replies":[{"embeddable":true,"href":"https:\/\/jaquebec.org\/en\/wp-json\/wp\/v2\/comments?post=13260"}],"version-history":[{"count":8,"href":"https:\/\/jaquebec.org\/en\/wp-json\/wp\/v2\/pages\/13260\/revisions"}],"predecessor-version":[{"id":13336,"href":"https:\/\/jaquebec.org\/en\/wp-json\/wp\/v2\/pages\/13260\/revisions\/13336"}],"wp:attachment":[{"href":"https:\/\/jaquebec.org\/en\/wp-json\/wp\/v2\/media?parent=13260"}],"curies":[{"name":"wp","href":"https:\/\/api.w.org\/{rel}","templated":true}]}}