{"id":2579,"date":"2018-07-25T21:58:53","date_gmt":"2018-07-25T19:58:53","guid":{"rendered":"https:\/\/jaquebec.com\/?page_id=2579"},"modified":"2023-10-06T15:12:17","modified_gmt":"2023-10-06T19:12:17","slug":"allies-strategiques","status":"publish","type":"page","link":"https:\/\/jaquebec.org\/en\/partenaires\/allies-strategiques\/","title":{"rendered":"Strategic Alliances"},"content":{"rendered":"<p>[vc_row full_width=&#8221;stretch_row_content&#8221; css=&#8221;.vc_custom_1660936670602{margin-top: -80px !important;}&#8221;][vc_column][vc_single_image image=&#8221;7632&#8243; img_size=&#8221;full&#8221;][\/vc_column][\/vc_row][vc_row][vc_column]<div class='headline with-icon text-center '><i class='berlin-icon-idea'><\/i><h3>Strategic Alliances<\/h3><\/div>[vc_column_text]<\/p>\n<p style=\"text-align: justify;\"><span style=\"color: #000000;\">JA Quebec (formerly Jeunes Entreprises du Qu\u00e9bec) and its volunteers are dedicated to offering free training for students between 10 and 18 years old to encourage them to make smart decisions about their field of studies and careers, teach them about financial literacy, help them understand business realities and prepare them for the world of entrepreneurship.<\/span><\/p>\n<p style=\"text-align: justify;\"><span style=\"color: #000000;\">We also offer additional activities which enable youth to develop skills such as leadership, creativity, collaboration and problem solving, attributes sought by employers and essential to start a business. We work upstream of other organisations that take over when young people are further along their career path.<\/span><\/p>\n<p style=\"text-align: justify;\"><span style=\"color: #000000;\">What happens to participating students of our programs when they finish high school? Can they still receive training or get information on entrepreneurship? Yes, they can. JA Qu\u00e9bec has developed partnerships with other organizations involved with entrepreneurship. These organizations work with young people interested in entrepreneurship, inform them about project opportunities or mentorship, either as part of their studies at CEGEP and University, or when they start a business.<\/span><\/p>\n<p style=\"text-align: justify;\"><span style=\"color: #000000;\">Here is the list of these organizations:<\/span><\/p>\n<p>[\/vc_column_text][\/vc_column][\/vc_row][vc_row][vc_column width=&#8221;1\/2&#8243; css=&#8221;.vc_custom_1532629902984{margin-top: 20px !important;}&#8221;][vc_single_image image=&#8221;8632&#8243; img_size=&#8221;large&#8221; alignment=&#8221;center&#8221; onclick=&#8221;custom_link&#8221; img_link_target=&#8221;_blank&#8221; link=&#8221;https:\/\/www.osentreprendre.quebec\/en\/&#8221; css=&#8221;.vc_custom_1688064696521{margin-top: 15px !important;margin-bottom: 30px !important;}&#8221;][vc_column_text]<\/p>\n<p style=\"text-align: justify;\"><span style=\"color: #000000;\"><strong>OSEntreprendre has a mission to foster the spirit of entrepreneurship in order to help build a proud, innovative, committed and prosperous Qu\u00e9bec. Recognizing the human adventure of entrepreneurship and encouraging Education Through Entrepreneurial Spirit in schools characterize its activities. It brings together more than 80 000 participants throughout all 17 regions of Qu\u00e9bec, from elementary school to university students, and business starters and entrepreneurs.<\/strong><\/span><\/p>\n<p>[\/vc_column_text][vc_single_image image=&#8221;7028&#8243; img_size=&#8221;medium&#8221; alignment=&#8221;center&#8221; onclick=&#8221;custom_link&#8221; link=&#8221;https:\/\/www.petitsentrepreneurs.ca\/fr\/&#8221; css=&#8221;.vc_custom_1688064764595{margin-top: 30px !important;margin-bottom: 30px !important;}&#8221;][vc_column_text]<\/p>\n<p style=\"text-align: justify;\"><span style=\"color: #000000;\"><strong>Since 2014, every june, thousands of young people aged 5 to 17 launch their one-day business in a festive atmosphere all over the province of Quebec! <\/strong><strong>La grande journ\u00e9e des petits entrepreneurs (the big day) exists to inspire, empower and educate children by creating opportunities for entrepreneurship.<\/strong><\/span><\/p>\n<p>[\/vc_column_text][vc_single_image image=&#8221;9830&#8243; img_size=&#8221;medium&#8221; alignment=&#8221;center&#8221; onclick=&#8221;custom_link&#8221; link=&#8221;https:\/\/www.aqep.org\/fr\/&#8221; css=&#8221;.vc_custom_1689184653991{margin-top: 30px !important;}&#8221;][vc_column_text css=&#8221;.vc_custom_1689185119840{margin-top: 30px !important;margin-bottom: 30px !important;}&#8221;]<\/p>\n<p style=\"text-align: justify;\"><strong><span style=\"color: #000000;\">L\u2019association Qu\u00e9b\u00e9coise des enseignant.es du primaire brings together all individuals working, directly or indirectly, with one of the three cycles of primary education to create a strong and dynamic teaching community.<\/span><\/strong><\/p>\n<p>[\/vc_column_text][vc_single_image image=&#8221;9832&#8243; alignment=&#8221;center&#8221; onclick=&#8221;custom_link&#8221; link=&#8221;https:\/\/www.ymcaquebec.org\/en\/Home?daftar-akun-togel-u0r7=&#8221; css=&#8221;.vc_custom_1689185090603{margin-top: 30px !important;}&#8221;][vc_column_text css=&#8221;.vc_custom_1696619507101{margin-top: 30px !important;margin-bottom: 30px !important;}&#8221;]<\/p>\n<p style=\"text-align: justify;\"><span style=\"color: #000000;\"><strong>As a charitable organization, the YMCA of Quebec has a mission to inspire and empower individuals to achieve personal fulfillment, flourish, and make positive contributions to their communities. With programs available virtually and at over thirty service locations throughout the province, the YMCA of Quebec is dedicated to supporting individuals in reaching their full potential and thriving in all aspects of life.<\/strong><\/span><\/p>\n<p>[\/vc_column_text][vc_single_image image=&#8221;10370&#8243; img_size=&#8221;medium&#8221; alignment=&#8221;center&#8221; onclick=&#8221;custom_link&#8221; link=&#8221;https:\/\/www.ymcaquebec.org\/en\/Home?daftar-akun-togel-u0r7=&#8221; css=&#8221;.vc_custom_1696619384947{margin-top: 30px !important;}&#8221;][vc_column_text css=&#8221;.vc_custom_1696619515659{margin-top: 30px !important;margin-bottom: 30px !important;}&#8221;]<\/p>\n<p style=\"text-align: justify;\"><span style=\"color: #000000;\"><strong>The project brings together young professionals with different skills and expertise within a nonprofit organization to assist and support anyone, especially individuals aged 18 to 35, who wish to enter the workforce.<\/strong><\/span><\/p>\n<p>[\/vc_column_text][\/vc_column][vc_column width=&#8221;1\/2&#8243; css=&#8221;.vc_custom_1570040073851{margin-top: 20px !important;}&#8221;][vc_single_image image=&#8221;2581&#8243; img_size=&#8221;large&#8221; alignment=&#8221;center&#8221; onclick=&#8221;custom_link&#8221; img_link_target=&#8221;_blank&#8221; link=&#8221;http:\/\/www.rcjeq.org&#8221; css=&#8221;.vc_custom_1688064702092{margin-top: 15px !important;margin-bottom: 30px !important;}&#8221;][vc_column_text]<\/p>\n<p style=\"text-align: justify;\"><span style=\"color: #000000;\"><strong>The R\u00e9seau des carrefours jeunesse-emploi du Qu\u00e9bec is a network of community organizations serving young people. The Carrefours Jeunesse-Emploi are community hubs which guide young adults aged 16 to 35 in their social and economic integration initiatives, helping them on the path to employment, returning to school or developing projects.<\/strong><\/span><\/p>\n<p>[\/vc_column_text][vc_single_image image=&#8221;2753&#8243; img_size=&#8221;large&#8221; alignment=&#8221;center&#8221; onclick=&#8221;custom_link&#8221; link=&#8221;https:\/\/www.ccmm.ca\/en\/advocacy\/operation-back-to-school\/&#8221; css=&#8221;.vc_custom_1688064805590{margin-top: 30px !important;margin-bottom: 15px !important;}&#8221;][vc_column_text]<\/p>\n<p style=\"text-align: justify;\"><span style=\"color: #000000;\"><strong>Operation Back to School is a Chamber of Commerce of Metropolitan Montreal initiative designed to encourage school retention by organizing free presentations at Greater Montr\u00e9al high schools every year. The program also features stay-in-school scholarships of $1,500 awarded to students who have distinguished themselves for their diligence and determination at school during the year.<\/strong><\/span><\/p>\n<p>[\/vc_column_text][vc_single_image image=&#8221;8150&#8243; img_size=&#8221;medium&#8221; alignment=&#8221;center&#8221; onclick=&#8221;custom_link&#8221; img_link_target=&#8221;_blank&#8221; link=&#8221;https:\/\/www.jechoisismontreal.com\/en\/&#8221; css=&#8221;.vc_custom_1688064958282{margin-top: 60px !important;margin-bottom: 30px !important;}&#8221;][vc_column_text css=&#8221;.vc_custom_1688064833485{margin-top: 30px !important;margin-bottom: 25px !important;}&#8221;]<\/p>\n<p style=\"text-align: justify;\"><span style=\"color: #000000;\"><strong><span lang=\"en-CA\">I choose Montr\u00e9al is an initiative of Montr\u00e9al International, Greater Montr\u00e9al\u2019s economic development agency, developed in partnership with the Government of Qu\u00e9bec.<\/span><\/strong><\/span><\/p>\n<p>[\/vc_column_text][vc_single_image image=&#8221;9776&#8243; img_size=&#8221;medium&#8221; alignment=&#8221;center&#8221; onclick=&#8221;custom_link&#8221; img_link_target=&#8221;_blank&#8221; link=&#8221;https:\/\/clubjed.ca\/&#8221; css=&#8221;.vc_custom_1689185211388{margin-bottom: 30px !important;}&#8221;][vc_column_text css=&#8221;.vc_custom_1688065194275{margin-top: 30px !important;margin-bottom: 25px !important;}&#8221;]<\/p>\n<p style=\"text-align: justify;\"><span style=\"color: #000000;\"><b>Le Club des jeunes entrepreneurs de demain is a non-profit organization that provides support and training for young entrepreneurs aged 13 to 19.<\/b><\/span><\/p>\n<p>[\/vc_column_text][vc_single_image image=&#8221;9831&#8243; img_size=&#8221;large&#8221; alignment=&#8221;center&#8221; onclick=&#8221;custom_link&#8221; img_link_target=&#8221;_blank&#8221; link=&#8221;https:\/\/cjevg.qc.ca\/&#8221; css=&#8221;.vc_custom_1689185308097{margin-top: -60px !important;margin-bottom: 30px !important;}&#8221;][vc_column_text css=&#8221;.vc_custom_1689185397227{margin-top: -70px !important;margin-bottom: 25px !important;}&#8221;]<\/p>\n<p style=\"text-align: justify;\"><span style=\"color: #000000;\"><b>The carrefour jeunesse emploi Vall\u00e9e-de-la-Gatineau is a non-profit organization that provides services aimed at improving the living conditions of citizens by assisting them in their path or life projects.<\/b><\/span><\/p>\n<p>[\/vc_column_text][\/vc_column][\/vc_row]<\/p>","protected":false},"excerpt":{"rendered":"<p>[vc_row full_width=&#8221;stretch_row_content&#8221; css=&#8221;.vc_custom_1660936670602{margin-top: -80px !important;}&#8221;][vc_column][vc_single_image image=&#8221;7632&#8243; img_size=&#8221;full&#8221;][\/vc_column][\/vc_row][vc_row][vc_column][vc_column_text] JA Quebec (formerly Jeunes Entreprises du Qu\u00e9bec) and its volunteers are dedicated to offering free training for students between 10 and 18 years old to encourage them to make smart decisions about their field of studies and careers, teach them about financial literacy, help them understand business realities [&hellip;]<\/p>\n","protected":false},"author":2,"featured_media":0,"parent":800,"menu_order":0,"comment_status":"closed","ping_status":"closed","template":"","meta":{"_lmt_disableupdate":"","_lmt_disable":"","footnotes":""},"class_list":["post-2579","page","type-page","status-publish","hentry"],"_links":{"self":[{"href":"https:\/\/jaquebec.org\/en\/wp-json\/wp\/v2\/pages\/2579","targetHints":{"allow":["GET"]}}],"collection":[{"href":"https:\/\/jaquebec.org\/en\/wp-json\/wp\/v2\/pages"}],"about":[{"href":"https:\/\/jaquebec.org\/en\/wp-json\/wp\/v2\/types\/page"}],"author":[{"embeddable":true,"href":"https:\/\/jaquebec.org\/en\/wp-json\/wp\/v2\/users\/2"}],"replies":[{"embeddable":true,"href":"https:\/\/jaquebec.org\/en\/wp-json\/wp\/v2\/comments?post=2579"}],"version-history":[{"count":57,"href":"https:\/\/jaquebec.org\/en\/wp-json\/wp\/v2\/pages\/2579\/revisions"}],"predecessor-version":[{"id":10372,"href":"https:\/\/jaquebec.org\/en\/wp-json\/wp\/v2\/pages\/2579\/revisions\/10372"}],"up":[{"embeddable":true,"href":"https:\/\/jaquebec.org\/en\/wp-json\/wp\/v2\/pages\/800"}],"wp:attachment":[{"href":"https:\/\/jaquebec.org\/en\/wp-json\/wp\/v2\/media?parent=2579"}],"curies":[{"name":"wp","href":"https:\/\/api.w.org\/{rel}","templated":true}]}}