{"id":4293,"date":"2020-01-29T15:55:10","date_gmt":"2020-01-29T20:55:10","guid":{"rendered":"https:\/\/jaquebec.com\/?page_id=4293"},"modified":"2022-08-18T16:05:07","modified_gmt":"2022-08-18T20:05:07","slug":"dejeuners-conferences-pour-reunir-etudiants-et-entrepreneurs-a-quebec","status":"publish","type":"page","link":"https:\/\/jaquebec.org\/en\/dejeuners-conferences-pour-reunir-etudiants-et-entrepreneurs-a-quebec\/","title":{"rendered":"Registration for lunch conferences in Quebec City"},"content":{"rendered":"<p>[vc_row full_width=&#8221;stretch_row_content&#8221; css=&#8221;.vc_custom_1660853105678{margin-top: -80px !important;}&#8221;][vc_column][vc_single_image image=&#8221;7632&#8243; img_size=&#8221;full&#8221;][\/vc_column][\/vc_row][vc_row css=&#8221;.vc_custom_1660853063049{margin-top: 20px !important;}&#8221;][vc_column]<div class='headline with-icon text-center '><i class='berlin-icon-hot'><\/i><h3>Registration for lunch conferences in Quebec City<\/h3><\/div>[vc_column_text css=&#8221;.vc_custom_1604025301256{padding-top: 15px !important;padding-bottom: 15px !important;background-color: #f9f9f9 !important;}&#8221;]<\/p>\n<p style=\"text-align: center;\"><strong>This event brings together students and entrepreneurs for a business lunch.<\/strong><\/p>\n<p style=\"text-align: center;\"><strong>Location: Le Cercle &#8211; Pavillon Alphonse-Desjardins &#8211; Universit\u00e9 Laval<\/strong><br \/>\n<strong>2325 Rue de l&#8217;Universit\u00e9, Qu\u00e9bec (Qu\u00e9bec) G1V 0A6<\/strong><\/p>\n<p style=\"text-align: center;\"><strong>Schedule: from 7:30 a.m. to 9:00 a.m.<\/strong><\/p>\n<h3 style=\"text-align: center;\">Dates and Guest Speakers:<\/h3>\n<h4 style=\"text-align: center;\">Fred Campbell, president Hook\u00e9 (postponed)<br \/>\nVincent Th\u00e9riault, Co-founder Surmesur (postponed)<\/h4>\n<p>[\/vc_column_text]<div class='headline with-icon text-center '><i class='berlin-icon-calendar3'><\/i><h3>EVENT POSTPONED<\/h3><\/div>[vc_column_text css=&#8221;.vc_custom_1612809794806{margin-bottom: 45px !important;}&#8221;]<\/p>\n<h4 style=\"text-align: center;\">Come back later for registration&#8230;<\/h4>\n<p>[\/vc_column_text][\/vc_column][\/vc_row]<\/p>","protected":false},"excerpt":{"rendered":"<p>[vc_row full_width=&#8221;stretch_row_content&#8221; css=&#8221;.vc_custom_1660853105678{margin-top: -80px !important;}&#8221;][vc_column][vc_single_image image=&#8221;7632&#8243; img_size=&#8221;full&#8221;][\/vc_column][\/vc_row][vc_row css=&#8221;.vc_custom_1660853063049{margin-top: 20px !important;}&#8221;][vc_column][vc_column_text css=&#8221;.vc_custom_1604025301256{padding-top: 15px !important;padding-bottom: 15px !important;background-color: #f9f9f9 !important;}&#8221;] This event brings together students and entrepreneurs for a business lunch. Location: Le Cercle &#8211; Pavillon Alphonse-Desjardins &#8211; Universit\u00e9 Laval 2325 Rue de l&#8217;Universit\u00e9, Qu\u00e9bec (Qu\u00e9bec) G1V 0A6 Schedule: from 7:30 a.m. to 9:00 a.m. Dates and Guest [&hellip;]<\/p>\n","protected":false},"author":2,"featured_media":0,"parent":0,"menu_order":0,"comment_status":"closed","ping_status":"closed","template":"","meta":{"_lmt_disableupdate":"","_lmt_disable":"","footnotes":""},"class_list":["post-4293","page","type-page","status-publish","hentry"],"_links":{"self":[{"href":"https:\/\/jaquebec.org\/en\/wp-json\/wp\/v2\/pages\/4293","targetHints":{"allow":["GET"]}}],"collection":[{"href":"https:\/\/jaquebec.org\/en\/wp-json\/wp\/v2\/pages"}],"about":[{"href":"https:\/\/jaquebec.org\/en\/wp-json\/wp\/v2\/types\/page"}],"author":[{"embeddable":true,"href":"https:\/\/jaquebec.org\/en\/wp-json\/wp\/v2\/users\/2"}],"replies":[{"embeddable":true,"href":"https:\/\/jaquebec.org\/en\/wp-json\/wp\/v2\/comments?post=4293"}],"version-history":[{"count":23,"href":"https:\/\/jaquebec.org\/en\/wp-json\/wp\/v2\/pages\/4293\/revisions"}],"predecessor-version":[{"id":7646,"href":"https:\/\/jaquebec.org\/en\/wp-json\/wp\/v2\/pages\/4293\/revisions\/7646"}],"wp:attachment":[{"href":"https:\/\/jaquebec.org\/en\/wp-json\/wp\/v2\/media?parent=4293"}],"curies":[{"name":"wp","href":"https:\/\/api.w.org\/{rel}","templated":true}]}}