{"id":10944,"date":"2023-12-18T15:23:16","date_gmt":"2023-12-18T20:23:16","guid":{"rendered":"https:\/\/jaquebec.org\/?page_id=10944"},"modified":"2026-02-25T11:29:32","modified_gmt":"2026-02-25T16:29:32","slug":"inscription-cojeq","status":"publish","type":"page","link":"https:\/\/jaquebec.org\/fr\/inscription-cojeq\/","title":{"rendered":"INSCRIPTION COJEQ"},"content":{"rendered":"<p>[vc_row css=&#8221;.vc_custom_1702673781350{margin-top: -70px !important;}&#8221;][vc_column]<div class='headline with-icon text-center '><i class='fa fa-calendar'><\/i><h3>INSCRIPTION AU COJEQ<\/h3><\/div>[vc_column_text css=&#8221;.vc_custom_1772036465321{margin-top: 25px !important;}&#8221;]<\/p>\n<h3 style=\"text-align: center;\">&#8211;<\/h3>\n<h3 style=\"text-align: center;\">\u00c9DITION DU 13 au 15 mars 2026<\/h3>\n<p>&nbsp;<\/p>\n<p style=\"text-align: justify;\"><strong>Le COJEQ est un \u00e9v\u00e9nement qui r\u00e9unit des jeunes de 15 \u00e0 18 ans afin de vivre une exp\u00e9rience d\u2019affaires enrichissante. <\/strong>Cette comp\u00e9tition en \u00e9quipe rassemble une centaine de jeunes de partout au Qu\u00e9bec, les encourageant \u00e0 se surpasser et \u00e0 sortir de leur zone de confort, tout en d\u00e9veloppant leur leadership, leur esprit collaboratif et en les initiant \u00e0 l&#8217;entrepreneuriat. Le congr\u00e8s officiel de la jeunesse entrepreneuriale du Qu\u00e9bec (COJEQ) se tiendra du 13 au 15 mars 2026<span style=\"color: #285f74;\"><span style=\"font-size: 16px;\"><strong>\u00a0\u00e0 l\u2019H\u00f4tel Le Victorin, \u00e0 Victoriaville.<\/strong><\/span><\/span> <strong>Les participants concevront, pr\u00e9pareront et pr\u00e9senteront un plan d&#8217;affaires devant un jury compos\u00e9 de mentors.<\/strong> D\u2019autres activit\u00e9s sont \u00e9galement au programme telles qu&#8217;une simulation \u00e9conomique, des conf\u00e9rences et divers mini-jeux en parall\u00e8le. <span style=\"color: #000000;\">\u00c0 la fin du week-end, des bourses seront attribu\u00e9es aux \u00e9quipes gagnantes des activit\u00e9s et aux jeunes les plus entreprenants. Le COJEQ offre <strong>une immersion totale dans le monde des affaires<\/strong>, o\u00f9 chaque moment est une opportunit\u00e9 d&#8217;apprentissage et d&#8217;\u00e9panouissement personnel. Ne manquez pas cette chance unique de faire partie d&#8217;une exp\u00e9rience qui laissera une empreinte ind\u00e9l\u00e9bile dans votre cheminement de carri\u00e8re ! \ud83d\ude80<\/span><\/p>\n<p>[\/vc_column_text][\/vc_column][\/vc_row][vc_row css=&#8221;.vc_custom_1702674514322{margin-top: 20px !important;}&#8221;][vc_column width=&#8221;1\/2&#8243; css=&#8221;.vc_custom_1702675145198{margin-top: 30px !important;}&#8221;][vc_column_text css=&#8221;.vc_custom_1739459627848{margin-top: -30px !important;}&#8221;]<\/p>\n<h3 style=\"text-align: center;\"><span class=\"OYPEnA text-decoration-none text-strikethrough-none\" style=\"color: #ef3220;\">Comment participer ?<\/span><\/h3>\n<h3 style=\"text-align: center;\"><span class=\"OYPEnA text-decoration-none text-strikethrough-none\">Inscris ton \u00e9quipe et repr\u00e9sente ton \u00e9cole lors du prochain COJEQ<\/span><\/h3>\n<p>[\/vc_column_text][vc_column_text css=&#8221;.vc_custom_1772036429888{margin-top: 10px !important;}&#8221;]<\/p>\n<p style=\"text-align: center;\"><span class=\"OYPEnA text-decoration-none text-strikethrough-none\" style=\"color: #000000;\">Contactez-nous pour plus d&#8217;information <a href=\"mailto:info@jaquebec.org\">info@jaquebec.org<\/a><\/span><\/p>\n<p>[\/vc_column_text]<div class='text-center'><a class='btn btn-default  vc_custom_1772036840151' href='https:\/\/forms.office.com\/pages\/responsepage.aspx?id=M9-kSxOf-ES3Yk6HY8O34S5mzz9MaJJBgNFt5W-AUD5UOFdPQ01LVEpPUlVQMDhNRk9PUU83TEFDUiQlQCN0PWcu&#038;origin=lprLink&#038;route=shorturl' target=' _blank'>Inscription individuelle pour le COJEQ<\/a><\/div><div class='text-center'><a class='btn btn-default ' href='https:\/\/www.zeffy.com\/fr-CA\/ticketing\/inscription-cojeq-2026-jeunes' target=' _blank'>Paiement en ligne pour le COJEQ<\/a><\/div>[\/vc_column][vc_column width=&#8221;1\/2&#8243;][vc_single_image image=&#8221;12806&#8243; img_size=&#8221;large&#8221;][\/vc_column][\/vc_row][vc_row css=&#8221;.vc_custom_1702918069236{margin-top: 20px !important;margin-bottom: 50px !important;}&#8221;][vc_column width=&#8221;1\/2&#8243; css=&#8221;.vc_custom_1680029656498{margin-top: 30px !important;}&#8221;][vc_column_text css=&#8221;.vc_custom_1702916929753{margin-top: -30px !important;}&#8221;]<\/p>\n<h3>Dans le cadre de cette fin de semaine, les jeunes entrepreneurs de la rel\u00e8ve ont eu la chance de participer \u00e0 plusieurs activit\u00e9s\u00a0:<\/h3>\n<ul>\n<li><span style=\"color: #000000;\">R\u00e9daction compl\u00e8te d\u2019un plan d\u2019affaires<\/span><\/li>\n<li><span style=\"color: #000000;\">Simulation d\u2019affaires\u00a0: strat\u00e9gies de production et de vente<\/span><\/li>\n<li><span style=\"color: #000000;\">Comp\u00e9tition \u00e9conomique en \u00e9quipe avec remise de prix<\/span><\/li>\n<li><span style=\"color: #000000;\">Ateliers sur l\u2019entrepreneuriat<\/span><\/li>\n<li><span style=\"color: #000000;\">Rencontres et \u00e9changes avec des entrepreneurs<\/span><\/li>\n<\/ul>\n<p>[\/vc_column_text][\/vc_column][vc_column width=&#8221;1\/2&#8243;][vc_column_text]<\/p>\n<h3>Des retomb\u00e9es positives pour chacun d&#8217;entre eux!<\/h3>\n<ul>\n<li><span style=\"color: #000000;\">D\u00e9couvrir les bienfaits et les risques li\u00e9s au lancement d\u2019une entreprise<\/span><\/li>\n<li><span style=\"color: #000000;\">Simuler un rapport positif avec le monde des affaires<\/span><\/li>\n<li><span style=\"color: #000000;\">Valoriser le travail d\u2019\u00e9quipe et le sens des responsabilit\u00e9s<\/span><\/li>\n<li><span style=\"color: #000000;\">D\u00e9velopper sa confiance en soi<\/span><\/li>\n<li><span style=\"color: #000000;\">R\u00e9aliser des pr\u00e9sentations efficaces et cr\u00e9er de bons argumentaires de vente<\/span><\/li>\n<li><span style=\"color: #000000;\">Commencer \u00e0 mettre en place ton r\u00e9seau d\u2019affaires<\/span><\/li>\n<li><span style=\"color: #000000;\">D\u00e9veloppement\u00a0d\u2019habilet\u00e9s en collaboration, leadership et cr\u00e9ativit\u00e9<\/span><\/li>\n<li><span style=\"color: #000000;\">Plaisir et fous-rires garantis!<\/span><\/li>\n<\/ul>\n<p>[\/vc_column_text][\/vc_column][\/vc_row][vc_row css=&#8221;.vc_custom_1702917625630{margin-top: 20px !important;}&#8221;][vc_column width=&#8221;1\/2&#8243;][vc_column_text css=&#8221;.vc_custom_1702917766070{margin-top: -80px !important;}&#8221;]<img loading=\"lazy\" decoding=\"async\" class=\"wp-image-11011 alignleft\" src=\"https:\/\/jaquebec.org\/wp-content\/uploads\/2023\/12\/bannieres-83-min-e1702917506188.png\" alt=\"\" width=\"809\" height=\"348\" srcset=\"https:\/\/jaquebec.org\/wp-content\/uploads\/2023\/12\/bannieres-83-min-e1702917506188.png 1280w, https:\/\/jaquebec.org\/wp-content\/uploads\/2023\/12\/bannieres-83-min-e1702917506188-300x129.png 300w, https:\/\/jaquebec.org\/wp-content\/uploads\/2023\/12\/bannieres-83-min-e1702917506188-1024x440.png 1024w, https:\/\/jaquebec.org\/wp-content\/uploads\/2023\/12\/bannieres-83-min-e1702917506188-768x330.png 768w, https:\/\/jaquebec.org\/wp-content\/uploads\/2023\/12\/bannieres-83-min-e1702917506188-1140x490.png 1140w, https:\/\/jaquebec.org\/wp-content\/uploads\/2023\/12\/bannieres-83-min-e1702917506188-380x163.png 380w\" sizes=\"auto, (max-width: 809px) 100vw, 809px\" \/>[\/vc_column_text][\/vc_column][vc_column width=&#8221;1\/2&#8243;][vc_column_text css=&#8221;.vc_custom_1739457951559{margin-top: -30px !important;}&#8221;]<\/p>\n<h3 style=\"text-align: center;\"><span class=\"OYPEnA text-decoration-none text-strikethrough-none\" style=\"color: #ef3220;\">Les inscriptions sont ouvertes !<\/span><\/h3>\n<h3 style=\"text-align: center;\"><span class=\"OYPEnA text-decoration-none text-strikethrough-none\" style=\"color: #2c61b5;\">Participe au COJEQ en tant que conseiller d&#8217;une \u00e9quipe<\/span><\/h3>\n<p>[\/vc_column_text][\/vc_column][\/vc_row][vc_row css=&#8221;.vc_custom_1702919417020{margin-top: 20px !important;}&#8221;][vc_column]<div class='headline with-icon text-center '><i class='berlin-icon-clipboard2'><\/i><h3>SOUTENEZ L'\u00c9V\u00c9NEMENT<\/h3><\/div>[vc_column_text]<\/p>\n<h3 style=\"text-align: center;\">PARRAINAGE DE JEUNES<\/h3>\n<p style=\"text-align: center;\">Offrez la possibilit\u00e9 \u00e0 un jeune ou \u00e0 une \u00e9quipe de participer \u00e0 l&#8217;\u00e9v\u00e9nement sans frais<\/p>\n<p>[\/vc_column_text][\/vc_column][\/vc_row][vc_row css=&#8221;.vc_custom_1702919417020{margin-top: 20px !important;}&#8221;][vc_column width=&#8221;1\/3&#8243; css=&#8221;.vc_custom_1739467031384{border-right-width: 3px !important;padding-bottom: 35px !important;background-color: #dddddd !important;border-right-style: groove !important;}&#8221;]<div class='headline with-icon text-center '><i class='berlin-icon-male'><\/i><h3>INDIVIDUEL<\/h3><\/div>[vc_column_text]<\/p>\n<h3 style=\"text-align: center;\">400 $<\/h3>\n<p style=\"text-align: center;\">Ce montant couvre les frais de participation pour un jeune<\/p>\n<p>[\/vc_column_text][\/vc_column][vc_column width=&#8221;1\/3&#8243; css=&#8221;.vc_custom_1739467057081{border-right-width: 3px !important;padding-bottom: 35px !important;background-color: #dddddd !important;border-right-style: groove !important;}&#8221;]<div class='headline with-icon text-center '><i class='berlin-icon-male'><\/i><h3>3 JEUNES<\/h3><\/div>[vc_column_text]<\/p>\n<h3 style=\"text-align: center;\">1 000 $<\/h3>\n<p style=\"text-align: center;\">En addition, votre nom d&#8217;entreprise est mentionn\u00e9 dans le guide du congr\u00e8s<\/p>\n<p>[\/vc_column_text][\/vc_column][vc_column width=&#8221;1\/3&#8243; css=&#8221;.vc_custom_1739467128921{padding-bottom: 12px !important;background-color: #dddddd !important;}&#8221;]<div class='headline with-icon text-center '><i class='berlin-icon-male'><\/i><h3>UNE \u00c9QUIPE<\/h3><\/div>[vc_column_text]<\/p>\n<h3 style=\"text-align: center;\">3 000 $<\/h3>\n<p style=\"text-align: center;\">En addition, votre logo d&#8217;entreprise est affich\u00e9 dans le guide du congr\u00e8s et nous mentionnons votre support dans nos communications<\/p>\n<p>[\/vc_column_text][\/vc_column][\/vc_row][vc_row css=&#8221;.vc_custom_1702919417020{margin-top: 20px !important;}&#8221;][vc_column][vc_column_text css=&#8221;.vc_custom_1739463547606{margin-top: 45px !important;}&#8221;]<\/p>\n<h3 style=\"text-align: center;\">DEVENEZ COMMANDITAIRE<\/h3>\n<p style=\"text-align: center;\">Contribuez \u00e0 former les leaders et les entrepreneurs de la rel\u00e8ve en commanditant l&#8217;\u00e9v\u00e9nement<\/p>\n<p>[\/vc_column_text][\/vc_column][\/vc_row][vc_row css=&#8221;.vc_custom_1702919417020{margin-top: 20px !important;}&#8221;][vc_column width=&#8221;1\/3&#8243; css=&#8221;.vc_custom_1739467255346{padding-right: 3px !important;padding-bottom: 25px !important;background-color: #dddddd !important;}&#8221;]<div class='headline with-icon text-center '><i class='fa fa-star'><\/i><h3>COMMANDITAIRE PRINCIPAL<\/h3><\/div>[vc_column_text]<\/p>\n<h3 style=\"text-align: center;\">15 000 $<\/h3>\n<p style=\"text-align: center;\"><strong>Exclusivit\u00e9<\/strong><\/p>\n<ul>\n<li>Remerciement personnalis\u00e9 lors du congr\u00e8s<\/li>\n<li>Votre logo est affich\u00e9 sur les cocardes remises aux \u00e9tudiantes<\/li>\n<li>Votre logo est affich\u00e9 dans le guide du congr\u00e8s<\/li>\n<li>Votre logo est affich\u00e9 sur les tables<\/li>\n<li>Laissez vos affiches corporatives dans les salles pour toute la dur\u00e9e du congr\u00e8s<\/li>\n<li>Nous mentionnons votre support dans nos communications li\u00e9es \u00e0 l&#8217;\u00e9v\u00e9nement<\/li>\n<li>Possibilit\u00e9 de participer au jury de s\u00e9lection<\/li>\n<li>Possibilit\u00e9 de fournir des items promotionnels aux jeunes<\/li>\n<\/ul>\n<p>[\/vc_column_text][\/vc_column][vc_column width=&#8221;1\/3&#8243; css=&#8221;.vc_custom_1739467305554{padding-bottom: 25px !important;background-color: #ededed !important;}&#8221;]<div class='headline with-icon text-center '><i class='berlin-icon-clipboard2'><\/i><h3>COMMANDITAIRE DE LA SOIR\u00c9E DES ENTREPRENEURS<\/h3><\/div>[vc_column_text]<\/p>\n<h3 style=\"text-align: center;\">5 000 $<\/h3>\n<ul>\n<li style=\"text-align: left;\">Votre nom d&#8217;entreprise est associ\u00e9 \u00e0 cette soir\u00e9e<\/li>\n<li>Laissez votre banni\u00e8re corporative dans la salle<\/li>\n<li>Votre logo est affich\u00e9 dans le guide du congr\u00e8s<\/li>\n<li>Possibilit\u00e9 de faire une allocution au micro pendant la soir\u00e9e<\/li>\n<li>Possibilit\u00e9 de s&#8217;impliquer en tant que conf\u00e9rencier<\/li>\n<\/ul>\n<p>[\/vc_column_text][\/vc_column][vc_column width=&#8221;1\/3&#8243; css=&#8221;.vc_custom_1739467336051{padding-bottom: 25px !important;background-color: #f7f7f7 !important;}&#8221;]<div class='headline with-icon text-center '><i class='berlin-icon-airplane1'><\/i><h3>COMMANDITAIRE DU JEU ALTITUDE<\/h3><\/div>[vc_column_text]<\/p>\n<h3 style=\"text-align: center;\">3 000 $<\/h3>\n<ul>\n<li style=\"text-align: left;\">Annonce au micro pendant la soir\u00e9e<\/li>\n<li>Votre logo est affich\u00e9 pendant l&#8217;activit\u00e9<\/li>\n<li>Banni\u00e8re d\u00e9roulante dans la salle de jeu<\/li>\n<li>Possibilit\u00e9 de participer au jury de s\u00e9lection<\/li>\n<\/ul>\n<p>[\/vc_column_text][\/vc_column][\/vc_row][vc_row css=&#8221;.vc_custom_1702919417020{margin-top: 20px !important;}&#8221;][vc_column][\/vc_column][\/vc_row]<\/p>","protected":false},"excerpt":{"rendered":"<p>[vc_row css=&#8221;.vc_custom_1702673781350{margin-top: -70px !important;}&#8221;][vc_column][vc_column_text css=&#8221;.vc_custom_1772036465321{margin-top: 25px !important;}&#8221;] &#8211; \u00c9DITION DU 13 au 15 mars 2026 &nbsp; Le COJEQ est un \u00e9v\u00e9nement qui r\u00e9unit des jeunes de 15 \u00e0 18 ans afin de vivre une exp\u00e9rience d\u2019affaires enrichissante. Cette comp\u00e9tition en \u00e9quipe rassemble une centaine de jeunes de partout au Qu\u00e9bec, les encourageant \u00e0 se surpasser [&hellip;]<\/p>\n","protected":false},"author":2,"featured_media":0,"parent":0,"menu_order":0,"comment_status":"closed","ping_status":"closed","template":"","meta":{"_lmt_disableupdate":"no","_lmt_disable":"","footnotes":""},"class_list":["post-10944","page","type-page","status-publish","hentry"],"_links":{"self":[{"href":"https:\/\/jaquebec.org\/fr\/wp-json\/wp\/v2\/pages\/10944","targetHints":{"allow":["GET"]}}],"collection":[{"href":"https:\/\/jaquebec.org\/fr\/wp-json\/wp\/v2\/pages"}],"about":[{"href":"https:\/\/jaquebec.org\/fr\/wp-json\/wp\/v2\/types\/page"}],"author":[{"embeddable":true,"href":"https:\/\/jaquebec.org\/fr\/wp-json\/wp\/v2\/users\/2"}],"replies":[{"embeddable":true,"href":"https:\/\/jaquebec.org\/fr\/wp-json\/wp\/v2\/comments?post=10944"}],"version-history":[{"count":156,"href":"https:\/\/jaquebec.org\/fr\/wp-json\/wp\/v2\/pages\/10944\/revisions"}],"predecessor-version":[{"id":13532,"href":"https:\/\/jaquebec.org\/fr\/wp-json\/wp\/v2\/pages\/10944\/revisions\/13532"}],"wp:attachment":[{"href":"https:\/\/jaquebec.org\/fr\/wp-json\/wp\/v2\/media?parent=10944"}],"curies":[{"name":"wp","href":"https:\/\/api.w.org\/{rel}","templated":true}]}}