{"id":11083,"date":"2023-12-18T16:53:58","date_gmt":"2023-12-18T21:53:58","guid":{"rendered":"https:\/\/jaquebec.org\/?page_id=11083"},"modified":"2026-02-25T11:34:13","modified_gmt":"2026-02-25T16:34:13","slug":"inscriptionbenevolecojeq2024","status":"publish","type":"page","link":"https:\/\/jaquebec.org\/fr\/inscriptionbenevolecojeq2024\/","title":{"rendered":"Conseiller COJEQ"},"content":{"rendered":"<p>[vc_row css=&#8221;.vc_custom_1702673781350{margin-top: -70px !important;}&#8221;][vc_column]<div class='headline with-icon text-center '><i class='fa fa-user'><\/i><h3>DEVENEZ CONSEILLER D'UNE \u00c9QUIPE DE JEUNES D'UNE COMP\u00c9TITION ENTREPRENEURIALE<\/h3><\/div>[vc_column_text]<\/p>\n<p style=\"text-align: justify;\"><span style=\"color: #000000;\"><strong>Les inscriptions au COJEQ 2026 sont ouvertes ! Le COJEQ est un \u00e9v\u00e9nement qui r\u00e9unit des jeunes de 15 \u00e0 18 ans afin de vivre une exp\u00e9rience d\u2019affaires enrichissante. <\/strong>Cette comp\u00e9tition en \u00e9quipe rassemble une centaine de jeunes de partout au Qu\u00e9bec, les encourageant \u00e0 se surpasser et \u00e0 sortir de leur zone de confort, tout en d\u00e9veloppant leur leadership, leur esprit collaboratif et en les initiant \u00e0 l&#8217;entrepreneuriat. En 2026, le Congr\u00e8s officiel de la jeunesse entrepreneuriale du Qu\u00e9bec (COJEQ) se tiendra du 13 au 15 mars<span style=\"color: #285f74;\"><span style=\"font-size: 16px;\"><strong> \u00e0 l\u2019H\u00f4tel Le Victorin, \u00e0 Victoriaville.<\/strong><\/span><\/span> <strong>Les participants concevront, pr\u00e9pareront et pr\u00e9senteront un plan d&#8217;affaires devant un jury compos\u00e9 de mentors.<\/strong> D\u2019autres activit\u00e9s sont \u00e9galement au programme telles qu&#8217;une simulation \u00e9conomique, des conf\u00e9rences et divers mini-jeux en parall\u00e8le. <\/span><span style=\"color: #000000;\">\u00c0 la fin du week-end, des bourses seront attribu\u00e9es aux \u00e9quipes gagnantes des activit\u00e9s et aux jeunes les plus entreprenants. Le COJEQ offre <strong>une immersion totale dans le monde des affaires<\/strong>, o\u00f9 chaque moment est une opportunit\u00e9 d&#8217;apprentissage et d&#8217;\u00e9panouissement personnel. Ne manquez pas cette chance unique de faire partie d&#8217;une exp\u00e9rience qui laissera une empreinte ind\u00e9l\u00e9bile dans votre cheminement de carri\u00e8re ! \ud83d\ude80<\/span><\/p>\n<p>[\/vc_column_text][\/vc_column][\/vc_row][vc_row css=&#8221;.vc_custom_1702674514322{margin-top: 20px !important;}&#8221;][vc_column width=&#8221;1\/2&#8243; css=&#8221;.vc_custom_1702675145198{margin-top: 30px !important;}&#8221;][vc_column_text css=&#8221;.vc_custom_1702936352701{margin-top: 40px !important;}&#8221;]<\/p>\n<h3 style=\"text-align: center;\"><span class=\"OYPEnA text-decoration-none text-strikethrough-none\" style=\"color: #ef3220;\">Les inscriptions sont ouvertes !<\/span><\/h3>\n<h3 style=\"text-align: center;\"><span class=\"OYPEnA text-decoration-none text-strikethrough-none\" style=\"color: #2c61b5;\">Participe au COJEQ en tant que b\u00e9n\u00e9vole<\/span><\/h3>\n<p>[\/vc_column_text]<div class='text-center'><a class='btn btn-default  vc_custom_1772037189117' href='https:\/\/forms.office.com\/pages\/responsepage.aspx?id=M9-kSxOf-ES3Yk6HY8O34XM5dKhfB0NKpPwjzz0_a61UMVlSWkQyUkJTTjNTMEJQWEQwRkxGOElUUS4u&#038;origin=lprLink&#038;route=shorturl' target=' _blank'>Inscription conseiller COJEQ<\/a><\/div>[\/vc_column][vc_column width=&#8221;1\/2&#8243;][vc_single_image image=&#8221;12806&#8243; img_size=&#8221;large&#8221;][\/vc_column][\/vc_row][vc_row css=&#8221;.vc_custom_1702918069236{margin-top: 20px !important;margin-bottom: 50px !important;}&#8221;][vc_column width=&#8221;1\/2&#8243; css=&#8221;.vc_custom_1680029656498{margin-top: 30px !important;}&#8221;][vc_column_text css=&#8221;.vc_custom_1702916929753{margin-top: -30px !important;}&#8221;]<\/p>\n<h3>Dans le cadre de cette fin de semaine, les jeunes entrepreneurs de la rel\u00e8ve ont eu la chance de participer \u00e0 plusieurs activit\u00e9s\u00a0:<\/h3>\n<ul>\n<li><span style=\"color: #000000;\">R\u00e9daction compl\u00e8te d\u2019un plan d\u2019affaires<\/span><\/li>\n<li><span style=\"color: #000000;\">Simulation d\u2019affaires\u00a0: strat\u00e9gies de production et de vente<\/span><\/li>\n<li><span style=\"color: #000000;\">Comp\u00e9tition \u00e9conomique en \u00e9quipe avec remise de prix<\/span><\/li>\n<li><span style=\"color: #000000;\">Ateliers sur l\u2019entrepreneuriat<\/span><\/li>\n<li><span style=\"color: #000000;\">Rencontres et \u00e9changes avec des entrepreneurs<\/span><\/li>\n<\/ul>\n<p>[\/vc_column_text][\/vc_column][vc_column width=&#8221;1\/2&#8243;][vc_column_text]<\/p>\n<h3>Des retomb\u00e9s positives pour chacun d&#8217;entre eux!<\/h3>\n<ul>\n<li><span style=\"color: #000000;\">D\u00e9couvrir les bienfaits et les risques li\u00e9s au lancement d\u2019une entreprise<\/span><\/li>\n<li><span style=\"color: #000000;\">Simuler un rapport positif avec le monde des affaires<\/span><\/li>\n<li><span style=\"color: #000000;\">Valoriser le travail d\u2019\u00e9quipe et le sens des responsabilit\u00e9s<\/span><\/li>\n<li><span style=\"color: #000000;\">D\u00e9velopper sa confiance en soi<\/span><\/li>\n<li><span style=\"color: #000000;\">R\u00e9aliser des pr\u00e9sentations efficaces et cr\u00e9er de bons argumentaires de vente<\/span><\/li>\n<li><span style=\"color: #000000;\">Commencer \u00e0 mettre en place ton r\u00e9seau d\u2019affaires<\/span><\/li>\n<li><span style=\"color: #000000;\">D\u00e9veloppement\u00a0d\u2019habilet\u00e9s en collaboration, leadership et cr\u00e9ativit\u00e9<\/span><\/li>\n<li><span style=\"color: #000000;\">Plaisir et fous-rires garantis!<\/span><\/li>\n<\/ul>\n<p>[\/vc_column_text][\/vc_column][\/vc_row]<\/p>","protected":false},"excerpt":{"rendered":"<p>[vc_row css=&#8221;.vc_custom_1702673781350{margin-top: -70px !important;}&#8221;][vc_column][vc_column_text] Les inscriptions au COJEQ 2026 sont ouvertes ! Le COJEQ est un \u00e9v\u00e9nement qui r\u00e9unit des jeunes de 15 \u00e0 18 ans afin de vivre une exp\u00e9rience d\u2019affaires enrichissante. Cette comp\u00e9tition en \u00e9quipe rassemble une centaine de jeunes de partout au Qu\u00e9bec, les encourageant \u00e0 se surpasser et \u00e0 sortir de [&hellip;]<\/p>\n","protected":false},"author":2,"featured_media":0,"parent":0,"menu_order":0,"comment_status":"closed","ping_status":"closed","template":"","meta":{"_lmt_disableupdate":"no","_lmt_disable":"","footnotes":""},"class_list":["post-11083","page","type-page","status-publish","hentry"],"_links":{"self":[{"href":"https:\/\/jaquebec.org\/fr\/wp-json\/wp\/v2\/pages\/11083","targetHints":{"allow":["GET"]}}],"collection":[{"href":"https:\/\/jaquebec.org\/fr\/wp-json\/wp\/v2\/pages"}],"about":[{"href":"https:\/\/jaquebec.org\/fr\/wp-json\/wp\/v2\/types\/page"}],"author":[{"embeddable":true,"href":"https:\/\/jaquebec.org\/fr\/wp-json\/wp\/v2\/users\/2"}],"replies":[{"embeddable":true,"href":"https:\/\/jaquebec.org\/fr\/wp-json\/wp\/v2\/comments?post=11083"}],"version-history":[{"count":25,"href":"https:\/\/jaquebec.org\/fr\/wp-json\/wp\/v2\/pages\/11083\/revisions"}],"predecessor-version":[{"id":13535,"href":"https:\/\/jaquebec.org\/fr\/wp-json\/wp\/v2\/pages\/11083\/revisions\/13535"}],"wp:attachment":[{"href":"https:\/\/jaquebec.org\/fr\/wp-json\/wp\/v2\/media?parent=11083"}],"curies":[{"name":"wp","href":"https:\/\/api.w.org\/{rel}","templated":true}]}}