{"id":11159,"date":"2023-12-21T14:33:59","date_gmt":"2023-12-21T19:33:59","guid":{"rendered":"https:\/\/jaquebec.org\/?page_id=11159"},"modified":"2023-12-21T14:34:25","modified_gmt":"2023-12-21T19:34:25","slug":"materiels-et-ressources-promotionnelles-pour-le-cojeq-2024","status":"publish","type":"page","link":"https:\/\/jaquebec.org\/fr\/materiels-et-ressources-promotionnelles-pour-le-cojeq-2024\/","title":{"rendered":"Mat\u00e9riels et ressources promotionnelles pour le COJEQ 2024"},"content":{"rendered":"<p>[vc_row css=&#8221;.vc_custom_1702673781350{margin-top: -70px !important;}&#8221;][vc_column][vc_column_text]<\/p>\n<p style=\"text-align: justify;\"><img loading=\"lazy\" decoding=\"async\" class=\"wp-image-10934 aligncenter\" src=\"https:\/\/jaquebec.org\/wp-content\/uploads\/2023\/12\/bannieres-80-min-e1702672857460.png\" alt=\"\" width=\"525\" height=\"278\" srcset=\"https:\/\/jaquebec.org\/wp-content\/uploads\/2023\/12\/bannieres-80-min-e1702672857460.png 1280w, https:\/\/jaquebec.org\/wp-content\/uploads\/2023\/12\/bannieres-80-min-e1702672857460-300x159.png 300w, https:\/\/jaquebec.org\/wp-content\/uploads\/2023\/12\/bannieres-80-min-e1702672857460-1024x542.png 1024w, https:\/\/jaquebec.org\/wp-content\/uploads\/2023\/12\/bannieres-80-min-e1702672857460-768x407.png 768w, https:\/\/jaquebec.org\/wp-content\/uploads\/2023\/12\/bannieres-80-min-e1702672857460-1140x604.png 1140w, https:\/\/jaquebec.org\/wp-content\/uploads\/2023\/12\/bannieres-80-min-e1702672857460-380x201.png 380w\" sizes=\"auto, (max-width: 525px) 100vw, 525px\" \/><span style=\"color: #000000;\"><strong>Les inscriptions au COJEQ 2024 sont ouvertes ! Le COJEQ est un \u00e9v\u00e9nement qui r\u00e9unit des jeunes de 15 \u00e0 18 ans afin de vivre une exp\u00e9rience d\u2019affaires enrichissante. <\/strong>Cette comp\u00e9tition en \u00e9quipe rassemble une centaine de jeunes de partout au Qu\u00e9bec, les encourageant \u00e0 se surpasser et \u00e0 sortir de leur zone de confort, tout en d\u00e9veloppant leur leadership, leur esprit collaboratif et en les initiant \u00e0 l&#8217;entrepreneuriat. En 2024, le Congr\u00e8s officiel de la jeunesse entrepreneuriale du Qu\u00e9bec (COJEQ) se tiendra du 16 au 18 f\u00e9vrier 2024<span style=\"color: #285f74;\"><span style=\"font-size: 16px;\"><strong> \u00e0 l\u2019H\u00f4tel Le Victorin, \u00e0 Victoriaville.<\/strong><\/span><\/span> <strong>Les participants concevront, pr\u00e9pareront et pr\u00e9senteront un plan d&#8217;affaires devant un jury compos\u00e9 de mentors.<\/strong> D\u2019autres activit\u00e9s sont \u00e9galement au programme telles qu&#8217;une simulation \u00e9conomique, des conf\u00e9rences et divers mini-jeux en parall\u00e8le. <\/span><span style=\"color: #000000;\">\u00c0 la fin du week-end, des bourses seront attribu\u00e9es aux \u00e9quipes gagnantes des activit\u00e9s et aux jeunes les plus entreprenants. Le COJEQ offre <strong>une immersion totale dans le monde des affaires<\/strong>, o\u00f9 chaque moment est une opportunit\u00e9 d&#8217;apprentissage et d&#8217;\u00e9panouissement personnel. Ne manquez pas cette chance unique de faire partie d&#8217;une exp\u00e9rience qui laissera une empreinte ind\u00e9l\u00e9bile dans votre cheminement de carri\u00e8re ! \ud83d\ude80<\/span><\/p>\n<p>[\/vc_column_text][vc_column_text css=&#8221;.vc_custom_1703186876938{margin-top: 20px !important;}&#8221;]<\/p>\n<h3 style=\"text-align: center;\"><span style=\"color: #000000;\"><span style=\"color: #ef3220;\">Diffusez notre \u00e9v\u00e9nement aupr\u00e8s de votre r\u00e9seau et sur les r\u00e9seaux sociaux<\/span><\/span><\/h3>\n<h3 style=\"text-align: center;\"><span class=\"OYPEnA text-decoration-none text-strikethrough-none\" style=\"color: #2c61b5;\">Int\u00e9grez le COJEQ 2024 dans vos newsletters et bulletins d&#8217;information<\/span><\/h3>\n<p>[\/vc_column_text][\/vc_column][\/vc_row][vc_row css=&#8221;.vc_custom_1703186944767{margin-top: 20px !important;}&#8221;][vc_column width=&#8221;1\/2&#8243; css=&#8221;.vc_custom_1702675145198{margin-top: 30px !important;}&#8221;][vc_column_text css=&#8221;.vc_custom_1703187262707{margin-top: -20px !important;}&#8221;]<\/p>\n<p style=\"text-align: center;\"><span style=\"color: #000000;\">D\u00e9couvrez ci-dessous les liens de t\u00e9l\u00e9chargement pour notre mat\u00e9riel promotionnel:<\/span><\/p>\n<p>[\/vc_column_text]<div class='text-center'><a class='btn btn-default  vc_custom_1703187114684' href='https:\/\/jaquebec.org\/wp-content\/uploads\/2023\/12\/Affiches-COJEQ-2024.pdf' target=' _blank'>Affiches COJEQ 2024<\/a><\/div><div class='text-center'><a class='btn btn-default ' href='https:\/\/jaquebec.org\/wp-content\/uploads\/2023\/12\/Feuillet-promotionnel.pdf' target=' _blank'>Feuillet promotionnel<\/a><\/div><div class='text-center'><a class='btn btn-default ' href='https:\/\/jaquebec.org\/wp-content\/uploads\/2023\/12\/Commandite-et-parrainage-COJEQ-2024.pdf' target=' _blank'>Feuillet commandite et parrainage COJEQ<\/a><\/div><div class='text-center'><a class='btn btn-default ' href='https:\/\/jaquebec.org\/wp-content\/uploads\/2023\/12\/Feuillets-jeunes-long.pdf' target=' _blank'>Planning des activit\u00e9s<\/a><\/div>[\/vc_column][vc_column width=&#8221;1\/2&#8243;][vc_single_image image=&#8221;10952&#8243; img_size=&#8221;large&#8221; css=&#8221;.vc_custom_1703187039203{margin-top: 20px !important;}&#8221;][\/vc_column][\/vc_row][vc_row css=&#8221;.vc_custom_1702918069236{margin-top: 20px !important;margin-bottom: 50px !important;}&#8221;][vc_column width=&#8221;1\/2&#8243; css=&#8221;.vc_custom_1680029656498{margin-top: 30px !important;}&#8221;][vc_column_text css=&#8221;.vc_custom_1702916929753{margin-top: -30px !important;}&#8221;]<\/p>\n<h3>Dans le cadre de cette fin de semaine, les jeunes entrepreneurs de la rel\u00e8ve ont eu la chance de participer \u00e0 plusieurs activit\u00e9s\u00a0:<\/h3>\n<ul>\n<li><span style=\"color: #000000;\">R\u00e9daction compl\u00e8te d\u2019un plan d\u2019affaires<\/span><\/li>\n<li><span style=\"color: #000000;\">Simulation d\u2019affaires\u00a0: strat\u00e9gies de production et de vente<\/span><\/li>\n<li><span style=\"color: #000000;\">Comp\u00e9tition \u00e9conomique en \u00e9quipe avec remise de prix<\/span><\/li>\n<li><span style=\"color: #000000;\">Ateliers sur l\u2019entrepreneuriat<\/span><\/li>\n<li><span style=\"color: #000000;\">Rencontres et \u00e9changes avec des entrepreneurs<\/span><\/li>\n<\/ul>\n<p>[\/vc_column_text][\/vc_column][vc_column width=&#8221;1\/2&#8243;][vc_column_text]<\/p>\n<h3>Des retomb\u00e9s positives pour chacun d&#8217;entre eux!<\/h3>\n<ul>\n<li><span style=\"color: #000000;\">D\u00e9couvrir les bienfaits et les risques li\u00e9s au lancement d\u2019une entreprise<\/span><\/li>\n<li><span style=\"color: #000000;\">Simuler un rapport positif avec le monde des affaires<\/span><\/li>\n<li><span style=\"color: #000000;\">Valoriser le travail d\u2019\u00e9quipe et le sens des responsabilit\u00e9s<\/span><\/li>\n<li><span style=\"color: #000000;\">D\u00e9velopper sa confiance en soi<\/span><\/li>\n<li><span style=\"color: #000000;\">R\u00e9aliser des pr\u00e9sentations efficaces et cr\u00e9er de bons argumentaires de vente<\/span><\/li>\n<li><span style=\"color: #000000;\">Commencer \u00e0 mettre en place ton r\u00e9seau d\u2019affaires<\/span><\/li>\n<li><span style=\"color: #000000;\">D\u00e9veloppement\u00a0d\u2019habilet\u00e9s en collaboration, leadership et cr\u00e9ativit\u00e9<\/span><\/li>\n<li><span style=\"color: #000000;\">Plaisir et fous-rires garantis!<\/span><\/li>\n<\/ul>\n<p>[\/vc_column_text][\/vc_column][\/vc_row][vc_column width=&#8221;1\/2&#8243;][\/vc_column][vc_column width=&#8221;1\/2&#8243;][\/vc_column][vc_column width=&#8221;1\/2&#8243;][\/vc_column][vc_column width=&#8221;1\/2&#8243;][\/vc_column]<\/p>","protected":false},"excerpt":{"rendered":"<p>[vc_row css=&#8221;.vc_custom_1702673781350{margin-top: -70px !important;}&#8221;][vc_column][vc_column_text] Les inscriptions au COJEQ 2024 sont ouvertes ! Le COJEQ est un \u00e9v\u00e9nement qui r\u00e9unit des jeunes de 15 \u00e0 18 ans afin de vivre une exp\u00e9rience d\u2019affaires enrichissante. Cette comp\u00e9tition en \u00e9quipe rassemble une centaine de jeunes de partout au Qu\u00e9bec, les encourageant \u00e0 se surpasser et \u00e0 sortir de [&hellip;]<\/p>\n","protected":false},"author":2,"featured_media":0,"parent":0,"menu_order":0,"comment_status":"closed","ping_status":"closed","template":"","meta":{"_lmt_disableupdate":"","_lmt_disable":"","footnotes":""},"class_list":["post-11159","page","type-page","status-publish","hentry"],"_links":{"self":[{"href":"https:\/\/jaquebec.org\/fr\/wp-json\/wp\/v2\/pages\/11159","targetHints":{"allow":["GET"]}}],"collection":[{"href":"https:\/\/jaquebec.org\/fr\/wp-json\/wp\/v2\/pages"}],"about":[{"href":"https:\/\/jaquebec.org\/fr\/wp-json\/wp\/v2\/types\/page"}],"author":[{"embeddable":true,"href":"https:\/\/jaquebec.org\/fr\/wp-json\/wp\/v2\/users\/2"}],"replies":[{"embeddable":true,"href":"https:\/\/jaquebec.org\/fr\/wp-json\/wp\/v2\/comments?post=11159"}],"version-history":[{"count":24,"href":"https:\/\/jaquebec.org\/fr\/wp-json\/wp\/v2\/pages\/11159\/revisions"}],"predecessor-version":[{"id":11188,"href":"https:\/\/jaquebec.org\/fr\/wp-json\/wp\/v2\/pages\/11159\/revisions\/11188"}],"wp:attachment":[{"href":"https:\/\/jaquebec.org\/fr\/wp-json\/wp\/v2\/media?parent=11159"}],"curies":[{"name":"wp","href":"https:\/\/api.w.org\/{rel}","templated":true}]}}