{"id":11253,"date":"2024-01-19T13:01:51","date_gmt":"2024-01-19T18:01:51","guid":{"rendered":"https:\/\/jaquebec.org\/?page_id=11253"},"modified":"2025-07-24T14:24:18","modified_gmt":"2025-07-24T18:24:18","slug":"11253-2","status":"publish","type":"page","link":"https:\/\/jaquebec.org\/fr\/11253-2\/","title":{"rendered":"JA Campus"},"content":{"rendered":"<p>[vc_row full_width=&#8221;stretch_row_content&#8221;][vc_column][vc_single_image image=&#8221;7609&#8243; img_size=&#8221;full&#8221;][\/vc_column][\/vc_row][vc_row css=&#8221;.vc_custom_1705686276693{margin-top: 20px !important;}&#8221;][vc_column][vc_column_text]<\/p>\n<h1 style=\"text-align: center;\">Pourquoi utiliser le JA Campus?<\/h1>\n<p>[\/vc_column_text][vc_btn title=&#8221;Cliquez-ici pour vous inscrire&#8221; color=&#8221;warning&#8221; size=&#8221;lg&#8221; align=&#8221;center&#8221; link=&#8221;url:https%3A%2F%2Fwww.jacampus.org%2Ffr%2F||target:%20_blank|&#8221; css=&#8221;.vc_custom_1705686927951{margin-top: 20px !important;}&#8221;][\/vc_column][\/vc_row][vc_row][vc_column width=&#8221;1\/3&#8243;][vc_single_image image=&#8221;11259&#8243; alignment=&#8221;center&#8221;][vc_column_text]<\/p>\n<p style=\"text-align: center;\"><strong><span style=\"color: #000000;\">Apprentissage interactif<\/span><\/strong><\/p>\n<p style=\"text-align: justify;\"><span style=\"color: #000000;\">Les programmes offerts sur le campus JA permettent aux \u00e9l\u00e8ves d\u2019apprendre sur une plateforme conviviale et de mettre leurs connaissances \u00e0 l\u2019\u00e9preuve au moyen d\u2019exercices interactifs amusants.<\/span><\/p>\n<p>[\/vc_column_text][\/vc_column][vc_column width=&#8221;1\/3&#8243;][vc_single_image image=&#8221;11258&#8243; alignment=&#8221;center&#8221;][vc_column_text]<\/p>\n<p style=\"text-align: center;\"><span style=\"color: #000000;\"><strong>Contenu fiable<\/strong><\/span><\/p>\n<p style=\"text-align: justify;\"><span style=\"color: #000000;\">JA a livr\u00e9 des milliers de programmes \u00e0 des \u00e9l\u00e8ves de partout au Canada, les aidant \u00e0 se pr\u00e9parer \u00e0 l\u2019ind\u00e9pendance financi\u00e8re, \u00e0 l\u2019emploi et \u00e0 l\u2019entrepreneuriat.<\/span><\/p>\n<p>[\/vc_column_text][\/vc_column][vc_column width=&#8221;1\/3&#8243;][vc_single_image image=&#8221;11257&#8243; alignment=&#8221;center&#8221;][vc_column_text]<\/p>\n<p style=\"text-align: center;\"><strong><span style=\"color: #000000;\">Soutient les programmes d\u2019\u00e9tudes canadiens<\/span><\/strong><\/p>\n<p style=\"text-align: justify;\"><span style=\"color: #000000;\">Avec plus de 40 programmes allant de la 3e ann\u00e9e \u00e0 la 1re ann\u00e9e de c\u00e9gep (3e \u00e0 12e ann\u00e9e), le campus JA vient enrichir et soutenir l\u2019apprentissage en classe.<\/span><\/p>\n<p>[\/vc_column_text][\/vc_column][\/vc_row][vc_row css=&#8221;.vc_custom_1705686289970{margin-top: 20px !important;}&#8221;][vc_column][vc_column_text]<\/p>\n<h3 class=\"wp-block-heading has-text-align-center\" style=\"text-align: center;\">Catalogue des programmes<\/h3>\n<p class=\"has-text-align-center\" style=\"text-align: justify;\"><span style=\"color: #000000;\">Les programmes du campus JA permettent aux \u00e9l\u00e8ves de bien comprendre les connaissances financi\u00e8res, la pr\u00e9paration au monde du travail et l\u2019entrepreneuriat. Les programmes sont offerts dans les deux langues officielles et peuvent \u00eatre pr\u00e9sent\u00e9s en classe par des enseignants et des b\u00e9n\u00e9voles ou \u00eatre suivis \u00e0 la maison par les \u00e9l\u00e8ves.<\/span><\/p>\n<p>[\/vc_column_text][\/vc_column][\/vc_row][vc_row css=&#8221;.vc_custom_1705686314585{margin-top: 20px !important;}&#8221;][vc_column width=&#8221;1\/3&#8243;][vc_single_image image=&#8221;11265&#8243; img_size=&#8221;medium&#8221; alignment=&#8221;center&#8221;][vc_column_text css=&#8221;.vc_custom_1705686453769{margin-top: 20px !important;}&#8221;]<\/p>\n<p style=\"text-align: center;\"><span style=\"text-decoration: underline;\"><span style=\"color: #000000;\"><strong>Programmes en classe<\/strong><\/span><\/span><\/p>\n<p style=\"text-align: justify;\"><span style=\"color: #000000;\">L\u2019apprentissage dans une salle de cours r\u00e9guli\u00e8re vous aidera \u00e0 mieux suivre et \u00e0 mieux int\u00e9grer les connaissances. Les programmes pr\u00e9sent\u00e9s par des enseignants vous permettent de poser toutes vos questions en tout temps.<\/span><\/p>\n<p>[\/vc_column_text][\/vc_column][vc_column width=&#8221;1\/3&#8243;][vc_single_image image=&#8221;11268&#8243; img_size=&#8221;medium&#8221; alignment=&#8221;center&#8221;][vc_column_text css=&#8221;.vc_custom_1705686458477{margin-top: 20px !important;}&#8221;]<\/p>\n<p class=\"wp-block-heading has-text-align-center\" style=\"text-align: center;\"><span style=\"text-decoration: underline; color: #000000;\"><strong>Programmes virtuels<\/strong><\/span><\/p>\n<p style=\"text-align: justify;\"><span style=\"color: #000000;\">Nous nous effor\u00e7ons d\u2019associer des experts talentueux des secteurs d\u2019activit\u00e9 concern\u00e9s aux enseignants et aux salles de cours pour animer nos programmes, vous proposant une perspective unique et int\u00e9ressante sur l\u2019argent, les affaires et l\u2019entrepreneuriat.<\/span><\/p>\n<p>[\/vc_column_text][\/vc_column][vc_column width=&#8221;1\/3&#8243;][vc_single_image image=&#8221;11276&#8243; img_size=&#8221;medium&#8221; alignment=&#8221;center&#8221;][vc_column_text css=&#8221;.vc_custom_1705686597368{margin-top: 20px !important;}&#8221;]<\/p>\n<p style=\"text-align: center;\"><span style=\"text-decoration: underline; color: #000000;\"><strong>Programmes en ligne autog\u00e9r\u00e9s<\/strong><\/span><\/p>\n<p style=\"text-align: justify;\"><span style=\"color: #000000;\">Par ces programmes JA en ligne autog\u00e9r\u00e9s, vous pouvez acqu\u00e9rir les comp\u00e9tences qui vous aideront \u00e0 r\u00e9ussir sur les plans scolaire, personnel et professionnel, dans le confort de votre foyer.<\/span><\/p>\n<p>[\/vc_column_text][\/vc_column][\/vc_row][vc_row css=&#8221;.vc_custom_1705687149400{margin-top: 20px !important;}&#8221;][vc_column][vc_column_text]<\/p>\n<h3 class=\"has-text-align-center\" style=\"text-align: center;\"><strong><span style=\"color: #000000;\">JA Qu\u00e9bec a pour mission d\u2019inspirer les \u00e9l\u00e8ves et de les pr\u00e9parer \u00e0 r\u00e9ussir dans une \u00e9conomie mondialis\u00e9e.<\/span><\/strong><\/h3>\n<div class=\"wp-block-buttons is-layout-flex wp-block-buttons-is-layout-flex\"><\/div>\n<p>[\/vc_column_text][\/vc_column][\/vc_row]<\/p>","protected":false},"excerpt":{"rendered":"<p>[vc_row full_width=&#8221;stretch_row_content&#8221;][vc_column][vc_single_image image=&#8221;7609&#8243; img_size=&#8221;full&#8221;][\/vc_column][\/vc_row][vc_row css=&#8221;.vc_custom_1705686276693{margin-top: 20px !important;}&#8221;][vc_column][vc_column_text] Pourquoi utiliser le JA Campus? [\/vc_column_text][vc_btn title=&#8221;Cliquez-ici pour vous inscrire&#8221; color=&#8221;warning&#8221; size=&#8221;lg&#8221; align=&#8221;center&#8221; link=&#8221;url:https%3A%2F%2Fwww.jacampus.org%2Ffr%2F||target:%20_blank|&#8221; css=&#8221;.vc_custom_1705686927951{margin-top: 20px !important;}&#8221;][\/vc_column][\/vc_row][vc_row][vc_column width=&#8221;1\/3&#8243;][vc_single_image image=&#8221;11259&#8243; alignment=&#8221;center&#8221;][vc_column_text] Apprentissage interactif Les programmes offerts sur le campus JA permettent aux \u00e9l\u00e8ves d\u2019apprendre sur une plateforme conviviale et de mettre leurs connaissances \u00e0 l\u2019\u00e9preuve au moyen d\u2019exercices interactifs [&hellip;]<\/p>\n","protected":false},"author":2,"featured_media":0,"parent":0,"menu_order":0,"comment_status":"closed","ping_status":"closed","template":"","meta":{"_lmt_disableupdate":"","_lmt_disable":"","footnotes":""},"class_list":["post-11253","page","type-page","status-publish","hentry"],"_links":{"self":[{"href":"https:\/\/jaquebec.org\/fr\/wp-json\/wp\/v2\/pages\/11253","targetHints":{"allow":["GET"]}}],"collection":[{"href":"https:\/\/jaquebec.org\/fr\/wp-json\/wp\/v2\/pages"}],"about":[{"href":"https:\/\/jaquebec.org\/fr\/wp-json\/wp\/v2\/types\/page"}],"author":[{"embeddable":true,"href":"https:\/\/jaquebec.org\/fr\/wp-json\/wp\/v2\/users\/2"}],"replies":[{"embeddable":true,"href":"https:\/\/jaquebec.org\/fr\/wp-json\/wp\/v2\/comments?post=11253"}],"version-history":[{"count":38,"href":"https:\/\/jaquebec.org\/fr\/wp-json\/wp\/v2\/pages\/11253\/revisions"}],"predecessor-version":[{"id":13373,"href":"https:\/\/jaquebec.org\/fr\/wp-json\/wp\/v2\/pages\/11253\/revisions\/13373"}],"wp:attachment":[{"href":"https:\/\/jaquebec.org\/fr\/wp-json\/wp\/v2\/media?parent=11253"}],"curies":[{"name":"wp","href":"https:\/\/api.w.org\/{rel}","templated":true}]}}