{"id":11385,"date":"2024-02-07T14:55:19","date_gmt":"2024-02-07T19:55:19","guid":{"rendered":"https:\/\/jaquebec.org\/?page_id=11385"},"modified":"2025-04-23T22:19:15","modified_gmt":"2025-04-24T02:19:15","slug":"reservez-votre-place-pour-le-gala-benefice-de-la-releve","status":"publish","type":"page","link":"https:\/\/jaquebec.org\/fr\/reservez-votre-place-pour-le-gala-benefice-de-la-releve\/","title":{"rendered":"R\u00e9servez votre place pour le gala b\u00e9n\u00e9fice de la rel\u00e8ve"},"content":{"rendered":"<p>[vc_row][vc_column][vc_column_text]<\/p>\n<h3 class=\"wpb_wrapper\" style=\"text-align: center;\">R\u00c9SERVEZ VOTRE PLACE LORS DU GALA<\/h3>\n<p>[\/vc_column_text][\/vc_column][\/vc_row][vc_row css=&#8221;.vc_custom_1707335364560{margin-top: 25px !important;}&#8221;][vc_column width=&#8221;1\/2&#8243;][vc_column_text]<\/p>\n<p style=\"text-align: justify;\"><span style=\"color: #000000;\">Vous souhaitez soutenir la rel\u00e8ve entrepreneuriale ? Alors ne manquez pas cette occasion unique ! Invitez vos coll\u00e8gues et participez \u00e0 un \u00e9v\u00e9nement exceptionnel qui c\u00e9l\u00e8bre les talents \u00e9mergents dans le monde des affaires.<\/span><\/p>\n<p><strong>D\u00e9roulement en bref<\/strong><\/p>\n<ul>\n<li><strong>Jeudi 24 avril 2025<\/strong>\u00a0\u00e0 l\u2019<strong>h\u00f4tel Omni Mont-Royal<\/strong>\u00a0\u00e0 Montr\u00e9al<\/li>\n<li>Cocktail \u00e0 partir de\u00a0<strong>17 h 30<\/strong><\/li>\n<li>Suivi d\u2019un souper et remise de bourses d\u2019excellence \u00e0 partir de 19 h<\/li>\n<\/ul>\n<p>[\/vc_column_text][vc_column_text css=&#8221;.vc_custom_1740431870789{margin-top: 25px !important;}&#8221;]<\/p>\n<h3 class=\"wpb_wrapper\" style=\"text-align: center;\">INSCRIPTION AU GALA<\/h3>\n<p>[\/vc_column_text][\/vc_column][vc_column width=&#8221;1\/2&#8243;][vc_column_text]<img loading=\"lazy\" decoding=\"async\" class=\" wp-image-11368 aligncenter\" src=\"https:\/\/jaquebec.org\/wp-content\/uploads\/2024\/02\/bannieres-2024-02-07T135213.061-min.png\" alt=\"\" width=\"453\" height=\"255\" srcset=\"https:\/\/jaquebec.org\/wp-content\/uploads\/2024\/02\/bannieres-2024-02-07T135213.061-min.png 1280w, https:\/\/jaquebec.org\/wp-content\/uploads\/2024\/02\/bannieres-2024-02-07T135213.061-min-300x169.png 300w, https:\/\/jaquebec.org\/wp-content\/uploads\/2024\/02\/bannieres-2024-02-07T135213.061-min-1024x576.png 1024w, https:\/\/jaquebec.org\/wp-content\/uploads\/2024\/02\/bannieres-2024-02-07T135213.061-min-768x432.png 768w, https:\/\/jaquebec.org\/wp-content\/uploads\/2024\/02\/bannieres-2024-02-07T135213.061-min-1140x641.png 1140w, https:\/\/jaquebec.org\/wp-content\/uploads\/2024\/02\/bannieres-2024-02-07T135213.061-min-380x214.png 380w\" sizes=\"auto, (max-width: 453px) 100vw, 453px\" \/>[\/vc_column_text][\/vc_column][\/vc_row][vc_row css=&#8221;.vc_custom_1714739862669{margin-top: 25px !important;}&#8221;][vc_column width=&#8221;1\/2&#8243;][vc_column_text]<\/p>\n<div style=\"position: relative; overflow: hidden; height: 700px; width: 100%; padding-top: 700px;\"><iframe style=\"position: absolute; border: 0; top: 0; left: 0; bottom: 0; right: 0; width: 100%; height: 100%;\" title=\"Donation form powered by Zeffy\" src=\"https:\/\/www.zeffy.com\/fr-CA\/embed\/ticketing\/billet-gala-benefice-de-la-releve--2025\"><\/iframe><\/div>\n<p>[\/vc_column_text][\/vc_column][vc_column width=&#8221;1\/2&#8243;][vc_column_text]<\/p>\n<h3 style=\"text-align: center;\"><strong>Pr\u00e9sentateur principal<\/strong><\/h3>\n<p>[\/vc_column_text][vc_single_image image=&#8221;12352&#8243; img_size=&#8221;medium&#8221; alignment=&#8221;center&#8221; onclick=&#8221;custom_link&#8221; css=&#8221;.vc_custom_1744224945464{margin-top: 10px !important;margin-bottom: -50px !important;}&#8221; link=&#8221;https:\/\/www.fairstone.ca\/fr\/connexion\/&#8221;][vc_column_text css=&#8221;.vc_custom_1744225782270{margin-top: 50px !important;margin-bottom: 50px !important;}&#8221;]<\/p>\n<h3 style=\"text-align: center;\"><strong>Ambassadeur<\/strong><\/h3>\n<p>[\/vc_column_text][vc_single_image image=&#8221;12188&#8243; img_size=&#8221;medium&#8221; alignment=&#8221;center&#8221; onclick=&#8221;custom_link&#8221; css=&#8221;.vc_custom_1744225221066{margin-top: 10px !important;margin-bottom: -50px !important;}&#8221; link=&#8221;https:\/\/www.gestionprivee1859.ca\/&#8221;][vc_single_image image=&#8221;12189&#8243; img_size=&#8221;medium&#8221; alignment=&#8221;center&#8221; onclick=&#8221;custom_link&#8221; css=&#8221;.vc_custom_1744820649191{margin-top: 100px !important;margin-bottom: -50px !important;}&#8221; link=&#8221;https:\/\/cpaquebec.ca\/&#8221;][vc_column_text css=&#8221;.vc_custom_1744225790244{margin-top: 100px !important;}&#8221;]<\/p>\n<h3 style=\"text-align: center;\"><strong>Associ\u00e9s<\/strong><\/h3>\n<p>[\/vc_column_text][vc_single_image image=&#8221;13077&#8243; img_size=&#8221;medium&#8221; alignment=&#8221;center&#8221; onclick=&#8221;custom_link&#8221; css=&#8221;.vc_custom_1744652734286{margin-top: 50px !important;margin-bottom: 50px !important;}&#8221; link=&#8221;https:\/\/www.fasken.com\/fr&#8221;][vc_single_image image=&#8221;13076&#8243; img_size=&#8221;medium&#8221; alignment=&#8221;center&#8221; onclick=&#8221;custom_link&#8221; css=&#8221;.vc_custom_1744225293690{margin-top: 50px !important;margin-bottom: 50px !important;}&#8221; link=&#8221;https:\/\/www.credit-agricole.fr\/&#8221;][vc_single_image image=&#8221;13075&#8243; img_size=&#8221;medium&#8221; alignment=&#8221;center&#8221; onclick=&#8221;custom_link&#8221; css=&#8221;.vc_custom_1744225300992{margin-top: 50px !important;margin-bottom: 50px !important;}&#8221; link=&#8221;https:\/\/idimpact.ca\/&#8221;][vc_single_image image=&#8221;13072&#8243; img_size=&#8221;medium&#8221; alignment=&#8221;center&#8221; onclick=&#8221;custom_link&#8221; css=&#8221;.vc_custom_1744225308446{margin-top: 50px !important;margin-bottom: 50px !important;}&#8221; link=&#8221;https:\/\/www.deloitte.com\/fr\/fr\/about.html?icid=top_about&#8221;][vc_single_image image=&#8221;13073&#8243; img_size=&#8221;medium&#8221; alignment=&#8221;center&#8221; onclick=&#8221;custom_link&#8221; css=&#8221;.vc_custom_1744225315127{margin-top: 50px !important;margin-bottom: 50px !important;}&#8221; link=&#8221;https:\/\/www.bmo.com\/principal\/particuliers\/cartes-de-credit\/offre\/4-cartes\/?ecid=ps-US33262CC4-SJBMO17&amp;gclid=64dc47d766301739f0212021d6ceaea0&amp;gclsrc=3p.ds&amp;&amp;utm_source=bing&amp;utm_medium=Retail-Credit-Cards&amp;utm_campaign=Brand_FR&amp;utm_term=bmo&amp;msclkid=64dc47d766301739f0212021d6ceaea0&amp;utm_content=BMO%20Core%20-%20FR_AM-MC&#8221;][vc_single_image image=&#8221;13074&#8243; img_size=&#8221;medium&#8221; alignment=&#8221;center&#8221; onclick=&#8221;custom_link&#8221; css=&#8221;.vc_custom_1744225322268{margin-top: 50px !important;margin-bottom: 50px !important;}&#8221; link=&#8221;https:\/\/www.penderfund.com\/fr\/&#8221;][vc_column_text]<\/p>\n<h3 style=\"text-align: center;\"><strong>Parrains<\/strong><\/h3>\n<p>&nbsp;<\/p>\n<h4 style=\"text-align: center;\">L&#8217;Or\u00e9al<\/h4>\n<h4 style=\"text-align: center;\">TREK Cabinet de services financiers<\/h4>\n<h4 style=\"text-align: center;\">Borden Ladner Gervais<\/h4>\n<h4 style=\"text-align: center;\">Stein Monast<\/h4>\n<h4 style=\"text-align: center;\">Centurion<\/h4>\n<p>[\/vc_column_text][vc_column_text css=&#8221;.vc_custom_1745461067647{margin-top: 25px !important;}&#8221;]<\/p>\n<h3 style=\"text-align: center;\"><strong>Services<\/strong><\/h3>\n<p>[\/vc_column_text][vc_single_image image=&#8221;13126&#8243; img_size=&#8221;medium&#8221; alignment=&#8221;center&#8221; onclick=&#8221;custom_link&#8221; css=&#8221;.vc_custom_1745461032587{margin-top: -50px !important;margin-bottom: 50px !important;}&#8221; link=&#8221;https:\/\/c2montreal.com\/&#8221;][\/vc_column][\/vc_row]<\/p>","protected":false},"excerpt":{"rendered":"<p>[vc_row][vc_column][vc_column_text] R\u00c9SERVEZ VOTRE PLACE LORS DU GALA [\/vc_column_text][\/vc_column][\/vc_row][vc_row css=&#8221;.vc_custom_1707335364560{margin-top: 25px !important;}&#8221;][vc_column width=&#8221;1\/2&#8243;][vc_column_text] Vous souhaitez soutenir la rel\u00e8ve entrepreneuriale ? Alors ne manquez pas cette occasion unique ! Invitez vos coll\u00e8gues et participez \u00e0 un \u00e9v\u00e9nement exceptionnel qui c\u00e9l\u00e8bre les talents \u00e9mergents dans le monde des affaires. D\u00e9roulement en bref Jeudi 24 avril 2025\u00a0\u00e0 l\u2019h\u00f4tel Omni [&hellip;]<\/p>\n","protected":false},"author":2,"featured_media":0,"parent":0,"menu_order":0,"comment_status":"closed","ping_status":"closed","template":"","meta":{"_lmt_disableupdate":"","_lmt_disable":"","footnotes":""},"class_list":["post-11385","page","type-page","status-publish","hentry"],"_links":{"self":[{"href":"https:\/\/jaquebec.org\/fr\/wp-json\/wp\/v2\/pages\/11385","targetHints":{"allow":["GET"]}}],"collection":[{"href":"https:\/\/jaquebec.org\/fr\/wp-json\/wp\/v2\/pages"}],"about":[{"href":"https:\/\/jaquebec.org\/fr\/wp-json\/wp\/v2\/types\/page"}],"author":[{"embeddable":true,"href":"https:\/\/jaquebec.org\/fr\/wp-json\/wp\/v2\/users\/2"}],"replies":[{"embeddable":true,"href":"https:\/\/jaquebec.org\/fr\/wp-json\/wp\/v2\/comments?post=11385"}],"version-history":[{"count":63,"href":"https:\/\/jaquebec.org\/fr\/wp-json\/wp\/v2\/pages\/11385\/revisions"}],"predecessor-version":[{"id":13135,"href":"https:\/\/jaquebec.org\/fr\/wp-json\/wp\/v2\/pages\/11385\/revisions\/13135"}],"wp:attachment":[{"href":"https:\/\/jaquebec.org\/fr\/wp-json\/wp\/v2\/media?parent=11385"}],"curies":[{"name":"wp","href":"https:\/\/api.w.org\/{rel}","templated":true}]}}