{"id":114,"date":"2016-09-25T09:47:51","date_gmt":"2016-09-25T09:47:51","guid":{"rendered":"http:\/\/milothemes.com\/berlin-wordpress\/?page_id=114"},"modified":"2026-02-25T11:41:36","modified_gmt":"2026-02-25T16:41:36","slug":"quisommesnous","status":"publish","type":"page","link":"https:\/\/jaquebec.org\/fr\/quisommesnous\/","title":{"rendered":"Qui sommes-nous?"},"content":{"rendered":"<p>[vc_row full_width=&#8221;stretch_row_content&#8221; css=&#8221;.vc_custom_1660934649973{margin-top: -80px !important;}&#8221;][vc_column][vc_single_image image=&#8221;7629&#8243; img_size=&#8221;full&#8221;][\/vc_column][\/vc_row][vc_row full_width=&#8221;stretch_row&#8221; css=&#8221;.vc_custom_1772037693947{margin-top: 40px !important;margin-bottom: 40px !important;}&#8221;][vc_column][vc_column_text]<\/p>\n<h3>\u00c0 propos de JA Qu\u00e9bec<\/h3>\n<p>Les programmes \u00e9ducatifs JA Qu\u00e9bec (anciennement Jeunes Entreprises du Qu\u00e9bec) et ses b\u00e9n\u00e9voles s&#8217;emploient \u00e0 offrir gratuitement des formations aux jeunes de 10 \u00e0 18 ans sur la pr\u00e9paration au travail, l&#8217;entrepreneuriat et la litt\u00e9ratie financi\u00e8re, afin de les encourager \u00e0 prendre des d\u00e9cisions financi\u00e8res r\u00e9fl\u00e9chies et pertinentes, \u00e0 d\u00e9marrer une entreprise, \u00e0 mettre au point un plan de carri\u00e8re et \u00e0 exprimer leur esprit d&#8217;innovation.<\/p>\n<h3>Historique<\/h3>\n<p>L&#8217;organisme JA, n\u00e9 aux \u00c9tats-Unis en 1919, s&#8217;est implant\u00e9 au Qu\u00e9bec en 1962. Aujourd&#8217;hui, c&#8217;est un ph\u00e9nom\u00e8ne mondial ! JA Qu\u00e9bec est membre de Junior Achievement Canada et de JA Worldwide, le plus grand organisme \u00e0 but non lucratif au monde d\u00e9di\u00e9 \u00e0 l&#8217;\u00e9ducation financi\u00e8re et entrepreneuriale. Le mouvement JA est pr\u00e9sent dans plus de 120 pays, r\u00e9partis sur les 5 continents, et touche directement 10 millions de jeunes gr\u00e2ce \u00e0 400 000 b\u00e9n\u00e9voles.<\/p>\n<h3><strong>Notre mission<\/strong><\/h3>\n<p><span class=\"OYPEnA font-feature-liga-off font-feature-clig-off font-feature-calt-off text-decoration-none text-strikethrough-none\">JA inspire et pr\u00e9pare les jeunes \u00e0 r\u00e9ussir dans une \u00e9conomie mondialis\u00e9e.<\/span><\/p>\n<p>[\/vc_column_text]<div class='owl-carousel custom-content '>[vc_row_inner el_class=&#8221;container&#8221;][vc_column_inner][\/vc_column_inner][\/vc_row_inner]<\/div>[\/vc_column][\/vc_row][vc_row full_width=&#8221;stretch_row&#8221; parallax=&#8221;stellar&#8221; parallax_image=&#8221;518&#8243; overlay_enable=&#8221;1&#8243; overlay_color=&#8221;#058202&#8243; css=&#8221;.vc_custom_1505850926660{padding-top: 50px !important;padding-bottom: 50px !important;background-color: #1e73be !important;}&#8221; berlin_font_color=&#8221;#ffffff&#8221;][vc_column]<div class='process-steps-headline text-left '><h1>JA Qu\u00e9bec<\/h1><\/p>\n<h4>Gr\u00e2ce au soutien de son r\u00e9seau de partenaires et pr\u00e8s de 500 b\u00e9n\u00e9voles issus du milieu des affaires, Les programmes \u00e9ducatifs JA Qu\u00e9bec jouent un r\u00f4le essentiel pour assurer une meilleure rel\u00e8ve entrepreneuriale au Qu\u00e9bec en offrant aux jeunes, directement dans leur salle de classe, des programmes pertinents d\u2019initiation aux affaires et de litt\u00e9ratie financi\u00e8re afin de valoriser, plus t\u00f4t que tard, l\u2019entrepreneuriat, la pr\u00e9paration au march\u00e9 du travail et la r\u00e9ussite scolaire.<\/h4>\n<p><\/div><div class='step-details text-left '><h2><\/h2><\/p>\n<h3 style=\"color: #ffffff\">Valeur<\/h3>\n<ul>\n<li><strong>Croire au potentiel illimit\u00e9 des jeunes.<\/strong><\/li>\n<li><strong>Plaider en faveur de l&#8217;impact d&#8217;un apprentissage pratique et pertinent.<\/strong><\/li>\n<li><strong>Enseigner l&#8217;\u00e9conomie et l&#8217;entrepreneuriat fond\u00e9s sur les principes et le march\u00e9 pour concstruire un monde plus durable.<\/strong><\/li>\n<li><strong>Aborder notre travail avec passion, honn\u00eatet\u00e9, int\u00e9grit\u00e9 et excellence.<\/strong><\/li>\n<li><strong>Rechercher la diversit\u00e9 des origines, des perspectives et des talents au sein de notre personnel, de nos b\u00e9n\u00e9voles et de nos conseils d&#8217;admnistration afin\u00a0 de r\u00e9fl\u00e9ter les zones g\u00e9ographiques et les communaut\u00e9s que nous nous servons.<\/strong><\/li>\n<li><strong>Cultiver le pouvoir du partenariat et de la collaboration.<\/strong><\/li>\n<\/ul>\n<p><\/div><div class='step-details text-left '><h2><\/h2><\/p>\n<h3 style=\"color: #ffffff\">Vision<\/h3>\n<p><strong><span class=\"OYPEnA font-feature-liga-off font-feature-clig-off font-feature-calt-off text-decoration-none text-strikethrough-none\">Un monde dans lequel les jeunes ont les comp\u00e9tences et l\u2019\u00e9tat d\u2019esprit n\u00e9cessaires pour b\u00e2tir des communaut\u00e9s prosp\u00e8res.<\/span><\/strong><\/p>\n<p><\/div>[\/vc_column][\/vc_row][vc_row css=&#8221;.vc_custom_1508940834123{padding-top: 20px !important;padding-bottom: 20px !important;}&#8221;][vc_column][vc_empty_space height=&#8221;200px&#8221;][\/vc_column][\/vc_row][vc_row full_width=&#8221;stretch_row&#8221; parallax=&#8221;stellar&#8221; parallax_image=&#8221;7611&#8243; overlay_enable=&#8221;1&#8243; overlay_color=&#8221;#285f74&#8243; overlay_opacity=&#8221;0.6&#8243; css=&#8221;.vc_custom_1700855598217{margin-top: -200px !important;padding-top: 150px !important;padding-bottom: 120px !important;}&#8221; berlin_font_color=&#8221;#ffffff&#8221;][vc_column width=&#8221;1\/4&#8243;][vc_btn title=&#8221;Donnez maintenant&#8221; style=&#8221;custom&#8221; custom_background=&#8221;#e3e24f&#8221; custom_text=&#8221;#22404d&#8221; size=&#8221;lg&#8221; align=&#8221;center&#8221; link=&#8221;url:https%3A%2F%2Fjaquebec.org%2Ffaire-un-don%2F|title:Donnez%20maintenant||&#8221; el_class=&#8221;.bold&#8221;][\/vc_column][vc_column width=&#8221;3\/4&#8243;][vc_column_text]<strong><span style=\"font-family: Montserrat; font-size: 22px;\">Merci d\u2019encourager JA Qu\u00e9bec! Votre don nous permet de continuer \u00e0 offrir nos programmes gratuitement<\/span><\/strong>[\/vc_column_text][\/vc_column][\/vc_row]<\/p>","protected":false},"excerpt":{"rendered":"<p>Fusce cursus laoreet odio sed eleifend. Suspendisse commodo mollis gravida. Aenean feugiat vitae felis id rhoncus. Nulla enim nisl, iaculis et orci et.<\/p>\n","protected":false},"author":2,"featured_media":0,"parent":0,"menu_order":0,"comment_status":"closed","ping_status":"closed","template":"","meta":{"_lmt_disableupdate":"no","_lmt_disable":"","footnotes":""},"class_list":["post-114","page","type-page","status-publish","hentry"],"_links":{"self":[{"href":"https:\/\/jaquebec.org\/fr\/wp-json\/wp\/v2\/pages\/114","targetHints":{"allow":["GET"]}}],"collection":[{"href":"https:\/\/jaquebec.org\/fr\/wp-json\/wp\/v2\/pages"}],"about":[{"href":"https:\/\/jaquebec.org\/fr\/wp-json\/wp\/v2\/types\/page"}],"author":[{"embeddable":true,"href":"https:\/\/jaquebec.org\/fr\/wp-json\/wp\/v2\/users\/2"}],"replies":[{"embeddable":true,"href":"https:\/\/jaquebec.org\/fr\/wp-json\/wp\/v2\/comments?post=114"}],"version-history":[{"count":81,"href":"https:\/\/jaquebec.org\/fr\/wp-json\/wp\/v2\/pages\/114\/revisions"}],"predecessor-version":[{"id":13539,"href":"https:\/\/jaquebec.org\/fr\/wp-json\/wp\/v2\/pages\/114\/revisions\/13539"}],"wp:attachment":[{"href":"https:\/\/jaquebec.org\/fr\/wp-json\/wp\/v2\/media?parent=114"}],"curies":[{"name":"wp","href":"https:\/\/api.w.org\/{rel}","templated":true}]}}