{"id":11481,"date":"2024-02-26T12:05:23","date_gmt":"2024-02-26T17:05:23","guid":{"rendered":"https:\/\/jaquebec.org\/?page_id=11481"},"modified":"2024-02-26T12:09:58","modified_gmt":"2024-02-26T17:09:58","slug":"marche-de-noel-2023","status":"publish","type":"page","link":"https:\/\/jaquebec.org\/fr\/marche-de-noel-2023\/","title":{"rendered":"March\u00e9 de No\u00ebl 2023"},"content":{"rendered":"<p>[vc_row][vc_column][vc_column_text css=&#8221;.vc_custom_1708967094245{margin-top: -60px !important;}&#8221;]<\/p>\n<h3 style=\"text-align: center;\">March\u00e9 de No\u00ebl de JA Qu\u00e9bec 2023<\/h3>\n<p>[\/vc_column_text][vc_column_text css=&#8221;.vc_custom_1708967098642{margin-top: 20px !important;}&#8221;]<\/p>\n<p style=\"text-align: justify;\"><span style=\"color: #000000;\">Un grand merci \u00e0 tous ceux et \u00e0 toutes celles qui sont venus soutenir nos Entreprises \u00c9tudiantes lors du march\u00e9 de No\u00ebl de JA Qu\u00e9bec! Nous remercions tout particuli\u00e8rement nos jeunes entrepreneurs pour leurs implications ainsi que leurs mentors, les enseignants, nos b\u00e9n\u00e9voles d\u00e9vou\u00e9s, nos partenaires financiers et le coll\u00e8ge Jean-de-Br\u00e9beuf!<\/span><\/p>\n<p style=\"text-align: justify;\"><span style=\"color: #000000;\">Nous sommes fiers de vous annoncer un r\u00e9sultat des ventes de 5786.50$. L\u2019Entreprise \u00c9tudiante Projet Mercure a gagn\u00e9 le prix du meilleur kiosque du march\u00e9 de No\u00ebl ! Art &amp; Myst arrive \u00e0 la deuxi\u00e8me place, ex aequo avec Prestige. Le prix du meilleur kiosque du march\u00e9 de No\u00ebl a \u00e9t\u00e9 d\u00e9cern\u00e9 en tenant compte de la qualit\u00e9 du discours de vente, du produit et de la d\u00e9coration du stand. L\u2019entreprise Projet Mercure remporte le concours du meilleur chiffre de ventes du march\u00e9 de No\u00ebl avec 2640 $. L\u2019entreprise Projet Mercure a \u00e9galement les meilleures ventes en termes de quantit\u00e9 avec un total de 48 unit\u00e9s vendues. F\u00e9licitations \u00e0 toutes les entreprises et merci \u00e0 tous et toutes pour votre participation!\u00a0<\/span><span style=\"color: #000000;\">Merci \u00e0\u00a0l\u2019ordre des CPA au Qu\u00e9bec\u00a0(l\u2019ordre des comptables professionnels agr\u00e9\u00e9s du Qu\u00e9bec) pour avoir donn\u00e9 un atelier participatif et un quizz \u00e9ducatif Kahoot avant le d\u00e9but du march\u00e9 de No\u00ebl.<\/span><\/p>\n<p style=\"text-align: justify;\"><span style=\"color: #000000;\">Photos: Studio Reno &amp; fils<\/span><\/p>\n<p>[\/vc_column_text][\/vc_column][\/vc_row][vc_row][vc_column][vc_column_text css=&#8221;.vc_custom_1708967007176{margin-top: 20px !important;}&#8221;]<strong><span style=\"color: #000000;\">Le cocktail des b\u00e9n\u00e9voles<\/span><\/strong>[\/vc_column_text][\/vc_column][\/vc_row][vc_row equal_height=&#8221;yes&#8221;][vc_column][vc_images_carousel images=&#8221;10864,10901,10825,10898,10824,10869,10820,10865,10900,10899,10897,10904,10902,10887,10886,10884,10885,10905,10868,10867,10866,10903,10862,10823,10821&#8243; img_size=&#8221;large&#8221; speed=&#8221;11000&#8243; slides_per_view=&#8221;3&#8243; autoplay=&#8221;yes&#8221; hide_pagination_control=&#8221;yes&#8221; wrap=&#8221;yes&#8221; css=&#8221;.vc_custom_1702670581969{margin-top: 20px !important;}&#8221;][vc_column_text css=&#8221;.vc_custom_1708967013623{margin-top: 20px !important;}&#8221;]<strong><span style=\"color: #000000;\">Le march\u00e9 de No\u00ebl<\/span><\/strong>[\/vc_column_text][\/vc_column][\/vc_row][vc_row css=&#8221;.vc_custom_1708966954512{margin-top: 20px !important;margin-bottom: 50px !important;}&#8221;][vc_column][vc_images_carousel images=&#8221;10895,10861,10858,10849,10829,10843,10833,10842,10840,10836,10835,10830,10880,10888,10841,10879,10871,10838,10839,10873,10906,10831,10848,10852,10881,10890,10837,10874,10889,10894,10875,10844,10845,10826,10876,10854,10877,10859,10878,10870,10883,10828,10819,10827,10832,10893,10872,10891,10847,10850,10834,10884,10882,10863,10860,10857,10856,10855,10853,10851,10846&#8243; img_size=&#8221;large&#8221; slides_per_view=&#8221;3&#8243; autoplay=&#8221;yes&#8221; hide_pagination_control=&#8221;yes&#8221; wrap=&#8221;yes&#8221;][\/vc_column][\/vc_row]<\/p>","protected":false},"excerpt":{"rendered":"<p>[vc_row][vc_column][vc_column_text css=&#8221;.vc_custom_1708967094245{margin-top: -60px !important;}&#8221;] March\u00e9 de No\u00ebl de JA Qu\u00e9bec 2023 [\/vc_column_text][vc_column_text css=&#8221;.vc_custom_1708967098642{margin-top: 20px !important;}&#8221;] Un grand merci \u00e0 tous ceux et \u00e0 toutes celles qui sont venus soutenir nos Entreprises \u00c9tudiantes lors du march\u00e9 de No\u00ebl de JA Qu\u00e9bec! Nous remercions tout particuli\u00e8rement nos jeunes entrepreneurs pour leurs implications ainsi que leurs mentors, les [&hellip;]<\/p>\n","protected":false},"author":2,"featured_media":0,"parent":0,"menu_order":0,"comment_status":"closed","ping_status":"closed","template":"","meta":{"_lmt_disableupdate":"","_lmt_disable":"","footnotes":""},"class_list":["post-11481","page","type-page","status-publish","hentry"],"_links":{"self":[{"href":"https:\/\/jaquebec.org\/fr\/wp-json\/wp\/v2\/pages\/11481","targetHints":{"allow":["GET"]}}],"collection":[{"href":"https:\/\/jaquebec.org\/fr\/wp-json\/wp\/v2\/pages"}],"about":[{"href":"https:\/\/jaquebec.org\/fr\/wp-json\/wp\/v2\/types\/page"}],"author":[{"embeddable":true,"href":"https:\/\/jaquebec.org\/fr\/wp-json\/wp\/v2\/users\/2"}],"replies":[{"embeddable":true,"href":"https:\/\/jaquebec.org\/fr\/wp-json\/wp\/v2\/comments?post=11481"}],"version-history":[{"count":9,"href":"https:\/\/jaquebec.org\/fr\/wp-json\/wp\/v2\/pages\/11481\/revisions"}],"predecessor-version":[{"id":11490,"href":"https:\/\/jaquebec.org\/fr\/wp-json\/wp\/v2\/pages\/11481\/revisions\/11490"}],"wp:attachment":[{"href":"https:\/\/jaquebec.org\/fr\/wp-json\/wp\/v2\/media?parent=11481"}],"curies":[{"name":"wp","href":"https:\/\/api.w.org\/{rel}","templated":true}]}}