{"id":13260,"date":"2025-07-08T12:25:38","date_gmt":"2025-07-08T16:25:38","guid":{"rendered":"https:\/\/jaquebec.org\/?page_id=13260"},"modified":"2025-07-09T09:21:25","modified_gmt":"2025-07-09T13:21:25","slug":"formulaire-dinteret-pour-participation-au-programme-entreprise-etudiante-en-tant-quecole-ou-etablissement-parascolaire","status":"publish","type":"page","link":"https:\/\/jaquebec.org\/fr\/formulaire-dinteret-pour-participation-au-programme-entreprise-etudiante-en-tant-quecole-ou-etablissement-parascolaire\/","title":{"rendered":"Formulaire d&#8217;int\u00e9r\u00eat pour participation au programme Entreprise \u00e9tudiante en tant qu&#8217;\u00e9cole ou \u00e9tablissement (parascolaire)"},"content":{"rendered":"<p>[vc_row][vc_column][vc_column_text]<\/p>\n<h2 style=\"text-align: center;\">Formulaire d&#8217;int\u00e9r\u00eat pour participation au programme Entreprise \u00e9tudiante en tant qu&#8217;\u00e9cole ou \u00e9tablissement (parascolaire)<\/h2>\n<div>Chers professionnel(le)s de l&#8217;\u00e9ducation, si vous \u00eates int\u00e9ress\u00e9(e)s \u00e0 offrir l&#8217;un ou plusieurs programmes scolaires \u00e0 votre \u00e9cole, nous vous invitons \u00e0 remplir le formulaire ci-dessous.<\/div>\n<p>Une fois rempli, celui-ci sera achemin\u00e9 \u00e0 la coordonnatrice des programmes Entreprise \u00e9tudiante \/ Entrepreneurs juniors qui prendra contact avec vous pour fixer une date et r\u00e9pondre \u00e0 toute autre question.<\/p>\n<p>De toute l&#8217;\u00e9quipe JA Qu\u00e9bec, nous vous remercions d&#8217;\u00eatre l\u00e0 pour former la rel\u00e8ve![\/vc_column_text][vc_column_text]<iframe loading=\"lazy\" style=\"border: none; max-width: 100%; max-height: 100vh;\" src=\"https:\/\/forms.office.com\/Pages\/ResponsePage.aspx?id=M9-kSxOf-ES3Yk6HY8O34S5mzz9MaJJBgNFt5W-AUD5UMUFWQUFLV1FNOFlCVFpGWUdKMVg3WUNSNiQlQCN0PWcu&amp;embed=true&amp;lang=fr-FR;\" width=\"100%\" height=\"480px\" frameborder=\"0\" marginwidth=\"0\" marginheight=\"0\" allowfullscreen=\"allowfullscreen\"> <\/iframe>[\/vc_column_text][\/vc_column][\/vc_row]<\/p>","protected":false},"excerpt":{"rendered":"<p>[vc_row][vc_column][vc_column_text] Formulaire d&#8217;int\u00e9r\u00eat pour participation au programme Entreprise \u00e9tudiante en tant qu&#8217;\u00e9cole ou \u00e9tablissement (parascolaire) Chers professionnel(le)s de l&#8217;\u00e9ducation, si vous \u00eates int\u00e9ress\u00e9(e)s \u00e0 offrir l&#8217;un ou plusieurs programmes scolaires \u00e0 votre \u00e9cole, nous vous invitons \u00e0 remplir le formulaire ci-dessous. Une fois rempli, celui-ci sera achemin\u00e9 \u00e0 la coordonnatrice des programmes Entreprise \u00e9tudiante \/ [&hellip;]<\/p>\n","protected":false},"author":4,"featured_media":0,"parent":0,"menu_order":0,"comment_status":"closed","ping_status":"closed","template":"","meta":{"_lmt_disableupdate":"","_lmt_disable":"","footnotes":""},"class_list":["post-13260","page","type-page","status-publish","hentry"],"_links":{"self":[{"href":"https:\/\/jaquebec.org\/fr\/wp-json\/wp\/v2\/pages\/13260","targetHints":{"allow":["GET"]}}],"collection":[{"href":"https:\/\/jaquebec.org\/fr\/wp-json\/wp\/v2\/pages"}],"about":[{"href":"https:\/\/jaquebec.org\/fr\/wp-json\/wp\/v2\/types\/page"}],"author":[{"embeddable":true,"href":"https:\/\/jaquebec.org\/fr\/wp-json\/wp\/v2\/users\/4"}],"replies":[{"embeddable":true,"href":"https:\/\/jaquebec.org\/fr\/wp-json\/wp\/v2\/comments?post=13260"}],"version-history":[{"count":8,"href":"https:\/\/jaquebec.org\/fr\/wp-json\/wp\/v2\/pages\/13260\/revisions"}],"predecessor-version":[{"id":13336,"href":"https:\/\/jaquebec.org\/fr\/wp-json\/wp\/v2\/pages\/13260\/revisions\/13336"}],"wp:attachment":[{"href":"https:\/\/jaquebec.org\/fr\/wp-json\/wp\/v2\/media?parent=13260"}],"curies":[{"name":"wp","href":"https:\/\/api.w.org\/{rel}","templated":true}]}}