{"id":1390,"date":"2017-11-13T20:45:21","date_gmt":"2017-11-13T19:45:21","guid":{"rendered":"https:\/\/jaquebec.com\/?page_id=1390"},"modified":"2022-08-19T15:04:48","modified_gmt":"2022-08-19T19:04:48","slug":"modalites-dutilisation","status":"publish","type":"page","link":"https:\/\/jaquebec.org\/fr\/modalites-dutilisation\/","title":{"rendered":"Modalit\u00e9s d\u2019utilisation"},"content":{"rendered":"<p>[vc_row full_width=&#8221;stretch_row_content&#8221;][vc_column][vc_single_image image=&#8221;7629&#8243; img_size=&#8221;full&#8221; css=&#8221;.vc_custom_1660935832295{margin-top: -80px !important;}&#8221;][\/vc_column][\/vc_row][vc_row css=&#8221;.vc_custom_1660935825741{margin-bottom: 80px !important;}&#8221;][vc_column]<div class='headline with-icon text-center '><i class='berlin-icon-clipboard2'><\/i><h3>Modalit\u00e9s d\u2019utilisation<\/h3><\/div>[\/vc_column][\/vc_row][vc_row css=&#8221;.vc_custom_1510603676107{margin-bottom: 80px !important;}&#8221;][vc_column][vc_column_text]<\/p>\n<div class=\"content\">\n<p><strong>INFORMATION JURIDIQUE IMPORTANTE<\/strong><\/p>\n<p>Veuillez lire attentivement ces modalit\u00e9s d\u2019utilisation avant d\u2019utiliser le pr\u00e9sent site Web. L\u2019usage que vous faites du pr\u00e9sent site Web est assujetti \u00e0 votre consentement sans modification aux modalit\u00e9s suivantes.<\/p>\n<p><strong>Modalit\u00e9s d\u2019utilisation<\/strong><\/p>\n<p><strong>Propri\u00e9t\u00e9 intellectuelle <\/strong><\/p>\n<p>Les \u00e9l\u00e9ments figurant sur le pr\u00e9sent site Web, y compris, sans s\u2019y limiter, le design, les textes, les graphiques, le contenu, la s\u00e9lection et l\u2019agencement des \u00e9l\u00e9ments (le \u00ab contenu \u00bb) sont Copyright \u00a9 2011 Jeunes Entreprises du Canada. Tous droits r\u00e9serv\u00e9s. Par la pr\u00e9sente politique, vous \u00eates autoris\u00e9 \u00e0 consulter, reproduire, t\u00e9l\u00e9charger, imprimer et distribuer le contenu figurant sur le pr\u00e9sent site conform\u00e9ment aux modalit\u00e9s suivantes.<\/p>\n<p>Vous pouvez utiliser le contenu uniquement \u00e0 des fins informatives, personnelles ou non commerciales. L\u2019utilisation du contenu figurant sur le pr\u00e9sent site Web \u00e0 d\u2019autres fins est strictement interdite. Toute reproduction, en totalit\u00e9 ou en partie, du pr\u00e9sent contenu doit inclure l\u2019avis de droits d\u2019auteur ci-dessus.<\/p>\n<p>Il est interdit de reproduire ou d\u2019afficher le contenu du pr\u00e9sent site Web dans un r\u00e9seau informatique ou de le diffuser par un m\u00e9dia quelconque. Les \u00e9l\u00e9ments figurant sur le pr\u00e9sent site Web (p.ex., le design et l\u2019agencement des \u00e9l\u00e9ments) sont prot\u00e9g\u00e9s par les droits des marques, de l\u2019habillage commercial, de la concurrence d\u00e9loyale et d\u2019autres lois, et ne peuvent pas \u00eatre reproduits, doubl\u00e9s, copi\u00e9s, imit\u00e9s, vendus ou exploit\u00e9s, en totalit\u00e9 ou en partie, \u00e0 d\u2019autres fins qui ne sont pas express\u00e9ment autoris\u00e9es par Jeunes Entreprises du Canada.<\/p>\n<p>Aucun logo, graphique, son ou image du pr\u00e9sent site Web ne peut \u00eatre copi\u00e9 ou retransmis sans avoir obtenu l\u2019autorisation \u00e9crite expresse de Jeunes Entreprises du Canada. Jeunes Entreprises du Canada et le logo de Jeunes Entreprises du Canada sont des marques de commerce et des marques de commerce d\u00e9pos\u00e9es de Jeunes Entreprises du Canada. Tous autres noms mentionn\u00e9s dans la pr\u00e9sente politique sont les marques de commerce de leurs propri\u00e9taires respectifs. Veuillez noter que des produits, des processus ou des technologies d\u00e9crits dans le pr\u00e9sent contenu peuvent \u00eatre assujettis \u00e0 d\u2019autres droits de propri\u00e9t\u00e9 intellectuelle r\u00e9serv\u00e9s par Jeunes Entreprises du Canada et ne sont pas autoris\u00e9s par la pr\u00e9sente politique.<\/p>\n<p><strong>Acceptation <\/strong><\/p>\n<p>Le pr\u00e9sent site Web de Jeunes Entreprises du Canada vous est fourni \u00e0 condition que vous acceptiez d\u2019\u00eatre li\u00e9 par les pr\u00e9sentes modalit\u00e9s d\u2019utilisation et la politique de confidentialit\u00e9. En acc\u00e9dant au pr\u00e9sent site Web et en l\u2019utilisant, vous acceptez d\u2019\u00eatre li\u00e9 par les pr\u00e9sentes modalit\u00e9s. Si vous n\u2019acceptez pas les pr\u00e9sentes modalit\u00e9s, veuillez vous abstenir d\u2019acc\u00e9der au site Web.<\/p>\n<p><strong>Modifications aux modaliti\u00e9s d\u2019utilisation <\/strong><\/p>\n<p>Jeunes Entreprises du Canada se r\u00e9serve le droit de modifier les pr\u00e9sentes modalit\u00e9s d\u2019utilisation \u00e0 tout moment. Jeunes Entreprises du Canada affichera la version modifi\u00e9e des modalit\u00e9s d\u2019utilisation sur le pr\u00e9sent site Web. Veuillez consulter les modalit\u00e9s d\u2019utilisation de temps \u00e0 autre. L\u2019utilisation du site Web apr\u00e8s l\u2019affichage de telles modifications indique que vous acceptez les modalit\u00e9s modifi\u00e9es.<\/p>\n<p><strong>D\u2019autre information importante <\/strong><\/p>\n<p>VOUS RECONNAISSEZ ET CONVENEZ QUE VOUS UTILISEZ LE PR\u00c9SENT SITE WEB \u00c0 VOS PROPRES RISQUES ET SOUS VOTRE PROPRE RESPONSABILIT\u00c9. LES RENSEIGNEMENTS FIGURANT SUR LE PR\u00c9SENT SITE WEB VOUS SONT FOURNIS \u00ab TELS QUELS \u00bb \u00c0 TITRE INFORMATIF SEULEMENT, SANS AUCUNE GARANTIE D\u2019AUCUNE SORTE, ET JEUNES ENTREPRISES DU CANADA RENONCE \u00c0 UNE GARANTIE IMPLICITE CONCERNANT LA QUALIT\u00c9 MARCHANDE, L\u2019ADAPTABILIT\u00c9 \u00c0 UNE FIN PARTICULI\u00c8RE ET L\u2019ABSENCE DE CONTREFA\u00c7ON DE BIENS DE PROPRI\u00c9T\u00c9 INTELLECTUELLE. CERTAINES JURIDICTIONS NE PERMETTENT PAS L\u2019EXCLUSION DE GARANTIES IMPLICITES, DONC IL SE PEUT QUE L\u2019EXCLUSION CI-DESSUS NE S\u2019APPLIQUE PAS \u00c0 VOUS.<\/p>\n<p>Les renseignements dans le contenu peuvent contenir des inexactitudes techniques, des d\u00e9fauts ou des erreurs typographiques, et les renseignements seront chang\u00e9s, mis \u00e0 jour et supprim\u00e9s sans avis pr\u00e9alable. Le pr\u00e9sent site Web peut contenir des virus ou d\u2019autres \u00e9l\u00e9ments dommageables.<\/p>\n<p>Jeunes Entreprises n\u2019assume aucune responsabilit\u00e9 \u00e0 l\u2019\u00e9gard de l\u2019inaccessibilit\u00e9 des connexions r\u00e9seau; des transmissions informatiques avort\u00e9es, incompl\u00e8tes, brouill\u00e9es ou en retard; des d\u00e9faillances en ligne; des d\u00e9fectuosit\u00e9s ou perturbations techniques mat\u00e9rielles, logicielles ou autres; ou d\u2019autres d\u00e9faillances de communication ou circonstances influen\u00e7ant, perturbant ou alt\u00e9rant les communications.<\/p>\n<p>Jeunes Entreprises du Canada n\u2019assume aucune responsabilit\u00e9 et ne pourra \u00eatre tenue responsable des dommages que pourraient subir votre \u00e9quipement informatique ou vos autres biens, ou des virus qui pourraient s\u2019y attaquer, en raison du fait que vous avez acc\u00e9d\u00e9 le pr\u00e9sent site, l\u2019avez utilis\u00e9, y avez navigu\u00e9 ou en avez t\u00e9l\u00e9charg\u00e9 du contenu du pr\u00e9sent site Web.<\/p>\n<p>Jeunes Entreprises du Canada peut apporter des am\u00e9liorations et\/ou des modifications aux produits et\/ou aux programmes d\u00e9crits sur le pr\u00e9sent site Web en tout temps.<\/p>\n<p>EN TOUTE MESURE PERMISE PAR LA LOI,\u00a0 JEUNES ENTREPRISES DU CANADA, AINSI QUE SES DIRIGEANTS, ADMINISTRATEURS, EMPLOY\u00c9S OU REPR\u00c9SENTANTS NE SONT PAS RESPONSABLES DES DOMMAGES, QU\u2019ILS SOIENT DIRECTS, ACCESSOIRES, INDIRECTS, SP\u00c9CIAUX, OU D\u2019AUTRES DOMMAGES INDIRECTS QUELS QU\u2019ILS SOIENT, FOND\u00c9S SUR DES R\u00c9CLAMATIONS D\u00c9COULANT DE L\u2019UTILISATION DU PR\u00c9SENT SITE WEB OU DE SITES WEB ACCESSIBLES PAR UN LIEN FIGURANT SUR LE PR\u00c9SENT SITE WEB, Y COMPRIS, SANS Y LIMITER, UNE PERTE DE PROFITS, UNE INTERRUPTION D\u2019OCCASIONS D\u2019AFFAIRES OU UNE PERTE DE DONN\u00c9ES, MALGR\u00c9 LE FAIT QUE JEUNES ENTREPRISES DU CANADA EST EXPRESS\u00c9MENT INFORM\u00c9 DE LA POSSIBILIT\u00c9 QUE DE TELS DOMMAGES SURVIENNENT.<\/p>\n<p><strong>Votre nom d\u2019utilisateur et votre mot de passe<\/strong><\/p>\n<p>Votre compte du site Web peut \u00eatre acc\u00e9der uniquement par votre nom d\u2019utilisateur et votre mot de passe. Vous \u00eates responsable pour l\u2019utilisation et l\u2019abus de votre nom d\u2019utilisateur et votre mot de passe pour toutes activit\u00e9s qui se produisent sous votre nom d\u2019utilisateur et votre mot de passe. \u00c0 des fins de s\u00e9curit\u00e9, vous \u00eates responsable de garder votre nom d\u2019utilisateur et votre mot de passe confidentiels et de ne pas les divulguer \u00e0 aucune personne et de ne pas permettre \u00e0 un autre individu de les utiliser, \u00e0 l\u2019exception d\u2019un repr\u00e9sentant autoris\u00e9 de Jeunes Entreprises du Canada. Jeunes Entreprises du Canada recommande que vous choisissez un mot de passe qui vous est unique et qui n\u2019est pas facile \u00e0 deviner par d\u2019autres.<\/p>\n<p>Les noms d\u2019utilisateur et les mots de passe sont la propri\u00e9t\u00e9 de Jeunes Entreprises du Canada, et peuvent \u00eatre r\u00e9voqu\u00e9s ou suspendus en tout temps par Jeunes Entreprises du Canada sans avis pr\u00e9alable et sans aucune responsabilit\u00e9 envers vous ou d\u2019autres individus quelconques. Jeunes Entreprises n\u2019a aucune obligation de v\u00e9rifier l\u2019identit\u00e9 ou l\u2019autorit\u00e9 de l\u2019utilisateur d\u2019un nom d\u2019utilisateur ou d\u2019un mot de passe.<\/p>\n<p>Vous devez aviser Jeunes Entreprises du Canada imm\u00e9diatement de toute utilisation non autoris\u00e9e de votre nom d\u2019utilisateur ou de votre mot de passe, ou si vous savez ou si vous soup\u00e7onnez que votre nom d\u2019utilisateur et mot de passe ont \u00e9t\u00e9 perdus ou vol\u00e9s, ou sont connus par d\u2019autres, ou de toute violation de la s\u00e9curit\u00e9.<\/p>\n<p><strong>R\u00e9siliation de droit d\u2019utilisation <\/strong><\/p>\n<p>En tant que condition de votre utilisation du pr\u00e9sent site Web, vous convenez que vous n\u2019employiez ce site Web pour aucune raison soit ill\u00e9gale ou interdite conform\u00e9ment aux pr\u00e9sentes modalit\u00e9s d\u2019utilisation. Si vous ne respectez pas ces modalit\u00e9s d\u2019utilisation, vous ne pouvez plus utiliser ce site Web.<\/p>\n<p>Jeunes Entreprises du Canada peut, \u00e0 sa seule discr\u00e9tion, r\u00e9voquer votre droit d\u2019utiliser le pr\u00e9sent site ou une partie du site ou y mettre fin \u00e0 tout moment, sans avis pr\u00e9alable. En cas de r\u00e9siliation, vous n\u2019avez aucun droit d\u2019acc\u00e9der le pr\u00e9sent site Web ou la partie du pr\u00e9sent site affect\u00e9e par une telle r\u00e9siliation ou terminaison. Dans un tel cas, les restrictions que ces modalit\u00e9s d\u2019utilisation qui vous sont impos\u00e9es \u00e0 l\u2019\u00e9gard du pr\u00e9sent site Web s\u2019appliqueront.<\/p>\n<p>Jeunes Entreprises du Canada n\u2019assume aucune responsabilit\u00e9 \u00e0 quiconque pour de tels dommages r\u00e9sultant d\u2019une telle terminaison.<\/p>\n<p><strong>Liens <\/strong><\/p>\n<p>Le pr\u00e9sent site Web contient des liens vers des sites Web exploit\u00e9s par des tierces parties qui ne sont pas associ\u00e9es ou affili\u00e9es \u00e0 Jeunes Entreprises du Canada. Ces liens sont fournis uniquement pour votre commodit\u00e9 et cela ne signifie pas l\u2019approbation, l\u2019investigation ou la v\u00e9rification par Jeunes Entreprises du Canada desdits sites Web ou des renseignements figurant sur les sites ou de leurs pratiques de s\u00e9curit\u00e9 ou de confidentialit\u00e9.<\/p>\n<p>Jeunes Entreprises du Canada n\u2019assume aucune responsabilit\u00e9 \u00e0 l\u2019\u00e9gard du contenu des autres sites Web et ne fait aucune d\u00e9claration ni ne fournit de garantie \u00e0 l\u2019\u00e9gard d\u2019autres sites Web ou du contenu figurant sur ces sites Web. Si vous d\u00e9cidez d\u2019acc\u00e9der \u00e0 d\u2019autres sites Web, vous le faites \u00e0 vos propres risques. Il est interdit de cadrer le site Web de Jeunes Entreprises du Canada ou toute partie de son contenu de quelques fa\u00e7ons et par quelques moyens que ce soit.<\/p>\n<p><strong>Renseignements transmis par l\u2019utilisateur <\/strong><\/p>\n<p>Soumettre les renseignements \u00e0 Jeunes Entreprises du Canada : en acc\u00e9dant au pr\u00e9sent site Web, il est r\u00e9put\u00e9 que vous avez lu la politique de confidentialit\u00e9, les modalit\u00e9s int\u00e9gr\u00e9es et que vous reconnaissez que les termes de la pr\u00e9sente politique sont raisonnables.<\/p>\n<p>Vous approuvez le recueil, l\u2019utilisation et la divulgation de renseignements personnels par Jeunes Entreprises du Canada conform\u00e9ment aux modalit\u00e9s de la politique de confidentialit\u00e9 et aux fins qui y sont \u00e9nonc\u00e9es. Jeunes Entreprises du Canada NE veut PAS recevoir vos renseignements confidentiels par le biais de son site Web. Les renseignements et les mat\u00e9riels que vous transmettez \u00e0 Jeunes Entreprises du Canada par le biais du pr\u00e9sent site Web, autres que vos renseignements personnels identifiables, seront consid\u00e9r\u00e9s comme NON CONFIDENTIELS.<\/p>\n<p>En transmettant des renseignements ou des mat\u00e9riels \u00e0 Jeunes Entreprises par le biais du pr\u00e9sent site ou d\u2019autres moyens \u00e9lectroniques, vous accordez \u00e0 Jeunes Entreprise du Canada une licence illimit\u00e9e et irr\u00e9vocable d\u2019utiliser, de reproduire, d\u2019afficher, de modifier, d\u2019ex\u00e9cuter, de transmettre et de distribuer des renseignements ou des mat\u00e9riels que vous lui aurez transmis, et vous convenez \u00e9galement que Jeunes Entreprises du Canada a l\u2019autorisation d\u2019utiliser les renseignements et les mat\u00e9riels, y compris les id\u00e9es, le savoir-faire, les concepts et les techniques contenus \u00e0 cet \u00e9gard sans aucuns frais pour une raison quelconque.<\/p>\n<p>Les renseignements que Jeunes Entreprises du Canada affiche sur le site Web peuvent contenir des r\u00e9f\u00e9rences ou des renvois aux produits et services de Jeunes Entreprises du Canada qui ne sont pas annonc\u00e9s ou disponibles dans votre pays. De telles r\u00e9f\u00e9rences n\u2019impliquent pas que Jeunes Entreprises du Canada pr\u00e9voit annoncer de tels produits ou services dans votre pays. Consultez votre bureau local de Jeunes Entreprises du Canada pour l\u2019information concernant les produits et les services qui peuvent \u00eatre \u00e0 votre disposition.<\/p>\n<p><strong>Entente int\u00e9grale<\/strong><\/p>\n<p>Les pr\u00e9sentes modalit\u00e9s d\u2019utilisation, ainsi que la politique de confidentialit\u00e9, constituent l\u2019entente int\u00e9grale (la pr\u00e9sente entente) conclue entre vous et Jeunes Entreprises du Canada \u00e0 l\u2019\u00e9gard de votre acc\u00e8s et votre utilisation du pr\u00e9sent site. Le fait que Jeunes Entreprises n\u2019exige pas l\u2019ex\u00e9cution d\u2019une disposition contenue \u00e0 la pr\u00e9sente entente ne doit pas \u00eatre interpr\u00e9t\u00e9 comme une renonciation \u00e0 ses droits.<\/p>\n<p>Si une des dispositions de cette entente est d\u00e9clar\u00e9e nulle, invalide ou inopposable par un tribunal, une telle d\u00e9termination sera sans incidence sur la validit\u00e9 et l\u2019opposabilit\u00e9 des autres dispositions de la pr\u00e9sente entente.<\/p>\n<p><strong>Lois applicables et juridiction \u00a0<\/strong><\/p>\n<p>Cette entente est r\u00e9gie et interpr\u00e9t\u00e9e par les lois de la province de l\u2019Ontario et les lois du Canada applicables en Ontario. Vous et Jeunes Entreprises du Canada acceptez de vous en remettre \u00e0 la comp\u00e9tence de la juridiction exclusive des tribunaux de la province de l\u2019Ontario.<\/p>\n<p>Le pr\u00e9sent site Web peut contenir d\u2019autres notifications et modalit\u00e9s d\u2019utilisation dont les dispositions doivent \u00e9galement \u00eatre respect\u00e9es et adheres.<\/p><\/div>\n<p>[\/vc_column_text][\/vc_column][\/vc_row]<\/p>","protected":false},"excerpt":{"rendered":"<p>[vc_row full_width=&#8221;stretch_row_content&#8221;][vc_column][vc_single_image image=&#8221;7629&#8243; img_size=&#8221;full&#8221; css=&#8221;.vc_custom_1660935832295{margin-top: -80px !important;}&#8221;][\/vc_column][\/vc_row][vc_row css=&#8221;.vc_custom_1660935825741{margin-bottom: 80px !important;}&#8221;][vc_column][\/vc_column][\/vc_row][vc_row css=&#8221;.vc_custom_1510603676107{margin-bottom: 80px !important;}&#8221;][vc_column][vc_column_text] INFORMATION JURIDIQUE IMPORTANTE Veuillez lire attentivement ces modalit\u00e9s d\u2019utilisation avant d\u2019utiliser le pr\u00e9sent site Web. L\u2019usage que vous faites du pr\u00e9sent site Web est assujetti \u00e0 votre consentement sans modification aux modalit\u00e9s suivantes. Modalit\u00e9s d\u2019utilisation Propri\u00e9t\u00e9 intellectuelle Les \u00e9l\u00e9ments figurant sur le [&hellip;]<\/p>\n","protected":false},"author":2,"featured_media":0,"parent":0,"menu_order":0,"comment_status":"closed","ping_status":"closed","template":"","meta":{"_lmt_disableupdate":"","_lmt_disable":"","footnotes":""},"class_list":["post-1390","page","type-page","status-publish","hentry"],"_links":{"self":[{"href":"https:\/\/jaquebec.org\/fr\/wp-json\/wp\/v2\/pages\/1390","targetHints":{"allow":["GET"]}}],"collection":[{"href":"https:\/\/jaquebec.org\/fr\/wp-json\/wp\/v2\/pages"}],"about":[{"href":"https:\/\/jaquebec.org\/fr\/wp-json\/wp\/v2\/types\/page"}],"author":[{"embeddable":true,"href":"https:\/\/jaquebec.org\/fr\/wp-json\/wp\/v2\/users\/2"}],"replies":[{"embeddable":true,"href":"https:\/\/jaquebec.org\/fr\/wp-json\/wp\/v2\/comments?post=1390"}],"version-history":[{"count":6,"href":"https:\/\/jaquebec.org\/fr\/wp-json\/wp\/v2\/pages\/1390\/revisions"}],"predecessor-version":[{"id":7710,"href":"https:\/\/jaquebec.org\/fr\/wp-json\/wp\/v2\/pages\/1390\/revisions\/7710"}],"wp:attachment":[{"href":"https:\/\/jaquebec.org\/fr\/wp-json\/wp\/v2\/media?parent=1390"}],"curies":[{"name":"wp","href":"https:\/\/api.w.org\/{rel}","templated":true}]}}