{"id":2070,"date":"2018-02-24T06:24:12","date_gmt":"2018-02-24T05:24:12","guid":{"rendered":"https:\/\/jaquebec.com\/?page_id=2070"},"modified":"2025-02-21T10:12:59","modified_gmt":"2025-02-21T15:12:59","slug":"journees-partenaires","status":"publish","type":"page","link":"https:\/\/jaquebec.org\/fr\/partenaires\/journees-partenaires\/","title":{"rendered":"Journ\u00e9es Partenaires"},"content":{"rendered":"<p>[vc_row full_width=&#8221;stretch_row_content&#8221; css=&#8221;.vc_custom_1660937029541{margin-top: -80px !important;}&#8221;][vc_column][vc_single_image image=&#8221;7629&#8243; img_size=&#8221;full&#8221; css=&#8221;.vc_custom_1660937006242{margin-top: -80px !important;}&#8221;][\/vc_column][\/vc_row][vc_row][vc_column]<div class='headline with-icon text-center '><i class='berlin-icon-pennant'><\/i><h3>Les Journ\u00e9es Partenaires<\/h3><\/div>[\/vc_column][\/vc_row][vc_row css=&#8221;.vc_custom_1519448703517&#8243;][vc_column width=&#8221;1\/2&#8243;][vc_column_text css=&#8221;.vc_custom_1686583730219{padding-bottom: 15px !important;}&#8221;]<\/p>\n<p align=\"JUSTIFY\">Les Journ\u00e9es Partenaires sont une autre belle fa\u00e7on de <span style=\"color: #0000ff;\"><strong>vous impliquer dans l&#8217;\u00e9ducation\u00a0des jeunes<\/strong><\/span> et un excellent moyen d\u2019engager vos employ\u00e9s dans une cause qui vous tient \u00e0 c\u0153ur, tout en faisant rayonner votre organisation.<\/p>\n<p align=\"JUSTIFY\">Pour participer, l&#8217;entreprise doit \u00eatre un partenaire de JA Qu\u00e9bec ou de JA Canada, et en mesure de mobiliser\u00a0une \u00e9quipe de 10 \u00e0 20 employ\u00e9s \u00e0 Montr\u00e9al ou en r\u00e9gion. Les employ\u00e9s doivent \u00eatre disponibles pour quelques heures et se d\u00e9placer dans l&#8217;une de\u00a0nos \u00e9coles\u00a0participantes\u00a0pour donner l&#8217;un\u00a0de <a href=\"https:\/\/jaquebec.org\/programmes\/programmes-scolaires\/\">nos programmes scolaires<\/a> (entrepreneuriat, litt\u00e9ratie\u00a0financi\u00e8re, pr\u00e9paration au march\u00e9 du travail), \u00e0 des \u00e9l\u00e8ves \u00e2g\u00e9s de 10 \u00e0 18 ans.<\/p>\n<p align=\"JUSTIFY\">Une formation aux employ\u00e9s\u00a0participants sera pr\u00e9alablement\u00a0offerte\u00a0dans\u00a0vos bureaux pour expliquer le contenu du programme et r\u00e9pondre aux questions.<\/p>\n<p>[\/vc_column_text][\/vc_column][vc_column width=&#8221;1\/2&#8243;][vc_column_text css=&#8221;.vc_custom_1519698282946{padding-bottom: 15px !important;}&#8221;]<\/p>\n<h4>Cette activit\u00e9 est tr\u00e8s pris\u00e9e par nos partenaires, et ce, pour plusieurs raisons :<\/h4>\n<p>[\/vc_column_text][vc_column_text css=&#8221;.vc_custom_1660936960208{margin-left: 10px !important;padding-top: 5px !important;padding-right: 25px !important;padding-bottom: 5px !important;padding-left: 25px !important;}&#8221;]<\/p>\n<ul style=\"color: #285f74;\">\n<li><span style=\"color: #285f74;\">Visibilit\u00e9 exceptionnelle pour l\u2019entreprise partenaire pendant la ou les journ\u00e9e(s) dans l&#8217;\u00e9cole ou les \u00e9coles s\u00e9lectionn\u00e9es<\/span><\/li>\n<li><span style=\"color: #285f74;\">Messages sur nos m\u00e9dias sociaux (Facebook et LinkedIn) pendant et apr\u00e8s (prise de photos autoris\u00e9e)<\/span><\/li>\n<li><span style=\"color: #285f74;\">Mention dans la page \u00ab Journ\u00e9es Partenaires \u00bb de notre site Internet (voir ci-dessous)<\/span><\/li>\n<li><span style=\"color: #285f74;\">La mise en relation des\u00a0b\u00e9n\u00e9voles\u00a0avec les besoins des \u00e9coles est facilit\u00e9e<\/span><\/li>\n<li><span style=\"color: #285f74;\">L&#8217;activit\u00e9 de b\u00e9n\u00e9volat est concentr\u00e9e dans une m\u00eame journ\u00e9e, donc plus facile \u00e0 g\u00e9rer pour l&#8217;employeur.<\/span><\/li>\n<\/ul>\n<p>[\/vc_column_text][\/vc_column][\/vc_row][vc_row css=&#8221;.vc_custom_1519448703507&#8243;][vc_column][vc_column_text css=&#8221;.vc_custom_1740150508398{margin-top: 25px !important;margin-bottom: 25px !important;}&#8221;]<\/p>\n<h2 style=\"text-align: center;\"><b>Nous avons besoin de vous!<\/b><\/h2>\n<h3 style=\"text-align: center;\"><b>Ensemble, b\u00e2tissons la rel\u00e8ve professionnelle et entrepreneuriale de demain!<\/b><\/h3>\n<h4 style=\"text-align: center;\"><span style=\"color: #000000;\">Un grand merci \u00e0 tous ceux qui rendent possibles les journ\u00e9es partenaires.<\/span><\/h4>\n<div class=\"container no-padding\">\n<div class=\"vc_row wpb_row vc_row-fluid row\">\n<div class=\"wpb_column vc_column_container vc_col-sm-12\">\n<div class=\"vc_column-inner \">\n<div class=\"wpb_wrapper\">\n<div class=\"wpb_text_column wpb_content_element vc_custom_1686583985323\">\n<div class=\"wpb_wrapper\">\n<h4 style=\"text-align: center;\"><span style=\"color: #000000;\">Pour tout renseignement, veuillez nous contacter au <\/span><span style=\"color: #000000;\">514 285-8944 \/ <a href=\"mailto:info@jaquebec.org\">info@jaquebec.org<\/a>.<\/span><\/h4>\n<div class=\"about-me vc_custom_1666975597365\"><\/div>\n<\/div>\n<\/div>\n<\/div>\n<\/div>\n<\/div>\n<\/div>\n<\/div>\n<p>[\/vc_column_text][\/vc_column][\/vc_row]<\/p>","protected":false},"excerpt":{"rendered":"<p>[vc_row full_width=&#8221;stretch_row_content&#8221; css=&#8221;.vc_custom_1660937029541{margin-top: -80px !important;}&#8221;][vc_column][vc_single_image image=&#8221;7629&#8243; img_size=&#8221;full&#8221; css=&#8221;.vc_custom_1660937006242{margin-top: -80px !important;}&#8221;][\/vc_column][\/vc_row][vc_row][vc_column][\/vc_column][\/vc_row][vc_row css=&#8221;.vc_custom_1519448703517&#8243;][vc_column width=&#8221;1\/2&#8243;][vc_column_text css=&#8221;.vc_custom_1686583730219{padding-bottom: 15px !important;}&#8221;] Les Journ\u00e9es Partenaires sont une autre belle fa\u00e7on de vous impliquer dans l&#8217;\u00e9ducation\u00a0des jeunes et un excellent moyen d\u2019engager vos employ\u00e9s dans une cause qui vous tient \u00e0 c\u0153ur, tout en faisant rayonner votre organisation. Pour participer, l&#8217;entreprise doit \u00eatre [&hellip;]<\/p>\n","protected":false},"author":2,"featured_media":0,"parent":800,"menu_order":0,"comment_status":"closed","ping_status":"closed","template":"","meta":{"_lmt_disableupdate":"","_lmt_disable":"","footnotes":""},"class_list":["post-2070","page","type-page","status-publish","hentry"],"_links":{"self":[{"href":"https:\/\/jaquebec.org\/fr\/wp-json\/wp\/v2\/pages\/2070","targetHints":{"allow":["GET"]}}],"collection":[{"href":"https:\/\/jaquebec.org\/fr\/wp-json\/wp\/v2\/pages"}],"about":[{"href":"https:\/\/jaquebec.org\/fr\/wp-json\/wp\/v2\/types\/page"}],"author":[{"embeddable":true,"href":"https:\/\/jaquebec.org\/fr\/wp-json\/wp\/v2\/users\/2"}],"replies":[{"embeddable":true,"href":"https:\/\/jaquebec.org\/fr\/wp-json\/wp\/v2\/comments?post=2070"}],"version-history":[{"count":97,"href":"https:\/\/jaquebec.org\/fr\/wp-json\/wp\/v2\/pages\/2070\/revisions"}],"predecessor-version":[{"id":12839,"href":"https:\/\/jaquebec.org\/fr\/wp-json\/wp\/v2\/pages\/2070\/revisions\/12839"}],"up":[{"embeddable":true,"href":"https:\/\/jaquebec.org\/fr\/wp-json\/wp\/v2\/pages\/800"}],"wp:attachment":[{"href":"https:\/\/jaquebec.org\/fr\/wp-json\/wp\/v2\/media?parent=2070"}],"curies":[{"name":"wp","href":"https:\/\/api.w.org\/{rel}","templated":true}]}}