{"id":2499,"date":"2018-06-04T19:55:18","date_gmt":"2018-06-04T17:55:18","guid":{"rendered":"https:\/\/jaquebec.com\/?page_id=2499"},"modified":"2022-08-19T16:53:38","modified_gmt":"2022-08-19T20:53:38","slug":"presentation-en-entreprise-2017-2018","status":"publish","type":"page","link":"https:\/\/jaquebec.org\/fr\/evenements\/presentations-en-entreprise\/presentation-en-entreprise-2017-2018\/","title":{"rendered":"Pr\u00e9sentation en entreprise 2017-2018"},"content":{"rendered":"<p>[vc_row full_width=&#8221;stretch_row_content&#8221; css=&#8221;.vc_custom_1660942393371{margin-top: -80px !important;}&#8221;][vc_column][vc_single_image image=&#8221;7630&#8243; img_size=&#8221;full&#8221;][\/vc_column][\/vc_row][vc_row css=&#8221;.vc_custom_1660942388164{margin-top: 20px !important;}&#8221;][vc_column]<div class='headline with-icon text-center '><i class='berlin-icon-calendar2'><\/i><h3>PR\u00c9SENTATIONS EN ENTREPRISE<\/h3><\/div><div class='headline with-icon text-center '><i class='glyphicon glyphicon-menu-down'><\/i><h3>2017-2018<\/h3><\/div>[\/vc_column][\/vc_row][vc_row css=&#8221;.vc_custom_1508955912900{margin-top: 20px !important;}&#8221;][vc_column][vc_column_text]Les pr\u00e9sentations en entreprises offrent \u00e0 nos jeunes entrepreneurs du <a href=\"https:\/\/jaquebec.org\/programmes\/programme-entreprise-etudiante\/\">programme EE<\/a>, le plaisir et le prestige d\u2019\u00eatre re\u00e7us officiellement par une entreprise d\u2019envergure.<\/p>\n<h4>MERCI \u00c0 FAIRSTONE ET BANQUE NATIONALE<\/h4>\n<p>Cette ann\u00e9e, <strong>Fairstone<\/strong> a re\u00e7u\u00a012 \u00e9l\u00e8ves de notre programme qui ont ainsi eu la chance de pr\u00e9senter leur entreprise \u00e9tudiante \u00e0 un panel d&#8217;employ\u00e9s de Fairstone Montr\u00e9al le 12 mars 2018.<\/p>\n<p>La <strong>Banque Nationale<\/strong>\u00a0a accueilli trois entreprises \u00e9tudiantes pour un cocktail et pr\u00e9sentation dans la salle de leur conseil d\u2019administration le 5 avril 2018.<\/p>\n<h4>PROPOSER SON ENTREPRISE<\/h4>\n<p>Vous aimeriez avoir plus d&#8217;information afin de proposer votre entreprise?<br \/>\n<a href=\"https:\/\/jaquebec.org\/evenements\/presentations-en-entreprise\/\">Apprenez-en plus ici<\/a>!<\/p>\n<h4>GALERIE DE PHOTOS<\/h4>\n<p>[\/vc_column_text][\/vc_column][\/vc_row][vc_row full_width=&#8221;stretch_row_content&#8221; css=&#8221;.vc_custom_1528136851341{margin-top: 20px !important;margin-bottom: 20px !important;margin-left: 10px !important;}&#8221;][vc_column][vc_gallery type=&#8221;image_grid&#8221; images=&#8221;2511,2500,2501,2502,2503,2504,2505,2506,2507,2508,2509,2510,2512,2513,2514,2515,2516,2517,2518,2519,2520,2521,2522,2523,2524,2525,2526,2527,2540,2541,2528,2530,2529,2531,2532,2533,2534,2535,2536,2537,2538,2539&#8243;][\/vc_column][\/vc_row][vc_row full_width=&#8221;stretch_row&#8221; parallax=&#8221;stellar&#8221; parallax_image=&#8221;1503&#8243; overlay_enable=&#8221;1&#8243; overlay_color=&#8221;#8ac11d&#8221; overlay_opacity=&#8221;0.6&#8243; css=&#8221;.vc_custom_1511275675319{padding-top: 110px !important;padding-bottom: 90px !important;background-color: #8ac11d !important;}&#8221; berlin_font_color=&#8221;#ffffff&#8221;][vc_column width=&#8221;1\/4&#8243;][vc_btn title=&#8221;DONNEZ MAINTENANT&#8221; style=&#8221;custom&#8221; custom_background=&#8221;#eaa300&#8243; custom_text=&#8221;#ffffff&#8221; size=&#8221;lg&#8221; align=&#8221;center&#8221; link=&#8221;url:https%3A%2F%2Fjaquebec.org%2Ffaire-un-don%2F|title:Donnez%20maintenant||&#8221; el_class=&#8221;.bold&#8221;][\/vc_column][vc_column width=&#8221;3\/4&#8243;][vc_column_text]<span style=\"text-transform: uppercase; font-size: 22px;\">Merci d\u2019encourager JA Qu\u00e9bec! Votre don nous permet de continuer \u00e0 offrir nos programmes gratuitement<\/span>[\/vc_column_text][\/vc_column][\/vc_row]<\/p>","protected":false},"excerpt":{"rendered":"<p>[vc_row full_width=&#8221;stretch_row_content&#8221; css=&#8221;.vc_custom_1660942393371{margin-top: -80px !important;}&#8221;][vc_column][vc_single_image image=&#8221;7630&#8243; img_size=&#8221;full&#8221;][\/vc_column][\/vc_row][vc_row css=&#8221;.vc_custom_1660942388164{margin-top: 20px !important;}&#8221;][vc_column][\/vc_column][\/vc_row][vc_row css=&#8221;.vc_custom_1508955912900{margin-top: 20px !important;}&#8221;][vc_column][vc_column_text]Les pr\u00e9sentations en entreprises offrent \u00e0 nos jeunes entrepreneurs du programme EE, le plaisir et le prestige d\u2019\u00eatre re\u00e7us officiellement par une entreprise d\u2019envergure. MERCI \u00c0 FAIRSTONE ET BANQUE NATIONALE Cette ann\u00e9e, Fairstone a re\u00e7u\u00a012 \u00e9l\u00e8ves de notre programme qui ont ainsi eu [&hellip;]<\/p>\n","protected":false},"author":2,"featured_media":0,"parent":692,"menu_order":0,"comment_status":"closed","ping_status":"closed","template":"","meta":{"_lmt_disableupdate":"","_lmt_disable":"","footnotes":""},"class_list":["post-2499","page","type-page","status-publish","hentry"],"_links":{"self":[{"href":"https:\/\/jaquebec.org\/fr\/wp-json\/wp\/v2\/pages\/2499","targetHints":{"allow":["GET"]}}],"collection":[{"href":"https:\/\/jaquebec.org\/fr\/wp-json\/wp\/v2\/pages"}],"about":[{"href":"https:\/\/jaquebec.org\/fr\/wp-json\/wp\/v2\/types\/page"}],"author":[{"embeddable":true,"href":"https:\/\/jaquebec.org\/fr\/wp-json\/wp\/v2\/users\/2"}],"replies":[{"embeddable":true,"href":"https:\/\/jaquebec.org\/fr\/wp-json\/wp\/v2\/comments?post=2499"}],"version-history":[{"count":12,"href":"https:\/\/jaquebec.org\/fr\/wp-json\/wp\/v2\/pages\/2499\/revisions"}],"predecessor-version":[{"id":7797,"href":"https:\/\/jaquebec.org\/fr\/wp-json\/wp\/v2\/pages\/2499\/revisions\/7797"}],"up":[{"embeddable":true,"href":"https:\/\/jaquebec.org\/fr\/wp-json\/wp\/v2\/pages\/692"}],"wp:attachment":[{"href":"https:\/\/jaquebec.org\/fr\/wp-json\/wp\/v2\/media?parent=2499"}],"curies":[{"name":"wp","href":"https:\/\/api.w.org\/{rel}","templated":true}]}}