{"id":3084,"date":"2019-03-21T14:21:41","date_gmt":"2019-03-21T18:21:41","guid":{"rendered":"https:\/\/jaquebec.com\/?page_id=3084"},"modified":"2025-05-20T13:40:03","modified_gmt":"2025-05-20T17:40:03","slug":"faire-un-don","status":"publish","type":"page","link":"https:\/\/jaquebec.org\/fr\/faire-un-don\/","title":{"rendered":"Faire un don"},"content":{"rendered":"<p>[vc_row full_width=&#8221;stretch_row_content&#8221; css=&#8221;.vc_custom_1660857815331{margin-top: -80px !important;}&#8221;][vc_column][vc_single_image image=&#8221;7607&#8243; img_size=&#8221;full&#8221;][\/vc_column][\/vc_row][vc_row css=&#8221;.vc_custom_1553194354089{margin-top: -125px !important;}&#8221;][vc_column]<div class='headline with-icon text-center '><i class='berlin-icon-heart1'><\/i><h3>Formulaire de don<\/h3><\/div>[vc_column_text]<\/p>\n<h3>Avis \u00e0 nos donateurs<\/h3>\n<p>Contrairement aux autres plateformes, Zeffy permet que 100 % de votre don soit vers\u00e9 \u00e0 JA Qu\u00e9bec, sans frais de transaction. En contrepartie, il vous offre l\u2019option non-obligatoire d\u2019ajouter un montant pour le maintien de ses services. Si vous ne souhaitez pas y participer, veuillez choisir <strong>Autre<\/strong> dans le menu d\u00e9roulant de la section 03, puis inscrire 0 $.[\/vc_column_text][\/vc_column][\/vc_row][vc_row full_width=&#8221;stretch_row&#8221;][vc_column width=&#8221;2\/3&#8243;][vc_raw_html]JTNDZGl2JTIwc3R5bGUlM0QlMjJwb3NpdGlvbiUzQXJlbGF0aXZlJTNCb3ZlcmZsb3clM0FoaWRkZW4lM0J3aWR0aCUzQTEwMCUyNSUzQmhlaWdodCUzQTIzMDBweCUzQnBhZGRpbmctdG9wJTNBMTAwJTI1JTIyJTNFJTNDaWZyYW1lJTIwdGl0bGUlM0QlMjdEb25hdGlvbiUyMGZvcm0lMjBwb3dlcmVkJTIwYnklMjBaZWZmeSUyNyUyMHN0eWxlJTNEJTI3cG9zaXRpb24lM0ElMjBhYnNvbHV0ZSUzQiUyMGJvcmRlciUzQSUyMDAlM0IlMjB0b3AlM0EwJTNCbGVmdCUzQTAlM0Jib3R0b20lM0EwJTNCcmlnaHQlM0EwJTNCd2lkdGglM0ExMDAlMjUlM0JoZWlnaHQlM0ExMDAlMjUlMjclMjBzcmMlM0QlMjdodHRwcyUzQSUyRiUyRnd3dy56ZWZmeS5jb20lMkZmci1DQSUyRmVtYmVkJTJGZG9uYXRpb24tZm9ybSUyRjhhMzc4MzllLTRjNmEtNGM4NS1iZGFkLTdkZDNiZGUzZDZlMyUyNyUyMGFsbG93cGF5bWVudHJlcXVlc3QlMjBhbGxvd1RyYW5zcGFyZW5jeSUzRCUyMnRydWUlMjIlM0UlM0MlMkZpZnJhbWUlM0UlM0MlMkZkaXYlM0U=[\/vc_raw_html][\/vc_column][vc_column width=&#8221;1\/3&#8243; css=&#8221;.vc_custom_1567792249195{margin-top: 45px !important;}&#8221;][vc_column_text css=&#8221;.vc_custom_1567792286285{padding-bottom: 25px !important;}&#8221;]<\/p>\n<h3>JA Qu\u00e9bec<\/h3>\n<p>[\/vc_column_text][vc_video link=&#8221;https:\/\/youtu.be\/k6tqgsxGEJk&#8221; css=&#8221;.vc_custom_1555008586814{margin-bottom: 45px !important;}&#8221;][vc_column_text]Depuis 1962, l&#8217;organisme \u00e0 but non lucratif Les programmes \u00e9ducatifs JA Qu\u00e9bec (ou JA Qu\u00e9bec), vise \u00e0 inspirer et \u00e0 \u00e9duquer les jeunes de 10 \u00e0 18 ans, ainsi que les jeunes adultes, sur l\u2019entrepreneuriat, la litt\u00e9ratie financi\u00e8re et la pr\u00e9paration au march\u00e9 du travail, via ses programmes de formation livr\u00e9s gratuitement dans les \u00e9coles par des conseillers d\u2019affaires b\u00e9n\u00e9voles. Il fait le pont entre le milieu \u00e9ducatif et le monde des affaires dans le but d\u2019encourager la pers\u00e9v\u00e9rance scolaire et la r\u00e9ussite, de donner aux jeunes les outils n\u00e9cessaires pour prendre des d\u00e9cisions financi\u00e8res r\u00e9fl\u00e9chies ainsi que d\u2019assurer une rel\u00e8ve professionnelle et entrepreneuriale.[\/vc_column_text][vc_single_image image=&#8221;7672&#8243; alignment=&#8221;center&#8221; css=&#8221;.vc_custom_1660857739228{margin-top: 45px !important;margin-bottom: 45px !important;}&#8221;][vc_column_text]Les programmes sont offerts sous forme d\u2019ateliers ludiques d\u2019une demi-journ\u00e9e (programmes scolaires) et d\u2019une exp\u00e9rience concr\u00e8te de cr\u00e9ation et de gestion d\u2019entreprise pendant plusieurs semaines (programme Entreprise \u00c9tudiante) qui permettent aux jeunes de d\u00e9velopper des habilet\u00e9s de leadership et de collaboration.<\/p>\n<p>JA Qu\u00e9bec fait partie de la grande famille des JA (Junior Achievement) pr\u00e9sente dans 116 pays dans le monde et qui f\u00eate son 100e anniversaire en 2019.[\/vc_column_text][vc_single_image image=&#8221;7672&#8243; alignment=&#8221;center&#8221; css=&#8221;.vc_custom_1660857745655{margin-top: 45px !important;margin-bottom: 45px !important;}&#8221;][vc_column_text]Pour toutes questions reli\u00e9es aux dons et aux partenariats, veuillez contacter le\u00a0(514) 285 8944, poste 102.[\/vc_column_text][\/vc_column][\/vc_row][vc_row full_width=&#8221;stretch_row&#8221; parallax=&#8221;stellar&#8221; parallax_image=&#8221;7611&#8243; overlay_enable=&#8221;1&#8243; overlay_color=&#8221;#285f74&#8243; overlay_opacity=&#8221;0.6&#8243; css=&#8221;.vc_custom_1660857783712{padding-top: 110px !important;padding-bottom: 90px !important;}&#8221; berlin_font_color=&#8221;#ffffff&#8221;][vc_column][vc_column_text]<\/p>\n<h3 style=\"text-transform: uppercase; color: #ffffff; text-align: center;\">Merci de votre confiance !<\/h3>\n<p>[\/vc_column_text][\/vc_column][\/vc_row]<\/p>","protected":false},"excerpt":{"rendered":"<p>[vc_row full_width=&#8221;stretch_row_content&#8221; css=&#8221;.vc_custom_1660857815331{margin-top: -80px !important;}&#8221;][vc_column][vc_single_image image=&#8221;7607&#8243; img_size=&#8221;full&#8221;][\/vc_column][\/vc_row][vc_row css=&#8221;.vc_custom_1553194354089{margin-top: -125px !important;}&#8221;][vc_column][vc_column_text] Avis \u00e0 nos donateurs Contrairement aux autres plateformes, Zeffy permet que 100 % de votre don soit vers\u00e9 \u00e0 JA Qu\u00e9bec, sans frais de transaction. En contrepartie, il vous offre l\u2019option non-obligatoire d\u2019ajouter un montant pour le maintien de ses services. Si vous ne souhaitez [&hellip;]<\/p>\n","protected":false},"author":2,"featured_media":0,"parent":0,"menu_order":0,"comment_status":"closed","ping_status":"closed","template":"","meta":{"_lmt_disableupdate":"","_lmt_disable":"","footnotes":""},"class_list":["post-3084","page","type-page","status-publish","hentry"],"_links":{"self":[{"href":"https:\/\/jaquebec.org\/fr\/wp-json\/wp\/v2\/pages\/3084","targetHints":{"allow":["GET"]}}],"collection":[{"href":"https:\/\/jaquebec.org\/fr\/wp-json\/wp\/v2\/pages"}],"about":[{"href":"https:\/\/jaquebec.org\/fr\/wp-json\/wp\/v2\/types\/page"}],"author":[{"embeddable":true,"href":"https:\/\/jaquebec.org\/fr\/wp-json\/wp\/v2\/users\/2"}],"replies":[{"embeddable":true,"href":"https:\/\/jaquebec.org\/fr\/wp-json\/wp\/v2\/comments?post=3084"}],"version-history":[{"count":27,"href":"https:\/\/jaquebec.org\/fr\/wp-json\/wp\/v2\/pages\/3084\/revisions"}],"predecessor-version":[{"id":13192,"href":"https:\/\/jaquebec.org\/fr\/wp-json\/wp\/v2\/pages\/3084\/revisions\/13192"}],"wp:attachment":[{"href":"https:\/\/jaquebec.org\/fr\/wp-json\/wp\/v2\/media?parent=3084"}],"curies":[{"name":"wp","href":"https:\/\/api.w.org\/{rel}","templated":true}]}}