{"id":3200,"date":"2020-04-08T14:29:19","date_gmt":"2020-04-08T18:29:19","guid":{"rendered":"https:\/\/jaquebec.com\/?page_id=3200"},"modified":"2026-04-02T06:58:18","modified_gmt":"2026-04-02T10:58:18","slug":"plan-de-commandite-du-gala","status":"publish","type":"page","link":"https:\/\/jaquebec.org\/fr\/evenements\/gala-annuel-de-la-releve-entrepreneuriale\/plan-de-commandite-du-gala\/","title":{"rendered":"Plan de commandite du Gala annuel de la rel\u00e8ve"},"content":{"rendered":"<p>[vc_row][vc_column][vc_column_text]<\/p>\n<h3 style=\"text-align: center;\">DEVENEZ PARTENAIRE<\/h3>\n<p>[\/vc_column_text][\/vc_column][\/vc_row][vc_row css=&#8221;.vc_custom_1707337522786{margin-top: 25px !important;}&#8221;][vc_column width=&#8221;1\/2&#8243;][vc_column_text css=&#8221;.vc_custom_1774957767933{margin-top: 10px !important;margin-bottom: 25px !important;}&#8221;]Cet \u00e9v\u00e9nement, le <strong>mardi 19 mai 2026 \u00e0 l\u2019h\u00f4tel Marriott Ch\u00e2teau Champlain<\/strong>, souligne les accomplissements de jeunes talents qui ont su se d\u00e9marquer lors du programme Entreprise \u00c9tudiante et d\u2019\u00eatre t\u00e9moin de leurs r\u00e9ussites.<\/p>\n<p>Cette ann\u00e9e le Gala innove dans son format avec une exp\u00e9rience immersive et inspirante \u201cDans l\u2019\u0153il du dragon\u201d o\u00f9 les cinq entreprises \u00e9tudiantes finalistes pr\u00e9senteront sur sc\u00e8ne leur entreprise devant un panel de dragons mettant en lumi\u00e8re la cr\u00e9ativit\u00e9 des jeunes entrepreneurs du Qu\u00e9bec.<\/p>\n<p><strong>Notre pr\u00e9sident d\u2019honneur <\/strong>du Gala 2026, <strong>monsieur Luc Poirier<\/strong>, se pr\u00eatera au jeu comme dragon. M. Poirier repr\u00e9sente bien la culture entrepreneuriale. Un autodidacte au parcours atypique, qui inspire, par sa d\u00e9termination, \u00e0 sortir des chantiers battus. Son d\u00e9sir de partager son exp\u00e9rience, de motiver les autres et convaincu que la r\u00e9ussite se multiplie lorsqu\u2019elle se partage.<\/p>\n<p>Toutes les sommes investies de fa\u00e7on symbolique dans l\u2019entreprise des jeunes lors de la simulation seront au profit de JA Qu\u00e9bec, soutenant ainsi la poursuite de sa mission \u00e9ducative en entrepreneuriat, en litt\u00e9ratie financi\u00e8re et en pr\u00e9paration au march\u00e9 du travail.[\/vc_column_text][\/vc_column][vc_column width=&#8221;1\/2&#8243;][vc_column_text css=&#8221;.vc_custom_1774960868418{margin-top: 20px !important;}&#8221;]<img loading=\"lazy\" decoding=\"async\" class=\"aligncenter wp-image-13577 size-full\" src=\"https:\/\/jaquebec.org\/wp-content\/uploads\/2026\/03\/partenairegala2026.jpg\" alt=\"\" width=\"1009\" height=\"674\" srcset=\"https:\/\/jaquebec.org\/wp-content\/uploads\/2026\/03\/partenairegala2026.jpg 1009w, https:\/\/jaquebec.org\/wp-content\/uploads\/2026\/03\/partenairegala2026-300x200.jpg 300w, https:\/\/jaquebec.org\/wp-content\/uploads\/2026\/03\/partenairegala2026-768x513.jpg 768w, https:\/\/jaquebec.org\/wp-content\/uploads\/2026\/03\/partenairegala2026-570x380.jpg 570w, https:\/\/jaquebec.org\/wp-content\/uploads\/2026\/03\/partenairegala2026-380x254.jpg 380w\" sizes=\"auto, (max-width: 1009px) 100vw, 1009px\" \/>[\/vc_column_text][\/vc_column][\/vc_row][vc_row][vc_column][vc_btn title=&#8221;Cliquez ici pour voir le plan de partenariat &#8221; color=&#8221;turquoise&#8221; size=&#8221;lg&#8221; align=&#8221;left&#8221; link=&#8221;url:https%3A%2F%2Fjaquebec.org%2Fwp-content%2Fuploads%2F2026%2F04%2FJA-Quebec_Plan-de-partenariat-Gala-2026.pdf||target:%20_blank|&#8221;][\/vc_column][\/vc_row][vc_row css=&#8221;.vc_custom_1714740790059{margin-top: 15px !important;}&#8221;][vc_column][vc_column_text css=&#8221;.vc_custom_1774957991576{margin-top: 10px !important;}&#8221;]<\/p>\n<div style=\"position: relative; overflow: hidden; height: 2200px; width: 100%; padding-top: 2800px;\"><iframe style=\"position: absolute; border: 0; top: 0; left: 0; bottom: 0; right: 0; width: 100%; height: 100%;\" title=\"Donation form powered by Zeffy\" src=\"https:\/\/www.zeffy.com\/fr-CA\/ticketing\/choix-de-commandites-2026-dans-loeil-du-gala-releve-entrepreneuriale--2026\"><span style=\"display: inline-block; width: 0px; overflow: hidden; line-height: 0;\" data-mce-type=\"bookmark\" class=\"mce_SELRES_start\">\ufeff<\/span><\/iframe><\/div>\n<p>[\/vc_column_text][\/vc_column][\/vc_row][vc_row][vc_column][vc_empty_space][\/vc_column][\/vc_row]<\/p>","protected":false},"excerpt":{"rendered":"<p>[vc_row][vc_column][vc_column_text] DEVENEZ PARTENAIRE [\/vc_column_text][\/vc_column][\/vc_row][vc_row css=&#8221;.vc_custom_1707337522786{margin-top: 25px !important;}&#8221;][vc_column width=&#8221;1\/2&#8243;][vc_column_text css=&#8221;.vc_custom_1774957767933{margin-top: 10px !important;margin-bottom: 25px !important;}&#8221;]Cet \u00e9v\u00e9nement, le mardi 19 mai 2026 \u00e0 l\u2019h\u00f4tel Marriott Ch\u00e2teau Champlain, souligne les accomplissements de jeunes talents qui ont su se d\u00e9marquer lors du programme Entreprise \u00c9tudiante et d\u2019\u00eatre t\u00e9moin de leurs r\u00e9ussites. Cette ann\u00e9e le Gala innove dans son format avec [&hellip;]<\/p>\n","protected":false},"author":2,"featured_media":0,"parent":3210,"menu_order":0,"comment_status":"closed","ping_status":"closed","template":"","meta":{"_lmt_disableupdate":"no","_lmt_disable":"","footnotes":""},"class_list":["post-3200","page","type-page","status-publish","hentry"],"_links":{"self":[{"href":"https:\/\/jaquebec.org\/fr\/wp-json\/wp\/v2\/pages\/3200","targetHints":{"allow":["GET"]}}],"collection":[{"href":"https:\/\/jaquebec.org\/fr\/wp-json\/wp\/v2\/pages"}],"about":[{"href":"https:\/\/jaquebec.org\/fr\/wp-json\/wp\/v2\/types\/page"}],"author":[{"embeddable":true,"href":"https:\/\/jaquebec.org\/fr\/wp-json\/wp\/v2\/users\/2"}],"replies":[{"embeddable":true,"href":"https:\/\/jaquebec.org\/fr\/wp-json\/wp\/v2\/comments?post=3200"}],"version-history":[{"count":153,"href":"https:\/\/jaquebec.org\/fr\/wp-json\/wp\/v2\/pages\/3200\/revisions"}],"predecessor-version":[{"id":13610,"href":"https:\/\/jaquebec.org\/fr\/wp-json\/wp\/v2\/pages\/3200\/revisions\/13610"}],"up":[{"embeddable":true,"href":"https:\/\/jaquebec.org\/fr\/wp-json\/wp\/v2\/pages\/3210"}],"wp:attachment":[{"href":"https:\/\/jaquebec.org\/fr\/wp-json\/wp\/v2\/media?parent=3200"}],"curies":[{"name":"wp","href":"https:\/\/api.w.org\/{rel}","templated":true}]}}