{"id":3244,"date":"2019-04-08T22:17:07","date_gmt":"2019-04-09T02:17:07","guid":{"rendered":"https:\/\/jaquebec.com\/?page_id=3244"},"modified":"2022-08-22T09:03:16","modified_gmt":"2022-08-22T13:03:16","slug":"cojeq-2019","status":"publish","type":"page","link":"https:\/\/jaquebec.org\/fr\/evenements\/cojeq\/cojeq-2019\/","title":{"rendered":"COJEQ 2019"},"content":{"rendered":"<p>[vc_row full_width=&#8221;stretch_row_content&#8221; css=&#8221;.vc_custom_1661173323127{margin-top: -80px !important;}&#8221;][vc_column][vc_single_image image=&#8221;7630&#8243; img_size=&#8221;full&#8221;][\/vc_column][\/vc_row][vc_row css=&#8221;.vc_custom_1661173309473{margin-top: 20px !important;margin-bottom: 15px !important;}&#8221;][vc_column]<div class='headline with-icon text-center '><i class='berlin-icon-calendar2'><\/i><h3>Congr\u00e8s officiel de la jeunesse entrepreneuriale du Qu\u00e9bec (COJEQ)<\/h3><\/div>[\/vc_column][\/vc_row][vc_row][vc_column][vc_column_text css=&#8221;.vc_custom_1554916420866{margin-top: 20px !important;margin-bottom: 30px !important;}&#8221;]COJEQ est un \u00e9v\u00e9nement o\u00f9 pr\u00e8s de<span style=\"font-size: 16px; color: #008000;\"><strong> 100 jeunes\u00a0de 15 \u00e0 18 ans<\/strong><\/span> se r\u00e9unissent afin de vivre une exp\u00e9rience d\u2019affaires enrichissante. En 2019, le Congr\u00e8s officiel de la jeunesse entrepreneuriale du Qu\u00e9bec (COJEQ), organis\u00e9 par JA Qu\u00e9bec, a eu lieu les <span style=\"font-size: 16px; color: #008000;\"><strong>15-16-17 mars \u00e0 l\u2019H\u00f4tel Le Victorin, \u00e0 Victoriaville<\/strong><\/span>.<\/p>\n<p>Merci aux commanditaires de l\u2019\u00e9v\u00e8nement : <span style=\"font-size: 16px; color: #008000;\"><strong>Banque Nationale du Canada, Cascades et Utopia Image<\/strong><\/span>.<br \/>\n<span style=\"color: #ffffff;\">.<\/span>[\/vc_column_text][\/vc_column][\/vc_row][vc_row][vc_column width=&#8221;1\/2&#8243;][vc_column_text]<\/p>\n<h3>Dans le cadre de cette fin de semaine, les jeunes entrepreneurs de la rel\u00e8ve ont eu la chance de participer \u00e0 plusieurs activit\u00e9s\u00a0:<\/h3>\n<ul>\n<li>R\u00e9daction compl\u00e8te d\u2019un plan d\u2019affaires<\/li>\n<li>Simulation d\u2019affaires\u00a0: strat\u00e9gies de production et de vente<\/li>\n<li>Comp\u00e9tition \u00e9conomique en \u00e9quipe avec remise de prix<\/li>\n<\/ul>\n<p>[\/vc_column_text][\/vc_column][vc_column width=&#8221;1\/2&#8243;][vc_column_text]<\/p>\n<h3>Des retomb\u00e9s positives pour chacun d&#8217;entre eux!<\/h3>\n<ul>\n<li>D\u00e9couvrir les bienfaits et les risques li\u00e9s au lancement d\u2019une entreprise<\/li>\n<li>Simuler un rapport positif avec le monde des affaires<\/li>\n<li>Valoriser le travail d\u2019\u00e9quipe et le sens des responsabilit\u00e9s<\/li>\n<li>D\u00e9velopper ta confiance en soi<\/li>\n<li>R\u00e9aliser des pr\u00e9sentations efficaces et cr\u00e9er de bons argumentaires de vente<\/li>\n<li>Commencer \u00e0 mettre en place ton r\u00e9seau d\u2019affaires<\/li>\n<\/ul>\n<p>[\/vc_column_text][\/vc_column][\/vc_row][vc_row css=&#8221;.vc_custom_1508955912900{margin-top: 20px !important;}&#8221;][vc_column][vc_single_image image=&#8221;2917&#8243; img_size=&#8221;full&#8221; alignment=&#8221;center&#8221; style=&#8221;vc_box_outline&#8221;]<div class='headline with-icon text-center '><i class='berlin-icon-calendar2'><\/i><h3>COJEQ 2019 - \u00c9dition sp\u00e9ciale \u00abJA 100 ans\u00bb<\/h3><\/div>[vc_gallery type=&#8221;image_grid&#8221; images=&#8221;3320,3319,3318,3317,3316,3315,3314,3313,3312,3311,3310,3309,3308,3307,3306,3305,3304,3303,3302,3301,3300,3299,3298,3297,3296,3295,3294,3293,3292,3291,3290,3289,3288,3287,3286,3285,3284,3283,3282,3281,3280&#8243; css_animation=&#8221;fadeIn&#8221;][\/vc_column][\/vc_row][vc_row css=&#8221;.vc_custom_1555955974421{margin-top: 25px !important;background-color: #f2f3f8 !important;}&#8221;][vc_column width=&#8221;2\/3&#8243;][vc_single_image source=&#8221;external_link&#8221; custom_src=&#8221;https:\/\/jaquebec.org\/infolettres\/printemps2019\/cojeq-100_fr.jpg&#8221;][\/vc_column][vc_column width=&#8221;1\/3&#8243;][vc_column_text css=&#8221;.vc_custom_1555956049734{margin-top: 35px !important;}&#8221;]<\/p>\n<ul>\n<li><span style=\"font-size: 14px; color: #008000;\"><strong>85 JEUNES<\/strong><\/span><br \/>\n<span style=\"font-size: 14px; color: #f2f2f8;\">&#8211;<\/span><\/li>\n<li><span style=\"font-size: 14px; color: #008000;\"><strong>27 B\u00c9N\u00c9VOLES SUPER MOTIV\u00c9S!<\/strong><\/span><br \/>\n<span style=\"font-size: 14px; color: #f2f2f8;\">&#8211;<\/span><\/li>\n<li><span style=\"font-size: 14px; color: #008000;\"><strong>1 ANIMATEUR PLEIN D&#8217;\u00c9NERGIE!<\/strong><\/span><br \/>\n<span style=\"font-size: 14px; color: #f2f2f8;\">&#8211;<\/span><\/li>\n<li><span style=\"font-size: 14px; color: #008000;\"><strong>8 RESPONSABLES DYNAMIQUES!<\/strong><\/span><br \/>\n<span style=\"font-size: 14px; color: #f2f2f8;\">&#8211;<\/span><\/li>\n<li><span style=\"font-size: 14px; color: #008000;\"><strong>2 CORRECTEURS CHEVRONN\u00c9S!<\/strong><\/span><br \/>\n<span style=\"font-size: 14px; color: #f2f2f8;\">&#8211;<\/span><\/li>\n<li><span style=\"font-size: 14px; color: #008000;\"><strong>5 CONF\u00c9RENCIERS-VEDETTES!<\/strong><\/span><\/li>\n<\/ul>\n<p>[\/vc_column_text][\/vc_column][\/vc_row][vc_row css=&#8221;.vc_custom_1555956242158{padding-top: 20px !important;background-color: #f2f3f8 !important;}&#8221;][vc_column][vc_column_text css=&#8221;.vc_custom_1554923874417{margin-top: 25px !important;}&#8221;]Pour souligner le 100<sup>e<\/sup> anniversaire de l\u2019existence des JA dans le monde, le congr\u00e8s a pr\u00e9sent\u00e9 quelques nouveaut\u00e9s.<\/p>\n<p>Cette ann\u00e9e, en plus d\u2019apprendre les \u00e9tapes et les d\u00e9fis de l\u2019entrepreneuriat et de vivre une exp\u00e9rience concr\u00e8te et stimulante, les jeunes auront aussi l\u2019opportunit\u00e9 d\u2019\u00e9changer avec des entrepreneurs qu\u00e9b\u00e9cois provenant de divers secteurs\u00a0:[\/vc_column_text][\/vc_column][\/vc_row][vc_row css=&#8221;.vc_custom_1555956266832{padding-top: 25px !important;background-color: #f2f3f8 !important;}&#8221;][vc_column width=&#8221;2\/3&#8243;][vc_row_inner][vc_column_inner width=&#8221;1\/3&#8243;][vc_column_text]<\/p>\n<h4>Vid\u00e9os corporatives<\/h4>\n<p>[\/vc_column_text][\/vc_column_inner][vc_column_inner width=&#8221;1\/3&#8243;][vc_column_text]<\/p>\n<h4>\u00c9v\u00e9nementiel<br \/>\njeux d\u2019enqu\u00eate et d\u2019\u00e9vasion immersifs<\/h4>\n<p>[\/vc_column_text][\/vc_column_inner][vc_column_inner width=&#8221;1\/3&#8243;][vc_column_text]<\/p>\n<h4>Loisirs,<br \/>\nsant\u00e9,<br \/>\nbien-\u00eatre<\/h4>\n<p>[\/vc_column_text][\/vc_column_inner][\/vc_row_inner][\/vc_column][vc_column width=&#8221;1\/3&#8243;][vc_column_text]<\/p>\n<h4 style=\"text-align: center;\">Technologies de l\u2019information<\/h4>\n<p>[\/vc_column_text][\/vc_column][\/vc_row][vc_row css=&#8221;.vc_custom_1555956297645{padding-top: 15px !important;background-color: #f2f3f8 !important;}&#8221;][vc_column width=&#8221;2\/3&#8243;][vc_row_inner][vc_column_inner width=&#8221;1\/3&#8243;][vc_single_image image=&#8221;3266&#8243; img_size=&#8221;170&#215;240&#8243; css=&#8221;.vc_custom_1554918299276{margin-bottom: 15px !important;}&#8221;][vc_column_text]<span style=\"font-size: 14px; color: #008000;\"><strong>Jean-Philippe Guillemette<\/strong><\/span><br \/>\nFondateur et producteur,<br \/>\nUnit\u00e9 Treize<br \/>\n(Administrateur sur notre CA)[\/vc_column_text][\/vc_column_inner][vc_column_inner width=&#8221;1\/3&#8243;][vc_single_image image=&#8221;3265&#8243; img_size=&#8221;170&#215;240&#8243; css=&#8221;.vc_custom_1554918290612{margin-bottom: 15px !important;}&#8221;][vc_column_text]<span style=\"font-size: 14px; color: #008000;\"><strong>Dominique Gauthier<\/strong><\/span><br \/>\nFondateur,<br \/>\nTriktruk \u2013 concepts immersifs[\/vc_column_text][\/vc_column_inner][vc_column_inner width=&#8221;1\/3&#8243;][vc_single_image image=&#8221;3267&#8243; img_size=&#8221;170&#215;240&#8243; css=&#8221;.vc_custom_1554918249540{margin-bottom: 15px !important;}&#8221;][vc_column_text]<span style=\"font-size: 14px; color: #008000;\"><strong>Anne Joyal<\/strong><\/span><br \/>\nCo-fondatrice et propri\u00e9taire,<br \/>\nStrom Spa[\/vc_column_text][\/vc_column_inner][\/vc_row_inner][\/vc_column][vc_column width=&#8221;1\/3&#8243;][vc_row_inner][vc_column_inner width=&#8221;1\/2&#8243;][vc_single_image image=&#8221;3264&#8243; img_size=&#8221;250&#215;400&#8243; css=&#8221;.vc_custom_1554918018551{margin-bottom: 15px !important;}&#8221;][vc_column_text]<span style=\"font-size: 14px; color: #008000;\"><strong>Olivier Dubois<\/strong><\/span><br \/>\nPr\u00e9sident et directeur du d\u00e9veloppement des affaires,<br \/>\nDubois International[\/vc_column_text][\/vc_column_inner][vc_column_inner width=&#8221;1\/2&#8243;][vc_single_image image=&#8221;3263&#8243; img_size=&#8221;250&#215;400&#8243; css=&#8221;.vc_custom_1554918037293{margin-bottom: 15px !important;}&#8221;][vc_column_text]<span style=\"font-size: 14px; color: #008000;\"><strong>Lucien Dubois<\/strong><\/span><br \/>\nVice-pr\u00e9sident et directeur du d\u00e9veloppement technologique,<br \/>\nDubois International[\/vc_column_text][\/vc_column_inner][\/vc_row_inner][\/vc_column][\/vc_row][vc_row css=&#8221;.vc_custom_1555956600638{padding-top: 15px !important;padding-bottom: 15px !important;background-color: #f2f3f8 !important;}&#8221;][vc_column][vc_column_text]<\/p>\n<p style=\"text-align: center;\"><span style=\"font-size: 16px; color: #008000;\"><strong>Un sinc\u00e8re merci \u00e0 nos conf\u00e9renciers de cette \u00e9dition sp\u00e9ciale qui ont su captiver nos jeunes entrepreneurs avec leur conf\u00e9rence passionnante!<\/strong><\/span><\/p>\n<p>[\/vc_column_text][\/vc_column][\/vc_row][vc_row css=&#8221;.vc_custom_1555956396367{margin-bottom: 65px !important;padding-top: 15px !important;}&#8221;][vc_column][vc_column_text css=&#8221;.vc_custom_1554923830849{margin-top: 45px !important;}&#8221;]<\/p>\n<h3 style=\"text-align: center;\">Voici les huit \u00e9quipes :<\/h3>\n<p>[\/vc_column_text][vc_row_inner css=&#8221;.vc_custom_1554923188550{margin-top: 15px !important;}&#8221;][vc_column_inner width=&#8221;1\/2&#8243;][vc_single_image image=&#8221;3276&#8243; img_size=&#8221;large&#8221; alignment=&#8221;center&#8221;][vc_single_image image=&#8221;3272&#8243; img_size=&#8221;large&#8221; alignment=&#8221;center&#8221; css=&#8221;.vc_custom_1554922903477{margin-top: 15px !important;}&#8221;][vc_single_image image=&#8221;3275&#8243; img_size=&#8221;large&#8221; alignment=&#8221;center&#8221; css=&#8221;.vc_custom_1554922918524{margin-top: 15px !important;}&#8221;][vc_single_image image=&#8221;3273&#8243; img_size=&#8221;large&#8221; alignment=&#8221;center&#8221; css=&#8221;.vc_custom_1554922933446{margin-top: 15px !important;}&#8221;][\/vc_column_inner][vc_column_inner width=&#8221;1\/2&#8243;][vc_single_image image=&#8221;3271&#8243; img_size=&#8221;large&#8221; alignment=&#8221;center&#8221;][vc_single_image image=&#8221;3274&#8243; img_size=&#8221;large&#8221; alignment=&#8221;center&#8221; css=&#8221;.vc_custom_1554922948046{margin-top: 15px !important;}&#8221;][vc_single_image image=&#8221;3277&#8243; img_size=&#8221;large&#8221; alignment=&#8221;center&#8221; css=&#8221;.vc_custom_1554922962092{margin-top: 15px !important;}&#8221;][vc_single_image image=&#8221;3270&#8243; img_size=&#8221;large&#8221; alignment=&#8221;center&#8221; css=&#8221;.vc_custom_1554922973855{margin-top: 15px !important;}&#8221;][\/vc_column_inner][\/vc_row_inner][vc_column_text css=&#8221;.vc_custom_1554923254151{margin-top: 20px !important;}&#8221;]<\/p>\n<p style=\"text-align: center;\"><span style=\"font-size: 16px; color: #008000;\"><strong>Bravo \u00e0 l\u2019\u00e9quipe des bleus qui s\u2019est m\u00e9rit\u00e9e le meilleur projet de la fin de semaine!<\/strong><\/span><\/p>\n<p>[\/vc_column_text][vc_single_image image=&#8221;3278&#8243; img_size=&#8221;large&#8221; alignment=&#8221;center&#8221; css=&#8221;.vc_custom_1554923241319{margin-top: 15px !important;}&#8221;][vc_column_text css=&#8221;.vc_custom_1554923345335{margin-top: 20px !important;}&#8221;]<\/p>\n<p style=\"text-align: center;\"><span style=\"font-size: 16px; color: #008000;\"><strong>Merci aux b\u00e9n\u00e9voles pour leur implication!<\/strong><\/span><\/p>\n<p>[\/vc_column_text][vc_single_image image=&#8221;3268&#8243; img_size=&#8221;large&#8221; alignment=&#8221;center&#8221; css=&#8221;.vc_custom_1554923370113{margin-top: 15px !important;}&#8221;][vc_column_text css=&#8221;.vc_custom_1554923406585{margin-top: 20px !important;}&#8221;]<\/p>\n<p style=\"text-align: center;\"><span style=\"font-size: 16px; color: #008000;\"><strong>Merci \u00e0 l&#8217;\u00e9quipe pour leur coordination!<\/strong><\/span><\/p>\n<p>[\/vc_column_text][vc_single_image image=&#8221;3269&#8243; img_size=&#8221;large&#8221; alignment=&#8221;center&#8221; css=&#8221;.vc_custom_1554923436958{margin-top: 15px !important;}&#8221;][vc_column_text]<\/p>\n<p><center>Rendez-vous l&#8217;ann\u00e9e prochaine!<\/center><center><\/center><center><span style=\"font-size: 16px;\"><strong><span style=\"color: #008000;\">Pour plus d\u2019informations<\/span><\/strong><\/span><\/center><center><a href=\"https:\/\/jaquebec.org\/evenements\/cojeq\/\">Cliquez ici!<\/a><\/center>[\/vc_column_text][\/vc_column][vc_column][\/vc_column][\/vc_row][vc_row full_width=&#8221;stretch_row&#8221; parallax=&#8221;stellar&#8221; parallax_image=&#8221;7611&#8243; overlay_enable=&#8221;1&#8243; overlay_color=&#8221;#285f74&#8243; overlay_opacity=&#8221;0.6&#8243; css=&#8221;.vc_custom_1660849039556{padding-top: 150px !important;padding-bottom: 120px !important;}&#8221; berlin_font_color=&#8221;#ffffff&#8221;][vc_column width=&#8221;1\/4&#8243;][vc_btn title=&#8221;Donnez maintenant&#8221; style=&#8221;custom&#8221; custom_background=&#8221;#e3e24f&#8221; custom_text=&#8221;#22404d&#8221; size=&#8221;lg&#8221; align=&#8221;center&#8221; link=&#8221;url:https%3A%2F%2Fjaquebec.org%2Ffaire-un-don%2F|title:Donnez%20maintenant||&#8221; el_class=&#8221;.bold&#8221;][\/vc_column][vc_column width=&#8221;3\/4&#8243;][vc_column_text]<span style=\"color: #ffffff;\"><strong><span style=\"font-family: Montserrat; font-size: 22px;\">Merci d\u2019encourager JA Qu\u00e9bec! Votre don nous permet de continuer \u00e0 offrir nos programmes gratuitement<\/span><\/strong><\/span>[\/vc_column_text][\/vc_column][\/vc_row]<\/p>","protected":false},"excerpt":{"rendered":"<p>[vc_row full_width=&#8221;stretch_row_content&#8221; css=&#8221;.vc_custom_1661173323127{margin-top: -80px !important;}&#8221;][vc_column][vc_single_image image=&#8221;7630&#8243; img_size=&#8221;full&#8221;][\/vc_column][\/vc_row][vc_row css=&#8221;.vc_custom_1661173309473{margin-top: 20px !important;margin-bottom: 15px !important;}&#8221;][vc_column][\/vc_column][\/vc_row][vc_row][vc_column][vc_column_text css=&#8221;.vc_custom_1554916420866{margin-top: 20px !important;margin-bottom: 30px !important;}&#8221;]COJEQ est un \u00e9v\u00e9nement o\u00f9 pr\u00e8s de 100 jeunes\u00a0de 15 \u00e0 18 ans se r\u00e9unissent afin de vivre une exp\u00e9rience d\u2019affaires enrichissante. En 2019, le Congr\u00e8s officiel de la jeunesse entrepreneuriale du Qu\u00e9bec (COJEQ), organis\u00e9 par JA Qu\u00e9bec, a [&hellip;]<\/p>\n","protected":false},"author":2,"featured_media":0,"parent":674,"menu_order":0,"comment_status":"closed","ping_status":"closed","template":"","meta":{"_lmt_disableupdate":"","_lmt_disable":"","footnotes":""},"class_list":["post-3244","page","type-page","status-publish","hentry"],"_links":{"self":[{"href":"https:\/\/jaquebec.org\/fr\/wp-json\/wp\/v2\/pages\/3244","targetHints":{"allow":["GET"]}}],"collection":[{"href":"https:\/\/jaquebec.org\/fr\/wp-json\/wp\/v2\/pages"}],"about":[{"href":"https:\/\/jaquebec.org\/fr\/wp-json\/wp\/v2\/types\/page"}],"author":[{"embeddable":true,"href":"https:\/\/jaquebec.org\/fr\/wp-json\/wp\/v2\/users\/2"}],"replies":[{"embeddable":true,"href":"https:\/\/jaquebec.org\/fr\/wp-json\/wp\/v2\/comments?post=3244"}],"version-history":[{"count":18,"href":"https:\/\/jaquebec.org\/fr\/wp-json\/wp\/v2\/pages\/3244\/revisions"}],"predecessor-version":[{"id":7828,"href":"https:\/\/jaquebec.org\/fr\/wp-json\/wp\/v2\/pages\/3244\/revisions\/7828"}],"up":[{"embeddable":true,"href":"https:\/\/jaquebec.org\/fr\/wp-json\/wp\/v2\/pages\/674"}],"wp:attachment":[{"href":"https:\/\/jaquebec.org\/fr\/wp-json\/wp\/v2\/media?parent=3244"}],"curies":[{"name":"wp","href":"https:\/\/api.w.org\/{rel}","templated":true}]}}