{"id":3789,"date":"2019-06-25T06:55:18","date_gmt":"2019-06-25T10:55:18","guid":{"rendered":"https:\/\/jaquebec.com\/?page_id=3789"},"modified":"2022-08-22T08:59:03","modified_gmt":"2022-08-22T12:59:03","slug":"45e-gala-meritas-simons-capitale-nationale-chaudiere-appalache","status":"publish","type":"page","link":"https:\/\/jaquebec.org\/fr\/evenements\/gala-annuel-de-la-releve-entrepreneuriale\/45e-gala-meritas-simons-capitale-nationale-chaudiere-appalache\/","title":{"rendered":"45e gala Meritas Simons &#8211; Capitale-Nationale Chaudi\u00e8re-Appalache"},"content":{"rendered":"<p>[vc_row full_width=&#8221;stretch_row_content&#8221; css=&#8221;.vc_custom_1660934649973{margin-top: -80px !important;}&#8221;][vc_column][vc_single_image image=&#8221;7630&#8243; img_size=&#8221;full&#8221;][\/vc_column][\/vc_row][vc_row css=&#8221;.vc_custom_1661172962506{margin-top: 20px !important;}&#8221;][vc_column]<div class='headline with-icon text-center '><i class='berlin-icon-calendar2'><\/i><h3>45E GALA MERITAS SIMONS - CAPITALE-NATIONALE CHAUDI\u00c8RE-APPALACHE<\/h3><\/div>[vc_single_image image=&#8221;3792&#8243; img_size=&#8221;full&#8221;][vc_column_text css=&#8221;.vc_custom_1562176475844{margin-top: 25px !important;margin-bottom: 25px !important;}&#8221;]<\/p>\n<h3 style=\"text-align: center;\">Dimanche 26 mai 2019, Le Cercle &#8211; Universit\u00e9 de Laval, Qu\u00e9bec<\/h3>\n<p>Cet \u00e9v\u00e9nement vient couronner le travail de plusieurs mois effectu\u00e9s par les \u00e9tudiants du <a href=\"https:\/\/jaquebec.org\/programmes\/programme-entreprise-etudiante\/\">programme Entreprise \u00c9tudiante<\/a> et souligner la performance remarquable de nos jeunes entrepreneurs. Chaque ann\u00e9e, des prix sous forme de bourses ou de stages en entreprise sont remis aux \u00e9tudiants qui se d\u00e9marquent dans la mise sur pied de leur entreprise. D\u00e9couvrez une r\u00e9trospective de l&#8217;ann\u00e9e de la r\u00e9gion Capitale-Nationale Chaudi\u00e8re Appalache et les gagnants![\/vc_column_text][vc_video link=&#8221;https:\/\/youtu.be\/ilUFcRbINLY&#8221; el_width=&#8221;60&#8243; align=&#8221;center&#8221;][vc_single_image image=&#8221;3510&#8243; img_size=&#8221;full&#8221; alignment=&#8221;center&#8221; css=&#8221;.vc_custom_1612816163141{margin-top: 35px !important;margin-bottom: 35px !important;}&#8221;][vc_masonry_media_grid style=&#8221;load-more&#8221; items_per_page=&#8221;12&#8243; element_width=&#8221;2&#8243; btn_title=&#8221;Plus de photos&#8221; btn_style=&#8221;custom&#8221; btn_custom_background=&#8221;#008000&#8243; btn_custom_text=&#8221;#ffffff&#8221; btn_align=&#8221;center&#8221; initial_loading_animation=&#8221;fadeIn&#8221; grid_id=&#8221;vc_gid:1661172980705-ba1aaa4c-0b42-8&#8243; include=&#8221;3876,3844,3846,3834,3889,3831,3848,3849,3850,3851,3852,3853,3854,3855,3856,3857,3858,3859,3860,3861,3862,3863,3864,3865,3866,3867,3868,3832,3833,3835,3836,3837,3838,3840,3841,3842,3843,3845,3847,3869,3870,3871,3872,3873,3874,3875,3877,3878,3879,3880,3881,3882,3883,3884,3885,3886,3887,3888,3889,3890,3891,3892,3893,3894,3895,3896,3897,3898,3899,3900,3901,3902,3903,3904,3905,3906,3907,3908,3909,3910,3911,3912,3913,3914,3915,3916,3917,3918,3919,3920,3921,3922,3923,3924,3925,3926,3927,3928,3929,3930,3931,3932,3933,3934&#8243;]<div class='headline with-icon text-center '><i class='fa fa-trophy'><\/i><h3>LISTE DES GAGNANTS 2018-2019<\/h3><\/div>[vc_column_text]<\/p>\n<p style=\"text-align: center;\">\u00a0Voici les laur\u00e9ats qui se sont vu d\u00e9cerner des prix d\u2019excellence\u00a0cette ann\u00e9e dans les diff\u00e9rentes cat\u00e9gories :<\/p>\n<p>[\/vc_column_text][\/vc_column][\/vc_row][vc_row css=&#8221;.vc_custom_1508955912900{margin-top: 20px !important;}&#8221;][vc_column width=&#8221;1\/2&#8243; css=&#8221;.vc_custom_1554737603986{margin-left: 5px !important;background-color: #e8e8e8 !important;}&#8221;][vc_column_text css=&#8221;.vc_custom_1554741738919{margin-bottom: 10px !important;}&#8221;]<\/p>\n<h3 style=\"text-align: center;\">ENTREPRENEURE DE L&#8217;ANN\u00c9E<\/h3>\n<p>[\/vc_column_text][vc_single_image image=&#8221;3819&#8243; img_size=&#8221;full&#8221;][vc_column_text css=&#8221;.vc_custom_1561474787328{margin-top: 25px !important;margin-bottom: 15px !important;}&#8221;]<\/p>\n<h3 style=\"text-align: center;\">Clara Boily,<\/h3>\n<h5 style=\"text-align: center;\">pr\u00e9sidente de l&#8217;entreprise <a href=\"https:\/\/www.facebook.com\/Fybula\/\" target=\"_Blank\" rel=\"noopener noreferrer\">Fybula<\/a><\/h5>\n<p style=\"text-align: center; margin-top: 10px;\">remporte le prix Entrepreneur de l&#8217;ann\u00e9e r\u00e9gion CNCA<\/p>\n<p>[\/vc_column_text][vc_column_text]<\/p>\n<h4 style=\"font-weight: bold; color: #008000; text-align: center;\">Ce grand prix est pr\u00e9sent\u00e9 par notre partenaire principal Simons<\/h4>\n<p>[\/vc_column_text][vc_single_image image=&#8221;3823&#8243; img_size=&#8221;medium&#8221; alignment=&#8221;center&#8221;][vc_column_text]<\/p>\n<p style=\"font-size: 11px; text-align: center;\">Sur la photo : Sylvie Tremblay, Delphine St-Hilaire, Clara Boily et Anne D\u2019Amours<\/p>\n<p>[\/vc_column_text][\/vc_column][vc_column width=&#8221;1\/2&#8243; css=&#8221;.vc_custom_1561474882396{margin-left: 10px !important;background-color: #e8e8e8 !important;}&#8221;][vc_column_text css=&#8221;.vc_custom_1554741738919{margin-bottom: 10px !important;}&#8221;]<\/p>\n<h3 style=\"text-align: center;\">ENTREPRISE DE L\u2019ANN\u00c9E<\/h3>\n<p>[\/vc_column_text][vc_single_image image=&#8221;3818&#8243; img_size=&#8221;full&#8221; alignment=&#8221;center&#8221;][vc_row_inner css=&#8221;.vc_custom_1560736230761{margin-top: 25px !important;margin-bottom: 15px !important;}&#8221;][vc_column_inner][vc_column_text]<\/p>\n<h3 style=\"text-align: center;\">Entreprise <a href=\"https:\/\/www.facebook.com\/pocho.ssf\/\" target=\"_Blank\" rel=\"noopener noreferrer\">Poch\u00f4<\/a><\/h3>\n<p style=\"text-align: center;\"><a href=\"https:\/\/www.facebook.com\/seminairesaintfrancois\/\" target=\"_Blank\" rel=\"noopener noreferrer\">S\u00e9minaire Saint-Fran\u00e7ois<\/a><\/p>\n<p style=\"text-align: center;\">remporte le prix Entreprise de l&#8217;ann\u00e9e r\u00e9gion CNCA<\/p>\n<p>[\/vc_column_text][vc_column_text css=&#8221;.vc_custom_1560802014136{margin-top: 5px !important;margin-bottom: 15px !important;}&#8221;]<\/p>\n<h4 style=\"font-weight: bold; color: #008000; text-align: center; margin-top: 10px;\">Prix remis par <a href=\"https:\/\/www.facebook.com\/william.lawless.90\">William J. Lawless<\/a>\u00a0pour<br \/>\nla Ville de Qu\u00e9bec :<\/h4>\n<p>[\/vc_column_text][vc_single_image image=&#8221;3824&#8243; img_size=&#8221;medium&#8221; alignment=&#8221;center&#8221; css=&#8221;.vc_custom_1561474646016{margin-top: 30px !important;margin-bottom:15px !important;}&#8221;][\/vc_column_inner][\/vc_row_inner][\/vc_column][\/vc_row][vc_row css=&#8221;.vc_custom_1554737178584{margin-top: 20px !important;}&#8221;][vc_column width=&#8221;1\/2&#8243; css=&#8221;.vc_custom_1554737582519{background-color: #e8e8e8 !important;}&#8221;][vc_column_text css=&#8221;.vc_custom_1560738971957{margin-bottom: 10px !important;}&#8221;]<\/p>\n<h3 style=\"text-align: center;\">PR\u00c9SIDENTE<\/h3>\n<p>[\/vc_column_text][vc_single_image image=&#8221;3817&#8243; img_size=&#8221;medium&#8221; alignment=&#8221;center&#8221; onclick=&#8221;img_link_large&#8221; css=&#8221;.vc_custom_1561477812305{margin-top: 50px !important;margin-bottom: 50px !important;}&#8221;][vc_column_text css=&#8221;.vc_custom_1561491796004{margin-top: 25px !important;margin-bottom: 15px !important;}&#8221;]<\/p>\n<h3 style=\"text-align: center;\">Ma\u00e9lie Savard,<\/h3>\n<h5 style=\"text-align: center;\">pr\u00e9sidente de l&#8217;entreprise <a href=\"https:\/\/www.facebook.com\/pocho.ssf\/\" target=\"_Blank\" rel=\"noopener noreferrer\">Poch\u00f4<\/a><\/h5>\n<p style=\"text-align: center; margin-top: 10px;\">remporte le prix de Pr\u00e9sidente de l&#8217;ann\u00e9e r\u00e9gion CNCA<\/p>\n<p>[\/vc_column_text][vc_column_text css=&#8221;.vc_custom_1561493084583{margin-bottom: 35px !important;}&#8221;]<\/p>\n<h4 style=\"font-weight: bold; color: #008000; text-align: center;\">Prix remis par\u00a0<a href=\"https:\/\/www.facebook.com\/profile.php?id=100003204242068&amp;__tn__=%2CdK%2AF-R&amp;eid=ARDLUDKRzlCqgJF33q3tzhNbJCTGzI5goonxUXCiMe1lh-fx-Z6i_baWB_Fk2PeOP_CiFJjZnqSSTkSK\" target=\"_blank\" rel=\"noopener noreferrer\">Gabrielle Gerdes<\/a>,\u00a0Pr\u00e9sidente de l\u2019entreprise Pause Sucr\u00e9e et pr\u00e9sidente de l\u2019ann\u00e9e 2018<\/h4>\n<p>[\/vc_column_text][\/vc_column][vc_column width=&#8221;1\/2&#8243; css=&#8221;.vc_custom_1554737591543{margin-left: 5px !important;background-color: #e8e8e8 !important;}&#8221;][vc_column_text css=&#8221;.vc_custom_1560736463350{margin-bottom: 10px !important;}&#8221;]<\/p>\n<h3 style=\"text-align: center;\">VP FINANCES<\/h3>\n<p>[\/vc_column_text][vc_single_image image=&#8221;3828&#8243; img_size=&#8221;full&#8221;][vc_column_text css=&#8221;.vc_custom_1561491694868{margin-top: 15px !important;margin-bottom: 15px !important;}&#8221;]<\/p>\n<h3 style=\"text-align: center;\"><a href=\"https:\/\/www.facebook.com\/junkai123456\" target=\"_blank\" rel=\"noopener noreferrer\">Jun Kai Liao<\/a>,<\/h3>\n<h5 style=\"text-align: center;\">VP finances de l&#8217;entreprise <a href=\"https:\/\/www.facebook.com\/Fybula\/\">Fybula<\/a><\/h5>\n<p style=\"text-align: center; margin-top: 10px;\">remporte le prix de Vice-Pr\u00e9sident finances de l&#8217;ann\u00e9e r\u00e9gion CNCA<\/p>\n<p>[\/vc_column_text][vc_column_text css=&#8221;.vc_custom_1554736568173{margin-bottom: 35px !important;}&#8221;]<\/p>\n<h4 style=\"font-weight: bold; color: #008000; text-align: center;\">Prix remis par <a href=\"https:\/\/www.facebook.com\/pierreluc.daigle.9?__tn__=%2CdK%2AF-R&amp;eid=ARDij-SXyJrbWJX6AMrPsRZtTX74n6sPjOVDUCD36YJnf_wY_aZaUZ4QPqzKeACV19HF3tXwh1-vsq69\" target=\"_blank\" rel=\"noopener noreferrer\">Pierre-Luc Daigle<\/a>, Pr\u00e9sident de l\u2019entreprise Foufoulard, entrepreneur de l\u2019ann\u00e9e 2006, aujourd&#8217;hui directeur g\u00e9n\u00e9ral chez Notari\u00e9 inc.<\/h4>\n<p>[\/vc_column_text][\/vc_column][\/vc_row][vc_row css=&#8221;.vc_custom_1508955912900{margin-top: 20px !important;}&#8221;][vc_column width=&#8221;1\/2&#8243; css=&#8221;.vc_custom_1554737429530{background-color: #e8e8e8 !important;}&#8221;][vc_column_text css=&#8221;.vc_custom_1560736423564{margin-bottom: 10px !important;}&#8221;]<\/p>\n<h3 style=\"text-align: center;\">VP MARKETING<\/h3>\n<p>[\/vc_column_text][vc_single_image image=&#8221;3829&#8243; img_size=&#8221;full&#8221;][vc_column_text css=&#8221;.vc_custom_1561491694868{margin-top: 15px !important;margin-bottom: 15px !important;}&#8221;]<\/p>\n<h3 style=\"text-align: center;\"><a href=\"https:\/\/www.facebook.com\/nathan.jeanpierre.75?__tn__=%2CdK%2AF-R&amp;eid=ARDMQhlG-QNWJ1jJ-art3T71g6jH8LCyyfSxb0Sq0BYAN2JCFMkEH4HLPN5ZfnWHgSnlPYxYJ0zu6JKX\">Nathan Jeanpierre<\/a>,<\/h3>\n<h5 style=\"text-align: center;\">VP marketing de l&#8217;entreprise <a href=\"https:\/\/www.facebook.com\/Fybula\/\">Fybula<\/a><\/h5>\n<p style=\"text-align: center; margin-top: 10px;\">remporte le prix de Vice-Pr\u00e9sident marketing de l&#8217;ann\u00e9e r\u00e9gion CNCA<\/p>\n<p>[\/vc_column_text][vc_column_text css=&#8221;.vc_custom_1561493051632{margin-bottom: 30px !important;}&#8221;]<\/p>\n<h4 style=\"font-weight: bold; color: #008000; text-align: center;\">Prix remis par <a href=\"https:\/\/www.facebook.com\/julianne.oparadis?__tn__=%2CdK%2AF-R&amp;eid=ARBuE_RqVV-3li6qRTGZnwc4kt9Lpb9_kl4r__Lt_VkWJpKZo10NDmJtEcdEsAmfo4uI-R4kcUPZgpwF\">Julianne O. Paradis<\/a>, VP Marketing de l\u2019entreprise D\u2019Idrink et entrepreneur de l\u2019ann\u00e9e 2016<\/h4>\n<p>[\/vc_column_text][\/vc_column][vc_column width=&#8221;1\/2&#8243; css=&#8221;.vc_custom_1554737603986{margin-left: 5px !important;background-color: #e8e8e8 !important;}&#8221;][vc_column_text css=&#8221;.vc_custom_1560736396135{margin-bottom: 10px !important;}&#8221;]<\/p>\n<h3 style=\"text-align: center;\">VP TECHNOLOGIES DE L\u2019INFORMATION<\/h3>\n<p>[\/vc_column_text][vc_single_image image=&#8221;3826&#8243; img_size=&#8221;full&#8221;][vc_column_text css=&#8221;.vc_custom_1561491694868{margin-top: 15px !important;}&#8221;]<\/p>\n<h3 style=\"text-align: center;\"><a href=\"https:\/\/www.facebook.com\/lauriemae.roy?__tn__=%2CdK%2AF-R&amp;eid=ARAwoqDXNvKu3B87mrc_u8YlxALYoWeSusyug_yS1foE97e9WPOg3JGSEFytqqNVNx0pYmROFUNe8e91\">Laurie-Mae Roy<\/a>,<\/h3>\n<h5 style=\"text-align: center;\">VP TI de l&#8217;entreprise <a href=\"https:\/\/www.facebook.com\/pocho.ssf\/\" target=\"_Blank\" rel=\"noopener noreferrer\">Poch\u00f4<\/a><\/h5>\n<p style=\"text-align: center; margin-top: 10px;\">remporte le prix de Vice-Pr\u00e9sident Technologies de l&#8217;information de l&#8217;ann\u00e9e r\u00e9gion CNCA<\/p>\n<p>[\/vc_column_text][vc_column_text css=&#8221;.vc_custom_1561493021713{margin-bottom: 10px !important;}&#8221;]<\/p>\n<h4 style=\"font-weight: bold; color: #008000; text-align: center;\">Prix remis par <a href=\"https:\/\/www.facebook.com\/katrina.cotegirard?__tn__=%2CdK%2AF-R&amp;eid=ARCcp_yx9wP4mHaZBHLUKQP1iozIkW7dY2Y1YwXaXKrIK3vhd5TPj4MQGH8LBC-GbJJV-WIKhbLAECKS\">Katrina C\u00f4t\u00e9 Girard<\/a>,<br \/>\nentrepreneur de l\u2019ann\u00e9e 2009<\/h4>\n<p>[\/vc_column_text][\/vc_column][\/vc_row][vc_row css=&#8221;.vc_custom_1508955912900{margin-top: 20px !important;}&#8221;][vc_column width=&#8221;1\/2&#8243; css=&#8221;.vc_custom_1554737429530{background-color: #e8e8e8 !important;}&#8221;][vc_column_text css=&#8221;.vc_custom_1560736382995{margin-bottom: 10px !important;}&#8221;]<\/p>\n<h3 style=\"text-align: center;\">VP RESSOURCES HUMAINES<\/h3>\n<p>[\/vc_column_text][vc_single_image image=&#8221;3827&#8243; img_size=&#8221;full&#8221;][vc_column_text css=&#8221;.vc_custom_1561491694868{margin-top: 15px !important;margin-bottom: 15px !important;}&#8221;]<\/p>\n<h3 style=\"text-align: center;\">Emma Gaudreault,<\/h3>\n<h5 style=\"text-align: center;\">VP RH de l&#8217;entreprise <a href=\"https:\/\/www.facebook.com\/Fybula\/\">Fybula<\/a><\/h5>\n<p style=\"text-align: center; margin-top: 10px;\">remporte le prix de Vice-Pr\u00e9sident ressources humaines de l&#8217;ann\u00e9e r\u00e9gion CNCA<\/p>\n<p>[\/vc_column_text][vc_column_text css=&#8221;.vc_custom_1561493051632{margin-bottom: 30px !important;}&#8221;]<\/p>\n<h4 style=\"font-weight: bold; color: #008000; text-align: center;\">Prix remis par <a href=\"https:\/\/www.facebook.com\/PLLachance?__tn__=%2CdK%2AF-R&amp;eid=ARDmTI1KHMPGdWnrIukwtNE2_rT33oKZjEqlqTl8B1cwvKAy8c7ZNju6sN5BT6k69VnJvEFRNxmNsdFK\">Pierre-Luc Lachance<\/a>, conseiller du district de Saint-Roch \u2013 Saint-Sauveur et adjoint au maire pour le volet entrepreneuriat<\/h4>\n<p>[\/vc_column_text][\/vc_column][vc_column width=&#8221;1\/2&#8243; css=&#8221;.vc_custom_1554737603986{margin-left: 5px !important;background-color: #e8e8e8 !important;}&#8221;][vc_column_text css=&#8221;.vc_custom_1560737854536{margin-bottom: 10px !important;}&#8221;]<\/p>\n<h3 style=\"text-align: center;\">CERTIFICAT DE R\u00c9USSITE<\/h3>\n<p>[\/vc_column_text][vc_single_image image=&#8221;3825&#8243; img_size=&#8221;full&#8221; alignment=&#8221;center&#8221; css=&#8221;.vc_custom_1560739304216{margin-bottom: 15px !important;}&#8221;][vc_column_text css=&#8221;.vc_custom_1562175255960{margin-bottom: 15px !important;}&#8221;]<\/p>\n<h3 style=\"text-align: center;\">Entreprise <a href=\"https:\/\/www.facebook.com\/Fybula\/\" target=\"_blank\" rel=\"noopener noreferrer\">Fybula<\/a><\/h3>\n<p>[\/vc_column_text]<div class='text-center'><a class='btn btn-default  vc_custom_1560802881000' href='https:\/\/jaquebec.org\/wp-content\/uploads\/2019\/07\/45egalameritassimons-finalistes-Powerpoint.pdf' >CONNAITRE TOUS LES FINALISTES 2018-2019<\/a><\/div>[\/vc_column][\/vc_row][vc_row][vc_column]<div class='headline with-icon text-center '><i class='berlin-icon-heart2'><\/i><h3>UN GRAND MERCI \u00c0 TOUS<\/h3><\/div>[vc_row_inner][vc_column_inner width=&#8221;1\/2&#8243; css=&#8221;.vc_custom_1560738151957{background-color: #e8e8e8 !important;}&#8221;][vc_column_text css=&#8221;.vc_custom_1561475284127{margin-bottom: 10px !important;}&#8221;]<\/p>\n<h3 style=\"text-align: center;\">POUR VOS T\u00c9MOIGNAGES<\/h3>\n<p>[\/vc_column_text][vc_column_text css=&#8221;.vc_custom_1560738461242{margin-bottom: 15px !important;}&#8221;]<\/p>\n<p>[\/vc_column_text][vc_single_image image=&#8221;3820&#8243; img_size=&#8221;full&#8221; alignment=&#8221;center&#8221; css=&#8221;.vc_custom_1560739314510{margin-bottom: 15px !important;}&#8221;][\/vc_column_inner][vc_column_inner width=&#8221;1\/2&#8243; css=&#8221;.vc_custom_1560739156251{margin-left: 5px !important;background-color: #e8e8e8 !important;}&#8221;][vc_column_text css=&#8221;.vc_custom_1561475330589{margin-bottom: 10px !important;}&#8221;]<\/p>\n<h3 style=\"text-align: center;\">POUR L&#8217;ORGANISATION DU GALA<\/h3>\n<p>[\/vc_column_text][vc_column_text css=&#8221;.vc_custom_1560738436559{margin-bottom: 15px !important;}&#8221;]<\/p>\n<p>[\/vc_column_text][vc_single_image image=&#8221;3822&#8243; img_size=&#8221;full&#8221; alignment=&#8221;center&#8221; css=&#8221;.vc_custom_1561475382046{margin-bottom: 15px !important;}&#8221;][\/vc_column_inner][\/vc_row_inner][vc_row_inner css=&#8221;.vc_custom_1560803728666{margin-top: 0px !important;}&#8221;][vc_column_inner css=&#8221;.vc_custom_1560739195451{margin-top: 5px !important;background-color: #e8e8e8 !important;}&#8221;][vc_column_text css=&#8221;.vc_custom_1560738497439{margin-bottom: 10px !important;}&#8221;]<\/p>\n<h3 style=\"text-align: center;\">4 ENTREPRENEURS DE L&#8217;ANN\u00c9E \u00c0 SURVEILLER DANS LES PROCHAINES ANN\u00c9ES!<\/h3>\n<p>[\/vc_column_text][vc_column_text css=&#8221;.vc_custom_1561478010212{margin-bottom: 15px !important;}&#8221;]<\/p>\n<h4 style=\"font-weight: bold; color: #008000; text-align: center;\">Julianne O. Paradis (2016), Delphine St-Hilaire (2018), Clara Boily (2019) et Olivier Demers (2017)<\/h4>\n<p>[\/vc_column_text][vc_single_image image=&#8221;3821&#8243; img_size=&#8221;full&#8221; alignment=&#8221;center&#8221; css=&#8221;.vc_custom_1560739359525{margin-bottom: 15px !important;}&#8221;][\/vc_column_inner][\/vc_row_inner][vc_column_text]<\/p>\n<p>[\/vc_column_text][\/vc_column][\/vc_row][vc_row full_width=&#8221;stretch_row&#8221; parallax=&#8221;stellar&#8221; parallax_image=&#8221;7611&#8243; overlay_enable=&#8221;1&#8243; overlay_color=&#8221;#285f74&#8243; overlay_opacity=&#8221;0.6&#8243; css=&#8221;.vc_custom_1660849039556{padding-top: 150px !important;padding-bottom: 120px !important;}&#8221; berlin_font_color=&#8221;#ffffff&#8221;][vc_column width=&#8221;1\/4&#8243;][vc_btn title=&#8221;Donnez maintenant&#8221; style=&#8221;custom&#8221; custom_background=&#8221;#e3e24f&#8221; custom_text=&#8221;#22404d&#8221; size=&#8221;lg&#8221; align=&#8221;center&#8221; link=&#8221;url:https%3A%2F%2Fjaquebec.org%2Ffaire-un-don%2F|title:Donnez%20maintenant||&#8221; el_class=&#8221;.bold&#8221;][\/vc_column][vc_column width=&#8221;3\/4&#8243;][vc_column_text]<span style=\"color: #ffffff;\"><strong><span style=\"font-family: Montserrat; font-size: 22px;\">Merci d\u2019encourager JA Qu\u00e9bec! Votre don nous permet de continuer \u00e0 offrir nos programmes gratuitement<\/span><\/strong><\/span>[\/vc_column_text][\/vc_column][\/vc_row]<\/p>","protected":false},"excerpt":{"rendered":"<p>[vc_row full_width=&#8221;stretch_row_content&#8221; css=&#8221;.vc_custom_1660934649973{margin-top: -80px !important;}&#8221;][vc_column][vc_single_image image=&#8221;7630&#8243; img_size=&#8221;full&#8221;][\/vc_column][\/vc_row][vc_row css=&#8221;.vc_custom_1661172962506{margin-top: 20px !important;}&#8221;][vc_column][vc_single_image image=&#8221;3792&#8243; img_size=&#8221;full&#8221;][vc_column_text css=&#8221;.vc_custom_1562176475844{margin-top: 25px !important;margin-bottom: 25px !important;}&#8221;] Dimanche 26 mai 2019, Le Cercle &#8211; Universit\u00e9 de Laval, Qu\u00e9bec Cet \u00e9v\u00e9nement vient couronner le travail de plusieurs mois effectu\u00e9s par les \u00e9tudiants du programme Entreprise \u00c9tudiante et souligner la performance remarquable de nos jeunes entrepreneurs. Chaque [&hellip;]<\/p>\n","protected":false},"author":2,"featured_media":0,"parent":3210,"menu_order":0,"comment_status":"closed","ping_status":"closed","template":"","meta":{"_lmt_disableupdate":"","_lmt_disable":"","footnotes":""},"class_list":["post-3789","page","type-page","status-publish","hentry"],"_links":{"self":[{"href":"https:\/\/jaquebec.org\/fr\/wp-json\/wp\/v2\/pages\/3789","targetHints":{"allow":["GET"]}}],"collection":[{"href":"https:\/\/jaquebec.org\/fr\/wp-json\/wp\/v2\/pages"}],"about":[{"href":"https:\/\/jaquebec.org\/fr\/wp-json\/wp\/v2\/types\/page"}],"author":[{"embeddable":true,"href":"https:\/\/jaquebec.org\/fr\/wp-json\/wp\/v2\/users\/2"}],"replies":[{"embeddable":true,"href":"https:\/\/jaquebec.org\/fr\/wp-json\/wp\/v2\/comments?post=3789"}],"version-history":[{"count":44,"href":"https:\/\/jaquebec.org\/fr\/wp-json\/wp\/v2\/pages\/3789\/revisions"}],"predecessor-version":[{"id":7824,"href":"https:\/\/jaquebec.org\/fr\/wp-json\/wp\/v2\/pages\/3789\/revisions\/7824"}],"up":[{"embeddable":true,"href":"https:\/\/jaquebec.org\/fr\/wp-json\/wp\/v2\/pages\/3210"}],"wp:attachment":[{"href":"https:\/\/jaquebec.org\/fr\/wp-json\/wp\/v2\/media?parent=3789"}],"curies":[{"name":"wp","href":"https:\/\/api.w.org\/{rel}","templated":true}]}}