{"id":4293,"date":"2020-01-29T15:55:10","date_gmt":"2020-01-29T20:55:10","guid":{"rendered":"https:\/\/jaquebec.com\/?page_id=4293"},"modified":"2022-08-18T16:05:07","modified_gmt":"2022-08-18T20:05:07","slug":"dejeuners-conferences-pour-reunir-etudiants-et-entrepreneurs-a-quebec","status":"publish","type":"page","link":"https:\/\/jaquebec.org\/fr\/dejeuners-conferences-pour-reunir-etudiants-et-entrepreneurs-a-quebec\/","title":{"rendered":"D\u00e9jeuners-conf\u00e9rences pour r\u00e9unir \u00e9tudiants et entrepreneurs \u00e0 Qu\u00e9bec"},"content":{"rendered":"<p>[vc_row full_width=&#8221;stretch_row_content&#8221; css=&#8221;.vc_custom_1660853031195{margin-top: -80px !important;}&#8221;][vc_column][vc_single_image image=&#8221;7632&#8243; img_size=&#8221;full&#8221;][\/vc_column][\/vc_row][vc_row css=&#8221;.vc_custom_1660852959785{margin-top: 20px !important;}&#8221;][vc_column]<div class='headline with-icon text-center '><i class='berlin-icon-hot'><\/i><h3>Inscription aux d\u00e9jeuners conf\u00e9rences de Qu\u00e9bec<\/h3><\/div>[vc_column_text css=&#8221;.vc_custom_1660852968186{padding-top: 15px !important;padding-bottom: 15px !important;background-color: #f9f9f9 !important;}&#8221;]<\/p>\n<p style=\"text-align: center;\"><strong>Cet \u00e9v\u00e9nement permet de r\u00e9unir \u00e9tudiants et entrepreneurs pour un d\u00e9jeuner d&#8217;affaires.<\/strong><\/p>\n<p style=\"text-align: center;\"><strong>Lieu : Le Cercle &#8211; Pavillon Alphonse-Desjardins &#8211; Universit\u00e9 Laval<\/strong><br \/>\n<strong>2325 Rue de l&#8217;Universit\u00e9, Qu\u00e9bec (Qu\u00e9bec) G1V 0A6<\/strong><\/p>\n<p style=\"text-align: center;\"><strong>Horaire : de 7 h 30 \u00e0 9 h.<\/strong><\/p>\n<h3 style=\"text-align: center;\">Dates et conf\u00e9renciers invit\u00e9s :<\/h3>\n<h4 style=\"text-align: center;\">Fred Campbell, pr\u00e9sident Hook\u00e9 (report\u00e9)<br \/>\nVincent Th\u00e9riault, Co-fondateur Surmesur (report\u00e9)<\/h4>\n<p>[\/vc_column_text]<div class='headline with-icon text-center '><i class='berlin-icon-calendar3'><\/i><h3>\u00c9v\u00e9nement report\u00e9<\/h3><\/div>[vc_column_text css=&#8221;.vc_custom_1612809513602{margin-bottom: 35px !important;}&#8221;]<\/p>\n<h4 style=\"text-align: center;\">Revenir plus tard pour les inscriptions&#8230;<\/h4>\n<p>[\/vc_column_text][vc_single_image image=&#8221;4295&#8243; img_size=&#8221;full&#8221; alignment=&#8221;center&#8221; css=&#8221;.vc_custom_1580330053533{margin-bottom: 15px !important;}&#8221;][\/vc_column][\/vc_row][vc_row][vc_column][\/vc_column][\/vc_row]<\/p>","protected":false},"excerpt":{"rendered":"<p>[vc_row full_width=&#8221;stretch_row_content&#8221; css=&#8221;.vc_custom_1660853031195{margin-top: -80px !important;}&#8221;][vc_column][vc_single_image image=&#8221;7632&#8243; img_size=&#8221;full&#8221;][\/vc_column][\/vc_row][vc_row css=&#8221;.vc_custom_1660852959785{margin-top: 20px !important;}&#8221;][vc_column][vc_column_text css=&#8221;.vc_custom_1660852968186{padding-top: 15px !important;padding-bottom: 15px !important;background-color: #f9f9f9 !important;}&#8221;] Cet \u00e9v\u00e9nement permet de r\u00e9unir \u00e9tudiants et entrepreneurs pour un d\u00e9jeuner d&#8217;affaires. Lieu : Le Cercle &#8211; Pavillon Alphonse-Desjardins &#8211; Universit\u00e9 Laval 2325 Rue de l&#8217;Universit\u00e9, Qu\u00e9bec (Qu\u00e9bec) G1V 0A6 Horaire : de 7 h 30 \u00e0 9 [&hellip;]<\/p>\n","protected":false},"author":2,"featured_media":0,"parent":0,"menu_order":0,"comment_status":"closed","ping_status":"closed","template":"","meta":{"_lmt_disableupdate":"","_lmt_disable":"","footnotes":""},"class_list":["post-4293","page","type-page","status-publish","hentry"],"_links":{"self":[{"href":"https:\/\/jaquebec.org\/fr\/wp-json\/wp\/v2\/pages\/4293","targetHints":{"allow":["GET"]}}],"collection":[{"href":"https:\/\/jaquebec.org\/fr\/wp-json\/wp\/v2\/pages"}],"about":[{"href":"https:\/\/jaquebec.org\/fr\/wp-json\/wp\/v2\/types\/page"}],"author":[{"embeddable":true,"href":"https:\/\/jaquebec.org\/fr\/wp-json\/wp\/v2\/users\/2"}],"replies":[{"embeddable":true,"href":"https:\/\/jaquebec.org\/fr\/wp-json\/wp\/v2\/comments?post=4293"}],"version-history":[{"count":23,"href":"https:\/\/jaquebec.org\/fr\/wp-json\/wp\/v2\/pages\/4293\/revisions"}],"predecessor-version":[{"id":7646,"href":"https:\/\/jaquebec.org\/fr\/wp-json\/wp\/v2\/pages\/4293\/revisions\/7646"}],"wp:attachment":[{"href":"https:\/\/jaquebec.org\/fr\/wp-json\/wp\/v2\/media?parent=4293"}],"curies":[{"name":"wp","href":"https:\/\/api.w.org\/{rel}","templated":true}]}}