{"id":4415,"date":"2020-04-06T10:20:32","date_gmt":"2020-04-06T14:20:32","guid":{"rendered":"https:\/\/jaquebec.com\/?page_id=4415"},"modified":"2022-08-22T11:28:37","modified_gmt":"2022-08-22T15:28:37","slug":"inspirerguiderpreparer","status":"publish","type":"page","link":"https:\/\/jaquebec.org\/fr\/inspirerguiderpreparer\/","title":{"rendered":"#InspirerGuiderPr\u00e9parer"},"content":{"rendered":"<p>[vc_row full_width=&#8221;stretch_row_content&#8221; css=&#8221;.vc_custom_1661182098119{margin-top: -80px !important;}&#8221;][vc_column][rev_slider_vc alias=&#8221;accueil-fr-1&#8243;][\/vc_column][\/vc_row][vc_row][vc_column][vc_empty_space height=&#8221;12px&#8221;][vc_column_text]<\/p>\n<h2 style=\"text-align: center; color: #285f74;\">Aujourd\u2019hui est incertain.<br \/>\nDemain porte nos espoirs et nos r\u00eaves<\/h2>\n<p>[\/vc_column_text][vc_empty_space][\/vc_column][\/vc_row][vc_row][vc_column][vc_column_text]Aujourd\u2019hui les \u00e9coles sont ferm\u00e9es. C\u2019est \u00e0 nous, adultes, de construire les ponts pour que nos enfants puissent poursuivre leurs apprentissages. JA Qu\u00e9bec propose gratuitement aux parents et aux enseignants des ressources en ligne qui permettent d\u2019initier nos enfants et les jeunes au monde de l\u2019entreprise, au march\u00e9 du travail et \u00e0 l\u2019entrepreneuriat. Donnons-leur l\u2019envie et les moyens de continuer \u00e0 r\u00eaver leur avenir !<\/p>\n<p>Toute l\u2019\u00e9quipe de JA Qu\u00e9bec travaille de concert pour enrichir cette offre r\u00e9guli\u00e8rement, afin d\u2019offrir un contenu enrichissant et pertinent.[\/vc_column_text][vc_empty_space][vc_column_text]<\/p>\n<h3 style=\"color: #008000; text-align: center;\"><strong><span style=\"color: #808080;\">3 mani\u00e8res de nous aider pour<\/span> <span style=\"color: #00763d;\">#Inspirer<\/span><span style=\"color: #285f74;\">Guider<\/span><span style=\"color: #00a0af;\">Pr\u00e9parer<\/span><span style=\"color: #808080;\"> les jeunes :<\/span><\/strong><\/h3>\n<p>[\/vc_column_text][vc_empty_space][\/vc_column][\/vc_row][vc_row css=&#8221;.vc_custom_1586184685414{background-color: #efefef !important;}&#8221;][vc_column width=&#8221;1\/3&#8243; css=&#8221;.vc_custom_1586184811816{margin-right: 1px !important;background-color: #efefef !important;}&#8221;][vc_icon icon_fontawesome=&#8221;fa fa-users&#8221; color=&#8221;custom&#8221; size=&#8221;lg&#8221; align=&#8221;center&#8221; custom_color=&#8221;#00a0af&#8221;][vc_column_text]<\/p>\n<p style=\"text-align: center;\"><strong>\u00c9L\u00c8VES, PARENTS, ENSEIGNANTS<\/strong><br \/>\nTous les supports pour apprendre de fa\u00e7on autonome<\/p>\n<p>[\/vc_column_text][vc_empty_space height=&#8221;10px&#8221;][vc_btn title=&#8221;APPRENDRE&#8221; color=&#8221;green&#8221; align=&#8221;center&#8221; link=&#8221;url:https%3A%2F%2Fjacanada.ethinksites.com%2Fcourse%2Findex.php%3Fcategoryid%3D7||target:%20_blank|&#8221;][\/vc_column][vc_column width=&#8221;1\/3&#8243; css=&#8221;.vc_custom_1586184598648{background-color: #efefef !important;}&#8221;][vc_icon icon_fontawesome=&#8221;fa fa-desktop&#8221; color=&#8221;custom&#8221; size=&#8221;lg&#8221; align=&#8221;center&#8221; custom_color=&#8221;#00a0af&#8221;][vc_column_text]<\/p>\n<p style=\"text-align: center;\"><strong>PROFESSIONNELS, ENTREPRENEURS<\/strong><br \/>\nDevenir un b\u00e9n\u00e9vole virtuel<\/p>\n<p>[\/vc_column_text][vc_empty_space height=&#8221;20px&#8221;][vc_btn title=&#8221;T\u00c9MOIGNER&#8221; color=&#8221;green&#8221; align=&#8221;center&#8221; link=&#8221;url:https%3A%2F%2Fjaquebec.org%2Fbenevole-virtuel%2F%20|||&#8221;][\/vc_column][vc_column width=&#8221;1\/3&#8243; css=&#8221;.vc_custom_1586184609496{background-color: #efefef !important;}&#8221;][vc_icon icon_fontawesome=&#8221;fa fa-usd&#8221; color=&#8221;custom&#8221; size=&#8221;lg&#8221; align=&#8221;center&#8221; custom_color=&#8221;#00a0af&#8221;][vc_column_text]<\/p>\n<p style=\"text-align: center;\"><strong>CONTRIBUTEURS VOLONTAIRES<br \/>\n<\/strong>Soutenir par un don<\/p>\n<p>[\/vc_column_text][vc_empty_space height=&#8221;10px&#8221;][vc_btn title=&#8221;DONNER&#8221; color=&#8221;green&#8221; align=&#8221;center&#8221; link=&#8221;url:https%3A%2F%2Fjaquebec.org%2Ffaire-un-don%2F|||&#8221;][\/vc_column][\/vc_row][vc_row][vc_column][vc_empty_space][\/vc_column][\/vc_row]<\/p>","protected":false},"excerpt":{"rendered":"<p>[vc_row full_width=&#8221;stretch_row_content&#8221; css=&#8221;.vc_custom_1661182098119{margin-top: -80px !important;}&#8221;][vc_column][rev_slider_vc alias=&#8221;accueil-fr-1&#8243;][\/vc_column][\/vc_row][vc_row][vc_column][vc_empty_space height=&#8221;12px&#8221;][vc_column_text] Aujourd\u2019hui est incertain. Demain porte nos espoirs et nos r\u00eaves [\/vc_column_text][vc_empty_space][\/vc_column][\/vc_row][vc_row][vc_column][vc_column_text]Aujourd\u2019hui les \u00e9coles sont ferm\u00e9es. C\u2019est \u00e0 nous, adultes, de construire les ponts pour que nos enfants puissent poursuivre leurs apprentissages. JA Qu\u00e9bec propose gratuitement aux parents et aux enseignants des ressources en ligne qui permettent d\u2019initier nos [&hellip;]<\/p>\n","protected":false},"author":2,"featured_media":0,"parent":0,"menu_order":0,"comment_status":"closed","ping_status":"closed","template":"","meta":{"_lmt_disableupdate":"","_lmt_disable":"","footnotes":""},"class_list":["post-4415","page","type-page","status-publish","hentry"],"_links":{"self":[{"href":"https:\/\/jaquebec.org\/fr\/wp-json\/wp\/v2\/pages\/4415","targetHints":{"allow":["GET"]}}],"collection":[{"href":"https:\/\/jaquebec.org\/fr\/wp-json\/wp\/v2\/pages"}],"about":[{"href":"https:\/\/jaquebec.org\/fr\/wp-json\/wp\/v2\/types\/page"}],"author":[{"embeddable":true,"href":"https:\/\/jaquebec.org\/fr\/wp-json\/wp\/v2\/users\/2"}],"replies":[{"embeddable":true,"href":"https:\/\/jaquebec.org\/fr\/wp-json\/wp\/v2\/comments?post=4415"}],"version-history":[{"count":64,"href":"https:\/\/jaquebec.org\/fr\/wp-json\/wp\/v2\/pages\/4415\/revisions"}],"predecessor-version":[{"id":7906,"href":"https:\/\/jaquebec.org\/fr\/wp-json\/wp\/v2\/pages\/4415\/revisions\/7906"}],"wp:attachment":[{"href":"https:\/\/jaquebec.org\/fr\/wp-json\/wp\/v2\/media?parent=4415"}],"curies":[{"name":"wp","href":"https:\/\/api.w.org\/{rel}","templated":true}]}}