{"id":4944,"date":"2020-10-08T14:35:32","date_gmt":"2020-10-08T18:35:32","guid":{"rendered":"https:\/\/jaquebec.com\/?page_id=4944"},"modified":"2022-08-19T16:52:01","modified_gmt":"2022-08-19T20:52:01","slug":"jean-philippe-gauthier-2","status":"publish","type":"page","link":"https:\/\/jaquebec.org\/fr\/evenements\/midis-conferences-daffaires-2020\/jean-philippe-gauthier-2\/","title":{"rendered":"Jean-Philippe Gauthier"},"content":{"rendered":"<p>[vc_row css=&#8221;.vc_custom_1660942318653{margin-top: -80px !important;}&#8221;][vc_column]<div class='headline with-icon text-center '><i class='fa fa-user'><\/i><h3>Jean-Philippe Gauthier<\/h3><\/div>[vc_single_image image=&#8221;5108&#8243; img_size=&#8221;full&#8221; alignment=&#8221;center&#8221;][vc_empty_space height=&#8221;92px&#8221;][\/vc_column][\/vc_row][vc_row][vc_column width=&#8221;1\/2&#8243;][vc_column_text css=&#8221;.vc_custom_1612806351144{margin-bottom: 45px !important;}&#8221;]Jean-Philippe Gauthier est membre de l&#8217;\u00e9quipe nord-am\u00e9ricaine des plateformes et solutions m\u00e9dias chez Google. Passionn\u00e9 de technologie depuis toujours, il a con\u00e7u son premier logiciel sur un TRS-80 de Radio Shack \u00e0 l\u2019\u00e2ge de onze ans. il continue \u00e0 explorer l&#8217;application pratique des technologies pour aider ses partenaires \u00e0 atteindre leurs objectifs. Son r\u00f4le chez Google consiste \u00e0 \u00e9duquer les gens \u00e0 propos des plateformes et solutions m\u00e9dias, \u00e0 les habiliter \u00e0 bien les utiliser et \u00e0 les inspirer \u00e0 cr\u00e9er des choses hors du commun.<\/p>\n<p>Bachelier en administration des affaires de l\u2019Universit\u00e9 Concordia, Jean-Philippe est dipl\u00f4m\u00e9 de l\u2019Universit\u00e9 Northwestern et de la MIT Sloan School of Management. Il s\u2019est joint \u00e0 Google en 2014 apr\u00e8s avoir occup\u00e9 des postes \u00e0 la haute direction de Mediative, StreamTheWorld, <a href=\"http:\/\/lapresse.ca\/\">Lapresse.ca<\/a>, <a href=\"http:\/\/sympatico.ca\/\">\u00a0Sympatico.ca<\/a>\u00a0et Bell Canada.[\/vc_column_text][\/vc_column][vc_column width=&#8221;1\/2&#8243;]<div class='headline with-icon text-center '><i class='fa fa-credit-card'><\/i><h3>Inscrivez-vous ici!<\/h3><\/div>[vc_column_text css=&#8221;.vc_custom_1612806317267{margin-top: 25px !important;margin-bottom: 35px !important;}&#8221;]<\/p>\n<h3 style=\"text-align: center;\">\u00c9v\u00e9nement termin\u00e9<\/h3>\n<p>[\/vc_column_text][vc_column_text]<\/p>\n<h3 style=\"text-align: center;\">Il n&#8217;est \u00e0 pr\u00e9sent<br \/>\nplus possible de s&#8217;inscrire<\/h3>\n<p>[\/vc_column_text][\/vc_column][\/vc_row]<\/p>","protected":false},"excerpt":{"rendered":"<p>[vc_row css=&#8221;.vc_custom_1660942318653{margin-top: -80px !important;}&#8221;][vc_column][vc_single_image image=&#8221;5108&#8243; img_size=&#8221;full&#8221; alignment=&#8221;center&#8221;][vc_empty_space height=&#8221;92px&#8221;][\/vc_column][\/vc_row][vc_row][vc_column width=&#8221;1\/2&#8243;][vc_column_text css=&#8221;.vc_custom_1612806351144{margin-bottom: 45px !important;}&#8221;]Jean-Philippe Gauthier est membre de l&#8217;\u00e9quipe nord-am\u00e9ricaine des plateformes et solutions m\u00e9dias chez Google. Passionn\u00e9 de technologie depuis toujours, il a con\u00e7u son premier logiciel sur un TRS-80 de Radio Shack \u00e0 l\u2019\u00e2ge de onze ans. il continue \u00e0 explorer l&#8217;application pratique des technologies [&hellip;]<\/p>\n","protected":false},"author":2,"featured_media":0,"parent":4952,"menu_order":0,"comment_status":"closed","ping_status":"closed","template":"","meta":{"_lmt_disableupdate":"","_lmt_disable":"","footnotes":""},"class_list":["post-4944","page","type-page","status-publish","hentry"],"_links":{"self":[{"href":"https:\/\/jaquebec.org\/fr\/wp-json\/wp\/v2\/pages\/4944","targetHints":{"allow":["GET"]}}],"collection":[{"href":"https:\/\/jaquebec.org\/fr\/wp-json\/wp\/v2\/pages"}],"about":[{"href":"https:\/\/jaquebec.org\/fr\/wp-json\/wp\/v2\/types\/page"}],"author":[{"embeddable":true,"href":"https:\/\/jaquebec.org\/fr\/wp-json\/wp\/v2\/users\/2"}],"replies":[{"embeddable":true,"href":"https:\/\/jaquebec.org\/fr\/wp-json\/wp\/v2\/comments?post=4944"}],"version-history":[{"count":17,"href":"https:\/\/jaquebec.org\/fr\/wp-json\/wp\/v2\/pages\/4944\/revisions"}],"predecessor-version":[{"id":7794,"href":"https:\/\/jaquebec.org\/fr\/wp-json\/wp\/v2\/pages\/4944\/revisions\/7794"}],"up":[{"embeddable":true,"href":"https:\/\/jaquebec.org\/fr\/wp-json\/wp\/v2\/pages\/4952"}],"wp:attachment":[{"href":"https:\/\/jaquebec.org\/fr\/wp-json\/wp\/v2\/media?parent=4944"}],"curies":[{"name":"wp","href":"https:\/\/api.w.org\/{rel}","templated":true}]}}