{"id":5193,"date":"2021-02-02T15:15:52","date_gmt":"2021-02-02T20:15:52","guid":{"rendered":"https:\/\/jaquebec.com\/?page_id=5193"},"modified":"2024-09-16T10:24:53","modified_gmt":"2024-09-16T14:24:53","slug":"alumnis-ja-quebec","status":"publish","type":"page","link":"https:\/\/jaquebec.org\/fr\/alumnis-ja-quebec\/","title":{"rendered":"Alumnis JA Qu\u00e9bec"},"content":{"rendered":"<p>[vc_row full_width=&#8221;stretch_row_content&#8221; css=&#8221;.vc_custom_1660849898394{margin-top: -80px !important;}&#8221;][vc_column][vc_single_image image=&#8221;7606&#8243; img_size=&#8221;full&#8221;][\/vc_column][\/vc_row][vc_row css=&#8221;.vc_custom_1660849909575{margin-top: 20px !important;}&#8221;][vc_column]<div class='headline with-icon text-center '><i class='fa fa-graduation-cap'><\/i><h3>Alumni JA Qu\u00e9bec : On aimerait vous retrouver!<\/h3><\/div>[vc_column_text]<\/p>\n<h3 style=\"text-align: center;\">Jeunes, b\u00e9n\u00e9voles, enseignant(e)s, employ\u00e9(e)s, membres du CA, &#8230;<br \/>\nQu&#8217;\u00eates-vous devenus?<\/h3>\n<h4 style=\"text-align: center;\">Que vous ayez particip\u00e9 de pr\u00e8s ou de loin \u00e0 la mission de JA Qu\u00e9bec<br \/>\n(autrefois JE &#8211; jeunes entreprises du Qu\u00e9bec),<br \/>\non veut connaitre votre histoire!<\/h4>\n<p>[\/vc_column_text][\/vc_column][\/vc_row][vc_row css=&#8221;.vc_custom_1619190209014{margin-top: 25px !important;margin-right: -150px !important;margin-left: -150px !important;}&#8221;][vc_column][vc_btn title=&#8221;R\u00e9pondre au questionnaire des Alumnis JA Qu\u00e9bec&#8221; color=&#8221;info&#8221; align=&#8221;center&#8221; i_icon_fontawesome=&#8221;fa fa-calendar-check-o&#8221; css_animation=&#8221;bounceIn&#8221; add_icon=&#8221;true&#8221; link=&#8221;url:https%3A%2F%2Fforms.office.com%2FPages%2FResponsePage.aspx%3Fid%3DM9-kSxOf-ES3Yk6HY8O34S5mzz9MaJJBgNFt5W-AUD5UNEQ5SUhBUDZFSU9DUTBDM0g1MkdKQUE1SyQlQCN0PWcu||target:%20_blank|&#8221; css=&#8221;.vc_custom_1692024025003{margin-top: 25px !important;}&#8221; el_class=&#8221;.bold&#8221;][vc_btn title=&#8221;Rejoindre le groupe Facebook Alumni JA Qu\u00e9bec&#8221; color=&#8221;info&#8221; align=&#8221;center&#8221; i_icon_fontawesome=&#8221;fa fa-users&#8221; css_animation=&#8221;bounceIn&#8221; add_icon=&#8221;true&#8221; link=&#8221;url:https%3A%2F%2Fwww.facebook.com%2Fgroups%2F874631556675245||target:%20_blank|&#8221; el_class=&#8221;.bold&#8221; css=&#8221;.vc_custom_1692024030685{margin-top: 25px !important;}&#8221;][vc_btn title=&#8221;Rejoindre le groupe LinkedIn Alumni JA Qu\u00e9bec&#8221; color=&#8221;info&#8221; align=&#8221;center&#8221; i_icon_fontawesome=&#8221;fa fa-users&#8221; css_animation=&#8221;bounceIn&#8221; add_icon=&#8221;true&#8221; link=&#8221;url:https%3A%2F%2Fwww.linkedin.com%2Fgroups%2F12526857%2F||target:%20_blank|&#8221; el_class=&#8221;.bold&#8221; css=&#8221;.vc_custom_1692024037046{margin-top: 25px !important;}&#8221;][\/vc_column][\/vc_row][vc_row css=&#8221;.vc_custom_1612395628312{margin-top: 25px !important;}&#8221;][vc_column][vc_single_image image=&#8221;7920&#8243; img_size=&#8221;full&#8221; alignment=&#8221;center&#8221;]<div class='headline with-icon text-center '><i class='berlin-icon-microphone2'><\/i><h3>AUX ALUMNIS QUI SOUHAITENT S'IMPLIQUER CHEZ JA QU\u00c9BEC<\/h3><\/div>[vc_column_text css=&#8221;.vc_custom_1661197921510{margin-top: 50px !important;margin-bottom: 40px !important;}&#8221;]<\/p>\n<h4 style=\"text-align: left;\"><strong>Devenez conseiller b\u00e9n\u00e9vole pour les entreprises \u00e9tudiantes<\/strong><\/h4>\n<p>&nbsp;<\/p>\n<h4 style=\"text-align: right;\"><strong>Devenez mentor b\u00e9n\u00e9vole pour les programmes courts (ateliers de quelques heures),<\/strong><\/h4>\n<p>&nbsp;<\/p>\n<h4 style=\"text-align: left;\"><strong>Participez \u00e0 la cr\u00e9ation d&#8217;une courte vid\u00e9o \u00e9ducative,<\/strong><\/h4>\n<p>&nbsp;<\/p>\n<h4 style=\"text-align: right;\"><strong>R\u00e9f\u00e9rez-nous une ou plusieurs personnes int\u00e9ress\u00e9es \u00e0 devenir b\u00e9n\u00e9vole,<\/strong><\/h4>\n<p>&nbsp;<\/p>\n<h4 style=\"text-align: left;\"><strong>R\u00e9f\u00e9rez-nous un ou plusieurs contacts dans une \u00e9cole (primaire ou secondaire),<\/strong><\/h4>\n<p>&nbsp;<\/p>\n<h4 style=\"text-align: right;\"><strong>Aimez et publiez les informations de JA Qu\u00e9bec sur les r\u00e9seaux sociaux,<\/strong><\/h4>\n<p>&nbsp;<\/p>\n<h4 style=\"text-align: left;\"><strong>Choisissez votre propre implication!<\/strong><\/h4>\n<p>[\/vc_column_text][\/vc_column][\/vc_row]<\/p>","protected":false},"excerpt":{"rendered":"<p>[vc_row full_width=&#8221;stretch_row_content&#8221; css=&#8221;.vc_custom_1660849898394{margin-top: -80px !important;}&#8221;][vc_column][vc_single_image image=&#8221;7606&#8243; img_size=&#8221;full&#8221;][\/vc_column][\/vc_row][vc_row css=&#8221;.vc_custom_1660849909575{margin-top: 20px !important;}&#8221;][vc_column][vc_column_text] Jeunes, b\u00e9n\u00e9voles, enseignant(e)s, employ\u00e9(e)s, membres du CA, &#8230; Qu&#8217;\u00eates-vous devenus? Que vous ayez particip\u00e9 de pr\u00e8s ou de loin \u00e0 la mission de JA Qu\u00e9bec (autrefois JE &#8211; jeunes entreprises du Qu\u00e9bec), on veut connaitre votre histoire! [\/vc_column_text][\/vc_column][\/vc_row][vc_row css=&#8221;.vc_custom_1619190209014{margin-top: 25px !important;margin-right: -150px !important;margin-left: -150px !important;}&#8221;][vc_column][vc_btn [&hellip;]<\/p>\n","protected":false},"author":2,"featured_media":0,"parent":0,"menu_order":0,"comment_status":"closed","ping_status":"closed","template":"","meta":{"_lmt_disableupdate":"","_lmt_disable":"","footnotes":""},"class_list":["post-5193","page","type-page","status-publish","hentry"],"_links":{"self":[{"href":"https:\/\/jaquebec.org\/fr\/wp-json\/wp\/v2\/pages\/5193","targetHints":{"allow":["GET"]}}],"collection":[{"href":"https:\/\/jaquebec.org\/fr\/wp-json\/wp\/v2\/pages"}],"about":[{"href":"https:\/\/jaquebec.org\/fr\/wp-json\/wp\/v2\/types\/page"}],"author":[{"embeddable":true,"href":"https:\/\/jaquebec.org\/fr\/wp-json\/wp\/v2\/users\/2"}],"replies":[{"embeddable":true,"href":"https:\/\/jaquebec.org\/fr\/wp-json\/wp\/v2\/comments?post=5193"}],"version-history":[{"count":40,"href":"https:\/\/jaquebec.org\/fr\/wp-json\/wp\/v2\/pages\/5193\/revisions"}],"predecessor-version":[{"id":12671,"href":"https:\/\/jaquebec.org\/fr\/wp-json\/wp\/v2\/pages\/5193\/revisions\/12671"}],"wp:attachment":[{"href":"https:\/\/jaquebec.org\/fr\/wp-json\/wp\/v2\/media?parent=5193"}],"curies":[{"name":"wp","href":"https:\/\/api.w.org\/{rel}","templated":true}]}}