{"id":5418,"date":"2020-11-10T16:34:52","date_gmt":"2020-11-10T21:34:52","guid":{"rendered":"https:\/\/jaquebec.com\/?page_id=5418"},"modified":"2022-08-19T15:08:19","modified_gmt":"2022-08-19T19:08:19","slug":"nouvelles","status":"publish","type":"page","link":"https:\/\/jaquebec.org\/fr\/nouvelles\/","title":{"rendered":"Nouvelles"},"content":{"rendered":"<p>[vc_row full_width=&#8221;stretch_row_content&#8221;][vc_column][vc_single_image image=&#8221;7631&#8243; img_size=&#8221;full&#8221; css=&#8221;.vc_custom_1660935935426{margin-top: -80px !important;}&#8221;][\/vc_column][\/vc_row][vc_row][vc_column]<div class='headline with-icon text-center '><i class='berlin-icon-three'><\/i><h3>NOS NOUVELLES<\/h3><\/div>[vc_column_text]<\/p>\n<h4 style=\"text-align: left; color: #008000;\"><strong>Vous trouverez ci-dessous les nouvelles et \u00e9v\u00e9nements pr\u00e9sents et pass\u00e9s!<\/strong><\/h4>\n<p>[\/vc_column_text][vc_empty_space height=&#8221;50px&#8221;][vc_column_text]<div class=\"pt-cv-wrapper\"><div class=\"pt-cv-view pt-cv-grid pt-cv-colsys\" id=\"pt-cv-view-46b3e6bp2b\"><div data-id=\"pt-cv-page-1\" class=\"pt-cv-page\" data-cvc=\"2\"><div class=\"col-md-6 col-sm-6 col-xs-12 pt-cv-content-item pt-cv-2-col\" ><div class='pt-cv-ifield'><a href=\"https:\/\/jaquebec.org\/fr\/2025\/08\/29\/agente-de-coordination-programmes-scolaires\/\" class=\"_self pt-cv-href-thumbnail pt-cv-thumb-left\" target=\"_self\" ><\/a>\n<div class=\"pt-cv-colwrap\"><h5 class=\"pt-cv-title\"><a href=\"https:\/\/jaquebec.org\/fr\/2025\/08\/29\/agente-de-coordination-programmes-scolaires\/\" class=\"_self\" target=\"_self\" >OFFRE D&#8217;EMPLOI &#8211; Agent(e) de coordination, programmes scolaires<\/a><\/h5><div class=\"pt-cv-meta-fields\"><span class=\"entry-date\"> <time datetime=\"2025-08-29T16:04:37+00:00\">29 ao\u00fbt 2025<\/time><\/span><\/div><\/div><\/div><\/div>\n<div class=\"col-md-6 col-sm-6 col-xs-12 pt-cv-content-item pt-cv-2-col\" ><div class='pt-cv-ifield'><a href=\"https:\/\/jaquebec.org\/fr\/2025\/08\/29\/offre-demploi-responsable-developpement-philanthropique-et-partenariats\/\" class=\"_self pt-cv-href-thumbnail pt-cv-thumb-left\" target=\"_self\" ><img loading=\"lazy\" decoding=\"async\" width=\"150\" height=\"150\" src=\"https:\/\/jaquebec.org\/wp-content\/uploads\/2023\/05\/Sans-titre-300-\u00d7-300-px-9-min-150x150.png\" class=\"pt-cv-thumbnail pull-left\" alt=\"\" srcset=\"https:\/\/jaquebec.org\/wp-content\/uploads\/2023\/05\/Sans-titre-300-\u00d7-300-px-9-min-150x150.png 150w, https:\/\/jaquebec.org\/wp-content\/uploads\/2023\/05\/Sans-titre-300-\u00d7-300-px-9-min.png 300w, https:\/\/jaquebec.org\/wp-content\/uploads\/2023\/05\/Sans-titre-300-\u00d7-300-px-9-min-100x100.png 100w\" sizes=\"auto, (max-width: 150px) 100vw, 150px\" \/><\/a>\n<div class=\"pt-cv-colwrap\"><h5 class=\"pt-cv-title\"><a href=\"https:\/\/jaquebec.org\/fr\/2025\/08\/29\/offre-demploi-responsable-developpement-philanthropique-et-partenariats\/\" class=\"_self\" target=\"_self\" >OFFRE D&#8217;EMPLOI &#8211; Responsable d\u00e9veloppement philanthropique et partenariats<\/a><\/h5><div class=\"pt-cv-meta-fields\"><span class=\"entry-date\"> <time datetime=\"2025-08-29T15:56:52+00:00\">29 ao\u00fbt 2025<\/time><\/span><\/div><\/div><\/div><\/div>\n<div class=\"col-md-6 col-sm-6 col-xs-12 pt-cv-content-item pt-cv-2-col\" ><div class='pt-cv-ifield'><a href=\"https:\/\/jaquebec.org\/fr\/2025\/04\/25\/celebrer-la-jeunesse-entrepreneuriale-au-gala-de-la-releve-2024-2025\/\" class=\"_self pt-cv-href-thumbnail pt-cv-thumb-left\" target=\"_self\" ><img loading=\"lazy\" decoding=\"async\" width=\"150\" height=\"150\" src=\"https:\/\/jaquebec.org\/wp-content\/uploads\/2025\/07\/54500880147_04eba941ec_c-e1751998313619-150x150.jpg\" class=\"pt-cv-thumbnail pull-left\" alt=\"\" srcset=\"https:\/\/jaquebec.org\/wp-content\/uploads\/2025\/07\/54500880147_04eba941ec_c-e1751998313619-150x150.jpg 150w, https:\/\/jaquebec.org\/wp-content\/uploads\/2025\/07\/54500880147_04eba941ec_c-e1751998313619-100x100.jpg 100w, https:\/\/jaquebec.org\/wp-content\/uploads\/2025\/07\/54500880147_04eba941ec_c-e1751998313619-380x380.jpg 380w\" sizes=\"auto, (max-width: 150px) 100vw, 150px\" \/><\/a>\n<div class=\"pt-cv-colwrap\"><h5 class=\"pt-cv-title\"><a href=\"https:\/\/jaquebec.org\/fr\/2025\/04\/25\/celebrer-la-jeunesse-entrepreneuriale-au-gala-de-la-releve-2024-2025\/\" class=\"_self\" target=\"_self\" >C\u00e9l\u00e9brer la jeunesse entrepreneuriale au Gala de la rel\u00e8ve 2024-2025<\/a><\/h5><div class=\"pt-cv-meta-fields\"><span class=\"entry-date\"> <time datetime=\"2025-04-25T12:02:40+00:00\">25 avril 2025<\/time><\/span><\/div><\/div><\/div><\/div>\n<div class=\"col-md-6 col-sm-6 col-xs-12 pt-cv-content-item pt-cv-2-col\" ><div class='pt-cv-ifield'><a href=\"https:\/\/jaquebec.org\/fr\/2025\/03\/10\/ja-quebec-et-cfa-montreal-ensemble-pour-la-litteratie-financiere-des-jeunes\/\" class=\"_self pt-cv-href-thumbnail pt-cv-thumb-left\" target=\"_self\" ><img loading=\"lazy\" decoding=\"async\" width=\"150\" height=\"150\" src=\"https:\/\/jaquebec.org\/wp-content\/uploads\/2025\/03\/InvestPact_cheque-Photo-OFFICIEL-150x150.jpg\" class=\"pt-cv-thumbnail pull-left\" alt=\"\" srcset=\"https:\/\/jaquebec.org\/wp-content\/uploads\/2025\/03\/InvestPact_cheque-Photo-OFFICIEL-150x150.jpg 150w, https:\/\/jaquebec.org\/wp-content\/uploads\/2025\/03\/InvestPact_cheque-Photo-OFFICIEL-100x100.jpg 100w, https:\/\/jaquebec.org\/wp-content\/uploads\/2025\/03\/InvestPact_cheque-Photo-OFFICIEL-190x190.jpg 190w\" sizes=\"auto, (max-width: 150px) 100vw, 150px\" \/><\/a>\n<div class=\"pt-cv-colwrap\"><h5 class=\"pt-cv-title\"><a href=\"https:\/\/jaquebec.org\/fr\/2025\/03\/10\/ja-quebec-et-cfa-montreal-ensemble-pour-la-litteratie-financiere-des-jeunes\/\" class=\"_self\" target=\"_self\" >JA Qu\u00e9bec et CFA Montr\u00e9al : Ensemble pour la litt\u00e9ratie financi\u00e8re des jeunes<\/a><\/h5><div class=\"pt-cv-meta-fields\"><span class=\"entry-date\"> <time datetime=\"2025-03-10T15:45:35+00:00\">10 mars 2025<\/time><\/span><\/div><\/div><\/div><\/div>\n<div class=\"col-md-6 col-sm-6 col-xs-12 pt-cv-content-item pt-cv-2-col\" ><div class='pt-cv-ifield'><a href=\"https:\/\/jaquebec.org\/fr\/2025\/02\/26\/participation-au-gala-benefice-de-la-releve-2025\/\" class=\"_self pt-cv-href-thumbnail pt-cv-thumb-left\" target=\"_self\" ><img loading=\"lazy\" decoding=\"async\" width=\"150\" height=\"150\" src=\"https:\/\/jaquebec.org\/wp-content\/uploads\/2025\/02\/Untitled-design-13-150x150.png\" class=\"pt-cv-thumbnail pull-left\" alt=\"\" srcset=\"https:\/\/jaquebec.org\/wp-content\/uploads\/2025\/02\/Untitled-design-13-150x150.png 150w, https:\/\/jaquebec.org\/wp-content\/uploads\/2025\/02\/Untitled-design-13-100x100.png 100w\" sizes=\"auto, (max-width: 150px) 100vw, 150px\" \/><\/a>\n<div class=\"pt-cv-colwrap\"><h5 class=\"pt-cv-title\"><a href=\"https:\/\/jaquebec.org\/fr\/2025\/02\/26\/participation-au-gala-benefice-de-la-releve-2025\/\" class=\"_self\" target=\"_self\" >PARTICIPATION AU GALA B\u00c9N\u00c9FICE DE LA REL\u00c8VE 2025<\/a><\/h5><div class=\"pt-cv-meta-fields\"><span class=\"entry-date\"> <time datetime=\"2025-02-26T16:09:35+00:00\">26 f\u00e9vrier 2025<\/time><\/span><\/div><\/div><\/div><\/div>\n<div class=\"col-md-6 col-sm-6 col-xs-12 pt-cv-content-item pt-cv-2-col\" ><div class='pt-cv-ifield'><a href=\"https:\/\/jaquebec.org\/fr\/2025\/02\/13\/congres-officiel-de-la-jeunesse-entrepreneuriale-du-quebec-2025\/\" class=\"_self pt-cv-href-thumbnail pt-cv-thumb-left\" target=\"_self\" ><img loading=\"lazy\" decoding=\"async\" width=\"150\" height=\"150\" src=\"https:\/\/jaquebec.org\/wp-content\/uploads\/2025\/02\/bannieres-COJEQ-150x150.png\" class=\"pt-cv-thumbnail pull-left\" alt=\"\" srcset=\"https:\/\/jaquebec.org\/wp-content\/uploads\/2025\/02\/bannieres-COJEQ-150x150.png 150w, https:\/\/jaquebec.org\/wp-content\/uploads\/2025\/02\/bannieres-COJEQ-100x100.png 100w, https:\/\/jaquebec.org\/wp-content\/uploads\/2025\/02\/bannieres-COJEQ-380x380.png 380w\" sizes=\"auto, (max-width: 150px) 100vw, 150px\" \/><\/a>\n<div class=\"pt-cv-colwrap\"><h5 class=\"pt-cv-title\"><a href=\"https:\/\/jaquebec.org\/fr\/2025\/02\/13\/congres-officiel-de-la-jeunesse-entrepreneuriale-du-quebec-2025\/\" class=\"_self\" target=\"_self\" >Congr\u00e8s officiel de la jeunesse entrepreneuriale du Qu\u00e9bec 2025<\/a><\/h5><div class=\"pt-cv-meta-fields\"><span class=\"entry-date\"> <time datetime=\"2025-02-13T16:24:30+00:00\">13 f\u00e9vrier 2025<\/time><\/span><\/div><\/div><\/div><\/div>\n<div class=\"col-md-6 col-sm-6 col-xs-12 pt-cv-content-item pt-cv-2-col\" ><div class='pt-cv-ifield'><a href=\"https:\/\/jaquebec.org\/fr\/2024\/10\/15\/decouvrez-notre-rapport-annuel-2023-2024\/\" class=\"_self pt-cv-href-thumbnail pt-cv-thumb-left\" target=\"_self\" ><img loading=\"lazy\" decoding=\"async\" width=\"150\" height=\"150\" src=\"https:\/\/jaquebec.org\/wp-content\/uploads\/2024\/10\/Page-de-couverture-1-2-150x150.png\" class=\"pt-cv-thumbnail pull-left\" alt=\"\" srcset=\"https:\/\/jaquebec.org\/wp-content\/uploads\/2024\/10\/Page-de-couverture-1-2-150x150.png 150w, https:\/\/jaquebec.org\/wp-content\/uploads\/2024\/10\/Page-de-couverture-1-2-100x100.png 100w\" sizes=\"auto, (max-width: 150px) 100vw, 150px\" \/><\/a>\n<div class=\"pt-cv-colwrap\"><h5 class=\"pt-cv-title\"><a href=\"https:\/\/jaquebec.org\/fr\/2024\/10\/15\/decouvrez-notre-rapport-annuel-2023-2024\/\" class=\"_self\" target=\"_self\" >D\u00e9couvrez notre rapport annuel 2023-2024<\/a><\/h5><div class=\"pt-cv-meta-fields\"><span class=\"entry-date\"> <time datetime=\"2024-10-15T10:25:00+00:00\">15 octobre 2024<\/time><\/span><\/div><\/div><\/div><\/div>\n<div class=\"col-md-6 col-sm-6 col-xs-12 pt-cv-content-item pt-cv-2-col\" ><div class='pt-cv-ifield'><a href=\"https:\/\/jaquebec.org\/fr\/2024\/08\/22\/offre-demploi-adjointe-programmes-et-administration\/\" class=\"_self pt-cv-href-thumbnail pt-cv-thumb-left\" target=\"_self\" ><img loading=\"lazy\" decoding=\"async\" width=\"150\" height=\"150\" src=\"https:\/\/jaquebec.org\/wp-content\/uploads\/2023\/05\/Sans-titre-300-\u00d7-300-px-9-min-150x150.png\" class=\"pt-cv-thumbnail pull-left\" alt=\"\" srcset=\"https:\/\/jaquebec.org\/wp-content\/uploads\/2023\/05\/Sans-titre-300-\u00d7-300-px-9-min-150x150.png 150w, https:\/\/jaquebec.org\/wp-content\/uploads\/2023\/05\/Sans-titre-300-\u00d7-300-px-9-min.png 300w, https:\/\/jaquebec.org\/wp-content\/uploads\/2023\/05\/Sans-titre-300-\u00d7-300-px-9-min-100x100.png 100w\" sizes=\"auto, (max-width: 150px) 100vw, 150px\" \/><\/a>\n<div class=\"pt-cv-colwrap\"><h5 class=\"pt-cv-title\"><a href=\"https:\/\/jaquebec.org\/fr\/2024\/08\/22\/offre-demploi-adjointe-programmes-et-administration\/\" class=\"_self\" target=\"_self\" >OFFRE D\u2019EMPLOI Adjoint(e) aux programmes<\/a><\/h5><div class=\"pt-cv-meta-fields\"><span class=\"entry-date\"> <time datetime=\"2024-08-22T15:33:29+00:00\">22 ao\u00fbt 2024<\/time><\/span><\/div><\/div><\/div><\/div>\n<div class=\"col-md-6 col-sm-6 col-xs-12 pt-cv-content-item pt-cv-2-col\" ><div class='pt-cv-ifield'><a href=\"https:\/\/jaquebec.org\/fr\/2024\/05\/01\/cfa-montreal-simplique-concretement-dans-la-litteratie-financiere-des-jeunes\/\" class=\"_self pt-cv-href-thumbnail pt-cv-thumb-left\" target=\"_self\" ><img loading=\"lazy\" decoding=\"async\" width=\"150\" height=\"150\" src=\"https:\/\/jaquebec.org\/wp-content\/uploads\/2024\/05\/CFA-PartenariatJA-Web3-FR-150x150.jpg\" class=\"pt-cv-thumbnail pull-left\" alt=\"\" srcset=\"https:\/\/jaquebec.org\/wp-content\/uploads\/2024\/05\/CFA-PartenariatJA-Web3-FR-150x150.jpg 150w, https:\/\/jaquebec.org\/wp-content\/uploads\/2024\/05\/CFA-PartenariatJA-Web3-FR-100x100.jpg 100w, https:\/\/jaquebec.org\/wp-content\/uploads\/2024\/05\/CFA-PartenariatJA-Web3-FR-380x380.jpg 380w\" sizes=\"auto, (max-width: 150px) 100vw, 150px\" \/><\/a>\n<div class=\"pt-cv-colwrap\"><h5 class=\"pt-cv-title\"><a href=\"https:\/\/jaquebec.org\/fr\/2024\/05\/01\/cfa-montreal-simplique-concretement-dans-la-litteratie-financiere-des-jeunes\/\" class=\"_self\" target=\"_self\" >CFA Montr\u00e9al s\u2019implique concr\u00e8tement dans la litt\u00e9ratie financi\u00e8re des jeunes<\/a><\/h5><div class=\"pt-cv-meta-fields\"><span class=\"entry-date\"> <time datetime=\"2024-05-01T10:00:14+00:00\">1 mai 2024<\/time><\/span><\/div><\/div><\/div><\/div>\n<div class=\"col-md-6 col-sm-6 col-xs-12 pt-cv-content-item pt-cv-2-col\" ><div class='pt-cv-ifield'><a href=\"https:\/\/jaquebec.org\/fr\/2024\/03\/05\/retour-sur-latelier-dragons-au-cegep-edouard-montpetit\/\" class=\"_self pt-cv-href-thumbnail pt-cv-thumb-left\" target=\"_self\" ><img loading=\"lazy\" decoding=\"async\" width=\"150\" height=\"150\" src=\"https:\/\/jaquebec.org\/wp-content\/uploads\/2024\/03\/Creation-sans-titre-2024-03-05T145642.034-1-150x150.png\" class=\"pt-cv-thumbnail pull-left\" alt=\"\" srcset=\"https:\/\/jaquebec.org\/wp-content\/uploads\/2024\/03\/Creation-sans-titre-2024-03-05T145642.034-1-150x150.png 150w, https:\/\/jaquebec.org\/wp-content\/uploads\/2024\/03\/Creation-sans-titre-2024-03-05T145642.034-1.png 300w, https:\/\/jaquebec.org\/wp-content\/uploads\/2024\/03\/Creation-sans-titre-2024-03-05T145642.034-1-100x100.png 100w\" sizes=\"auto, (max-width: 150px) 100vw, 150px\" \/><\/a>\n<div class=\"pt-cv-colwrap\"><h5 class=\"pt-cv-title\"><a href=\"https:\/\/jaquebec.org\/fr\/2024\/03\/05\/retour-sur-latelier-dragons-au-cegep-edouard-montpetit\/\" class=\"_self\" target=\"_self\" >Retour sur l&#8217;Atelier Dragons au C\u00e9gep \u00c9douard-Montpetit<\/a><\/h5><div class=\"pt-cv-meta-fields\"><span class=\"entry-date\"> <time datetime=\"2024-03-05T15:31:09+00:00\">5 mars 2024<\/time><\/span><\/div><\/div><\/div><\/div>\n<div class=\"col-md-6 col-sm-6 col-xs-12 pt-cv-content-item pt-cv-2-col\" ><div class='pt-cv-ifield'><a href=\"https:\/\/jaquebec.org\/fr\/2024\/03\/04\/gala-benefice-de-la-releve-entrepreneuriale-2024\/\" class=\"_self pt-cv-href-thumbnail pt-cv-thumb-left\" target=\"_self\" ><img loading=\"lazy\" decoding=\"async\" width=\"150\" height=\"150\" src=\"https:\/\/jaquebec.org\/wp-content\/uploads\/2024\/06\/A7400117-Enhanced-NR-min-3-150x150.jpg\" class=\"pt-cv-thumbnail pull-left\" alt=\"\" srcset=\"https:\/\/jaquebec.org\/wp-content\/uploads\/2024\/06\/A7400117-Enhanced-NR-min-3-150x150.jpg 150w, https:\/\/jaquebec.org\/wp-content\/uploads\/2024\/06\/A7400117-Enhanced-NR-min-3-100x100.jpg 100w\" sizes=\"auto, (max-width: 150px) 100vw, 150px\" \/><\/a>\n<div class=\"pt-cv-colwrap\"><h5 class=\"pt-cv-title\"><a href=\"https:\/\/jaquebec.org\/fr\/2024\/03\/04\/gala-benefice-de-la-releve-entrepreneuriale-2024\/\" class=\"_self\" target=\"_self\" >Gala b\u00e9n\u00e9fice de la rel\u00e8ve entrepreneuriale 2024<\/a><\/h5><div class=\"pt-cv-meta-fields\"><span class=\"entry-date\"> <time datetime=\"2024-03-04T15:42:51+00:00\">4 mars 2024<\/time><\/span><\/div><\/div><\/div><\/div>\n<div class=\"col-md-6 col-sm-6 col-xs-12 pt-cv-content-item pt-cv-2-col\" ><div class='pt-cv-ifield'><a href=\"https:\/\/jaquebec.org\/fr\/2024\/02\/28\/journee-immersive-dans-le-monde-des-metiers-specialises-et-de-la-technologie-au-college-la-cite\/\" class=\"_self pt-cv-href-thumbnail pt-cv-thumb-left\" target=\"_self\" ><img loading=\"lazy\" decoding=\"async\" width=\"150\" height=\"150\" src=\"https:\/\/jaquebec.org\/wp-content\/uploads\/2024\/02\/Creation-sans-titre-2024-02-28T145701.744-min-150x150.png\" class=\"pt-cv-thumbnail pull-left\" alt=\"\" srcset=\"https:\/\/jaquebec.org\/wp-content\/uploads\/2024\/02\/Creation-sans-titre-2024-02-28T145701.744-min-150x150.png 150w, https:\/\/jaquebec.org\/wp-content\/uploads\/2024\/02\/Creation-sans-titre-2024-02-28T145701.744-min.png 300w, https:\/\/jaquebec.org\/wp-content\/uploads\/2024\/02\/Creation-sans-titre-2024-02-28T145701.744-min-100x100.png 100w\" sizes=\"auto, (max-width: 150px) 100vw, 150px\" \/><\/a>\n<div class=\"pt-cv-colwrap\"><h5 class=\"pt-cv-title\"><a href=\"https:\/\/jaquebec.org\/fr\/2024\/02\/28\/journee-immersive-dans-le-monde-des-metiers-specialises-et-de-la-technologie-au-college-la-cite\/\" class=\"_self\" target=\"_self\" >Journ\u00e9e immersive dans le monde des m\u00e9tiers sp\u00e9cialis\u00e9s et de la technologie au Coll\u00e8ge La Cit\u00e9<\/a><\/h5><div class=\"pt-cv-meta-fields\"><span class=\"entry-date\"> <time datetime=\"2024-02-28T15:10:08+00:00\">28 f\u00e9vrier 2024<\/time><\/span><\/div><\/div><\/div><\/div><\/div><\/div>\n<div class=\" pt-cv-pagination-wrapper\"><ul class=\"pt-cv-pagination pt-cv-normal pagination\" data-totalpages=\"12\" data-currentpage=\"1\" data-sid=\"46b3e6bp2b\" data-unid=\"\" data-isblock=\"\" data-postid=\"\"><li class=\"active\"><a href=\"#\">1<\/a><\/li>\n\t<li ><a class=\"\" href=\"https:\/\/jaquebec.org\/fr\/wp-json\/wp\/v2\/pages\/5418\/?_page=2\">2<\/a><\/li>\n\t<li ><a class=\"\" href=\"https:\/\/jaquebec.org\/fr\/wp-json\/wp\/v2\/pages\/5418\/?_page=3\">3<\/a><\/li>\n\t<li ><a href=\"#\">\u2026<\/a><\/li>\n\t<li ><a class=\"\" href=\"https:\/\/jaquebec.org\/fr\/wp-json\/wp\/v2\/pages\/5418\/?_page=12\">12<\/a><\/li>\n\t<li ><a class=\" \" href=\"https:\/\/jaquebec.org\/fr\/wp-json\/wp\/v2\/pages\/5418\/?_page=2\">&rsaquo;<\/a><\/li>\n\t<\/ul><img loading=\"lazy\" decoding=\"async\" width=\"15\" height=\"15\" class=\"pt-cv-spinner\" alt=\"Chargement\u2026\" src=\"data:image\/gif;base64,R0lGODlhDwAPALMPAMrKygwMDJOTkz09PZWVla+vr3p6euTk5M7OzuXl5TMzMwAAAJmZmWZmZszMzP\/\/\/yH\/C05FVFNDQVBFMi4wAwEAAAAh+QQFCgAPACwAAAAADwAPAAAEQvDJaZaZOIcV8iQK8VRX4iTYoAwZ4iCYoAjZ4RxejhVNoT+mRGP4cyF4Pp0N98sBGIBMEMOotl6YZ3S61Bmbkm4mAgAh+QQFCgAPACwAAAAADQANAAAENPDJSRSZeA418itN8QiK8BiLITVsFiyBBIoYqnoewAD4xPw9iY4XLGYSjkQR4UAUD45DLwIAIfkEBQoADwAsAAAAAA8ACQAABC\/wyVlamTi3nSdgwFNdhEJgTJoNyoB9ISYoQmdjiZPcj7EYCAeCF1gEDo4Dz2eIAAAh+QQFCgAPACwCAAAADQANAAAEM\/DJBxiYeLKdX3IJZT1FU0iIg2RNKx3OkZVnZ98ToRD4MyiDnkAh6BkNC0MvsAj0kMpHBAAh+QQFCgAPACwGAAAACQAPAAAEMDC59KpFDll73HkAA2wVY5KgiK5b0RRoI6MuzG6EQqCDMlSGheEhUAgqgUUAFRySIgAh+QQFCgAPACwCAAIADQANAAAEM\/DJKZNLND\/kkKaHc3xk+QAMYDKsiaqmZCxGVjSFFCxB1vwy2oOgIDxuucxAMTAJFAJNBAAh+QQFCgAPACwAAAYADwAJAAAEMNAs86q1yaWwwv2Ig0jUZx3OYa4XoRAfwADXoAwfo1+CIjyFRuEho60aSNYlOPxEAAAh+QQFCgAPACwAAAIADQANAAAENPA9s4y8+IUVcqaWJ4qEQozSoAzoIyhCK2NFU2SJk0hNnyEOhKR2AzAAj4Pj4GE4W0bkJQIAOw==\" \/><div class=\"clear pt-cv-clear-pagination\"><\/div><\/div><\/div>[\/vc_column_text][vc_empty_space][\/vc_column][\/vc_row][vc_row][vc_column][vc_column_text]<\/p>\n<p>[\/vc_column_text][\/vc_column][\/vc_row][vc_row full_width=&#8221;stretch_row&#8221; parallax=&#8221;stellar&#8221; parallax_image=&#8221;7611&#8243; overlay_enable=&#8221;1&#8243; overlay_color=&#8221;#285f74&#8243; overlay_opacity=&#8221;0.6&#8243; css=&#8221;.vc_custom_1660849039556{padding-top: 150px !important;padding-bottom: 120px !important;}&#8221; berlin_font_color=&#8221;#ffffff&#8221;][vc_column width=&#8221;1\/4&#8243;][vc_btn title=&#8221;Donnez maintenant&#8221; style=&#8221;custom&#8221; custom_background=&#8221;#e3e24f&#8221; custom_text=&#8221;#22404d&#8221; size=&#8221;lg&#8221; align=&#8221;center&#8221; link=&#8221;url:https%3A%2F%2Fjaquebec.org%2Ffaire-un-don%2F|title:Donnez%20maintenant||&#8221; el_class=&#8221;.bold&#8221;][\/vc_column][vc_column width=&#8221;3\/4&#8243;][vc_column_text]<strong><span style=\"font-family: Montserrat; font-size: 22px;\">Merci d\u2019encourager JA Qu\u00e9bec! Votre don nous permet de continuer \u00e0 offrir nos programmes gratuitement<\/span><\/strong>[\/vc_column_text][\/vc_column][\/vc_row]<\/p>","protected":false},"excerpt":{"rendered":"<p>[vc_row full_width=&#8221;stretch_row_content&#8221;][vc_column][vc_single_image image=&#8221;7631&#8243; img_size=&#8221;full&#8221; css=&#8221;.vc_custom_1660935935426{margin-top: -80px !important;}&#8221;][\/vc_column][\/vc_row][vc_row][vc_column][vc_column_text] Vous trouverez ci-dessous les nouvelles et \u00e9v\u00e9nements pr\u00e9sents et pass\u00e9s! [\/vc_column_text][vc_empty_space height=&#8221;50px&#8221;][vc_column_text][\/vc_column_text][vc_empty_space][\/vc_column][\/vc_row][vc_row][vc_column][vc_column_text] [\/vc_column_text][\/vc_column][\/vc_row][vc_row full_width=&#8221;stretch_row&#8221; parallax=&#8221;stellar&#8221; parallax_image=&#8221;7611&#8243; overlay_enable=&#8221;1&#8243; overlay_color=&#8221;#285f74&#8243; overlay_opacity=&#8221;0.6&#8243; css=&#8221;.vc_custom_1660849039556{padding-top: 150px !important;padding-bottom: 120px !important;}&#8221; berlin_font_color=&#8221;#ffffff&#8221;][vc_column width=&#8221;1\/4&#8243;][vc_btn title=&#8221;Donnez maintenant&#8221; style=&#8221;custom&#8221; custom_background=&#8221;#e3e24f&#8221; custom_text=&#8221;#22404d&#8221; size=&#8221;lg&#8221; align=&#8221;center&#8221; link=&#8221;url:https%3A%2F%2Fjaquebec.org%2Ffaire-un-don%2F|title:Donnez%20maintenant||&#8221; el_class=&#8221;.bold&#8221;][\/vc_column][vc_column width=&#8221;3\/4&#8243;][vc_column_text]Merci d\u2019encourager JA Qu\u00e9bec! Votre don nous permet de continuer \u00e0 offrir nos [&hellip;]<\/p>\n","protected":false},"author":2,"featured_media":0,"parent":0,"menu_order":0,"comment_status":"closed","ping_status":"closed","template":"","meta":{"_lmt_disableupdate":"","_lmt_disable":"","footnotes":""},"class_list":["post-5418","page","type-page","status-publish","hentry"],"_links":{"self":[{"href":"https:\/\/jaquebec.org\/fr\/wp-json\/wp\/v2\/pages\/5418","targetHints":{"allow":["GET"]}}],"collection":[{"href":"https:\/\/jaquebec.org\/fr\/wp-json\/wp\/v2\/pages"}],"about":[{"href":"https:\/\/jaquebec.org\/fr\/wp-json\/wp\/v2\/types\/page"}],"author":[{"embeddable":true,"href":"https:\/\/jaquebec.org\/fr\/wp-json\/wp\/v2\/users\/2"}],"replies":[{"embeddable":true,"href":"https:\/\/jaquebec.org\/fr\/wp-json\/wp\/v2\/comments?post=5418"}],"version-history":[{"count":28,"href":"https:\/\/jaquebec.org\/fr\/wp-json\/wp\/v2\/pages\/5418\/revisions"}],"predecessor-version":[{"id":7715,"href":"https:\/\/jaquebec.org\/fr\/wp-json\/wp\/v2\/pages\/5418\/revisions\/7715"}],"wp:attachment":[{"href":"https:\/\/jaquebec.org\/fr\/wp-json\/wp\/v2\/media?parent=5418"}],"curies":[{"name":"wp","href":"https:\/\/api.w.org\/{rel}","templated":true}]}}