{"id":567,"date":"2017-10-25T16:21:42","date_gmt":"2017-10-25T14:21:42","guid":{"rendered":"https:\/\/jaquebec.com\/?page_id=567"},"modified":"2026-03-12T14:24:51","modified_gmt":"2026-03-12T18:24:51","slug":"notre-equipe","status":"publish","type":"page","link":"https:\/\/jaquebec.org\/fr\/quisommesnous\/notre-equipe\/","title":{"rendered":"Nous joindre &#8211; Notre \u00e9quipe"},"content":{"rendered":"<p>[vc_row full_width=&#8221;stretch_row_content&#8221; css=&#8221;.vc_custom_1660940107432{margin-top: -80px !important;}&#8221;][vc_column][vc_single_image image=&#8221;7629&#8243; img_size=&#8221;full&#8221; css=&#8221;.vc_custom_1660940043748{margin-top: -80px !important;}&#8221;][\/vc_column][\/vc_row][vc_row full_width=&#8221;stretch_row&#8221; css=&#8221;.vc_custom_1685723296905{margin-top: 50px !important;padding-bottom: 50px !important;background-color: #f3f4f9 !important;}&#8221;][vc_column css=&#8221;.vc_custom_1685722592190{margin-top: 0px !important;}&#8221;]<div class='headline with-icon text-center '><i class='berlin-icon-location1'><\/i><h3>Adresse du si\u00e8ge social<\/h3><\/div>[vc_column_text]<\/p>\n<p style=\"text-align: center; font-size: 16px;\"><span style=\"color: #285f74;\"><strong>Les Programmes \u00e9ducatifs JA Qu\u00e9bec<\/strong><\/span><\/p>\n<p style=\"text-align: center; font-size: 16px;\"><span style=\"color: #000000;\">533, rue Ontario Est, Bureau 204,<\/span><\/p>\n<p style=\"text-align: center; font-size: 16px;\"><span style=\"color: #000000;\">Montr\u00e9al (Qu\u00e9bec) H2L 1N8<\/span><\/p>\n<p style=\"text-align: center; font-size: 16px;\"><strong><span style=\"color: #000000;\">T\u00e9l.\u00a0: 514 285-8944\u00a0 |\u00a0<\/span> <a href=\"mailto:info@jaquebec.org\">info@jaquebec.org<\/a><br \/>\n<\/strong><\/p>\n<p>[\/vc_column_text][\/vc_column][\/vc_row][vc_row css=&#8221;.vc_custom_1660940049626{margin-top: 20px !important;margin-bottom: 25px !important;}&#8221;][vc_column]<div class='headline with-icon text-center '><i class='berlin-icon-male'><\/i><h3>Notre \u00e9quipe<\/h3><\/div>[vc_column_text]<\/p>\n<p style=\"text-align: center; color: #94c23d; font-size: 18px;\"><span style=\"color: #000000;\"><strong>Une \u00e9quipe de professionnelles chevronn\u00e9es et passionn\u00e9es<\/strong><\/span><\/p>\n<p>[\/vc_column_text][vc_column_text]<\/p>\n<p style=\"text-align: center; color: #94c23d; font-size: 18px;\"><span style=\"color: #000000;\">(cliquez sur la photo pour contacter un membre de l&#8217;\u00e9quipe par courriel)<\/span><\/p>\n<p>[\/vc_column_text][\/vc_column][\/vc_row][vc_row css=&#8221;.vc_custom_1772039816671{margin-bottom: 100px !important;}&#8221;][vc_column width=&#8221;1\/2&#8243;]<div class='about-me  vc_custom_1773339647518'><div class='about-me-thumbnail'><img src='https:\/\/jaquebec.org\/wp-content\/uploads\/2026\/02\/jacinthe-figueredo.jpg' alt='Jacinthe Figueredo'><div class='about-me-thumbnail-overlay'><a href='mailto:jfigueredo@jaquebec.org'  title='Jacinthe Figueredo' >Courriel <br> <span>Jacinthe Figueredo<\/span><\/a><\/div><\/div><div class='about-me-details'><h4>Jacinthe Figueredo<\/h4><h6>Pr\u00e9sidente et cheffe de la direction<\/h6><\/div><\/div>[vc_column_text]<\/p>\n<p style=\"text-align: center;\">514 296-6616<\/p>\n<p>[\/vc_column_text]<div class='about-me  vc_custom_1773339703129'><div class='about-me-thumbnail'><img src='https:\/\/jaquebec.org\/wp-content\/uploads\/2026\/02\/sarah-maude-L.jpg' alt='Sarah-Maude Landriault'><div class='about-me-thumbnail-overlay'><a href='mailto:smlandriault@jaquebec.org'  title='Sarah-Maude Landriault' >Courriel <br> <span>Sarah-Maude Landriault<\/span><\/a><\/div><\/div><div class='about-me-details'><h4>Sarah-Maude Landriault<\/h4><h6>Agente de coordination, Programmes scolaires Grand Montr\u00e9al<\/h6><\/div><\/div>[vc_column_text]<\/p>\n<p style=\"text-align: center;\">514 285-8944 Poste 107<\/p>\n<p>[\/vc_column_text]<div class='about-me  vc_custom_1773339757293'><div class='about-me-thumbnail'><img src='https:\/\/jaquebec.org\/wp-content\/uploads\/2022\/10\/Sans-titre-370-\u00d7-410-px-min-e1759930856444.png' alt='Jessika Houde'><div class='about-me-thumbnail-overlay'><a href='mailto:quebec@jaquebec.org'  title='Jessika Houde' >Courriel <br> <span>Jessika Houde<\/span><\/a><\/div><\/div><div class='about-me-details'><h4>Jessika Houde<\/h4><h6> Coordonnatrice des programmes scolaires, Capitale-Nationale et Chaudi\u00e8re-Appalaches<\/h6><\/div><\/div>[vc_column_text]<\/p>\n<p style=\"text-align: center;\">418 686-4007 Poste 110<\/p>\n<p>[\/vc_column_text][\/vc_column][vc_column width=&#8221;1\/2&#8243;]<div class='about-me  vc_custom_1773339665043'><div class='about-me-thumbnail'><img src='https:\/\/jaquebec.org\/wp-content\/uploads\/2026\/02\/myriam-chayer.jpg' alt='Myriam Chayer'><div class='about-me-thumbnail-overlay'><a href='mailto:mchayer@jaquebec.org'  title='Myriam Chayer' >Courriel <br> <span>Myriam Chayer<\/span><\/a><\/div><\/div><div class='about-me-details'><h4>Myriam Chayer<\/h4><h6>Charg\u00e9e de projets<\/h6><\/div><\/div>[vc_column_text]<\/p>\n<p style=\"text-align: center;\">514 285-8944<\/p>\n<p>[\/vc_column_text]<div class='about-me  vc_custom_1773339729328'><div class='about-me-thumbnail'><img src='https:\/\/jaquebec.org\/wp-content\/uploads\/2026\/02\/omar-ijahish.jpg' alt='Omar Ijhaish'><div class='about-me-thumbnail-overlay'><a href='mailto:oijhaish@jaquebec.org'  title='Omar Ijhaish' >Courriel <br> <span>Omar Ijhaish<\/span><\/a><\/div><\/div><div class='about-me-details'><h4>Omar Ijhaish<\/h4><h6>Coordonnateur programmes Entreprise \u00c9tudiante et Entrepreneurs Juniors<\/h6><\/div><\/div>[vc_column_text]<\/p>\n<p style=\"text-align: center;\">514 285-8944<\/p>\n<p>[\/vc_column_text][\/vc_column][\/vc_row][vc_row full_width=&#8221;stretch_row&#8221; parallax=&#8221;stellar&#8221; parallax_image=&#8221;7611&#8243; overlay_enable=&#8221;1&#8243; overlay_color=&#8221;#285f74&#8243; overlay_opacity=&#8221;0.6&#8243; css=&#8221;.vc_custom_1660849039556{padding-top: 150px !important;padding-bottom: 120px !important;}&#8221; berlin_font_color=&#8221;#ffffff&#8221;][vc_column width=&#8221;1\/4&#8243;][vc_btn title=&#8221;Donnez maintenant&#8221; style=&#8221;custom&#8221; custom_background=&#8221;#e3e24f&#8221; custom_text=&#8221;#22404d&#8221; size=&#8221;lg&#8221; align=&#8221;center&#8221; link=&#8221;url:https%3A%2F%2Fjaquebec.org%2Ffaire-un-don%2F|title:Donnez%20maintenant||&#8221; el_class=&#8221;.bold&#8221;][\/vc_column][vc_column width=&#8221;3\/4&#8243;][vc_column_text]<span style=\"color: #ffffff;\"><strong><span style=\"font-family: Montserrat; font-size: 22px;\">Merci d\u2019encourager JA Qu\u00e9bec! Votre don nous permet de continuer \u00e0 offrir nos programmes gratuitement<\/span><\/strong><\/span>[\/vc_column_text][\/vc_column][\/vc_row]<\/p>","protected":false},"excerpt":{"rendered":"<p>[vc_row full_width=&#8221;stretch_row_content&#8221; css=&#8221;.vc_custom_1660940107432{margin-top: -80px !important;}&#8221;][vc_column][vc_single_image image=&#8221;7629&#8243; img_size=&#8221;full&#8221; css=&#8221;.vc_custom_1660940043748{margin-top: -80px !important;}&#8221;][\/vc_column][\/vc_row][vc_row full_width=&#8221;stretch_row&#8221; css=&#8221;.vc_custom_1685723296905{margin-top: 50px !important;padding-bottom: 50px !important;background-color: #f3f4f9 !important;}&#8221;][vc_column css=&#8221;.vc_custom_1685722592190{margin-top: 0px !important;}&#8221;][vc_column_text] Les Programmes \u00e9ducatifs JA Qu\u00e9bec 533, rue Ontario Est, Bureau 204, Montr\u00e9al (Qu\u00e9bec) H2L 1N8 T\u00e9l.\u00a0: 514 285-8944\u00a0 |\u00a0 info@jaquebec.org [\/vc_column_text][\/vc_column][\/vc_row][vc_row css=&#8221;.vc_custom_1660940049626{margin-top: 20px !important;margin-bottom: 25px !important;}&#8221;][vc_column][vc_column_text] Une \u00e9quipe de professionnelles chevronn\u00e9es et passionn\u00e9es [\/vc_column_text][vc_column_text] [&hellip;]<\/p>\n","protected":false},"author":2,"featured_media":0,"parent":114,"menu_order":0,"comment_status":"closed","ping_status":"closed","template":"","meta":{"_lmt_disableupdate":"no","_lmt_disable":"","footnotes":""},"class_list":["post-567","page","type-page","status-publish","hentry"],"_links":{"self":[{"href":"https:\/\/jaquebec.org\/fr\/wp-json\/wp\/v2\/pages\/567","targetHints":{"allow":["GET"]}}],"collection":[{"href":"https:\/\/jaquebec.org\/fr\/wp-json\/wp\/v2\/pages"}],"about":[{"href":"https:\/\/jaquebec.org\/fr\/wp-json\/wp\/v2\/types\/page"}],"author":[{"embeddable":true,"href":"https:\/\/jaquebec.org\/fr\/wp-json\/wp\/v2\/users\/2"}],"replies":[{"embeddable":true,"href":"https:\/\/jaquebec.org\/fr\/wp-json\/wp\/v2\/comments?post=567"}],"version-history":[{"count":200,"href":"https:\/\/jaquebec.org\/fr\/wp-json\/wp\/v2\/pages\/567\/revisions"}],"predecessor-version":[{"id":13559,"href":"https:\/\/jaquebec.org\/fr\/wp-json\/wp\/v2\/pages\/567\/revisions\/13559"}],"up":[{"embeddable":true,"href":"https:\/\/jaquebec.org\/fr\/wp-json\/wp\/v2\/pages\/114"}],"wp:attachment":[{"href":"https:\/\/jaquebec.org\/fr\/wp-json\/wp\/v2\/media?parent=567"}],"curies":[{"name":"wp","href":"https:\/\/api.w.org\/{rel}","templated":true}]}}