{"id":5684,"date":"2021-01-15T16:43:51","date_gmt":"2021-01-15T21:43:51","guid":{"rendered":"https:\/\/jaquebec.com\/?page_id=5684"},"modified":"2025-07-23T15:48:13","modified_gmt":"2025-07-23T19:48:13","slug":"programme-entrepreneurs-juniors","status":"publish","type":"page","link":"https:\/\/jaquebec.org\/fr\/programmes\/programme-entrepreneurs-juniors\/","title":{"rendered":"Programme Entrepreneurs juniors"},"content":{"rendered":"<p>[vc_row full_width=&#8221;stretch_row_content&#8221; css=&#8221;.vc_custom_1661174006149{margin-top: -80px !important;}&#8221;][vc_column][vc_single_image image=&#8221;7609&#8243; img_size=&#8221;full&#8221;][\/vc_column][\/vc_row][vc_row css=&#8221;.vc_custom_1661174003126{margin-top: 20px !important;}&#8221;][vc_column]<div class='headline with-icon text-center '><i class='berlin-icon-three'><\/i><h3>Programme Entrepreneurs juniors<\/h3><\/div>[vc_single_image image=&#8221;5827&#8243; img_size=&#8221;full&#8221; alignment=&#8221;center&#8221;][vc_column_text]<span style=\"color: #000000;\">Le programme Entrepreneurs Juniors (EJ) est<\/span> <strong><span style=\"color: #285f74;\">destin\u00e9 aux enseignants et \u00e9l\u00e8ves du troisi\u00e8me cycle du primaire<\/span><\/strong> <span style=\"color: #000000;\">qui d\u00e9sirent explorer la r\u00e9alit\u00e9 de faire partie d\u2019une entreprise. <\/span><span style=\"color: #000000;\">Ce programme cl\u00e9 en main vous permettra de vivre le cycle \u00e9conomique complet d\u2019une entreprise (achat de mati\u00e8res premi\u00e8res \u2013 production \u2013 vente). <span class=\"s1\"><span class=\"Apple-converted-space\">C&#8217;est <a href=\"https:\/\/jaquebec.org\/wp-content\/uploads\/2021\/02\/Sommaire_Entrepreneurs-Juniors-1.pdf\"><span style=\"text-decoration: underline;\">ici<\/span><\/a> pour en savoir plus sur l<\/span><\/span>e programme <b>Entrepreneurs juniors<span class=\"Apple-converted-space\">!<\/span><\/b><\/span>[\/vc_column_text][\/vc_column][\/vc_row][vc_row full_width=&#8221;stretch_row&#8221; css=&#8221;.vc_custom_1610744838666{margin-top: 25px !important;background-color: #f3f4f9 !important;}&#8221;][vc_column width=&#8221;1\/3&#8243;][vc_column_text css=&#8221;.vc_custom_1610745174604{margin-top: 45px !important;margin-bottom: 20px !important;}&#8221;]<\/p>\n<h3 style=\"text-align: center;\">De<\/h3>\n<p>[\/vc_column_text]<div class='counter '><div class='counter-value' data-value='12'><\/div>\n\t<div class='counter-details'><h4>p\u00e9riodes<\/h4><\/div><\/div>[\/vc_column][vc_column width=&#8221;1\/3&#8243;][vc_column_text css=&#8221;.vc_custom_1710430769401{margin-top: 45px !important;margin-bottom: 20px !important;}&#8221;]<\/p>\n<h3 style=\"text-align: center;\">Sur<\/h3>\n<p>[\/vc_column_text]<div class='counter '><div class='counter-value' data-value='4'><\/div>\n\t<div class='counter-details'><h4>semaines<\/h4><\/div><\/div>[\/vc_column][vc_column width=&#8221;1\/3&#8243;][vc_column_text css=&#8221;.vc_custom_1710430793151{margin-top: 45px !important;margin-bottom: 20px !important;}&#8221;]<\/p>\n<h3 style=\"text-align: center;\">\u00e0<\/h3>\n<p>[\/vc_column_text]<div class='counter '><div class='counter-value' data-value='6'><\/div>\n\t<div class='counter-details'><h4>semaines ou plus<\/h4><\/div><\/div>[\/vc_column][\/vc_row][vc_row css=&#8221;.vc_custom_1610745273675{margin-top: 25px !important;margin-bottom: 25px !important;}&#8221;][vc_column][vc_column_text]<\/p>\n<p style=\"text-align: justify;\"><span style=\"color: #000000;\">Le programme se d\u00e9roule sur 12 p\u00e9riodes durant une moyenne de 4 \u00e0 6 semaines mais peut s\u2019\u00e9tendre sur quelques semaines suppl\u00e9mentaires si les participants le d\u00e9sirent. Les enseignants peuvent d\u00e9cider du degr\u00e9 d\u2019implication qu\u2019ils auront dans l\u2019entreprise de leurs \u00e9l\u00e8ves. Le guide du programme vous aidera \u00e0 chacune des \u00e9tapes et il y a tr\u00e8s peu pr\u00e9paration avant chaque atelier.<\/span><\/p>\n<p style=\"text-align: justify;\"><span style=\"color: #000000;\">Plusieurs concours et activit\u00e9s compl\u00e9mentaires sont offerts pendant la dur\u00e9e du programme, ce qui permettra aux meilleurs \u00e9quipes de remporter des prix et des bourses, \u00e0 la fin de l\u2019ann\u00e9e scolaire.<\/span><\/p>\n<p style=\"text-align: justify;\"><span style=\"color: #000000;\">La participation au programme Entrepreneur Junior est gratuit. Un frais optionnel de 100,00$ peut \u00eatre factur\u00e9 si vous souhaitez du mat\u00e9riel pour les ventes de l\u2019entreprise.<\/span><\/p>\n<p style=\"text-align: justify; color: #008000;\"><span style=\"color: #000000;\"><strong>Pour plus de renseignements, contactez Myriam Chayer, coordonnatrice du programme, au <a style=\"color: #000000;\" href=\"mchayer@jaquebec.org\">mchayer@jaquebec.org<\/a>\u00a0ou au 514-285-8944 poste 103.<\/strong><\/span><\/p>\n<p>[\/vc_column_text][vc_btn title=&#8221;Formulaire d&#8217;inscription \u00e9cole&#8221; color=&#8221;info&#8221; align=&#8221;center&#8221; link=&#8221;url:https%3A%2F%2Fforms.office.com%2FPages%2FResponsePage.aspx%3Fid%3DM9-kSxOf-ES3Yk6HY8O34ftBjuUum2RNuPad9fPOum5UODVWVzdPWkY0MENIWk82N003OEpUNEE2NS4u||target:%20_blank|&#8221; css=&#8221;.vc_custom_1692034955169{margin-top: 30px !important;}&#8221;][\/vc_column][\/vc_row][vc_row full_width=&#8221;stretch_row&#8221; parallax=&#8221;stellar&#8221; parallax_image=&#8221;7611&#8243; overlay_enable=&#8221;1&#8243; overlay_color=&#8221;#285f74&#8243; overlay_opacity=&#8221;0.6&#8243; css=&#8221;.vc_custom_1660849039556{padding-top: 150px !important;padding-bottom: 120px !important;}&#8221; berlin_font_color=&#8221;#ffffff&#8221;][vc_column width=&#8221;1\/4&#8243;][vc_btn title=&#8221;Donnez maintenant&#8221; style=&#8221;custom&#8221; custom_background=&#8221;#e3e24f&#8221; custom_text=&#8221;#22404d&#8221; size=&#8221;lg&#8221; align=&#8221;center&#8221; link=&#8221;url:https%3A%2F%2Fjaquebec.org%2Ffaire-un-don%2F|title:Donnez%20maintenant||&#8221; el_class=&#8221;.bold&#8221;][\/vc_column][vc_column width=&#8221;3\/4&#8243;][vc_column_text]<span style=\"color: #ffffff;\"><strong><span style=\"font-family: Montserrat; font-size: 22px;\">Merci d\u2019encourager JA Qu\u00e9bec! Votre don nous permet de continuer \u00e0 offrir nos programmes gratuitement<\/span><\/strong><\/span>[\/vc_column_text][\/vc_column][\/vc_row]<\/p>","protected":false},"excerpt":{"rendered":"<p>[vc_row full_width=&#8221;stretch_row_content&#8221; css=&#8221;.vc_custom_1661174006149{margin-top: -80px !important;}&#8221;][vc_column][vc_single_image image=&#8221;7609&#8243; img_size=&#8221;full&#8221;][\/vc_column][\/vc_row][vc_row css=&#8221;.vc_custom_1661174003126{margin-top: 20px !important;}&#8221;][vc_column][vc_single_image image=&#8221;5827&#8243; img_size=&#8221;full&#8221; alignment=&#8221;center&#8221;][vc_column_text]Le programme Entrepreneurs Juniors (EJ) est destin\u00e9 aux enseignants et \u00e9l\u00e8ves du troisi\u00e8me cycle du primaire qui d\u00e9sirent explorer la r\u00e9alit\u00e9 de faire partie d\u2019une entreprise. Ce programme cl\u00e9 en main vous permettra de vivre le cycle \u00e9conomique complet d\u2019une entreprise (achat de [&hellip;]<\/p>\n","protected":false},"author":2,"featured_media":0,"parent":703,"menu_order":0,"comment_status":"closed","ping_status":"closed","template":"","meta":{"_lmt_disableupdate":"","_lmt_disable":"","footnotes":""},"class_list":["post-5684","page","type-page","status-publish","hentry"],"_links":{"self":[{"href":"https:\/\/jaquebec.org\/fr\/wp-json\/wp\/v2\/pages\/5684","targetHints":{"allow":["GET"]}}],"collection":[{"href":"https:\/\/jaquebec.org\/fr\/wp-json\/wp\/v2\/pages"}],"about":[{"href":"https:\/\/jaquebec.org\/fr\/wp-json\/wp\/v2\/types\/page"}],"author":[{"embeddable":true,"href":"https:\/\/jaquebec.org\/fr\/wp-json\/wp\/v2\/users\/2"}],"replies":[{"embeddable":true,"href":"https:\/\/jaquebec.org\/fr\/wp-json\/wp\/v2\/comments?post=5684"}],"version-history":[{"count":51,"href":"https:\/\/jaquebec.org\/fr\/wp-json\/wp\/v2\/pages\/5684\/revisions"}],"predecessor-version":[{"id":13361,"href":"https:\/\/jaquebec.org\/fr\/wp-json\/wp\/v2\/pages\/5684\/revisions\/13361"}],"up":[{"embeddable":true,"href":"https:\/\/jaquebec.org\/fr\/wp-json\/wp\/v2\/pages\/703"}],"wp:attachment":[{"href":"https:\/\/jaquebec.org\/fr\/wp-json\/wp\/v2\/media?parent=5684"}],"curies":[{"name":"wp","href":"https:\/\/api.w.org\/{rel}","templated":true}]}}