{"id":663,"date":"2017-10-25T20:14:41","date_gmt":"2017-10-25T18:14:41","guid":{"rendered":"https:\/\/jaquebec.com\/?page_id=663"},"modified":"2022-08-19T17:11:54","modified_gmt":"2022-08-19T21:11:54","slug":"momentum-inscription-en-ligne","status":"publish","type":"page","link":"https:\/\/jaquebec.org\/fr\/evenements\/momentum-inscription-en-ligne\/","title":{"rendered":"Momentum &#8211; Incription en ligne"},"content":{"rendered":"<p>[vc_row css=&#8221;.vc_custom_1660943467326{margin-top: 0px !important;}&#8221;][vc_column]<div class='headline with-icon text-center '><i class='berlin-icon-male'><\/i><h3>FORMULAIRE DE PARTICIPATION - COCKTAIL MOMENTUM<\/h3><\/div>[\/vc_column][\/vc_row][vc_row css=&#8221;.vc_custom_1570817744228{margin-top: 5px !important;}&#8221;][vc_column width=&#8221;1\/4&#8243; css=&#8221;.vc_custom_1546982055494{background-color: #ededed !important;}&#8221;][vc_single_image image=&#8221;5360&#8243; img_size=&#8221;medium&#8221; alignment=&#8221;center&#8221;][vc_column_text]<\/p>\n<p><strong>Pour toute question,<\/strong><br \/>\ncontactez Caroline Schnoering<br \/>\nau 514 285-8944 poste 100.<\/p>\n<p><strong>Merci de votre participation!<\/strong><\/p>\n<p><span style=\"font-size: 11px;\">Un re\u00e7u pour fins d\u2019imp\u00f4t sera envoy\u00e9 sur demande pour les dons et la portion don du billet. Num\u00e9ro d\u2019organisme de charit\u00e9 : 107618217RR0001<\/span><\/p>\n<p><strong>Si vous souhaitez seulement faire un don (excluant l\u2019achat de billets, d\u2019un logo ou d\u2019un partenariat), <a href=\"https:\/\/jaquebec.org\/faire-un-don\/\">cliquez ici<\/a>.<\/strong>[\/vc_column_text][vc_empty_space height=&#8221;320px&#8221;][\/vc_column][vc_column width=&#8221;3\/4&#8243; css=&#8221;.vc_custom_1546982147063{padding-left: 60px !important;}&#8221;][vc_column_text css=&#8221;.vc_custom_1612810124804{margin-bottom: 25px !important;}&#8221;]<\/p>\n<h3>Avis \u00e0 nos donateurs<\/h3>\n<p>Contrairement aux autres plateformes, Simplyk permet que 100 % de votre don soit vers\u00e9 \u00e0 JA Qu\u00e9bec, sans frais de transaction. En contrepartie, il vous offre l\u2019option non-obligatoire d\u2019ajouter un pourboire pour le maintien de ses services. Si vous ne souhaitez pas y participer, veuillez choisir Autre dans le menu d\u00e9roulant de la section \u00ab R\u00e9capitulatif \u00bb, puis inscrire 0 $.<\/p>\n<h4>Revenir plus tard pour les inscriptions&#8230;<\/h4>\n<p>[\/vc_column_text][\/vc_column][\/vc_row]<\/p>","protected":false},"excerpt":{"rendered":"<p>[vc_row css=&#8221;.vc_custom_1660943467326{margin-top: 0px !important;}&#8221;][vc_column][\/vc_column][\/vc_row][vc_row css=&#8221;.vc_custom_1570817744228{margin-top: 5px !important;}&#8221;][vc_column width=&#8221;1\/4&#8243; css=&#8221;.vc_custom_1546982055494{background-color: #ededed !important;}&#8221;][vc_single_image image=&#8221;5360&#8243; img_size=&#8221;medium&#8221; alignment=&#8221;center&#8221;][vc_column_text] Pour toute question, contactez Caroline Schnoering au 514 285-8944 poste 100. Merci de votre participation! Un re\u00e7u pour fins d\u2019imp\u00f4t sera envoy\u00e9 sur demande pour les dons et la portion don du billet. Num\u00e9ro d\u2019organisme de charit\u00e9 : 107618217RR0001 Si vous [&hellip;]<\/p>\n","protected":false},"author":2,"featured_media":0,"parent":816,"menu_order":0,"comment_status":"closed","ping_status":"closed","template":"","meta":{"_lmt_disableupdate":"","_lmt_disable":"","footnotes":""},"class_list":["post-663","page","type-page","status-publish","hentry"],"_links":{"self":[{"href":"https:\/\/jaquebec.org\/fr\/wp-json\/wp\/v2\/pages\/663","targetHints":{"allow":["GET"]}}],"collection":[{"href":"https:\/\/jaquebec.org\/fr\/wp-json\/wp\/v2\/pages"}],"about":[{"href":"https:\/\/jaquebec.org\/fr\/wp-json\/wp\/v2\/types\/page"}],"author":[{"embeddable":true,"href":"https:\/\/jaquebec.org\/fr\/wp-json\/wp\/v2\/users\/2"}],"replies":[{"embeddable":true,"href":"https:\/\/jaquebec.org\/fr\/wp-json\/wp\/v2\/comments?post=663"}],"version-history":[{"count":101,"href":"https:\/\/jaquebec.org\/fr\/wp-json\/wp\/v2\/pages\/663\/revisions"}],"predecessor-version":[{"id":9013,"href":"https:\/\/jaquebec.org\/fr\/wp-json\/wp\/v2\/pages\/663\/revisions\/9013"}],"up":[{"embeddable":true,"href":"https:\/\/jaquebec.org\/fr\/wp-json\/wp\/v2\/pages\/816"}],"wp:attachment":[{"href":"https:\/\/jaquebec.org\/fr\/wp-json\/wp\/v2\/media?parent=663"}],"curies":[{"name":"wp","href":"https:\/\/api.w.org\/{rel}","templated":true}]}}