{"id":690,"date":"2017-10-25T20:57:52","date_gmt":"2017-10-25T18:57:52","guid":{"rendered":"https:\/\/jaquebec.com\/?page_id=690"},"modified":"2023-06-14T14:27:58","modified_gmt":"2023-06-14T18:27:58","slug":"defi-nasjaq","status":"publish","type":"page","link":"https:\/\/jaquebec.org\/fr\/evenements\/defi-nasjaq\/","title":{"rendered":"D\u00e9fi NASJAQ"},"content":{"rendered":"<p>[vc_row full_width=&#8221;stretch_row_content&#8221; css=&#8221;.vc_custom_1660941284164{margin-top: -80px !important;}&#8221;][vc_column][vc_single_image image=&#8221;7630&#8243; img_size=&#8221;full&#8221;][\/vc_column][\/vc_row][vc_row css=&#8221;.vc_custom_1660941279290{margin-top: 20px !important;}&#8221;][vc_column]<div class='headline with-icon text-center '><i class='berlin-icon-calendar2'><\/i><h3>D\u00c9FI NASJAQ<\/h3><\/div>[vc_column_text]Dans le cadre de notre programme Entreprise \u00c9tudiante, les \u00e9quipes participent durant 7 semaines au D\u00e9fi NASJAQ. Elles sont compos\u00e9es d\u2019un chef d\u2019\u00e9quipe, d\u2019un analyste et d\u2019un courtier. Cette activit\u00e9 est une simulation boursi\u00e8re lors de laquelle les jeunes ont le d\u00e9fi de faire fructifier un portefeuille de 5000 $ en transigeant des actions de diff\u00e9rentes compagnies. Cette activit\u00e9 se cl\u00f4ture par la Grande finale qui regroupe les 11 meilleures \u00e9quipes.<\/p>\n<p>Une entreprise d\u00e9sign\u00e9e aura l\u2019opportunit\u00e9 d\u2019accueillir dans ses bureaux la finale du concours.[\/vc_column_text][vc_column_text css=&#8221;.vc_custom_1604895304800{margin-top: 35px !important;}&#8221;][\/vc_column_text][\/vc_column][\/vc_row][vc_row full_width=&#8221;stretch_row&#8221; css=&#8221;.vc_custom_1511554566966{background-color: #f3f4f9 !important;}&#8221;][vc_column][vc_single_image image=&#8221;1660&#8243; img_size=&#8221;full&#8221; alignment=&#8221;center&#8221;][\/vc_column][\/vc_row][vc_row css=&#8221;.vc_custom_1548276797414{margin-top: 20px !important;}&#8221;][vc_column width=&#8221;1\/2&#8243;][vc_column_text css=&#8221;.vc_custom_1686766052218{margin-top: 20px !important;}&#8221;]<\/p>\n<h3 style=\"text-align: center;\">\u00c9dition 2023 du d\u00e9fi NASJAQ<\/h3>\n<p>[\/vc_column_text][vc_column_text css=&#8221;.vc_custom_1686766358941{margin-top: 20px !important;margin-bottom: 20px !important;}&#8221;]<\/p>\n<ul>\n<li style=\"padding-bottom: 10px;\">Finale NASJAQ : 22 f\u00e9vrier 2023<\/li>\n<li style=\"padding-bottom: 10px;\">Commanditaire\u00a0: Ernst &amp; Young<\/li>\n<li style=\"padding-bottom: 10px;\">Gagnants : Steven Guan, Sehoon Kim et Daniel Liu<\/li>\n<li style=\"padding-bottom: 10px;\">Nom de l&#8217;\u00e9quipe : Quotidie<\/li>\n<li style=\"padding-bottom: 10px;\">Variation du portefeuille de +260 %<\/li>\n<li style=\"padding-bottom: 10px;\">Valeur du portefeuille finale : \u00a014 487 $<\/li>\n<\/ul>\n<p>[\/vc_column_text][\/vc_column][vc_column width=&#8221;1\/2&#8243;][vc_column_text css=&#8221;.vc_custom_1686766447247{margin-top: 20px !important;}&#8221;]<\/p>\n<h3 style=\"text-align: center;\">\u00c9dition 2022 du d\u00e9fi NASJAQ<\/h3>\n<p>[\/vc_column_text][vc_column_text css=&#8221;.vc_custom_1686766647657{margin-top: 20px !important;margin-bottom: 20px !important;}&#8221;]<\/p>\n<ul>\n<li style=\"padding-bottom: 10px;\">Finale NASJAQ : 24 mars 2022<\/li>\n<li style=\"padding-bottom: 10px;\">Commanditaires : Ernst &amp; Young et Desjardins<\/li>\n<li style=\"padding-bottom: 10px;\">Gagnants : Angella Ean, Alice Huynh et Jack Xie<\/li>\n<li style=\"padding-bottom: 10px;\">Nom de l&#8217;\u00e9quipe : Trio Pad Thai<\/li>\n<li style=\"padding-bottom: 10px;\">Variation du porte feuille de +42 %<\/li>\n<li style=\"padding-bottom: 10px;\">Valeur du portefeuille finale : 7893 $<\/li>\n<\/ul>\n<p>[\/vc_column_text][\/vc_column][\/vc_row][vc_row full_width=&#8221;stretch_row&#8221; parallax=&#8221;stellar&#8221; parallax_image=&#8221;7611&#8243; overlay_enable=&#8221;1&#8243; overlay_color=&#8221;#285f74&#8243; overlay_opacity=&#8221;0.6&#8243; css=&#8221;.vc_custom_1660849039556{padding-top: 150px !important;padding-bottom: 120px !important;}&#8221; berlin_font_color=&#8221;#ffffff&#8221;][vc_column width=&#8221;1\/4&#8243;][vc_btn title=&#8221;Donnez maintenant&#8221; style=&#8221;custom&#8221; custom_background=&#8221;#e3e24f&#8221; custom_text=&#8221;#22404d&#8221; size=&#8221;lg&#8221; align=&#8221;center&#8221; link=&#8221;url:https%3A%2F%2Fjaquebec.org%2Ffaire-un-don%2F|title:Donnez%20maintenant||&#8221; el_class=&#8221;.bold&#8221;][\/vc_column][vc_column width=&#8221;3\/4&#8243;][vc_column_text]<span style=\"color: #ffffff;\"><strong><span style=\"font-family: Montserrat; font-size: 22px;\">Merci d\u2019encourager JA Qu\u00e9bec! Votre don nous permet de continuer \u00e0 offrir nos programmes gratuitement<\/span><\/strong><\/span>[\/vc_column_text][\/vc_column][\/vc_row]<\/p>","protected":false},"excerpt":{"rendered":"<p>[vc_row full_width=&#8221;stretch_row_content&#8221; css=&#8221;.vc_custom_1660941284164{margin-top: -80px !important;}&#8221;][vc_column][vc_single_image image=&#8221;7630&#8243; img_size=&#8221;full&#8221;][\/vc_column][\/vc_row][vc_row css=&#8221;.vc_custom_1660941279290{margin-top: 20px !important;}&#8221;][vc_column][vc_column_text]Dans le cadre de notre programme Entreprise \u00c9tudiante, les \u00e9quipes participent durant 7 semaines au D\u00e9fi NASJAQ. Elles sont compos\u00e9es d\u2019un chef d\u2019\u00e9quipe, d\u2019un analyste et d\u2019un courtier. Cette activit\u00e9 est une simulation boursi\u00e8re lors de laquelle les jeunes ont le d\u00e9fi de faire fructifier un [&hellip;]<\/p>\n","protected":false},"author":2,"featured_media":0,"parent":816,"menu_order":0,"comment_status":"closed","ping_status":"closed","template":"","meta":{"_lmt_disableupdate":"","_lmt_disable":"","footnotes":""},"class_list":["post-690","page","type-page","status-publish","hentry"],"_links":{"self":[{"href":"https:\/\/jaquebec.org\/fr\/wp-json\/wp\/v2\/pages\/690","targetHints":{"allow":["GET"]}}],"collection":[{"href":"https:\/\/jaquebec.org\/fr\/wp-json\/wp\/v2\/pages"}],"about":[{"href":"https:\/\/jaquebec.org\/fr\/wp-json\/wp\/v2\/types\/page"}],"author":[{"embeddable":true,"href":"https:\/\/jaquebec.org\/fr\/wp-json\/wp\/v2\/users\/2"}],"replies":[{"embeddable":true,"href":"https:\/\/jaquebec.org\/fr\/wp-json\/wp\/v2\/comments?post=690"}],"version-history":[{"count":23,"href":"https:\/\/jaquebec.org\/fr\/wp-json\/wp\/v2\/pages\/690\/revisions"}],"predecessor-version":[{"id":9685,"href":"https:\/\/jaquebec.org\/fr\/wp-json\/wp\/v2\/pages\/690\/revisions\/9685"}],"up":[{"embeddable":true,"href":"https:\/\/jaquebec.org\/fr\/wp-json\/wp\/v2\/pages\/816"}],"wp:attachment":[{"href":"https:\/\/jaquebec.org\/fr\/wp-json\/wp\/v2\/media?parent=690"}],"curies":[{"name":"wp","href":"https:\/\/api.w.org\/{rel}","templated":true}]}}