{"id":6907,"date":"2021-12-22T13:27:33","date_gmt":"2021-12-22T18:27:33","guid":{"rendered":"https:\/\/jaquebec.com\/?page_id=6907"},"modified":"2026-03-12T14:50:48","modified_gmt":"2026-03-12T18:50:48","slug":"programmes-scolaires-pour-les-ecoles-primaires","status":"publish","type":"page","link":"https:\/\/jaquebec.org\/fr\/programmes\/programmes-scolaires-pour-les-ecoles-primaires\/","title":{"rendered":"Programmes scolaires pour les \u00e9coles primaires"},"content":{"rendered":"<p>[vc_row full_width=&#8221;stretch_row_content&#8221; css=&#8221;.vc_custom_1660938747979{margin-top: -80px !important;}&#8221;][vc_column][vc_single_image image=&#8221;7609&#8243; img_size=&#8221;full&#8221;][\/vc_column][\/vc_row][vc_row css=&#8221;.vc_custom_1660938783577{margin-top: 20px !important;}&#8221;][vc_column]<div class='owl-carousel images '><\/div>[\/vc_column][\/vc_row][vc_row][vc_column]<div class='headline with-icon text-center '><i class='fa fa-book'><\/i><h3>Programmes scolaires pour les \u00e9coles primaires<\/h3><\/div>[vc_btn title=&#8221;Ou cliquez ce bouton pour acc\u00e9der directement au formulaire d&#8217;inscription&#8221; align=&#8221;center&#8221; i_align=&#8221;right&#8221; i_icon_fontawesome=&#8221;fa fa-arrow-right&#8221; add_icon=&#8221;true&#8221; link=&#8221;url:%23inscription-primaire|||&#8221; css=&#8221;.vc_custom_1751984172339{margin-top: 30px !important;}&#8221;][\/vc_column][\/vc_row][vc_row][vc_column][vc_column_text]<\/p>\n<h3 style=\"text-align: center;\"><span style=\"color: #285f74;\"><strong>Entrepreneuriat<\/strong><\/span><\/h3>\n<p>[\/vc_column_text][vc_separator color=&#8221;custom&#8221; border_width=&#8221;3&#8243; css=&#8221;.vc_custom_1773340655509{margin-bottom: 25px !important;}&#8221; accent_color=&#8221;#285f74&#8243;][vc_column_text]<\/p>\n<h4><strong>NOTRE MONDE DES AFFAIRES<\/strong><\/h4>\n<p>[\/vc_column_text][vc_column_text]<strong>Niveau :<\/strong>\u00a04<sup>e<\/sup>, 5<sup>e<\/sup> et 6<sup>e<\/sup> ann\u00e9e primaire<img decoding=\"async\" class=\"alignright\" src=\"https:\/\/jaquebec.org\/wp-content\/uploads\/2017\/10\/notremonde-300x157.jpg\" \/><\/p>\n<p><strong>M\u00e9thode :<\/strong> En virtuel ou en classe, donn\u00e9 par des gens d&#8217;affaires b\u00e9n\u00e9voles.<\/p>\n<p><strong>Dur\u00e9e<\/strong> <strong>des ateliers :<\/strong> 2 \u00e0 4 heures<\/p>\n<p><strong>Description<\/strong> : Ce programme a \u00e9t\u00e9 d\u00e9velopp\u00e9 dans le but d\u2019initier les jeunes au monde des affaires. C\u2019est par une approche interactive et des exercices pratiques qu\u2019on r\u00e9pond aux questions importantes : Qu\u2019est-ce qu\u2019une entreprise ? Quels sont les impacts qu\u2019une entreprise peut avoir sur une population?\u00a0 Comment les entreprises s\u2019ajustent-elles au cours des ann\u00e9es et avec les nouvelles technologies? Puis-je devenir entrepreneur?<\/p>\n<p><a href=\"https:\/\/jaquebec.org\/wp-content\/uploads\/2022\/10\/Notre-monde-des-affaires-JAQ.pdf\"><strong>Consultez ce programme<\/strong><\/a>[\/vc_column_text][vc_separator border_width=&#8221;3&#8243; css=&#8221;.vc_custom_1640103549196{margin-top: 25px !important;margin-bottom: 25px !important;}&#8221;][vc_column_text]<\/p>\n<h4><strong>L&#8217;ENTREPRISE ET MOI<\/strong><\/h4>\n<p>[\/vc_column_text][vc_column_text]<strong>Niveau :<\/strong> 4<sup>e<\/sup>, 5<sup>e<\/sup> et 6<sup>e<\/sup> ann\u00e9e primaire <img decoding=\"async\" class=\"alignright\" src=\"https:\/\/jaquebec.org\/wp-content\/uploads\/2017\/12\/argent-300x157.jpg\" \/><\/p>\n<p><strong>M\u00e9thode :<\/strong> En virtuel ou en classe, donn\u00e9 par des gens d&#8217;affaires b\u00e9n\u00e9voles.<\/p>\n<p><strong>Dur\u00e9e des ateliers :<\/strong> 2 \u00e0 4 heures<\/p>\n<p><strong>Description :<\/strong> Ce programme apporte aux \u00e9l\u00e8ves des notions sur les revenus, les d\u00e9penses, l\u2019emprunt et l\u2019\u00e9pargne. Il leur apprend \u00e9galement les concepts de base sur le lancement et la gestion d\u2019une petite entreprise. \u00c0 l\u2019aide de jeux, de personnages et d\u2019outils multim\u00e9dia, les jeunes comprendront mieux l\u2019importance d\u2019une bonne gestion financi\u00e8re personnelle ainsi que les bases de l\u2019entrepreneuriat, notamment comment choisir un produit ou un service, \u00e9laborer un plan d\u2019affaires et g\u00e9rer une petite entreprise avec succ\u00e8s.<\/p>\n<p><strong><a href=\"https:\/\/jaquebec.org\/wp-content\/uploads\/2022\/10\/Lentreprise-et-moi.pdf\" target=\"_blank\" rel=\"noopener noreferrer\">Consultez ce programme<\/a><\/strong>[\/vc_column_text][vc_separator border_width=&#8221;3&#8243; css=&#8221;.vc_custom_1640103554397{margin-top: 25px !important;margin-bottom: 25px !important;}&#8221;][vc_column_text]<\/p>\n<h4><a href=\"https:\/\/jaquebec.org\/fr\/programmes\/programme-entrepreneurs-juniors\/\" target=\"_blank\" rel=\"noopener noreferrer\"><strong>ENTREPRENEURS JUNIORS<\/strong><\/a><\/h4>\n<p>[\/vc_column_text][vc_column_text]<strong>Niveau :<\/strong> 5<sup>e<\/sup> et 6<sup>e <\/sup>ann\u00e9e primaire<img loading=\"lazy\" decoding=\"async\" class=\"alignright\" src=\"https:\/\/jaquebec.org\/wp-content\/uploads\/2021\/01\/da23dbc3-3dae-4392-99f4-b27ea1646625.jpg\" width=\"304\" height=\"193\" \/><\/p>\n<p><strong>M\u00e9thode :<\/strong> En classe, donn\u00e9 par l&#8217;enseignant<\/p>\n<p><strong>Dur\u00e9e<\/strong> <strong>des ateliers :<\/strong> 2 \u00e0 3 heures par semaine sur 12 semaines<\/p>\n<p style=\"text-align: left;\"><strong>Description<\/strong> : Ce programme a comme objectif de leur permettre d\u2019explorer la cr\u00e9ation d\u2019une entreprise, de faire appel \u00e0 leur cr\u00e9ativit\u00e9 et de d\u00e9velopper leurs connaissances et leurs comp\u00e9tences. Il comprend, en introduction, le programme \u00ab L\u2019entreprise et moi \u00bb livr\u00e9 par des b\u00e9n\u00e9voles ou un employ\u00e9 de JA Qu\u00e9bec et vise \u00e0 expliquer aux \u00e9l\u00e8ves les notions de base en entrepreneuriat.<\/p>\n<p><strong><a href=\"https:\/\/jaquebec.org\/fr\/programmes\/programme-entrepreneurs-juniors\/\" target=\"_blank\" rel=\"noopener noreferrer\">Consultez ce programme<\/a><\/strong>[\/vc_column_text][vc_column_text css=&#8221;.vc_custom_1773340544335{margin-top: 25px !important;}&#8221;]<\/p>\n<h3 style=\"text-align: center;\"><span style=\"color: #285f74;\">Litt\u00e9ratie financi\u00e8re <\/span><\/h3>\n<p>[\/vc_column_text][vc_separator color=&#8221;custom&#8221; border_width=&#8221;3&#8243; css=&#8221;.vc_custom_1773340674094{margin-top: 25px !important;margin-bottom: 25px !important;}&#8221; accent_color=&#8221;#285f74&#8243;][vc_column_text]<\/p>\n<h4><strong>BIEN PLUS QUE DE L\u2019ARGENT<\/strong><\/h4>\n<p>[\/vc_column_text][vc_column_text]<strong>Niveau\u00a0:<\/strong> 5<sup>e<\/sup> et 6<sup>e<\/sup> ann\u00e9e primaire<\/p>\n<p><strong>M\u00e9thode :<\/strong> En virtuel ou en classe, donn\u00e9 par des gens d\u2019affaires b\u00e9n\u00e9voles.<\/p>\n<p><strong>Dur\u00e9e<\/strong> <strong>des ateliers :<\/strong> 2 \u00e0 4 heures<\/p>\n<p><strong>Description : <\/strong>Ce programme apprend aux jeunes comment prendre des d\u00e9cisions financi\u00e8res \u00e9clair\u00e9es, vivre sans dettes, planifier pour l\u2019avenir et devenir des consommateurs avertis.<\/p>\n<ul>\n<li>Les diff\u00e9rents modes de paiement<\/li>\n<li>Le fonctionnement de l\u2019int\u00e9r\u00eat<\/li>\n<li>Les devises \u00e9trang\u00e8res<\/li>\n<li>La diff\u00e9rence entre besoin et d\u00e9sir<\/li>\n<\/ul>\n<p>[\/vc_column_text][vc_column_text css=&#8221;.vc_custom_1773340742318{margin-top: 25px !important;}&#8221;]<\/p>\n<h3 style=\"text-align: center;\"><span style=\"color: #285f74;\">Pr\u00e9paration au march\u00e9 du travail<\/span><\/h3>\n<p>[\/vc_column_text][vc_separator color=&#8221;custom&#8221; border_width=&#8221;3&#8243; css=&#8221;.vc_custom_1773340690287{margin-top: 25px !important;margin-bottom: 25px !important;}&#8221; accent_color=&#8221;#285f74&#8243;][vc_column_text]<\/p>\n<h4><strong>LES CL\u00c9S DE LA R\u00c9USSITE<\/strong><\/h4>\n<p>[\/vc_column_text][vc_column_text]<strong>Niveau\u00a0:<\/strong> 5<sup>e<\/sup> et 6<sup>e<\/sup> ann\u00e9e primaire<\/p>\n<p><strong>M\u00e9thode :<\/strong> En virtuel ou en classe, donn\u00e9 par des gens d\u2019affaires b\u00e9n\u00e9voles.<\/p>\n<p><strong>Dur\u00e9e<\/strong> <strong>des ateliers :<\/strong> 2 \u00e0 4 heures<\/p>\n<p><strong>Description : <\/strong>Donnez aux jeunes des outils qui leur permettront de d\u00e9velopper les habilit\u00e9s recherch\u00e9es par leurs futurs employeurs.<\/p>\n<ul>\n<li>L\u2019importance des comp\u00e9tences<\/li>\n<li>L\u2019art de bien communiquer<\/li>\n<li>Collaborer pour r\u00e9soudre des probl\u00e8mes<\/li>\n<\/ul>\n<p>[\/vc_column_text][vc_separator border_width=&#8221;3&#8243; css=&#8221;.vc_custom_1640103554397{margin-top: 25px !important;margin-bottom: 25px !important;}&#8221;][vc_column_text]<\/p>\n<h4><strong>PLUS FORTS ENSEMBLE : LA DIVERSIT\u00c9 EN ACTION<\/strong><\/h4>\n<p>[\/vc_column_text][vc_column_text]<strong>Niveau :<\/strong>\u00a04<sup>e<\/sup>, 5<sup>e<\/sup> et 6<sup>e<\/sup> ann\u00e9e primaire<img decoding=\"async\" class=\"alignright\" src=\"https:\/\/jaquebec.org\/wp-content\/uploads\/2017\/10\/force-300x157.jpg\" \/><\/p>\n<p><strong>M\u00e9thode :<\/strong> En virtuel ou en classe, donn\u00e9 par des gens d&#8217;affaires b\u00e9n\u00e9voles.<\/p>\n<p><strong>Dur\u00e9e<\/strong> <strong>des ateliers :<\/strong> 2 \u00e0 4 heures<\/p>\n<p><strong>Description :<\/strong> Il s\u2019agit d\u2019un programme con\u00e7u pour pr\u00e9parer les \u00e9l\u00e8ves au march\u00e9 du travail o\u00f9 ils seront appel\u00e9s \u00e0 travailler en \u00e9quipe pour atteindre des objectifs communs et ce, malgr\u00e9 les diff\u00e9rences li\u00e9es \u00e0 la race, le sexe, l\u2019\u00e2ge, l\u2019orientation sexuelle ou le statut socio-\u00e9conomique. Comment faire de la diversit\u00e9 un atout plut\u00f4t qu\u2019un obstacle dans le monde du travail? Ce programme encourage les jeunes \u00e0\u00a0 d\u00e9velopper une attitude positive face \u00e0 la diversit\u00e9.<\/p>\n<p><strong><a href=\"https:\/\/jaquebec.org\/wp-content\/uploads\/2022\/10\/Plus-forts-ensemble-vf.pdf\" target=\"_blank\" rel=\"noopener noreferrer\">Consultez ce programme<\/a><\/strong>[\/vc_column_text][vc_separator color=&#8221;custom&#8221; border_width=&#8221;3&#8243; css=&#8221;.vc_custom_1773340704005{margin-top: 25px !important;margin-bottom: 25px !important;}&#8221; accent_color=&#8221;#285f74&#8243;]<div class='headline with-icon text-center '><i class='berlin-icon-clipboard1'><\/i><h3>Formulaire d'inscription pour les \u00e9coles<\/h3><\/div>[vc_column_text]<\/p>\n<p style=\"text-align: center;\"><span style=\"color: #000000;\">Pour toutes questions sur nos programmes scolaires, veuillez nous contacter\u00a0\u00e0<\/span> <a href=\"mailto:jmxly@jaquebec.org\">info@jaquebec.org<\/a>\u00a0<span style=\"color: #000000;\">ou au (514) 285-8944 Poste 106<\/span><\/p>\n<p>[\/vc_column_text][\/vc_column][\/vc_row][vc_row][vc_column][vc_btn title=&#8221;Ou par ici pour d\u00e9couvrir les programmes pour les \u00e9coles secondaires&#8221; align=&#8221;center&#8221; i_align=&#8221;right&#8221; i_icon_fontawesome=&#8221;fa fa-arrow-right&#8221; add_icon=&#8221;true&#8221; link=&#8221;url:https%3A%2F%2Fjaquebec.org%2Ffr%2Fprogrammes-scolaires-pour-les-ecoles-secondaires%2F||target:%20_blank|&#8221; css=&#8221;.vc_custom_1751983521047{margin-top: 30px !important;}&#8221;][\/vc_column][\/vc_row][vc_row disable_element=&#8221;yes&#8221; css=&#8221;.vc_custom_1751983371178{margin-top: 30px !important;}&#8221;][vc_column width=&#8221;1\/2&#8243;][vc_column_text]<\/p>\n<h4 style=\"text-align: center;\"><strong>Pour les <span style=\"color: #000000;\">\u00e9coles <\/span>d\u00e9sirant offrir\u00a0l&#8217;un de\u00a0nos <span style=\"color: #008000;\"><span style=\"color: #000000;\">programmes scolaires<\/span> <\/span>\u00e0 leurs \u00e9l\u00e8ves :<\/strong><\/h4>\n<p>[\/vc_column_text][vc_empty_space height=&#8221;10px&#8221;][vc_btn title=&#8221;Formulaire \u00e9cole Grand Montr\u00e9al&#8221; color=&#8221;info&#8221; align=&#8221;center&#8221; i_icon_fontawesome=&#8221;fa fa-graduation-cap&#8221; css_animation=&#8221;bounceIn&#8221; add_icon=&#8221;true&#8221; link=&#8221;url:https%3A%2F%2Fforms.office.com%2Fpages%2Fresponsepage.aspx%3Fid%3DM9-kSxOf-ES3Yk6HY8O34TPpwtS2lUxHp0Vhw0E7-htURU9BN1kxODVPR1RQUVVCTTkxWDgzOFVEVy4u|||&#8221; el_class=&#8221;.bold&#8221;][vc_btn title=&#8221;Formulaire \u00e9cole CNCA &#8221; color=&#8221;info&#8221; align=&#8221;center&#8221; i_icon_fontawesome=&#8221;fa fa-graduation-cap&#8221; css_animation=&#8221;bounceIn&#8221; add_icon=&#8221;true&#8221; link=&#8221;url:https%3A%2F%2Fforms.office.com%2Fpages%2Fresponsepage.aspx%3Fid%3DM9-kSxOf-ES3Yk6HY8O34d0Ab8na5IBPq2cxML5gtO1UQUEwNUpBVUdZQlhRWDBOMkFLWEdNQ1U3Qy4u||target:%20_blank|&#8221; el_class=&#8221;.bold&#8221;][vc_btn title=&#8221;Formulaire \u00e9cole Mauricie-Centre-du-Qu\u00e9bec&#8221; color=&#8221;info&#8221; align=&#8221;center&#8221; i_icon_fontawesome=&#8221;fa fa-graduation-cap&#8221; css_animation=&#8221;bounceIn&#8221; add_icon=&#8221;true&#8221; link=&#8221;url:https%3A%2F%2Fforms.office.com%2Fpages%2Fresponsepage.aspx%3Fid%3DM9-kSxOf-ES3Yk6HY8O34fgP8EFRH6FDmFO6ujhADMdUOE82MDE0OTFGNkRSU1lXVE43Qkc0VVpPRC4u||target:%20_blank|&#8221; el_class=&#8221;.bold&#8221;][vc_btn title=&#8221;Formulaire \u00e9cole Autres r\u00e9gions&#8221; color=&#8221;info&#8221; align=&#8221;center&#8221; i_icon_fontawesome=&#8221;fa fa-graduation-cap&#8221; css_animation=&#8221;bounceIn&#8221; add_icon=&#8221;true&#8221; link=&#8221;url:https%3A%2F%2Fforms.office.com%2Fpages%2Fresponsepage.aspx%3Fid%3DM9-kSxOf-ES3Yk6HY8O34V5NMmqOakRBpe59yrx8jadUMDlXTkQ4TjFVN1NJRFVJRjFGNzdCVllTNi4u||target:%20_blank|&#8221; el_class=&#8221;.bold&#8221;][\/vc_column][vc_column width=&#8221;1\/2&#8243;][vc_column_text]<\/p>\n<h4 style=\"text-align: center;\"><strong>Si vous souhaitez devenir <span style=\"color: #000000;\">b\u00e9n\u00e9vole d&#8217;affaires<\/span> pour l&#8217;un de nos <span style=\"color: #000000;\">programmes :<\/span><\/strong><\/h4>\n<p>[\/vc_column_text][vc_empty_space height=&#8221;10px&#8221;][vc_btn title=&#8221;Formulaire d&#8217;inscription b\u00e9n\u00e9vole&#8221; color=&#8221;info&#8221; align=&#8221;center&#8221; i_icon_fontawesome=&#8221;fa fa-users&#8221; css_animation=&#8221;bounceIn&#8221; add_icon=&#8221;true&#8221; link=&#8221;url:https%3A%2F%2Fjaquebec.org%2Ffr%2Fbenevoles%2Fformulaire-dinscription-pour-benevoles%2F|||&#8221; el_class=&#8221;.bold&#8221;][\/vc_column][\/vc_row][vc_row][vc_column][vc_column_text]<\/p>\n<p id=\"inscription-primaire\">.<\/p>\n<p>[\/vc_column_text][vc_column_text]<iframe loading=\"lazy\" class=\"cEmbeddedIFrame\" src=\"https:\/\/jaforms.tfaforms.net\/176?conid=null\" width=\"100%\" height=\"3000\" frameborder=\"0\" data-aura-rendered-by=\"461:0\" data-aura-class=\"cEmbeddedIFrame\" data-dashlane-frameid=\"3723\"><\/iframe>[\/vc_column_text][\/vc_column][\/vc_row][vc_column][\/vc_column]<\/p>","protected":false},"excerpt":{"rendered":"<p>[vc_row full_width=&#8221;stretch_row_content&#8221; css=&#8221;.vc_custom_1660938747979{margin-top: -80px !important;}&#8221;][vc_column][vc_single_image image=&#8221;7609&#8243; img_size=&#8221;full&#8221;][\/vc_column][\/vc_row][vc_row css=&#8221;.vc_custom_1660938783577{margin-top: 20px !important;}&#8221;][vc_column][\/vc_column][\/vc_row][vc_row][vc_column][vc_btn title=&#8221;Ou cliquez ce bouton pour acc\u00e9der directement au formulaire d&#8217;inscription&#8221; align=&#8221;center&#8221; i_align=&#8221;right&#8221; i_icon_fontawesome=&#8221;fa fa-arrow-right&#8221; add_icon=&#8221;true&#8221; link=&#8221;url:%23inscription-primaire|||&#8221; css=&#8221;.vc_custom_1751984172339{margin-top: 30px !important;}&#8221;][\/vc_column][\/vc_row][vc_row][vc_column][vc_column_text] Entrepreneuriat [\/vc_column_text][vc_separator color=&#8221;custom&#8221; border_width=&#8221;3&#8243; css=&#8221;.vc_custom_1773340655509{margin-bottom: 25px !important;}&#8221; accent_color=&#8221;#285f74&#8243;][vc_column_text] NOTRE MONDE DES AFFAIRES [\/vc_column_text][vc_column_text]Niveau :\u00a04e, 5e et 6e ann\u00e9e primaire M\u00e9thode : En virtuel ou en classe, [&hellip;]<\/p>\n","protected":false},"author":2,"featured_media":0,"parent":703,"menu_order":0,"comment_status":"closed","ping_status":"closed","template":"","meta":{"_lmt_disableupdate":"no","_lmt_disable":"","footnotes":""},"class_list":["post-6907","page","type-page","status-publish","hentry"],"_links":{"self":[{"href":"https:\/\/jaquebec.org\/fr\/wp-json\/wp\/v2\/pages\/6907","targetHints":{"allow":["GET"]}}],"collection":[{"href":"https:\/\/jaquebec.org\/fr\/wp-json\/wp\/v2\/pages"}],"about":[{"href":"https:\/\/jaquebec.org\/fr\/wp-json\/wp\/v2\/types\/page"}],"author":[{"embeddable":true,"href":"https:\/\/jaquebec.org\/fr\/wp-json\/wp\/v2\/users\/2"}],"replies":[{"embeddable":true,"href":"https:\/\/jaquebec.org\/fr\/wp-json\/wp\/v2\/comments?post=6907"}],"version-history":[{"count":83,"href":"https:\/\/jaquebec.org\/fr\/wp-json\/wp\/v2\/pages\/6907\/revisions"}],"predecessor-version":[{"id":13564,"href":"https:\/\/jaquebec.org\/fr\/wp-json\/wp\/v2\/pages\/6907\/revisions\/13564"}],"up":[{"embeddable":true,"href":"https:\/\/jaquebec.org\/fr\/wp-json\/wp\/v2\/pages\/703"}],"wp:attachment":[{"href":"https:\/\/jaquebec.org\/fr\/wp-json\/wp\/v2\/media?parent=6907"}],"curies":[{"name":"wp","href":"https:\/\/api.w.org\/{rel}","templated":true}]}}