{"id":703,"date":"2017-10-25T22:39:19","date_gmt":"2017-10-26T02:39:19","guid":{"rendered":"https:\/\/jaquebec.com\/?page_id=703"},"modified":"2025-07-23T15:45:55","modified_gmt":"2025-07-23T19:45:55","slug":"programmes","status":"publish","type":"page","link":"https:\/\/jaquebec.org\/fr\/programmes\/","title":{"rendered":"Programmes"},"content":{"rendered":"<p>[vc_row full_width=&#8221;stretch_row_content&#8221; css=&#8221;.vc_custom_1660934649973{margin-top: -80px !important;}&#8221;][vc_column][vc_single_image image=&#8221;7632&#8243; img_size=&#8221;full&#8221;][\/vc_column][\/vc_row][vc_row css=&#8221;.vc_custom_1661174535700{margin-top: 20px !important;}&#8221;][vc_column]<div class='headline with-icon text-center '><i class='berlin-icon-three'><\/i><h3>Programmes<\/h3><\/div>[\/vc_column][\/vc_row][vc_row][vc_column][vc_column_text]<\/p>\n<p style=\"text-align: justify;\"><span style=\"color: #000000;\">JA Qu\u00e9bec travaille en partenariat avec des \u00e9ducateurs et des b\u00e9n\u00e9voles d\u2019affaires et b\u00e9n\u00e9ficie du soutien d\u2019organismes et d\u2019entreprises d\u2019envergure qui ont tous la pr\u00e9occupation de former une rel\u00e8ve innovante et dynamique au Qu\u00e9bec. Les programmes scolaires de JA Qu\u00e9bec sont offerts aux jeunes de 10 \u00e0 18 ans, par des gens d\u2019affaires, et visent \u00e0 leur donner des outils qui les aideront \u00e0 prendre des d\u00e9cisions financi\u00e8res pertinentes, \u00e0 faire le bon choix de carri\u00e8re et\/ou \u00e0 lancer une entreprise. Les \u00e9l\u00e8ves sont appel\u00e9s \u00e0 d\u00e9couvrir leur r\u00f4le en tant que personne, entrepreneur, travailleur et consommateur et \u00e0 faire face aux enjeux cl\u00e9s li\u00e9s \u00e0 l\u2019\u00e9conomie et au milieu du travail.<\/span><\/p>\n<p>[\/vc_column_text][\/vc_column][\/vc_row][vc_row full_width=&#8221;stretch_row&#8221; css=&#8221;.vc_custom_1508976971702{margin-top: 25px !important;background-color: #f3f4f9 !important;}&#8221;][vc_column][vc_single_image image=&#8221;7851&#8243; img_size=&#8221;full&#8221; alignment=&#8221;center&#8221;][\/vc_column][\/vc_row][vc_row full_width=&#8221;stretch_row&#8221; css=&#8221;.vc_custom_1508976971702{margin-top: 25px !important;background-color: #f3f4f9 !important;}&#8221;][vc_column width=&#8221;1\/2&#8243;][vc_single_image image=&#8221;7053&#8243; img_size=&#8221;large&#8221; style=&#8221;vc_box_rounded&#8221; onclick=&#8221;custom_link&#8221; link=&#8221;https:\/\/jaquebec.org\/fr\/programmes-scolaires\/programmes-scolaires-pour-les-ecoles-secondaires\/&#8221;][\/vc_column][vc_column width=&#8221;1\/2&#8243;][vc_single_image image=&#8221;7052&#8243; img_size=&#8221;large&#8221; style=&#8221;vc_box_rounded&#8221; onclick=&#8221;custom_link&#8221; link=&#8221;https:\/\/jaquebec.org\/fr\/programmes-scolaires\/programmes-scolaires-pour-les-ecoles-primaires\/&#8221;][\/vc_column][\/vc_row][vc_row full_width=&#8221;stretch_row&#8221; css=&#8221;.vc_custom_1508976945736{margin-top: 25px !important;background-color: #f3f4f9 !important;}&#8221;][vc_column][vc_single_image image=&#8221;7849&#8243; img_size=&#8221;full&#8221; alignment=&#8221;center&#8221; onclick=&#8221;custom_link&#8221; link=&#8221;https:\/\/jaquebec.org\/programmes\/programme-entreprise-etudiante\/&#8221;][\/vc_column][\/vc_row][vc_row full_width=&#8221;stretch_row&#8221; css=&#8221;.vc_custom_1508976952886{margin-top: 25px !important;background-color: #f3f4f9 !important;}&#8221;][vc_column][vc_single_image image=&#8221;7850&#8243; img_size=&#8221;full&#8221; alignment=&#8221;center&#8221; onclick=&#8221;custom_link&#8221; link=&#8221;https:\/\/jaquebec.org\/fr\/programmes\/programme-entrepreneurs-juniors\/&#8221;][\/vc_column][\/vc_row][vc_row full_width=&#8221;stretch_row&#8221; css=&#8221;.vc_custom_1508976945736{margin-top: 25px !important;background-color: #f3f4f9 !important;}&#8221;][vc_column][vc_single_image image=&#8221;7846&#8243; img_size=&#8221;full&#8221; alignment=&#8221;center&#8221; onclick=&#8221;custom_link&#8221; link=&#8221;https:\/\/jaquebec.org\/fr\/programmes\/impact-sur-les-jeunes\/&#8221;][\/vc_column][\/vc_row][vc_row full_width=&#8221;stretch_row&#8221; parallax=&#8221;stellar&#8221; parallax_image=&#8221;7611&#8243; overlay_enable=&#8221;1&#8243; overlay_color=&#8221;#285f74&#8243; overlay_opacity=&#8221;0.6&#8243; css=&#8221;.vc_custom_1660849039556{padding-top: 150px !important;padding-bottom: 120px !important;}&#8221; berlin_font_color=&#8221;#ffffff&#8221;][vc_column width=&#8221;1\/4&#8243;][vc_btn title=&#8221;Donnez maintenant&#8221; style=&#8221;custom&#8221; custom_background=&#8221;#e3e24f&#8221; custom_text=&#8221;#22404d&#8221; size=&#8221;lg&#8221; align=&#8221;center&#8221; link=&#8221;url:https%3A%2F%2Fjaquebec.org%2Ffaire-un-don%2F|title:Donnez%20maintenant||&#8221; el_class=&#8221;.bold&#8221;][\/vc_column][vc_column width=&#8221;3\/4&#8243;][vc_column_text]<span style=\"color: #ffffff;\"><strong><span style=\"font-family: Montserrat; font-size: 22px;\">Merci d\u2019encourager JA Qu\u00e9bec! Votre don nous permet de continuer \u00e0 offrir nos programmes gratuitement<\/span><\/strong><\/span>[\/vc_column_text][\/vc_column][\/vc_row]<\/p>","protected":false},"excerpt":{"rendered":"<p>[vc_row full_width=&#8221;stretch_row_content&#8221; css=&#8221;.vc_custom_1660934649973{margin-top: -80px !important;}&#8221;][vc_column][vc_single_image image=&#8221;7632&#8243; img_size=&#8221;full&#8221;][\/vc_column][\/vc_row][vc_row css=&#8221;.vc_custom_1661174535700{margin-top: 20px !important;}&#8221;][vc_column][\/vc_column][\/vc_row][vc_row][vc_column][vc_column_text] JA Qu\u00e9bec travaille en partenariat avec des \u00e9ducateurs et des b\u00e9n\u00e9voles d\u2019affaires et b\u00e9n\u00e9ficie du soutien d\u2019organismes et d\u2019entreprises d\u2019envergure qui ont tous la pr\u00e9occupation de former une rel\u00e8ve innovante et dynamique au Qu\u00e9bec. Les programmes scolaires de JA Qu\u00e9bec sont offerts aux jeunes de [&hellip;]<\/p>\n","protected":false},"author":2,"featured_media":0,"parent":0,"menu_order":0,"comment_status":"closed","ping_status":"closed","template":"","meta":{"_lmt_disableupdate":"","_lmt_disable":"","footnotes":""},"class_list":["post-703","page","type-page","status-publish","hentry"],"_links":{"self":[{"href":"https:\/\/jaquebec.org\/fr\/wp-json\/wp\/v2\/pages\/703","targetHints":{"allow":["GET"]}}],"collection":[{"href":"https:\/\/jaquebec.org\/fr\/wp-json\/wp\/v2\/pages"}],"about":[{"href":"https:\/\/jaquebec.org\/fr\/wp-json\/wp\/v2\/types\/page"}],"author":[{"embeddable":true,"href":"https:\/\/jaquebec.org\/fr\/wp-json\/wp\/v2\/users\/2"}],"replies":[{"embeddable":true,"href":"https:\/\/jaquebec.org\/fr\/wp-json\/wp\/v2\/comments?post=703"}],"version-history":[{"count":32,"href":"https:\/\/jaquebec.org\/fr\/wp-json\/wp\/v2\/pages\/703\/revisions"}],"predecessor-version":[{"id":13370,"href":"https:\/\/jaquebec.org\/fr\/wp-json\/wp\/v2\/pages\/703\/revisions\/13370"}],"wp:attachment":[{"href":"https:\/\/jaquebec.org\/fr\/wp-json\/wp\/v2\/media?parent=703"}],"curies":[{"name":"wp","href":"https:\/\/api.w.org\/{rel}","templated":true}]}}