{"id":705,"date":"2017-10-25T22:39:43","date_gmt":"2017-10-26T02:39:43","guid":{"rendered":"https:\/\/jaquebec.com\/?page_id=705"},"modified":"2025-11-17T14:06:29","modified_gmt":"2025-11-17T19:06:29","slug":"programmes-scolaires","status":"publish","type":"page","link":"https:\/\/jaquebec.org\/fr\/programmes-scolaires\/","title":{"rendered":"Programmes \u00e9ducatifs"},"content":{"rendered":"<p>[vc_row full_width=&#8221;stretch_row_content&#8221; css=&#8221;.vc_custom_1660934649973{margin-top: -80px !important;}&#8221;][vc_column][vc_single_image image=&#8221;7609&#8243; img_size=&#8221;full&#8221;][\/vc_column][\/vc_row][vc_row][vc_column]<div class='headline with-icon text-center '><i class='fa fa-calendar'><\/i><h3>Programmes scolaires par niveau scolaire<\/h3><\/div>[vc_column_text css=&#8221;.vc_custom_1639584055488{margin-top: 25px !important;margin-bottom: 25px !important;border-radius: 1px !important;}&#8221;]<\/p>\n<p style=\"text-align: center;\">JA Qu\u00e9bec travaille en partenariat avec des \u00e9ducateurs et des b\u00e9n\u00e9voles d&#8217;affaires et b\u00e9n\u00e9ficie du soutien d&#8217;organismes et d&#8217;entreprises d&#8217;envergure qui ont tous la pr\u00e9occupation de former une rel\u00e8ve innovante et dynamique au Qu\u00e9bec. Les programmes scolaires de JA Qu\u00e9bec sont offerts aux jeunes de 10 \u00e0 18 ans ainsi qu&#8217;aux jeunes adultes. Ils visent \u00e0 leur donner des outils qui les aideront \u00e0 prendre des d\u00e9cisions financi\u00e8res pertinentes, \u00e0 faire le bon choix de carri\u00e8re et\/ou \u00e0 lancer une entreprise.<\/p>\n<p>[\/vc_column_text][vc_column_text css=&#8221;.vc_custom_1642021218763{margin-top: 25px !important;}&#8221;]<\/p>\n<h4 style=\"text-align: center;\"><strong>D\u00e9couvrez les programmes offerts dans les \u00e9coles primaires et secondaires<\/strong><\/h4>\n<p>[\/vc_column_text][\/vc_column][\/vc_row][vc_row][vc_column width=&#8221;1\/2&#8243;][vc_single_image image=&#8221;7052&#8243; img_size=&#8221;large&#8221; alignment=&#8221;center&#8221; style=&#8221;vc_box_rounded&#8221; onclick=&#8221;custom_link&#8221; img_link_target=&#8221;_blank&#8221; css=&#8221;.vc_custom_1643303980508{margin-top: 25px !important;margin-bottom: 25px !important;}&#8221; link=&#8221;https:\/\/jaquebec.org\/programmes-scolaires-pour-les-ecoles-primaires\/&#8221;][\/vc_column][vc_column width=&#8221;1\/2&#8243;][vc_single_image image=&#8221;7053&#8243; img_size=&#8221;large&#8221; alignment=&#8221;center&#8221; style=&#8221;vc_box_rounded&#8221; onclick=&#8221;custom_link&#8221; img_link_target=&#8221;_blank&#8221; css=&#8221;.vc_custom_1643303999349{margin-top: 25px !important;margin-bottom: 25px !important;}&#8221; link=&#8221;https:\/\/jaquebec.org\/?page_id=6927&amp;preview=true&#8221;][\/vc_column][\/vc_row][vc_row full_width=&#8221;stretch_row&#8221; css=&#8221;.vc_custom_1678385546064{padding-top: 50px !important;padding-bottom: 50px !important;background-color: #285f74 !important;}&#8221;][vc_column][vc_column_text]<\/p>\n<h3 style=\"color: #ffffff; text-align: center;\"><strong>Nos programmes peuvent \u00eatre adapt\u00e9s \u00e0 tous les niveaux scolaires, sauf le programme Entreprise \u00c9tudiante destin\u00e9 aux \u00e9l\u00e8ves des 4<sup>e<\/sup> et 5<sup>e<\/sup> secondaire.<\/strong><\/h3>\n<p>[\/vc_column_text][\/vc_column][\/vc_row][vc_row][vc_column]<div class='headline with-icon text-center '><i class='fa fa-pencil-square-o'><\/i><h3>Formulaires d\u2019inscription<\/h3><\/div>[\/vc_column][\/vc_row][vc_row][vc_column][vc_column_text]<span style=\"color: #000000;\">Pour toutes questions sur nos programmes scolaires, veuillez nous contacter \u00e0<\/span> <a href=\"mailto:info@jaquebec.org\">info@jaquebec.org<\/a> <span style=\"color: #000000;\">ou au (514) 285-8944<\/span>[\/vc_column_text][\/vc_column][\/vc_row][vc_row css=&#8221;.vc_custom_1567547127334{margin-top: 25px !important;}&#8221;][vc_column width=&#8221;1\/2&#8243;][vc_column_text]<\/p>\n<h4 style=\"text-align: center;\"><strong>Pour les <span style=\"color: #000000;\">\u00e9coles <\/span>d\u00e9sirant offrir\u00a0l&#8217;un de\u00a0nos <span style=\"color: #008000;\"><span style=\"color: #000000;\">programmes scolaires<\/span> <\/span>\u00e0 leurs \u00e9l\u00e8ves :<\/strong><\/h4>\n<p>[\/vc_column_text][vc_empty_space height=&#8221;10px&#8221;][vc_btn title=&#8221;Formulaire \u00e9cole Grand Montr\u00e9al&#8221; color=&#8221;info&#8221; align=&#8221;center&#8221; i_icon_fontawesome=&#8221;fa fa-graduation-cap&#8221; css_animation=&#8221;bounceIn&#8221; add_icon=&#8221;true&#8221; link=&#8221;url:https%3A%2F%2Fforms.office.com%2Fpages%2Fresponsepage.aspx%3Fid%3DM9-kSxOf-ES3Yk6HY8O34d0Ab8na5IBPq2cxML5gtO1UQUEwNUpBVUdZQlhRWDBOMkFLWEdNQ1U3Qy4u%26route%3Dshorturl|||&#8221; el_class=&#8221;.bold&#8221;][vc_btn title=&#8221;Formulaire \u00e9cole Capitale-Nationale et Chaudi\u00e8re-Appalaches&#8221; color=&#8221;info&#8221; align=&#8221;center&#8221; i_icon_fontawesome=&#8221;fa fa-graduation-cap&#8221; css_animation=&#8221;bounceIn&#8221; add_icon=&#8221;true&#8221; link=&#8221;url:https%3A%2F%2Fforms.office.com%2Fpages%2Fresponsepage.aspx%3Fid%3DM9-kSxOf-ES3Yk6HY8O34d0Ab8na5IBPq2cxML5gtO1UQUEwNUpBVUdZQlhRWDBOMkFLWEdNQ1U3Qy4u%26route%3Dshorturl||target:%20_blank|&#8221; el_class=&#8221;.bold&#8221;][vc_btn title=&#8221;Formulaire \u00e9cole Mauricie-Centre-du-Qu\u00e9bec&#8221; color=&#8221;info&#8221; align=&#8221;center&#8221; i_icon_fontawesome=&#8221;fa fa-graduation-cap&#8221; css_animation=&#8221;bounceIn&#8221; add_icon=&#8221;true&#8221; link=&#8221;url:https%3A%2F%2Fforms.office.com%2Fpages%2Fresponsepage.aspx%3Fid%3DM9-kSxOf-ES3Yk6HY8O34d0Ab8na5IBPq2cxML5gtO1UQUEwNUpBVUdZQlhRWDBOMkFLWEdNQ1U3Qy4u%26route%3Dshorturl||target:%20_blank|&#8221; el_class=&#8221;.bold&#8221;][vc_btn title=&#8221;Formulaire \u00e9cole Autres r\u00e9gions&#8221; color=&#8221;info&#8221; align=&#8221;center&#8221; i_icon_fontawesome=&#8221;fa fa-graduation-cap&#8221; css_animation=&#8221;bounceIn&#8221; add_icon=&#8221;true&#8221; link=&#8221;url:https%3A%2F%2Fforms.office.com%2Fpages%2Fresponsepage.aspx%3Fid%3DM9-kSxOf-ES3Yk6HY8O34d0Ab8na5IBPq2cxML5gtO1UQUEwNUpBVUdZQlhRWDBOMkFLWEdNQ1U3Qy4u%26route%3Dshorturl|||&#8221; el_class=&#8221;.bold&#8221;][\/vc_column][vc_column width=&#8221;1\/2&#8243;][vc_column_text]<\/p>\n<h4 style=\"text-align: center;\"><strong>Si vous souhaitez devenir <span style=\"color: #000000;\">b\u00e9n\u00e9vole d&#8217;affaires<\/span> pour l&#8217;un de nos <span style=\"color: #000000;\">programmes :<\/span><\/strong><\/h4>\n<p>[\/vc_column_text][vc_empty_space height=&#8221;10px&#8221;][vc_btn title=&#8221;Formulaire d&#8217;inscription pour b\u00e9n\u00e9voles&#8221; color=&#8221;info&#8221; align=&#8221;center&#8221; i_icon_fontawesome=&#8221;fa fa-users&#8221; css_animation=&#8221;bounceIn&#8221; add_icon=&#8221;true&#8221; link=&#8221;url:https%3A%2F%2Fjaquebec.org%2Ffr%2Fbenevoles%2Fformulaire-dinscription-pour-benevoles%2F|||&#8221; el_class=&#8221;.bold&#8221;][\/vc_column][\/vc_row][vc_row full_width=&#8221;stretch_row&#8221; css=&#8221;.vc_custom_1660934925775{margin-top: 50px !important;padding-top: 25px !important;padding-bottom: 25px !important;background-color: #e3e24f !important;}&#8221;][vc_column][vc_column_text]<\/p>\n<h5 style=\"color: #285f74; text-align: center;\"><span style=\"color: #000000;\"><strong>Important : Nous avons besoin de savoir 4 semaines \u00e0 l\u2019avance la date et l\u2019heure auxquelles vous souhaitez recevoir nos services afin que nous puissions trouver et former les b\u00e9n\u00e9voles ad\u00e9quatement.<\/strong><\/span><\/h5>\n<p>[\/vc_column_text][\/vc_column][\/vc_row][vc_row full_width=&#8221;stretch_row&#8221; parallax=&#8221;stellar&#8221; parallax_image=&#8221;7611&#8243; overlay_enable=&#8221;1&#8243; overlay_color=&#8221;#285f74&#8243; overlay_opacity=&#8221;0.6&#8243; css=&#8221;.vc_custom_1660849039556{padding-top: 150px !important;padding-bottom: 120px !important;}&#8221; berlin_font_color=&#8221;#ffffff&#8221;][vc_column width=&#8221;1\/4&#8243;][vc_btn title=&#8221;Donnez maintenant&#8221; style=&#8221;custom&#8221; custom_background=&#8221;#e3e24f&#8221; custom_text=&#8221;#22404d&#8221; size=&#8221;lg&#8221; align=&#8221;center&#8221; link=&#8221;url:https%3A%2F%2Fjaquebec.org%2Ffaire-un-don%2F|title:Donnez%20maintenant||&#8221; el_class=&#8221;.bold&#8221;][\/vc_column][vc_column width=&#8221;3\/4&#8243;][vc_column_text]<span style=\"color: #ffffff;\"><strong><span style=\"font-family: Montserrat; font-size: 22px;\">Merci d\u2019encourager JA Qu\u00e9bec! Votre don nous permet de continuer \u00e0 offrir nos programmes gratuitement<\/span><\/strong><\/span>[\/vc_column_text][\/vc_column][\/vc_row]<\/p>","protected":false},"excerpt":{"rendered":"<p>[vc_row full_width=&#8221;stretch_row_content&#8221; css=&#8221;.vc_custom_1660934649973{margin-top: -80px !important;}&#8221;][vc_column][vc_single_image image=&#8221;7609&#8243; img_size=&#8221;full&#8221;][\/vc_column][\/vc_row][vc_row][vc_column][vc_column_text css=&#8221;.vc_custom_1639584055488{margin-top: 25px !important;margin-bottom: 25px !important;border-radius: 1px !important;}&#8221;] JA Qu\u00e9bec travaille en partenariat avec des \u00e9ducateurs et des b\u00e9n\u00e9voles d&#8217;affaires et b\u00e9n\u00e9ficie du soutien d&#8217;organismes et d&#8217;entreprises d&#8217;envergure qui ont tous la pr\u00e9occupation de former une rel\u00e8ve innovante et dynamique au Qu\u00e9bec. Les programmes scolaires de JA Qu\u00e9bec sont [&hellip;]<\/p>\n","protected":false},"author":2,"featured_media":0,"parent":0,"menu_order":0,"comment_status":"closed","ping_status":"closed","template":"","meta":{"_lmt_disableupdate":"no","_lmt_disable":"","footnotes":""},"class_list":["post-705","page","type-page","status-publish","hentry"],"_links":{"self":[{"href":"https:\/\/jaquebec.org\/fr\/wp-json\/wp\/v2\/pages\/705","targetHints":{"allow":["GET"]}}],"collection":[{"href":"https:\/\/jaquebec.org\/fr\/wp-json\/wp\/v2\/pages"}],"about":[{"href":"https:\/\/jaquebec.org\/fr\/wp-json\/wp\/v2\/types\/page"}],"author":[{"embeddable":true,"href":"https:\/\/jaquebec.org\/fr\/wp-json\/wp\/v2\/users\/2"}],"replies":[{"embeddable":true,"href":"https:\/\/jaquebec.org\/fr\/wp-json\/wp\/v2\/comments?post=705"}],"version-history":[{"count":157,"href":"https:\/\/jaquebec.org\/fr\/wp-json\/wp\/v2\/pages\/705\/revisions"}],"predecessor-version":[{"id":13526,"href":"https:\/\/jaquebec.org\/fr\/wp-json\/wp\/v2\/pages\/705\/revisions\/13526"}],"wp:attachment":[{"href":"https:\/\/jaquebec.org\/fr\/wp-json\/wp\/v2\/media?parent=705"}],"curies":[{"name":"wp","href":"https:\/\/api.w.org\/{rel}","templated":true}]}}