{"id":709,"date":"2017-10-25T22:40:26","date_gmt":"2017-10-26T02:40:26","guid":{"rendered":"https:\/\/jaquebec.com\/?page_id=709"},"modified":"2025-07-23T15:48:22","modified_gmt":"2025-07-23T19:48:22","slug":"impact-sur-les-jeunes","status":"publish","type":"page","link":"https:\/\/jaquebec.org\/fr\/programmes\/impact-sur-les-jeunes\/","title":{"rendered":"Impact sur les jeunes"},"content":{"rendered":"<p>[vc_row full_width=&#8221;stretch_row_content&#8221; css=&#8221;.vc_custom_1661173752388{margin-top: -80px !important;}&#8221;][vc_column][vc_single_image image=&#8221;7600&#8243; img_size=&#8221;full&#8221;][\/vc_column][\/vc_row][vc_row css=&#8221;.vc_custom_1510598576656{margin-top: -80px !important;}&#8221;][vc_column]<div class='headline with-icon text-center '><i class='berlin-icon-arrow1'><\/i><h3>RETOMB\u00c9ES POSITIVES DES FORMATIONS JA<\/h3><\/div>[\/vc_column][\/vc_row][vc_row full_width=&#8221;stretch_row&#8221; overlay_enable=&#8221;1&#8243; overlay_color=&#8221;#016b2f&#8221; overlay_opacity=&#8221;0.8&#8243; css=&#8221;.vc_custom_1661173834116{padding-top: 50px !important;padding-right: 50px !important;padding-bottom: 50px !important;padding-left: 50px !important;background-image: url(https:\/\/jaquebec.org\/wp-content\/uploads\/2017\/09\/banner4.jpg?id=508) !important;background-position: center !important;background-repeat: no-repeat !important;background-size: cover !important;}&#8221;][vc_column][vc_column_text css=&#8221;.vc_custom_1509059347894{background-position: center !important;background-repeat: no-repeat !important;background-size: cover !important;}&#8221;]<\/p>\n<h4 style=\"color: #ffffff;\">Les programmes de formation de JA Qu\u00e9bec ont un impact concret et positif aupr\u00e8s des jeunes et permettent de d\u00e9velopper leurs habilet\u00e9s de collaboration et de leadership, des comp\u00e9tences recherch\u00e9es par les entreprises et essentielles pour se partir en affaires. Des \u00e9tudes montrent que les participants sont ensuite plus enclins \u00e0 poursuivre leurs \u00e9tudes et\/ou \u00e0 devenir entrepreneurs.<\/h4>\n<p>[\/vc_column_text][\/vc_column][\/vc_row][vc_row css=&#8221;.vc_custom_1509480903304{margin-top: 25px !important;margin-bottom: 25px !important;}&#8221;][vc_column width=&#8221;1\/2&#8243;][vc_column_text]<\/p>\n<h3>Enjeux<\/h3>\n<p>[\/vc_column_text][vc_separator][\/vc_column][vc_column width=&#8221;1\/2&#8243;][vc_column_text]<\/p>\n<h3>Impacts<\/h3>\n<p>[\/vc_column_text][vc_separator][\/vc_column][\/vc_row][vc_row css=&#8221;.vc_custom_1509481129313{margin-top: 15px !important;margin-bottom: 5px !important;background-color: #f3f4f9 !important;}&#8221;][vc_column width=&#8221;1\/2&#8243;][vc_column_text css=&#8221;.vc_custom_1692042589477{padding-top: 10px !important;padding-bottom: 10px !important;}&#8221;]<\/p>\n<p style=\"text-align: justify;\"><span style=\"color: #000000;\">Le taux d\u2019intention global de se lancer en affaires au Qu\u00e9bec (14,8\u00a0%) demeure inf\u00e9rieur \u00e0 celui du reste du Canada (21,2\u00a0%).<sup>1<\/sup><\/span><\/p>\n<p>[\/vc_column_text][\/vc_column][vc_column width=&#8221;1\/2&#8243;][vc_column_text css=&#8221;.vc_custom_1692042597562{padding-top: 10px !important;padding-bottom: 10px !important;}&#8221;]<\/p>\n<p style=\"text-align: justify;\"><span style=\"color: #000000;\">Les programmes de JA Qu\u00e9bec ont un impact positif direct et concret sur les jeunes, le monde des affaires et la soci\u00e9t\u00e9.<\/span><\/p>\n<p style=\"text-align: justify;\"><span style=\"color: #000000;\">Les dipl\u00f4m\u00e9s de JA Qu\u00e9bec sont 50 % plus enclins \u00e0 ouvrir leur propre entreprise, ce qui m\u00e8ne \u00e0 l\u2019innovation ainsi qu\u2019\u00e0 la cr\u00e9ation d\u2019emploi et de richesse collective.<\/span><\/p>\n<p>[\/vc_column_text][\/vc_column][\/vc_row][vc_row css=&#8221;.vc_custom_1509481102819{margin-top: 5px !important;margin-bottom: 5px !important;background-color: #e5e6eb !important;}&#8221;][vc_column width=&#8221;1\/2&#8243;][vc_column_text css=&#8221;.vc_custom_1692042605914{padding-top: 10px !important;padding-bottom: 10px !important;}&#8221;]<\/p>\n<p style=\"text-align: justify;\"><span style=\"color: #000000;\">Le d\u00e9crochage scolaire se situe toujours autour de 27 % au Qu\u00e9bec (1 gar\u00e7on sur 3, 1 fille sur 5 d\u00e9crochent avant l\u2019ob-tention d\u2019un dipl\u00f4me).<\/span><\/p>\n<p>[\/vc_column_text][\/vc_column][vc_column width=&#8221;1\/2&#8243;][vc_column_text css=&#8221;.vc_custom_1692042613960{padding-top: 10px !important;padding-bottom: 10px !important;}&#8221;]<\/p>\n<p style=\"text-align: justify;\"><span style=\"color: #000000;\">Plus de 65\u00a0% des participants \u00e0 JA Qu\u00e9bec indiquent que leur participation aux programmes a eu un impact significatif sur leur d\u00e9cision de ne pas abandonner l\u2019\u00e9cole et de poursuivre des \u00e9tudes\u00a0 postsecondaires.<\/span><\/p>\n<p>[\/vc_column_text][\/vc_column][\/vc_row][vc_row css=&#8221;.vc_custom_1509480984217{margin-top: 5px !important;margin-bottom: 5px !important;background-color: #f3f4f9 !important;}&#8221;][vc_column width=&#8221;1\/2&#8243;][vc_column_text css=&#8221;.vc_custom_1692042624400{padding-top: 10px !important;padding-bottom: 10px !important;}&#8221;]<\/p>\n<p style=\"text-align: justify;\"><span style=\"color: #000000;\">Le manque de connaissances \u00e9conomiques et financi\u00e8res nuit aux individus \u00e0 court et \u00e0 long terme.<\/span><br \/>\n<span style=\"color: #000000;\"><strong>50 % des \u00e9tudiants canadiens au secondaire ont des dettes.<\/strong><sup>3<\/sup><\/span><\/p>\n<p>[\/vc_column_text][\/vc_column][vc_column width=&#8221;1\/2&#8243;][vc_column_text css=&#8221;.vc_custom_1692042629729{padding-top: 10px !important;padding-bottom: 10px !important;}&#8221;]<span style=\"color: #000000;\">Les participants \u00e0 JA Qu\u00e9bec sont trois fois plus port\u00e9s \u00e0 d\u00e9penser moins qu\u2019ils ne gagnent et sont beaucoup moins susceptibles d\u2019\u00eatre sans emploi ou de compter sur l\u2019aide sociale.<\/span>[\/vc_column_text][\/vc_column][\/vc_row][vc_row css=&#8221;.vc_custom_1509481188351{margin-top: 5px !important;margin-bottom: 5px !important;}&#8221;][vc_column][vc_separator][vc_column_text css=&#8221;.vc_custom_1692042636935{padding-top: 10px !important;padding-bottom: 10px !important;}&#8221;]<span style=\"color: #000000;\"><sup>1 <\/sup><span style=\"font-size: 11px;\">Source : Fondation de l\u2019Entrepreneurship<\/span><\/span><br \/>\n<span style=\"color: #000000;\"><sup>2 <\/sup><span style=\"font-size: 11px;\">Source : Une \u00e9tude ind\u00e9pendante, r\u00e9alis\u00e9e par le Boston Consulting Group en 2011<\/span><\/span><br \/>\n<span style=\"color: #000000;\"><sup>3 <\/sup><span style=\"font-size: 11px;\">Source : Canada\u2019s Task Force on Financial Literacy, 2011<\/span><\/span>[\/vc_column_text][\/vc_column][\/vc_row][vc_row css=&#8221;.vc_custom_1509060338802{margin-top: 25px !important;margin-bottom: 25px !important;}&#8221;][vc_column][vc_column_text css=&#8221;.vc_custom_1661173938494{padding-top: 10px !important;padding-bottom: 10px !important;}&#8221;]<\/p>\n<h3 style=\"color: #f7b00f; text-align: center;\"><span style=\"color: #00a0af;\">Impact des programmes JA dans le monde<\/span><\/h3>\n<p>[\/vc_column_text][vc_single_image image=&#8221;961&#8243; img_size=&#8221;large&#8221; alignment=&#8221;center&#8221;][vc_column_text css=&#8221;.vc_custom_1692042666112{padding-top: 10px !important;padding-right: 100px !important;padding-left: 100px !important;}&#8221;]<\/p>\n<p style=\"text-align: justify;\"><span style=\"color: #000000;\">Notre mouvement touche directement 10 millions de jeunes gr\u00e2ce \u00e0 400 000 b\u00e9n\u00e9voles dans 121 pays. Nos programmes encouragent la d\u00e9couverte de soi des jeunes, favorisent la pers\u00e9v\u00e9rance scolaire jusqu\u2019\u00e0 l\u2019obtention d\u2019un dipl\u00f4me et incitent les jeunes \u00e0 se fixer des objectifs et \u00e0 les r\u00e9aliser. Ils permettent aux jeunes participants de d\u00e9velopper des comp\u00e9tences et des habilet\u00e9s qui leur seront utiles tout au long de leur vie.<\/span><\/p>\n<p style=\"text-align: justify;\"><span style=\"color: #000000;\">Leur participation \u00e0 nos activit\u00e9s les am\u00e8ne aussi \u00e0 comprendre que l\u2019ind\u00e9pendance financi\u00e8re future est bien souvent le r\u00e9sultat des choix que l\u2019on fait aujourd\u2019hui.<\/span><\/p>\n<p><span style=\"color: #000000;\"><strong>Au contact de mod\u00e8les inspirants issus du milieu des affaires, ils d\u00e9couvrent de nouveaux horizons et de nouvelles opportunit\u00e9s d\u2019avenir.<\/strong><\/span>[\/vc_column_text][vc_btn title=&#8221;Nos statistiques&#8221; color=&#8221;info&#8221; align=&#8221;center&#8221; link=&#8221;url:https%3A%2F%2Fjaquebec.org%2Ffr%2Fcategory%2Fstatistiques%2F|||&#8221; css=&#8221;.vc_custom_1691787643479{margin-top: 25px !important;}&#8221;][\/vc_column][\/vc_row][vc_row full_width=&#8221;stretch_row&#8221; parallax=&#8221;stellar&#8221; parallax_image=&#8221;7611&#8243; overlay_enable=&#8221;1&#8243; overlay_color=&#8221;#285f74&#8243; overlay_opacity=&#8221;0.6&#8243; css=&#8221;.vc_custom_1660849039556{padding-top: 150px !important;padding-bottom: 120px !important;}&#8221; berlin_font_color=&#8221;#ffffff&#8221;][vc_column width=&#8221;1\/4&#8243;][vc_btn title=&#8221;Donnez maintenant&#8221; style=&#8221;custom&#8221; custom_background=&#8221;#e3e24f&#8221; custom_text=&#8221;#22404d&#8221; size=&#8221;lg&#8221; align=&#8221;center&#8221; link=&#8221;url:https%3A%2F%2Fjaquebec.org%2Ffaire-un-don%2F|title:Donnez%20maintenant||&#8221; el_class=&#8221;.bold&#8221;][\/vc_column][vc_column width=&#8221;3\/4&#8243;][vc_column_text]<span style=\"color: #ffffff;\"><strong><span style=\"font-family: Montserrat; font-size: 22px;\">Merci d\u2019encourager JA Qu\u00e9bec! Votre don nous permet de continuer \u00e0 offrir nos programmes gratuitement<\/span><\/strong><\/span>[\/vc_column_text][\/vc_column][\/vc_row]<\/p>","protected":false},"excerpt":{"rendered":"<p>[vc_row full_width=&#8221;stretch_row_content&#8221; css=&#8221;.vc_custom_1661173752388{margin-top: -80px !important;}&#8221;][vc_column][vc_single_image image=&#8221;7600&#8243; img_size=&#8221;full&#8221;][\/vc_column][\/vc_row][vc_row css=&#8221;.vc_custom_1510598576656{margin-top: -80px !important;}&#8221;][vc_column][\/vc_column][\/vc_row][vc_row full_width=&#8221;stretch_row&#8221; overlay_enable=&#8221;1&#8243; overlay_color=&#8221;#016b2f&#8221; overlay_opacity=&#8221;0.8&#8243; css=&#8221;.vc_custom_1661173834116{padding-top: 50px !important;padding-right: 50px !important;padding-bottom: 50px !important;padding-left: 50px !important;background-image: url(https:\/\/jaquebec.org\/wp-content\/uploads\/2017\/09\/banner4.jpg?id=508) !important;background-position: center !important;background-repeat: no-repeat !important;background-size: cover !important;}&#8221;][vc_column][vc_column_text css=&#8221;.vc_custom_1509059347894{background-position: center !important;background-repeat: no-repeat !important;background-size: cover !important;}&#8221;] Les programmes de formation de JA Qu\u00e9bec ont un impact concret et positif aupr\u00e8s des jeunes et [&hellip;]<\/p>\n","protected":false},"author":2,"featured_media":0,"parent":703,"menu_order":0,"comment_status":"closed","ping_status":"closed","template":"","meta":{"_lmt_disableupdate":"","_lmt_disable":"","footnotes":""},"class_list":["post-709","page","type-page","status-publish","hentry"],"_links":{"self":[{"href":"https:\/\/jaquebec.org\/fr\/wp-json\/wp\/v2\/pages\/709","targetHints":{"allow":["GET"]}}],"collection":[{"href":"https:\/\/jaquebec.org\/fr\/wp-json\/wp\/v2\/pages"}],"about":[{"href":"https:\/\/jaquebec.org\/fr\/wp-json\/wp\/v2\/types\/page"}],"author":[{"embeddable":true,"href":"https:\/\/jaquebec.org\/fr\/wp-json\/wp\/v2\/users\/2"}],"replies":[{"embeddable":true,"href":"https:\/\/jaquebec.org\/fr\/wp-json\/wp\/v2\/comments?post=709"}],"version-history":[{"count":55,"href":"https:\/\/jaquebec.org\/fr\/wp-json\/wp\/v2\/pages\/709\/revisions"}],"predecessor-version":[{"id":10156,"href":"https:\/\/jaquebec.org\/fr\/wp-json\/wp\/v2\/pages\/709\/revisions\/10156"}],"up":[{"embeddable":true,"href":"https:\/\/jaquebec.org\/fr\/wp-json\/wp\/v2\/pages\/703"}],"wp:attachment":[{"href":"https:\/\/jaquebec.org\/fr\/wp-json\/wp\/v2\/media?parent=709"}],"curies":[{"name":"wp","href":"https:\/\/api.w.org\/{rel}","templated":true}]}}