{"id":713,"date":"2017-10-25T22:41:53","date_gmt":"2017-10-25T20:41:53","guid":{"rendered":"https:\/\/jaquebec.com\/?page_id=713"},"modified":"2025-01-24T16:02:41","modified_gmt":"2025-01-24T21:02:41","slug":"formulaire-ps-ecole","status":"publish","type":"page","link":"https:\/\/jaquebec.org\/fr\/ecoles\/formulaire-ps-ecole\/","title":{"rendered":"Formulaire PS &#8211; \u00c9cole"},"content":{"rendered":"<p>[vc_row full_width=&#8221;stretch_row&#8221; css=&#8221;.vc_custom_1660855514466{margin-top: -80px !important;background-color: #285f74 !important;}&#8221;][vc_column][vc_single_image image=&#8221;7648&#8243; img_size=&#8221;full&#8221; alignment=&#8221;center&#8221; css=&#8221;.vc_custom_1660855439880{background-color: #f2f3f8 !important;}&#8221;][\/vc_column][\/vc_row][vc_row css=&#8221;.vc_custom_1592248846844{margin-top: 20px !important;}&#8221;][vc_column][vc_column_text]<\/p>\n<h3 style=\"color: #00a0af; text-align: center; margin-top: 15px; margin-bottom: 25px;\"><strong>FORMULAIRE D&#8217;INSCRIPTION D&#8217;UNE \u00c9COLE AUX PROGRAMMES JA QU\u00c9BEC<\/strong><\/h3>\n<p>[\/vc_column_text][\/vc_column][\/vc_row][vc_row css=&#8221;.vc_custom_1598486258822{margin-top: 20px !important;}&#8221;][vc_column][vc_column_text]<span style=\"color: #000000;\">Selon le temps dont vous disposez, nous vous aiderons \u00e0 trouver le programme qui vous convient et qui est en harmonie avec les objectifs de votre programme d\u2019\u00e9tudes.<\/span><br \/>\n<span style=\"color: #000000;\">Nous tenterons le plus possible de r\u00e9pondre \u00e0 vos besoins et de respecter vos pr\u00e9f\u00e9rences.<\/span><\/p>\n<p><span style=\"color: #000000;\">Nous proposons trois formules :<\/span>[\/vc_column_text][\/vc_column][\/vc_row][vc_row css=&#8221;.vc_custom_1598486551032{margin-top: 30px !important;}&#8221;][vc_column width=&#8221;1\/2&#8243;][vc_column_text]<\/p>\n<h4 style=\"color: #00a0af;\">1) En pr\u00e9sentiel :<\/h4>\n<p><span style=\"color: #000000;\">Nos b\u00e9n\u00e9voles d\u2019affaires (form\u00e9s par JA Qu\u00e9bec) viennent donner les ateliers directement dans vos classes.<\/span><\/p>\n<h4 style=\"color: #00a0af;\">3) Par l&#8217;enseignant(e) :<\/h4>\n<p><span style=\"color: #000000;\">Vous donnez les ateliers dans votre classe, en vous servant du mat\u00e9riel p\u00e9dagogique offert gratuitement par JA Qu\u00e9bec. Vous serez form\u00e9s par JA Qu\u00e9bec avant la livraison. C\u2019est un projet cl\u00e9 en main!<\/span>[\/vc_column_text][\/vc_column][vc_column width=&#8221;1\/2&#8243;][vc_column_text]<\/p>\n<h4 style=\"color: #00a0af;\">2) En virtuel :<\/h4>\n<p><span style=\"color: #000000;\">Nos b\u00e9n\u00e9voles d&#8217;affaires animent les ateliers en ligne sur une plate-forme virtuelle. Vous n&#8217;avez rien \u00e0 pr\u00e9parer, nous fournissons le mat\u00e9riel et l\u2019expertise!<\/span><\/p>\n<h4 style=\"color: #00a0af;\">Autre nouveaut\u00e9!<\/h4>\n<p><span style=\"color: #000000;\">Les \u00e9l\u00e8ves peuvent faire certaines de nos activit\u00e9s en ligne, en devoir ou par plaisir, en choisissant la <strong>version \u00ab autonome \u00bb<\/strong> de nos programmes <a style=\"color: #000000;\" href=\"https:\/\/resources.jacampus.org\/course\/index.php?categoryid=7&amp;lang=fr_ca\" target=\"_blank\" rel=\"noopener noreferrer\">disponible ici<\/a>.<\/span>[\/vc_column_text][\/vc_column][\/vc_row][vc_row css=&#8221;.vc_custom_1598486665857{margin-top: 30px !important;margin-bottom: 20px !important;}&#8221;][vc_column][vc_column_text]<span style=\"color: #000000;\"><strong>Toutes les formules sont accompagn\u00e9es de mat\u00e9riel en format papier<\/strong> (guide du programme, cahiers pour les \u00e9l\u00e8ves, boites de jeu et diverses ressources) et sera livr\u00e9 au pr\u00e9alable dans votre \u00e9cole <strong>et\/ou<\/strong> en<\/span> <a href=\"https:\/\/resources.jacampus.org\/course\/index.php?categoryid=15\" target=\"_blank\" rel=\"noopener noreferrer\"><strong>format num\u00e9rique<\/strong><\/a><span style=\"color: #000000;\">* pour certains programmes.<\/span><\/p>\n<p><span style=\"color: #000000;\">Pour toutes questions sur nos programmes scolaires, veuillez contacter <strong>Jessika Houde,<\/strong><\/span><span style=\"color: #000000;\">\u00a0coordonnatrice des programmes scolaires \u00e0<\/span> <a href=\"mailto:quebec@jaquebec.org\">quebec@jaquebec.org<\/a> <span style=\"color: #000000;\">ou au (514) 285-8944 Poste 106.<\/span><\/p>\n<h4 style=\"color: #00a0af;\"><strong>Pour les \u00e9coles d\u00e9sirant s\u2019inscrire \u00e0 nos programmes scolaires, veuillez remplir le formulaire ci-dessous :<\/strong><\/h4>\n<p>[\/vc_column_text][\/vc_column][\/vc_row][vc_row][vc_column width=&#8221;1\/2&#8243;][vc_btn title=&#8221;Formulaire inscription programmes scolaires Grand Montr\u00e9al&#8221; color=&#8221;info&#8221; link=&#8221;url:https%3A%2F%2Fforms.office.com%2Fpages%2Fresponsepage.aspx%3Fid%3DM9-kSxOf-ES3Yk6HY8O34d0Ab8na5IBPq2cxML5gtO1UQUEwNUpBVUdZQlhRWDBOMkFLWEdNQ1U3Qy4u%26route%3Dshorturl||target:%20_blank|&#8221;][vc_btn title=&#8221;Formulaire d&#8217;inscription programmes scolaires Mauricie-Centre-du-Qu\u00e9bec&#8221; color=&#8221;info&#8221; link=&#8221;url:https%3A%2F%2Fforms.office.com%2Fpages%2Fresponsepage.aspx%3Fid%3DM9-kSxOf-ES3Yk6HY8O34d0Ab8na5IBPq2cxML5gtO1UQUEwNUpBVUdZQlhRWDBOMkFLWEdNQ1U3Qy4u%26route%3Dshorturl||target:%20_blank|&#8221;][\/vc_column][vc_column width=&#8221;1\/2&#8243;][vc_btn title=&#8221;Formulaire d&#8217;inscription programmes scolaires Capitale-Nationale et Chaudi\u00e8re-Appalaches&#8221; color=&#8221;info&#8221; link=&#8221;url:https%3A%2F%2Fforms.office.com%2Fpages%2Fresponsepage.aspx%3Fid%3DM9-kSxOf-ES3Yk6HY8O34d0Ab8na5IBPq2cxML5gtO1UQUEwNUpBVUdZQlhRWDBOMkFLWEdNQ1U3Qy4u%26route%3Dshorturl||target:%20_blank|&#8221;][vc_btn title=&#8221;Formulaire d&#8217;inscription programmes scolaires autres r\u00e9gions&#8221; color=&#8221;info&#8221; link=&#8221;url:https%3A%2F%2Fforms.office.com%2Fpages%2Fresponsepage.aspx%3Fid%3DM9-kSxOf-ES3Yk6HY8O34d0Ab8na5IBPq2cxML5gtO1UQUEwNUpBVUdZQlhRWDBOMkFLWEdNQ1U3Qy4u%26route%3Dshorturl||target:%20_blank|&#8221;][\/vc_column][\/vc_row][vc_row][vc_column][vc_btn title=&#8221;Formulaire d&#8217;inscription programme Entreprise \u00c9tudiante et Entrepreneur Junior&#8221; color=&#8221;info&#8221; align=&#8221;center&#8221; link=&#8221;url:https%3A%2F%2Fforms.office.com%2FPages%2FResponsePage.aspx%3Fid%3DM9-kSxOf-ES3Yk6HY8O34ftBjuUum2RNuPad9fPOum5UODVWVzdPWkY0MENIWk82N003OEpUNEE2NS4u||target:%20_blank|&#8221;][\/vc_column][\/vc_row][vc_row full_width=&#8221;stretch_row&#8221; css=&#8221;.vc_custom_1692038894005{background-color: #e3e24f !important;}&#8221;][vc_column][vc_column_text css=&#8221;.vc_custom_1692024993087{margin-top: 35px !important;}&#8221;]<em><span style=\"color: #000000;\">* Nous vous sugg\u00e9rons de<\/span> <a href=\"https:\/\/resources.jacampus.org\/admin\/tool\/policy\/index.php\" target=\"_blank\" rel=\"noopener noreferrer\">vous inscrire gratuitement<\/a> <span style=\"color: #000000;\">d\u00e8s \u00e0 pr\u00e9sent sur le portail JAcampus pour acc\u00e9der \u00e0 certaines ressources. Si vous livrez une classe, nous vous fournirons des codes pour acc\u00e9der aux sections d\u00e9di\u00e9es \u00e0 l&#8217;animateur.<\/span><\/em>[\/vc_column_text][vc_column_text css=&#8221;.vc_custom_1692038905344{margin-top: 20px !important;margin-bottom: 20px !important;}&#8221;]<\/p>\n<h4 style=\"color: #00a0af; text-align: center;\"><span style=\"color: #000000;\"><strong>Important : Nous avons besoin de savoir 4 semaines \u00e0 l\u2019avance la date et l\u2019heure auxquelles vous souhaitez recevoir nos services afin que nous puissions trouver et former les b\u00e9n\u00e9voles ad\u00e9quatement.<\/strong><\/span><\/h4>\n<p>[\/vc_column_text][\/vc_column][\/vc_row]<\/p>","protected":false},"excerpt":{"rendered":"<p>[vc_row full_width=&#8221;stretch_row&#8221; css=&#8221;.vc_custom_1660855514466{margin-top: -80px !important;background-color: #285f74 !important;}&#8221;][vc_column][vc_single_image image=&#8221;7648&#8243; img_size=&#8221;full&#8221; alignment=&#8221;center&#8221; css=&#8221;.vc_custom_1660855439880{background-color: #f2f3f8 !important;}&#8221;][\/vc_column][\/vc_row][vc_row css=&#8221;.vc_custom_1592248846844{margin-top: 20px !important;}&#8221;][vc_column][vc_column_text] FORMULAIRE D&#8217;INSCRIPTION D&#8217;UNE \u00c9COLE AUX PROGRAMMES JA QU\u00c9BEC [\/vc_column_text][\/vc_column][\/vc_row][vc_row css=&#8221;.vc_custom_1598486258822{margin-top: 20px !important;}&#8221;][vc_column][vc_column_text]Selon le temps dont vous disposez, nous vous aiderons \u00e0 trouver le programme qui vous convient et qui est en harmonie avec les objectifs de votre programme d\u2019\u00e9tudes. [&hellip;]<\/p>\n","protected":false},"author":2,"featured_media":0,"parent":711,"menu_order":0,"comment_status":"closed","ping_status":"closed","template":"","meta":{"_lmt_disableupdate":"","_lmt_disable":"","footnotes":""},"class_list":["post-713","page","type-page","status-publish","hentry"],"_links":{"self":[{"href":"https:\/\/jaquebec.org\/fr\/wp-json\/wp\/v2\/pages\/713","targetHints":{"allow":["GET"]}}],"collection":[{"href":"https:\/\/jaquebec.org\/fr\/wp-json\/wp\/v2\/pages"}],"about":[{"href":"https:\/\/jaquebec.org\/fr\/wp-json\/wp\/v2\/types\/page"}],"author":[{"embeddable":true,"href":"https:\/\/jaquebec.org\/fr\/wp-json\/wp\/v2\/users\/2"}],"replies":[{"embeddable":true,"href":"https:\/\/jaquebec.org\/fr\/wp-json\/wp\/v2\/comments?post=713"}],"version-history":[{"count":52,"href":"https:\/\/jaquebec.org\/fr\/wp-json\/wp\/v2\/pages\/713\/revisions"}],"predecessor-version":[{"id":12781,"href":"https:\/\/jaquebec.org\/fr\/wp-json\/wp\/v2\/pages\/713\/revisions\/12781"}],"up":[{"embeddable":true,"href":"https:\/\/jaquebec.org\/fr\/wp-json\/wp\/v2\/pages\/711"}],"wp:attachment":[{"href":"https:\/\/jaquebec.org\/fr\/wp-json\/wp\/v2\/media?parent=713"}],"curies":[{"name":"wp","href":"https:\/\/api.w.org\/{rel}","templated":true}]}}