{"id":715,"date":"2017-10-25T22:42:29","date_gmt":"2017-10-25T20:42:29","guid":{"rendered":"https:\/\/jaquebec.com\/?page_id=715"},"modified":"2022-08-18T17:16:14","modified_gmt":"2022-08-18T21:16:14","slug":"repartition-et-statistiques-provinciales","status":"publish","type":"page","link":"https:\/\/jaquebec.org\/fr\/ecoles\/repartition-et-statistiques-provinciales\/","title":{"rendered":"R\u00e9partition et statistiques provinciales"},"content":{"rendered":"<p>[vc_row full_width=&#8221;stretch_row_content&#8221; css=&#8221;.vc_custom_1660856125539{margin-top: -80px !important;}&#8221;][vc_column][vc_single_image image=&#8221;7629&#8243; img_size=&#8221;full&#8221;][\/vc_column][\/vc_row][vc_row css=&#8221;.vc_custom_1510592565752{margin-top: -80px !important;margin-bottom: 100px !important;}&#8221;][vc_column]<div class='headline with-icon text-center '><i class='berlin-icon-bar1'><\/i><h3>R\u00e9partition et statistiques r\u00e9gionales 2019-2020<\/h3><\/div>[vc_column_text css=&#8221;.vc_custom_1597785178204{margin-bottom: 25px !important;}&#8221;]<\/p>\n<h4>Pand\u00e9mie Covid-19 &#8211; programmes r\u00e9guliers suspendus, \u00e9coles ferm\u00e9es<\/h4>\n<p><strong>Nos activit\u00e9s r\u00e9guli\u00e8res ont d\u00fb cesser le 13 mars 2020<\/strong>, vu la fermeture des \u00e9coles et les restrictions sanitaires gouvernementales. JA Qu\u00e9bec a poursuivi ses formations via d&#8217;autres outils de diffusion. JA Canada a activ\u00e9 son projet de mise en ligne num\u00e9rique en avril; pour en faire la promotion au Qu\u00e9bec, il fallait attendre que les versions fran\u00e7aises soient disponibles (fin mai 2020). Afin de rendre l&#8217;acc\u00e8s plus rapide aux jeunes du Qu\u00e9bec, JA Qu\u00e9bec s&#8217;est impliqu\u00e9e activement aupr\u00e8s de JA Canada pour la traduction et la r\u00e9vision de 4 programmes en Apprentissage autonome. Un envoi \u00e0 nos enseignants, \u00e0 nos b\u00e9n\u00e9voles et \u00e0 nos partenaires a \u00e9t\u00e9 effectu\u00e9 le 1er juin 2020. Le volet Enseignant est en cours de mise en ligne et sera disponible ult\u00e9rieurement.[\/vc_column_text][vc_column_text css=&#8221;.vc_custom_1660856947824{margin-bottom: 25px !important;}&#8221;]<\/p>\n<table border=\"0\" width=\"100%\" cellspacing=\"0\" cellpadding=\"0\">\n<tbody>\n<tr>\n<td bgcolor=\"#285f74\" width=\"612\">\n<h5 style=\"color: #ffffff;\">PROGRAMMES<\/h5>\n<\/td>\n<td align=\"center\" bgcolor=\"#e3e24f\" width=\"189\">\n<h5><span style=\"color: #333333;\">Indicateur<\/span><\/h5>\n<\/td>\n<td align=\"center\" bgcolor=\"#00763d\" width=\"188\">\n<h5 style=\"color: #ffffff;\">Nombre de classes ou EE<\/h5>\n<\/td>\n<td align=\"center\" bgcolor=\"#00763d\" width=\"223\">\n<h5 style=\"color: #ffffff;\">\u00c9l\u00e8ves<\/h5>\n<\/td>\n<td align=\"center\" bgcolor=\"#00763d\">\n<h5 style=\"color: #ffffff;\">\u00c9coles<\/h5>\n<\/td>\n<td align=\"center\" bgcolor=\"#00763d\">\n<h5 style=\"color: #ffffff;\">B\u00e9n\u00e9voles<\/h5>\n<\/td>\n<\/tr>\n<tr>\n<td rowspan=\"3\" align=\"left\"><span style=\"color: #00763d;\"><strong>Programmes scolaires<\/strong><\/span><\/td>\n<td align=\"left\">Grand Montr\u00e9al et r\u00e9gions<\/td>\n<td align=\"center\">102<\/td>\n<td align=\"center\">2629<\/td>\n<td align=\"center\">21<\/td>\n<td align=\"center\">141<\/td>\n<\/tr>\n<tr>\n<td align=\"left\">C.Nat.\/Chaudi\u00e8re-Appalaches<\/td>\n<td align=\"center\">47<\/td>\n<td align=\"center\">1005<\/td>\n<td align=\"center\">14<\/td>\n<td align=\"center\">69<\/td>\n<\/tr>\n<tr>\n<td align=\"left\" width=\"175\"><strong>TOTAL<\/strong><\/td>\n<td align=\"center\" width=\"175\"><strong>149<\/strong><\/td>\n<td align=\"center\" width=\"175\"><strong>3634<\/strong><\/td>\n<td align=\"center\" width=\"175\"><strong>35<\/strong><\/td>\n<td align=\"center\" width=\"175\"><strong>210<\/strong><\/td>\n<\/tr>\n<tr>\n<td align=\"left\" bgcolor=\"#DBE0E6\"><\/td>\n<td align=\"center\" bgcolor=\"#DBE0E6\"><\/td>\n<td align=\"center\" bgcolor=\"#DBE0E6\"><\/td>\n<td align=\"center\" bgcolor=\"#DBE0E6\"><\/td>\n<td align=\"center\" bgcolor=\"#DBE0E6\"><\/td>\n<td align=\"center\" bgcolor=\"#DBE0E6\"><\/td>\n<\/tr>\n<tr>\n<td rowspan=\"4\" align=\"left\"><span style=\"color: #00763d;\"><strong>Entreprise \u00c9tudiante<\/strong><\/span><\/td>\n<td align=\"left\">Grand Montr\u00e9al et r\u00e9gions<\/td>\n<td align=\"center\">51<\/td>\n<td align=\"center\">633<\/td>\n<td align=\"center\">40<\/td>\n<td align=\"center\">61<\/td>\n<\/tr>\n<tr>\n<td align=\"left\">C.Nat.\/Chaudi\u00e8re-Appalaches<\/td>\n<td align=\"center\">16<\/td>\n<td align=\"center\">122<\/td>\n<td align=\"center\">9<\/td>\n<td align=\"center\">2<\/td>\n<\/tr>\n<tr>\n<td align=\"left\">Thetford Mines<\/td>\n<td align=\"center\">4<\/td>\n<td align=\"center\">25<\/td>\n<td align=\"center\">1<\/td>\n<td align=\"center\">1<\/td>\n<\/tr>\n<tr>\n<td align=\"left\" width=\"175\"><strong>TOTAL<\/strong><\/td>\n<td align=\"center\"><strong>71<\/strong><\/td>\n<td align=\"center\"><strong>780<\/strong><\/td>\n<td align=\"center\"><strong>50<\/strong><\/td>\n<td align=\"center\"><strong>64<\/strong><\/td>\n<\/tr>\n<tr>\n<td align=\"left\" bgcolor=\"#00a0af\"><strong><span style=\"color: #ffffff;\">TOTAL<\/span><\/strong><\/td>\n<td align=\"left\" bgcolor=\"#00a0af\"><strong><span style=\"color: #ffffff;\">Grand total<\/span><\/strong><\/td>\n<td align=\"center\" bgcolor=\"#00a0af\"><strong><span style=\"color: #ffffff;\">220<\/span><\/strong><\/td>\n<td align=\"center\" bgcolor=\"#00a0af\"><strong><span style=\"color: #ffffff;\">4414<\/span><\/strong><\/td>\n<td align=\"center\" bgcolor=\"#00a0af\"><strong><span style=\"color: #ffffff;\">85<\/span><\/strong><\/td>\n<td align=\"center\" bgcolor=\"#00a0af\"><strong><span style=\"color: #ffffff;\">274<\/span><\/strong><\/td>\n<\/tr>\n<\/tbody>\n<\/table>\n<p>[\/vc_column_text][vc_column_text]<\/p>\n<table border=\"0\" width=\"100%\" cellspacing=\"0\" cellpadding=\"0\">\n<tbody>\n<tr>\n<td bgcolor=\"#285f74\" width=\"612\">\n<h5 style=\"color: #ffffff;\">PROGRAMMES ET ACTIVIT\u00c9S NUM\u00c9RIQUES<\/h5>\n<\/td>\n<td align=\"center\" bgcolor=\"#e3e24f\" width=\"189\">\n<h5 style=\"color: #ffffff;\"><span style=\"color: #333333;\">Volet<\/span><\/h5>\n<\/td>\n<td align=\"center\" bgcolor=\"#00763d\" width=\"188\">\n<h5 style=\"color: #ffffff;\">Inscriptions en ligne<\/h5>\n<\/td>\n<\/tr>\n<tr>\n<td align=\"left\"><span style=\"color: #00763d;\"><strong>Programmes scolaires num\u00e9riques<\/strong><\/span> (p\u00e9riode du 1er mai au 10 juin 2020)<\/td>\n<td align=\"center\">Autonome<\/td>\n<td align=\"center\">21<\/td>\n<\/tr>\n<tr>\n<td align=\"left\" bgcolor=\"#DBE0E6\">Autres activit\u00e9s num\u00e9riques du 24 avril au 10 juin 2020 :<\/td>\n<td align=\"center\" bgcolor=\"#e3e24f\">\n<h5 style=\"color: #ffffff;\"><span style=\"color: #333333;\">Parutions<\/span><\/h5>\n<\/td>\n<td align=\"center\" bgcolor=\"#00763d\">\n<h5 style=\"color: #ffffff;\">Vues<\/h5>\n<\/td>\n<\/tr>\n<tr>\n<td align=\"left\"><span style=\"color: #00763d;\"><strong>Capsules vid\u00e9os<\/strong><\/span><\/td>\n<td align=\"center\">14<\/td>\n<td align=\"center\">2738<\/td>\n<\/tr>\n<tr>\n<td align=\"left\"><span style=\"color: #00763d;\"><strong>Contes financiers<\/strong><\/span><\/td>\n<td align=\"center\">1<\/td>\n<td align=\"center\">45<\/td>\n<\/tr>\n<tr>\n<td align=\"left\"><span style=\"color: #00763d;\"><strong>D\u00e9fi Mots<\/strong><\/span><\/td>\n<td align=\"center\">50<\/td>\n<td align=\"center\">668<\/td>\n<\/tr>\n<tr>\n<td align=\"left\" bgcolor=\"#00a0af\"><\/td>\n<td align=\"left\" bgcolor=\"#00a0af\"><\/td>\n<td align=\"center\" bgcolor=\"#00a0af\"><\/td>\n<\/tr>\n<\/tbody>\n<\/table>\n<p>[\/vc_column_text][\/vc_column][\/vc_row][vc_row css=&#8221;.vc_custom_1510592565752{margin-top: -80px !important;margin-bottom: 100px !important;}&#8221;][vc_column]<div class='headline with-icon text-center '><i class='berlin-icon-bar1'><\/i><h3>R\u00e9partition et statistiques r\u00e9gionales 2018-2019<\/h3><\/div>[vc_column_text]<\/p>\n<table border=\"0\" width=\"100%\" cellspacing=\"0\" cellpadding=\"0\">\n<tbody>\n<tr>\n<td bgcolor=\"#285f74\" width=\"612\">\n<h5 style=\"color: #ffffff;\">PROGRAMMES<\/h5>\n<\/td>\n<td align=\"center\" bgcolor=\"#e3e24f\" width=\"189\">\n<h5 style=\"color: #ffffff;\"><span style=\"color: #333333;\">Indicateur<\/span><\/h5>\n<\/td>\n<td align=\"center\" bgcolor=\"#00763d\" width=\"188\">\n<h5 style=\"color: #ffffff;\">Nombre de classes ou EE<\/h5>\n<\/td>\n<td align=\"center\" bgcolor=\"#00763d\" width=\"223\">\n<h5 style=\"color: #ffffff;\">\u00c9l\u00e8ves<\/h5>\n<\/td>\n<td align=\"center\" bgcolor=\"#00763d\">\n<h5 style=\"color: #ffffff;\">\u00c9coles<\/h5>\n<\/td>\n<td align=\"center\" bgcolor=\"#00763d\">\n<h5 style=\"color: #ffffff;\">B\u00e9n\u00e9voles<\/h5>\n<\/td>\n<td align=\"center\" bgcolor=\"#00763d\">\n<h5 style=\"color: #ffffff;\">Conf\u00e9renciers d&#8217;un soir<\/h5>\n<\/td>\n<\/tr>\n<tr>\n<td rowspan=\"3\" align=\"left\"><span style=\"color: #00763d;\"><strong>Programmes scolaires<\/strong><\/span><\/td>\n<td align=\"left\">Grand Montr\u00e9al et r\u00e9gions<\/td>\n<td align=\"center\">215<\/td>\n<td align=\"center\">5204<\/td>\n<td align=\"center\">31<\/td>\n<td align=\"center\">317<\/td>\n<td align=\"center\" bgcolor=\"#DBE0E6\"><\/td>\n<\/tr>\n<tr>\n<td align=\"left\">C.Nat.\/Chaudi\u00e8re-Appalaches<\/td>\n<td align=\"center\">54<\/td>\n<td align=\"center\">1520<\/td>\n<td align=\"center\">11<\/td>\n<td align=\"center\">54<\/td>\n<td align=\"center\" bgcolor=\"#DBE0E6\"><\/td>\n<\/tr>\n<tr>\n<td align=\"left\" width=\"175\"><strong>TOTAL<\/strong><\/td>\n<td align=\"center\" width=\"175\"><strong>269<\/strong><\/td>\n<td align=\"center\" width=\"175\"><strong>6724<\/strong><\/td>\n<td align=\"center\" width=\"175\"><strong>42<\/strong><\/td>\n<td align=\"center\" width=\"175\"><strong>371<\/strong><\/td>\n<td align=\"center\" bgcolor=\"#DBE0E6\" width=\"150\"><\/td>\n<\/tr>\n<tr>\n<td align=\"left\" bgcolor=\"#DBE0E6\"><\/td>\n<td align=\"center\" bgcolor=\"#DBE0E6\"><\/td>\n<td align=\"center\" bgcolor=\"#DBE0E6\"><\/td>\n<td align=\"center\" bgcolor=\"#DBE0E6\"><\/td>\n<td align=\"center\" bgcolor=\"#DBE0E6\"><\/td>\n<td align=\"center\" bgcolor=\"#DBE0E6\"><\/td>\n<td align=\"center\" bgcolor=\"#DBE0E6\"><\/td>\n<\/tr>\n<tr>\n<td rowspan=\"4\" align=\"left\"><span style=\"color: #00763d;\"><strong>Entreprise \u00c9tudiante<\/strong><\/span><\/td>\n<td align=\"left\">Grand Montr\u00e9al et r\u00e9gions<\/td>\n<td align=\"center\">51<\/td>\n<td align=\"center\">509<\/td>\n<td align=\"center\">47<\/td>\n<td align=\"center\">70<\/td>\n<td align=\"center\">8<\/td>\n<\/tr>\n<tr>\n<td align=\"left\">C.Nat.\/Chaudi\u00e8re-Appalaches<\/td>\n<td align=\"center\">5<\/td>\n<td align=\"center\">67<\/td>\n<td align=\"center\">6<\/td>\n<td align=\"center\">1<\/td>\n<td align=\"center\">6<\/td>\n<\/tr>\n<tr>\n<td align=\"left\">Thetford Mines<\/td>\n<td align=\"center\">4<\/td>\n<td align=\"center\">30<\/td>\n<td align=\"center\">1<\/td>\n<td align=\"center\">1<\/td>\n<td align=\"center\">0<\/td>\n<\/tr>\n<tr>\n<td align=\"left\" width=\"175\"><strong>TOTAL<\/strong><\/td>\n<td align=\"center\"><strong>60<\/strong><\/td>\n<td align=\"center\"><strong>606<\/strong><\/td>\n<td align=\"center\"><strong>54<\/strong><\/td>\n<td align=\"center\"><strong>72<\/strong><\/td>\n<td align=\"center\"><strong>14<\/strong><\/td>\n<\/tr>\n<tr>\n<td align=\"left\" bgcolor=\"#00a0af\"><strong><span style=\"color: #ffffff;\">TOTAL<\/span><\/strong><\/td>\n<td align=\"left\" bgcolor=\"#00a0af\"><strong><span style=\"color: #ffffff;\">Grand total<\/span><\/strong><\/td>\n<td align=\"center\" bgcolor=\"#00a0af\"><strong><span style=\"color: #ffffff;\">329<\/span><\/strong><\/td>\n<td align=\"center\" bgcolor=\"#00a0af\"><strong><span style=\"color: #ffffff;\">7330<\/span><\/strong><\/td>\n<td align=\"center\" bgcolor=\"#00a0af\"><strong><span style=\"color: #ffffff;\">96<\/span><\/strong><\/td>\n<td align=\"center\" bgcolor=\"#00a0af\"><strong><span style=\"color: #ffffff;\">443<\/span><\/strong><\/td>\n<td align=\"center\" bgcolor=\"#00a0af\"><strong><span style=\"color: #ffffff;\">14<\/span><\/strong><\/td>\n<\/tr>\n<\/tbody>\n<\/table>\n<p>[\/vc_column_text][\/vc_column][\/vc_row][vc_row css=&#8221;.vc_custom_1510592565752{margin-top: -80px !important;margin-bottom: 100px !important;}&#8221;][vc_column]<div class='headline with-icon text-center '><i class='berlin-icon-bar1'><\/i><h3>R\u00e9partition et statistiques r\u00e9gionales 2017-2018<\/h3><\/div>[vc_column_text]<\/p>\n<table border=\"0\" width=\"100%\" cellspacing=\"0\" cellpadding=\"0\">\n<tbody>\n<tr>\n<td bgcolor=\"#285f74\" width=\"612\">\n<h5 style=\"color: #ffffff;\">PROGRAMMES<\/h5>\n<\/td>\n<td align=\"center\" bgcolor=\"#e3e24f\" width=\"189\">\n<h5 style=\"color: #ffffff;\"><span style=\"color: #333333;\">Indicateur<\/span><\/h5>\n<\/td>\n<td align=\"center\" bgcolor=\"#00763d\" width=\"188\">\n<h5 style=\"color: #ffffff;\">Nombre de classes ou EE<\/h5>\n<\/td>\n<td align=\"center\" bgcolor=\"#00763d\" width=\"223\">\n<h5 style=\"color: #ffffff;\">\u00c9l\u00e8ves<\/h5>\n<\/td>\n<td align=\"center\" bgcolor=\"#00763d\">\n<h5 style=\"color: #ffffff;\">\u00c9coles<\/h5>\n<\/td>\n<td align=\"center\" bgcolor=\"#00763d\">\n<h5 style=\"color: #ffffff;\">B\u00e9n\u00e9voles<\/h5>\n<\/td>\n<td align=\"center\" bgcolor=\"#00763d\">\n<h5 style=\"color: #ffffff;\">Conf\u00e9renciers d&#8217;un soir<\/h5>\n<\/td>\n<\/tr>\n<tr>\n<td rowspan=\"4\" align=\"left\">Programmes scolaires<\/td>\n<td align=\"left\">Grand Montr\u00e9al et r\u00e9gions<\/td>\n<td align=\"center\">166<\/td>\n<td align=\"center\">4033<\/td>\n<td align=\"center\">26<\/td>\n<td align=\"center\">332<\/td>\n<td align=\"center\" bgcolor=\"#DBE0E6\"><\/td>\n<\/tr>\n<tr>\n<td align=\"left\">C.Nat.\/Chaudi\u00e8re-Appalaches<\/td>\n<td align=\"center\">36<\/td>\n<td align=\"center\">800<\/td>\n<td align=\"center\">5<\/td>\n<td align=\"center\">36<\/td>\n<td align=\"center\" bgcolor=\"#DBE0E6\"><\/td>\n<\/tr>\n<tr>\n<td align=\"left\">Haute-Yamaska<\/td>\n<td align=\"center\">24<\/td>\n<td align=\"center\">686<\/td>\n<td align=\"center\">4<\/td>\n<td align=\"center\">52<\/td>\n<td align=\"center\" bgcolor=\"#DBE0E6\"><\/td>\n<\/tr>\n<tr>\n<td align=\"left\" width=\"175\"><strong>TOTAL<\/strong><\/td>\n<td align=\"center\" width=\"175\"><strong>226<\/strong><\/td>\n<td align=\"center\" width=\"175\"><strong>5519<\/strong><\/td>\n<td align=\"center\" width=\"175\"><strong>35<\/strong><\/td>\n<td align=\"center\" width=\"175\"><strong>420<\/strong><\/td>\n<td align=\"center\" bgcolor=\"#DBE0E6\" width=\"150\"><\/td>\n<\/tr>\n<tr>\n<td align=\"left\" bgcolor=\"#DBE0E6\"><\/td>\n<td align=\"center\" bgcolor=\"#DBE0E6\"><\/td>\n<td align=\"center\" bgcolor=\"#DBE0E6\"><\/td>\n<td align=\"center\" bgcolor=\"#DBE0E6\"><\/td>\n<td align=\"center\" bgcolor=\"#DBE0E6\"><\/td>\n<td align=\"center\" bgcolor=\"#DBE0E6\"><\/td>\n<td align=\"center\" bgcolor=\"#DBE0E6\"><\/td>\n<\/tr>\n<tr>\n<td rowspan=\"4\" align=\"left\">Entreprise \u00c9tudiante<\/td>\n<td align=\"left\">Grand Montr\u00e9al et r\u00e9gions<\/td>\n<td align=\"center\">65<\/td>\n<td align=\"center\">675<\/td>\n<td align=\"center\">37<\/td>\n<td align=\"center\">96<\/td>\n<td align=\"center\">6<\/td>\n<\/tr>\n<tr>\n<td align=\"left\">C.Nat.\/Chaudi\u00e8re-Appalaches<\/td>\n<td align=\"center\">11<\/td>\n<td align=\"center\">145<\/td>\n<td align=\"center\">8<\/td>\n<td align=\"center\">30<\/td>\n<td align=\"center\"><\/td>\n<\/tr>\n<tr>\n<td align=\"left\">Haute-Yamaska<\/td>\n<td align=\"center\">16<\/td>\n<td align=\"center\">90<\/td>\n<td align=\"center\">7<\/td>\n<td align=\"center\">27<\/td>\n<td align=\"center\"><\/td>\n<\/tr>\n<tr>\n<td align=\"left\" width=\"175\"><strong>TOTAL<\/strong><\/td>\n<td align=\"center\"><strong>92<\/strong><\/td>\n<td align=\"center\"><strong>910<\/strong><\/td>\n<td align=\"center\"><strong>52<\/strong><\/td>\n<td align=\"center\"><strong>153<\/strong><\/td>\n<td align=\"center\"><strong>6<\/strong><\/td>\n<\/tr>\n<tr>\n<td align=\"left\" bgcolor=\"#00a0af\"><strong><span style=\"color: #ffffff;\">TOTAL<\/span><\/strong><\/td>\n<td align=\"left\" bgcolor=\"#00a0af\"><strong><span style=\"color: #ffffff;\">Grand total<\/span><\/strong><\/td>\n<td align=\"center\" bgcolor=\"#00a0af\"><strong><span style=\"color: #ffffff;\">318<\/span><\/strong><\/td>\n<td align=\"center\" bgcolor=\"#00a0af\"><strong><span style=\"color: #ffffff;\">6429<\/span><\/strong><\/td>\n<td align=\"center\" bgcolor=\"#00a0af\"><strong><span style=\"color: #ffffff;\">87<\/span><\/strong><\/td>\n<td align=\"center\" bgcolor=\"#00a0af\"><strong><span style=\"color: #ffffff;\">573<\/span><\/strong><\/td>\n<td align=\"center\" bgcolor=\"#00a0af\"><strong><span style=\"color: #ffffff;\">6<\/span><\/strong><\/td>\n<\/tr>\n<\/tbody>\n<\/table>\n<p>[\/vc_column_text][\/vc_column][\/vc_row][vc_row css=&#8221;.vc_custom_1510592565752{margin-top: -80px !important;margin-bottom: 100px !important;}&#8221;][vc_column]<div class='headline with-icon text-center '><i class='berlin-icon-bar1'><\/i><h3>R\u00e9partition et statistiques r\u00e9gionales 2016-2017<\/h3><\/div>[vc_column_text]<\/p>\n<table border=\"0\" width=\"100%\" cellspacing=\"0\" cellpadding=\"0\">\n<tbody>\n<tr>\n<td bgcolor=\"#285f74\" width=\"612\">\n<h5 style=\"color: #ffffff;\">PROGRAMMES<\/h5>\n<\/td>\n<td align=\"center\" bgcolor=\"#e3e24f\" width=\"189\">\n<h5 style=\"color: #ffffff;\"><span style=\"color: #333333;\">Indicateur<\/span><\/h5>\n<\/td>\n<td align=\"center\" bgcolor=\"#00763d\" width=\"188\">\n<h5 style=\"color: #ffffff;\">Nombre de classes ou EE<\/h5>\n<\/td>\n<td align=\"center\" bgcolor=\"#00763d\" width=\"223\">\n<h5 style=\"color: #ffffff;\">\u00c9l\u00e8ves<\/h5>\n<\/td>\n<td align=\"center\" bgcolor=\"#00763d\">\n<h5 style=\"color: #ffffff;\">\u00c9coles<\/h5>\n<\/td>\n<td align=\"center\" bgcolor=\"#00763d\">\n<h5 style=\"color: #ffffff;\">B\u00e9n\u00e9voles<\/h5>\n<\/td>\n<td align=\"center\" bgcolor=\"#00763d\">\n<h5 style=\"color: #ffffff;\">Conf\u00e9renciers d&#8217;un soir<\/h5>\n<\/td>\n<\/tr>\n<tr>\n<td rowspan=\"4\" align=\"left\">Programmes scolaires<\/td>\n<td align=\"left\">Grand Montr\u00e9al et r\u00e9gions<\/td>\n<td align=\"center\">163<\/td>\n<td align=\"center\">4122<\/td>\n<td align=\"center\">37<\/td>\n<td align=\"center\">347<\/td>\n<td align=\"center\" bgcolor=\"#DBE0E6\"><\/td>\n<\/tr>\n<tr>\n<td align=\"left\">C.Nat.\/Chaudi\u00e8re-Appalaches<\/td>\n<td align=\"center\">29<\/td>\n<td align=\"center\">626<\/td>\n<td align=\"center\">14<\/td>\n<td align=\"center\">38<\/td>\n<td align=\"center\" bgcolor=\"#DBE0E6\"><\/td>\n<\/tr>\n<tr>\n<td align=\"left\">Haute-Yamaska<\/td>\n<td align=\"center\">9<\/td>\n<td align=\"center\">225<\/td>\n<td align=\"center\">3<\/td>\n<td align=\"center\">19<\/td>\n<td align=\"center\" bgcolor=\"#DBE0E6\"><\/td>\n<\/tr>\n<tr>\n<td align=\"left\" width=\"175\"><strong>TOTAL<\/strong><\/td>\n<td align=\"center\" width=\"175\"><strong>201<\/strong><\/td>\n<td align=\"center\" width=\"175\"><strong>4973<\/strong><\/td>\n<td align=\"center\" width=\"175\"><strong>54<\/strong><\/td>\n<td align=\"center\" width=\"175\"><strong>404<\/strong><\/td>\n<td align=\"center\" bgcolor=\"#DBE0E6\" width=\"150\"><\/td>\n<\/tr>\n<tr>\n<td align=\"left\" bgcolor=\"#DBE0E6\"><\/td>\n<td align=\"center\" bgcolor=\"#DBE0E6\"><\/td>\n<td align=\"center\" bgcolor=\"#DBE0E6\"><\/td>\n<td align=\"center\" bgcolor=\"#DBE0E6\"><\/td>\n<td align=\"center\" bgcolor=\"#DBE0E6\"><\/td>\n<td align=\"center\" bgcolor=\"#DBE0E6\"><\/td>\n<td align=\"center\" bgcolor=\"#DBE0E6\"><\/td>\n<\/tr>\n<tr>\n<td rowspan=\"4\" align=\"left\">Entreprise \u00c9tudiante<\/td>\n<td align=\"left\">Grand Montr\u00e9al et r\u00e9gions<\/td>\n<td align=\"center\">55<\/td>\n<td align=\"center\">683<\/td>\n<td align=\"center\">41<\/td>\n<td align=\"center\">83<\/td>\n<td align=\"center\">12<\/td>\n<\/tr>\n<tr>\n<td align=\"left\">C.Nat.\/Chaudi\u00e8re-Appalaches<\/td>\n<td align=\"center\">14<\/td>\n<td align=\"center\">216<\/td>\n<td align=\"center\">10<\/td>\n<td align=\"center\">32<\/td>\n<td align=\"center\"><\/td>\n<\/tr>\n<tr>\n<td align=\"left\">Haute-Yamaska<\/td>\n<td align=\"center\">18<\/td>\n<td align=\"center\">130<\/td>\n<td align=\"center\">5<\/td>\n<td align=\"center\">35<\/td>\n<td align=\"center\"><\/td>\n<\/tr>\n<tr>\n<td align=\"left\" width=\"175\"><strong>TOTAL<\/strong><\/td>\n<td align=\"center\"><strong>87<\/strong><\/td>\n<td align=\"center\"><strong>1029<\/strong><\/td>\n<td align=\"center\"><strong>56<\/strong><\/td>\n<td align=\"center\"><strong>150<\/strong><\/td>\n<td align=\"center\"><strong>12<\/strong><\/td>\n<\/tr>\n<tr>\n<td align=\"left\" bgcolor=\"#00a0af\"><strong><span style=\"color: #ffffff;\">TOTAL<\/span><\/strong><\/td>\n<td align=\"left\" bgcolor=\"#00a0af\"><strong><span style=\"color: #ffffff;\">Grand total<\/span><\/strong><\/td>\n<td align=\"center\" bgcolor=\"#00a0af\"><strong><span style=\"color: #ffffff;\">288<\/span><\/strong><\/td>\n<td align=\"center\" bgcolor=\"#00a0af\"><strong><span style=\"color: #ffffff;\">6002<\/span><\/strong><\/td>\n<td align=\"center\" bgcolor=\"#00a0af\"><strong><span style=\"color: #ffffff;\">110<\/span><\/strong><\/td>\n<td align=\"center\" bgcolor=\"#00a0af\"><strong><span style=\"color: #ffffff;\">554<\/span><\/strong><\/td>\n<td align=\"center\" bgcolor=\"#00a0af\"><strong><span style=\"color: #ffffff;\">12<\/span><\/strong><\/td>\n<\/tr>\n<\/tbody>\n<\/table>\n<p>[\/vc_column_text][\/vc_column][\/vc_row][vc_row full_width=&#8221;stretch_row&#8221; parallax=&#8221;stellar&#8221; parallax_image=&#8221;7611&#8243; overlay_enable=&#8221;1&#8243; overlay_color=&#8221;#285f74&#8243; overlay_opacity=&#8221;0.6&#8243; css=&#8221;.vc_custom_1660849039556{padding-top: 150px !important;padding-bottom: 120px !important;}&#8221; berlin_font_color=&#8221;#ffffff&#8221;][vc_column width=&#8221;1\/4&#8243;][vc_btn title=&#8221;Donnez maintenant&#8221; style=&#8221;custom&#8221; custom_background=&#8221;#e3e24f&#8221; custom_text=&#8221;#22404d&#8221; size=&#8221;lg&#8221; align=&#8221;center&#8221; link=&#8221;url:https%3A%2F%2Fjaquebec.org%2Ffaire-un-don%2F|title:Donnez%20maintenant||&#8221; el_class=&#8221;.bold&#8221;][\/vc_column][vc_column width=&#8221;3\/4&#8243;][vc_column_text]<span style=\"color: #ffffff;\"><strong><span style=\"font-family: Montserrat; font-size: 22px;\">Merci d\u2019encourager JA Qu\u00e9bec! Votre don nous permet de continuer \u00e0 offrir nos programmes gratuitement<\/span><\/strong><\/span>[\/vc_column_text][\/vc_column][\/vc_row][vc_row][vc_column][\/vc_column][\/vc_row]<\/p>","protected":false},"excerpt":{"rendered":"<p>[vc_row full_width=&#8221;stretch_row_content&#8221; css=&#8221;.vc_custom_1660856125539{margin-top: -80px !important;}&#8221;][vc_column][vc_single_image image=&#8221;7629&#8243; img_size=&#8221;full&#8221;][\/vc_column][\/vc_row][vc_row css=&#8221;.vc_custom_1510592565752{margin-top: -80px !important;margin-bottom: 100px !important;}&#8221;][vc_column][vc_column_text css=&#8221;.vc_custom_1597785178204{margin-bottom: 25px !important;}&#8221;] Pand\u00e9mie Covid-19 &#8211; programmes r\u00e9guliers suspendus, \u00e9coles ferm\u00e9es Nos activit\u00e9s r\u00e9guli\u00e8res ont d\u00fb cesser le 13 mars 2020, vu la fermeture des \u00e9coles et les restrictions sanitaires gouvernementales. JA Qu\u00e9bec a poursuivi ses formations via d&#8217;autres outils de diffusion. JA [&hellip;]<\/p>\n","protected":false},"author":2,"featured_media":0,"parent":711,"menu_order":0,"comment_status":"closed","ping_status":"closed","template":"","meta":{"_lmt_disableupdate":"","_lmt_disable":"","footnotes":""},"class_list":["post-715","page","type-page","status-publish","hentry"],"_links":{"self":[{"href":"https:\/\/jaquebec.org\/fr\/wp-json\/wp\/v2\/pages\/715","targetHints":{"allow":["GET"]}}],"collection":[{"href":"https:\/\/jaquebec.org\/fr\/wp-json\/wp\/v2\/pages"}],"about":[{"href":"https:\/\/jaquebec.org\/fr\/wp-json\/wp\/v2\/types\/page"}],"author":[{"embeddable":true,"href":"https:\/\/jaquebec.org\/fr\/wp-json\/wp\/v2\/users\/2"}],"replies":[{"embeddable":true,"href":"https:\/\/jaquebec.org\/fr\/wp-json\/wp\/v2\/comments?post=715"}],"version-history":[{"count":27,"href":"https:\/\/jaquebec.org\/fr\/wp-json\/wp\/v2\/pages\/715\/revisions"}],"predecessor-version":[{"id":7667,"href":"https:\/\/jaquebec.org\/fr\/wp-json\/wp\/v2\/pages\/715\/revisions\/7667"}],"up":[{"embeddable":true,"href":"https:\/\/jaquebec.org\/fr\/wp-json\/wp\/v2\/pages\/711"}],"wp:attachment":[{"href":"https:\/\/jaquebec.org\/fr\/wp-json\/wp\/v2\/media?parent=715"}],"curies":[{"name":"wp","href":"https:\/\/api.w.org\/{rel}","templated":true}]}}