{"id":719,"date":"2017-10-25T22:43:29","date_gmt":"2017-10-25T20:43:29","guid":{"rendered":"https:\/\/jaquebec.com\/?page_id=719"},"modified":"2025-05-14T15:55:44","modified_gmt":"2025-05-14T19:55:44","slug":"mentors-recherches","status":"publish","type":"page","link":"https:\/\/jaquebec.org\/fr\/benevoles\/mentors-recherches\/","title":{"rendered":"Mentors recherch\u00e9s"},"content":{"rendered":"<p>[vc_row css=&#8221;.vc_custom_1510596453921{margin-top: -80px !important;}&#8221;][vc_column][vc_column_text]<\/p>\n<h1 style=\"text-align: center;\">Mentors recherch\u00e9s!<\/h1>\n<p>[\/vc_column_text][vc_video link=&#8221;https:\/\/youtu.be\/4rZX9mt2WuI&#8221; align=&#8221;center&#8221;][\/vc_column][\/vc_row][vc_row full_width=&#8221;stretch_row&#8221; css=&#8221;.vc_custom_1509060819803{margin-top: 50px !important;background-color: #f2f3f8 !important;}&#8221;][vc_column][vc_single_image image=&#8221;7886&#8243; img_size=&#8221;full&#8221; alignment=&#8221;center&#8221; css=&#8221;.vc_custom_1661178740487{background-color: #f2f3f8 !important;}&#8221;][\/vc_column][\/vc_row][vc_row css=&#8221;.vc_custom_1611869667015{padding-top: 15px !important;}&#8221;][vc_column][vc_column_text]<\/p>\n<h3 style=\"color: #008000; text-align: center;\"><span style=\"color: #000000;\">Nous recherchons des gens d\u2019affaires d\u00e9sireux de partager leur expertise aupr\u00e8s des jeunes du primaire, du secondaire, et coll\u00e9gial.<\/span><br \/>\n<span style=\"color: #000000;\">Plusieurs fa\u00e7ons :<\/span><\/h3>\n<p>[\/vc_column_text][\/vc_column][\/vc_row][vc_row full_width=&#8221;stretch_row&#8221; css=&#8221;.vc_custom_1678386542758{margin-top: 25px !important;margin-bottom: 25px !important;padding-top: 15px !important;padding-bottom: 15px !important;background-color: #285f74 !important;}&#8221;][vc_column width=&#8221;1\/4&#8243;][vc_column_text]<\/p>\n<h5 style=\"color: #ffffff;\"><strong>1.<\/strong><br \/>\nAteliers de quelques heures pour les programmes scolaires;<\/h5>\n<p>[\/vc_column_text][\/vc_column][vc_column width=&#8221;1\/4&#8243;][vc_column_text]<\/p>\n<h5 style=\"color: #ffffff;\"><strong>2.<\/strong><br \/>\nAccompagnement hebdomadaire et conseils aux \u00e9l\u00e8ves du programme EE pendant 22 semaines (soir);<\/h5>\n<p>[\/vc_column_text][\/vc_column][vc_column width=&#8221;1\/4&#8243;][vc_column_text]<\/p>\n<h5 style=\"color: #ffffff;\"><strong>3.<\/strong><br \/>\nConf\u00e9rence de 30 minutes aux \u00e9l\u00e8ves du programme Entreprise \u00c9tudiante;<\/h5>\n<p>[\/vc_column_text][\/vc_column][vc_column width=&#8221;1\/4&#8243;][vc_column_text css=&#8221;.vc_custom_1597074910093{margin-top: 25px !important;}&#8221;]<\/p>\n<h5 style=\"color: #ffffff;\"><strong>4.<\/strong><br \/>\nProjets de b\u00e9n\u00e9volat virtuel.<\/h5>\n<p>[\/vc_column_text][\/vc_column][\/vc_row][vc_row full_width=&#8221;stretch_row&#8221; css=&#8221;.vc_custom_1597074709003{margin-top: 25px !important;margin-bottom: 25px !important;padding-top: 15px !important;padding-bottom: 15px !important;}&#8221;][vc_column width=&#8221;1\/2&#8243;][vc_single_image image=&#8221;7881&#8243; img_size=&#8221;large&#8221; alignment=&#8221;center&#8221; onclick=&#8221;custom_link&#8221; link=&#8221;https:\/\/jaquebec.org\/benevole-virtuel\/&#8221;][\/vc_column][vc_column width=&#8221;1\/2&#8243;][vc_single_image image=&#8221;7883&#8243; img_size=&#8221;large&#8221; alignment=&#8221;center&#8221; onclick=&#8221;custom_link&#8221; link=&#8221;https:\/\/jaquebec.org\/benevole-virtuel\/&#8221;][\/vc_column][\/vc_row][vc_row][vc_column][vc_column_text]<span style=\"color: #000000;\"><strong>Impliquez-vous \u00e0 JA Qu\u00e9bec de fa\u00e7on personnelle ou en initiant une d\u00e9marche d&#8217;entreprise.<\/strong><\/span><\/p>\n<h4><strong><span style=\"color: #285f74;\">CHEZ JA QU\u00c9BEC, \u00caTRE B\u00c9N\u00c9VOLE C&#8217;EST&#8230;<\/span><\/strong><\/h4>\n<ul>\n<li><span style=\"color: #000000;\">Encourager la pers\u00e9v\u00e9rance scolaire<\/span><\/li>\n<li><span style=\"color: #000000;\">Contribuer \u00e0 la formation et \u00e0 l\u2019\u00e9ducation des jeunes leaders de demain<\/span><\/li>\n<li><span style=\"color: #000000;\">Assurer une rel\u00e8ve entrepreneuriale au Qu\u00e9bec<\/span><\/li>\n<li><span style=\"color: #000000;\">Vivre une exp\u00e9rience philanthropique enrichissante<\/span><\/li>\n<li><span style=\"color: #000000;\">D\u00e9velopper son r\u00e9seau et rencontrer d\u2019autres b\u00e9n\u00e9voles d\u2019affaires<\/span><\/li>\n<li><span style=\"color: #000000;\">Participer aux activit\u00e9s organis\u00e9es par JA Qu\u00e9bec<\/span><\/li>\n<\/ul>\n<p><span style=\"color: #000000;\">Notre organisme est fier de compter sur l\u2019engagement d\u00e9vou\u00e9 de plus de <strong>550 b\u00e9n\u00e9voles<\/strong> issus du milieu des affaires, qui ont donn\u00e9 cette ann\u00e9e pr\u00e8s de <strong>300 programmes<\/strong> (classes et EE) et form\u00e9 plus de<strong> 6 000 jeunes<\/strong> !<\/span><\/p>\n<p><span style=\"color: #000000;\">Cette force d\u2019intervention, consid\u00e9rable apport de ressources humaines, permet \u00e0 l\u2019organisation de maintenir des standards de formation de qualit\u00e9 sup\u00e9rieure, tout au long de l\u2019ann\u00e9e.\u00a0\u00a0 Nous sommes choy\u00e9s de pouvoir compter sur l\u2019engagement, la g\u00e9n\u00e9rosit\u00e9 et le talent de nos collaborateurs et de nos b\u00e9n\u00e9voles d\u2019affaires.<\/span><\/p>\n<p><span style=\"color: #000000;\">Les b\u00e9n\u00e9voles sont non seulement une inspiration quotidienne pour l\u2019\u00e9quipe, mais la multiplicit\u00e9 de leur histoire, de leur cheminement professionnel et de leur expertise apporte des couleurs vari\u00e9es et pertinentes aux formations qu\u2019ils donnent aux jeunes.<\/span>[\/vc_column_text][\/vc_column][\/vc_row][vc_row full_width=&#8221;stretch_row&#8221; css=&#8221;.vc_custom_1510174481213{margin-top: 25px !important;background-color: #f2f3f8 !important;}&#8221;][vc_column width=&#8221;1\/4&#8243;][vc_column_text]<\/p>\n<h1 style=\"text-align: center; color: #008000;\"><span style=\"color: #00c0ca;\">554<\/span><\/h1>\n<h5 style=\"text-align: center;\"><span style=\"color: #000000;\">b\u00e9n\u00e9voles<\/span><\/h5>\n<p>[\/vc_column_text][\/vc_column][vc_column width=&#8221;1\/4&#8243;][vc_column_text]<\/p>\n<h1 style=\"text-align: center; color: #008000;\"><span style=\"color: #00c0ca;\">16 600<\/span><\/h1>\n<h5 style=\"text-align: center;\"><span style=\"color: #000000;\">heures de b\u00e9n\u00e9volat<\/span><\/h5>\n<p>[\/vc_column_text][\/vc_column][vc_column width=&#8221;1\/4&#8243;][vc_column_text]<\/p>\n<h1 style=\"text-align: center; color: #008000;\"><span style=\"color: #00c0ca;\">Valeur<\/span><\/h1>\n<h5 style=\"text-align: center;\"><span style=\"color: #000000;\">Une formidable valeur ajout\u00e9e \u00e0 la formation de nos futurs leaders et entrepreneurs<\/span><\/h5>\n<p>[\/vc_column_text][\/vc_column][vc_column width=&#8221;1\/4&#8243;][vc_column_text]<\/p>\n<h1 style=\"text-align: center; color: #008000;\"><span style=\"color: #00c0ca;\">581 000 $<\/span><\/h1>\n<h5 style=\"text-align: center;\"><span style=\"color: #000000;\">environ d&#8217;\u00e9conomies sur la masse salariale*<\/span><\/h5>\n<p>[\/vc_column_text][\/vc_column][\/vc_row][vc_row full_width=&#8221;stretch_row&#8221; css=&#8221;.vc_custom_1510174521422{margin-bottom: 25px !important;padding-bottom: 15px !important;background-color: #f2f3f8 !important;}&#8221;][vc_column][vc_column_text]<span style=\"font-size: 11px; color: #000000;\">*Bas\u00e9 sur un taux horaire de 30 $\/ heure<\/span><\/p>\n<p>[\/vc_column_text][\/vc_column][\/vc_row][vc_row][vc_column][vc_column_text css=&#8221;.vc_custom_1692034107821{margin-top: 10px !important;}&#8221;]<\/p>\n<h4 style=\"text-align: center;\"><span style=\"color: #000000;\"><strong>Si vous souhaitez devenir b\u00e9n\u00e9vole d&#8217;affaires pour l&#8217;un de nos programmes :<\/strong><\/span><\/h4>\n<p>[\/vc_column_text][vc_empty_space height=&#8221;10px&#8221;][vc_btn title=&#8221;Formulaire d&#8217;inscription b\u00e9n\u00e9vole programmes scolaires&#8221; color=&#8221;info&#8221; align=&#8221;center&#8221; i_icon_fontawesome=&#8221;fa fa-users&#8221; css_animation=&#8221;bounceIn&#8221; add_icon=&#8221;true&#8221; link=&#8221;url:https%3A%2F%2Fjaquebec.org%2Ffr%2Fbenevoles%2Fformulaire-dinscription-pour-benevoles%2F|||&#8221; el_class=&#8221;.bold&#8221;][vc_btn title=&#8221;Formulaire d&#8217;inscription b\u00e9n\u00e9vole aux programmes longue dur\u00e9e &#8211; Entreprise \u00c9tudiante et Entrepreneur Junior&#8221; color=&#8221;info&#8221; align=&#8221;center&#8221; i_icon_fontawesome=&#8221;fa fa-users&#8221; css_animation=&#8221;bounceIn&#8221; add_icon=&#8221;true&#8221; link=&#8221;url:https%3A%2F%2Fjaquebec.org%2Ffr%2Fformulaire-dinscription-benevole-entreprise-etudiante%2F|||&#8221; el_class=&#8221;.bold&#8221;][\/vc_column][\/vc_row][vc_row css=&#8221;.vc_custom_1511806633893{margin-top: 25px !important;margin-bottom: 25px !important;}&#8221;][vc_column][vc_column_text]<span style=\"color: #000000;\">Si vous avez des questions sur les opportunit\u00e9s de b\u00e9n\u00e9volat au sein de JA Qu\u00e9bec, veuillez contacter :<\/span><br \/>\n<span style=\"color: #000000;\"><strong>Jessika Houde<\/strong>, coordinatrice des programmes scolaires \u00e0<\/span> <a href=\"mailto:aboisse@jaquebec.org\">quebec@jaquebec.org<\/a><span style=\"color: #000000;\"> ou au (514) 285-8944 Poste 110<\/span><br \/>\n<span style=\"color: #000000;\"><strong>M\u00e9lanie Judas<\/strong>, coordonnatrice du programme Entreprise \u00c9tudiante &amp; Entrepreneur Junior \u00e0<\/span> <a href=\"mailto:mchayer@jaquebec.org\">mjudas@jaquebec.org<\/a> <span style=\"color: #000000;\">ou au (514) 285-8944, poste 103.<\/span>[\/vc_column_text][\/vc_column][\/vc_row][vc_row full_width=&#8221;stretch_row&#8221; parallax=&#8221;stellar&#8221; parallax_image=&#8221;7611&#8243; overlay_enable=&#8221;1&#8243; overlay_color=&#8221;#285f74&#8243; overlay_opacity=&#8221;0.6&#8243; css=&#8221;.vc_custom_1660849039556{padding-top: 150px !important;padding-bottom: 120px !important;}&#8221; berlin_font_color=&#8221;#ffffff&#8221;][vc_column width=&#8221;1\/4&#8243;][vc_btn title=&#8221;Donnez maintenant&#8221; style=&#8221;custom&#8221; custom_background=&#8221;#e3e24f&#8221; custom_text=&#8221;#22404d&#8221; size=&#8221;lg&#8221; align=&#8221;center&#8221; link=&#8221;url:https%3A%2F%2Fjaquebec.org%2Ffaire-un-don%2F|title:Donnez%20maintenant||&#8221; el_class=&#8221;.bold&#8221;][\/vc_column][vc_column width=&#8221;3\/4&#8243;][vc_column_text]<strong><span style=\"font-family: Montserrat; font-size: 22px;\">Merci d\u2019encourager JA Qu\u00e9bec! Votre don nous permet de continuer \u00e0 offrir nos programmes gratuitement<\/span><\/strong>[\/vc_column_text][\/vc_column][\/vc_row]<\/p>","protected":false},"excerpt":{"rendered":"<p>[vc_row css=&#8221;.vc_custom_1510596453921{margin-top: -80px !important;}&#8221;][vc_column][vc_column_text] Mentors recherch\u00e9s! [\/vc_column_text][vc_video link=&#8221;https:\/\/youtu.be\/4rZX9mt2WuI&#8221; align=&#8221;center&#8221;][\/vc_column][\/vc_row][vc_row full_width=&#8221;stretch_row&#8221; css=&#8221;.vc_custom_1509060819803{margin-top: 50px !important;background-color: #f2f3f8 !important;}&#8221;][vc_column][vc_single_image image=&#8221;7886&#8243; img_size=&#8221;full&#8221; alignment=&#8221;center&#8221; css=&#8221;.vc_custom_1661178740487{background-color: #f2f3f8 !important;}&#8221;][\/vc_column][\/vc_row][vc_row css=&#8221;.vc_custom_1611869667015{padding-top: 15px !important;}&#8221;][vc_column][vc_column_text] Nous recherchons des gens d\u2019affaires d\u00e9sireux de partager leur expertise aupr\u00e8s des jeunes du primaire, du secondaire, et coll\u00e9gial. Plusieurs fa\u00e7ons : [\/vc_column_text][\/vc_column][\/vc_row][vc_row full_width=&#8221;stretch_row&#8221; css=&#8221;.vc_custom_1678386542758{margin-top: 25px !important;margin-bottom: 25px !important;padding-top: 15px !important;padding-bottom: [&hellip;]<\/p>\n","protected":false},"author":2,"featured_media":0,"parent":717,"menu_order":0,"comment_status":"closed","ping_status":"closed","template":"","meta":{"_lmt_disableupdate":"","_lmt_disable":"","footnotes":""},"class_list":["post-719","page","type-page","status-publish","hentry"],"_links":{"self":[{"href":"https:\/\/jaquebec.org\/fr\/wp-json\/wp\/v2\/pages\/719","targetHints":{"allow":["GET"]}}],"collection":[{"href":"https:\/\/jaquebec.org\/fr\/wp-json\/wp\/v2\/pages"}],"about":[{"href":"https:\/\/jaquebec.org\/fr\/wp-json\/wp\/v2\/types\/page"}],"author":[{"embeddable":true,"href":"https:\/\/jaquebec.org\/fr\/wp-json\/wp\/v2\/users\/2"}],"replies":[{"embeddable":true,"href":"https:\/\/jaquebec.org\/fr\/wp-json\/wp\/v2\/comments?post=719"}],"version-history":[{"count":115,"href":"https:\/\/jaquebec.org\/fr\/wp-json\/wp\/v2\/pages\/719\/revisions"}],"predecessor-version":[{"id":13186,"href":"https:\/\/jaquebec.org\/fr\/wp-json\/wp\/v2\/pages\/719\/revisions\/13186"}],"up":[{"embeddable":true,"href":"https:\/\/jaquebec.org\/fr\/wp-json\/wp\/v2\/pages\/717"}],"wp:attachment":[{"href":"https:\/\/jaquebec.org\/fr\/wp-json\/wp\/v2\/media?parent=719"}],"curies":[{"name":"wp","href":"https:\/\/api.w.org\/{rel}","templated":true}]}}