{"id":788,"date":"2017-10-25T22:54:15","date_gmt":"2017-10-25T20:54:15","guid":{"rendered":"https:\/\/jaquebec.com\/?page_id=788"},"modified":"2023-08-14T10:35:21","modified_gmt":"2023-08-14T14:35:21","slug":"nos-benevoles","status":"publish","type":"page","link":"https:\/\/jaquebec.org\/fr\/benevoles\/nos-benevoles\/","title":{"rendered":"Nos b\u00e9n\u00e9voles"},"content":{"rendered":"<p>[vc_row full_width=&#8221;stretch_row_content&#8221; css=&#8221;.vc_custom_1660940644552{margin-top: -80px !important;}&#8221;][vc_column][vc_single_image image=&#8221;7601&#8243; img_size=&#8221;full&#8221;][\/vc_column][\/vc_row][vc_row css=&#8221;.vc_custom_1660940710440{margin-top: 20px !important;margin-bottom: 35px !important;}&#8221;][vc_column]<div class='headline with-icon text-center '><i class='berlin-icon-male'><\/i><h3>Nos b\u00e9n\u00e9voles<\/h3><\/div>[vc_column_text]Notre organisme est fier de compter sur l\u2019engagement d\u00e9vou\u00e9 de plus de <span style=\"color: #00a0af; font-weight: bold;\">550 b\u00e9n\u00e9voles<\/span> issus du milieu des affaires, qui ont donn\u00e9 cette ann\u00e9e pr\u00e8s de <span style=\"color: #00a0af;\"><strong>300 programmes (classes et EE)<\/strong><\/span> et form\u00e9s plus de <span style=\"color: #00a0af;\"><strong>6 000 jeunes<\/strong><\/span> !<\/p>\n<p>Cette force d\u2019intervention, consid\u00e9rable apport de ressources humaines, permet \u00e0 l\u2019organisation de maintenir des standards de formation de qualit\u00e9 sup\u00e9rieure, tout au long de l\u2019ann\u00e9e. Nous sommes choy\u00e9s de pouvoir compter sur l\u2019engagement, la g\u00e9n\u00e9rosit\u00e9 et le talent de nos collaborateurs et de nos b\u00e9n\u00e9voles d\u2019affaires.[\/vc_column_text][\/vc_column][\/vc_row][vc_row full_width=&#8221;stretch_row&#8221; css=&#8221;.vc_custom_1660940674271{padding-top: 45px !important;padding-bottom: 45px !important;background-color: #00a0af !important;}&#8221;][vc_column][vc_column_text]<\/p>\n<h2 style=\"color: #ffffff; text-align: center;\">554\u00a0b\u00e9n\u00e9voles<\/h2>\n<h2 style=\"color: #ffffff; text-align: center;\">&#8211;<\/h2>\n<h2 style=\"color: #ffffff; text-align: center;\">16 600\u00a0heures\u00a0de\u00a0b\u00e9n\u00e9volat<\/h2>\n<h2 style=\"color: #ffffff; text-align: center;\">&#8211;<\/h2>\n<h2 style=\"color: #ffffff; text-align: center;\">Une\u00a0formidable\u00a0valeur\u00a0ajout\u00e9e \u00e0 la formation de nos futurs leaders et entrepreneurs<\/h2>\n<h2 style=\"color: #ffffff; text-align: center;\">&#8211;<\/h2>\n<h2 style=\"color: #ffffff; text-align: center;\">Des\u00a0\u00e9conomies\u00a0d\u2019environ\u00a0581 000 $\u00a0sur\u00a0la\u00a0masse\u00a0salariale*<\/h2>\n<p>[\/vc_column_text][\/vc_column][\/vc_row][vc_row css=&#8221;.vc_custom_1511561428266{margin-bottom: 25px !important;}&#8221;][vc_column][vc_column_text]*Bas\u00e9 sur un taux horaire de 30 $\/heure[\/vc_column_text][vc_column_text css=&#8221;.vc_custom_1524360819116{padding-top: 45px !important;padding-bottom: 25px !important;}&#8221;]<\/p>\n<h3 style=\"text-align: center;\">Merci \u00e0 tous nos b\u00e9n\u00e9voles pour votre engagement et votre travail extraordinaire!<\/h3>\n<p>[\/vc_column_text][vc_column_text]<span style=\"color: #000000;\">Les b\u00e9n\u00e9voles sont non seulement une inspiration quotidienne pour l\u2019\u00e9quipe, mais la multiplicit\u00e9 de leur histoire, de leur cheminement professionnel et de leur expertise apporte des couleurs vari\u00e9es et pertinentes aux formations qu\u2019ils donnent aux jeunes.<\/span>[\/vc_column_text][\/vc_column][\/vc_row][vc_row css=&#8221;.vc_custom_1511561428266{margin-bottom: 25px !important;}&#8221;][vc_column width=&#8221;1\/2&#8243;][vc_column_text]<span style=\"color: #000000;\">Merci aux b\u00e9n\u00e9voles du Programme Entreprise \u00c9tudiante, des programmes scolaires et des journ\u00e9es partenaires (<a style=\"color: #000000;\" href=\"https:\/\/jaquebec.org\/partenaires\/journees-partenaires\/\">voir photos<\/a>) qui s\u2019impliquent aupr\u00e8s de JA Qu\u00e9bec, vous \u00eates bien trop nombreux pour \u00eatre nomm\u00e9s mais nous tenions \u00e0 vous reconna\u00eetre. Merci du fond du c\u0153ur!<\/span><\/p>\n<p><span style=\"color: #000000;\">Au<\/span> <strong><a href=\"https:\/\/jaquebec.org\/evenements\/gala-annuel-de-la-releve-entrepreneuriale\/\">Gala annuel de la rel\u00e8ve entrepreneuriale 2018<\/a><\/strong> <span style=\"color: #000000;\">nous avons c\u00e9l\u00e9br\u00e9 :<\/span><\/p>\n<ul>\n<li><span style=\"color: #000000;\">Les <strong>18 ann\u00e9es<\/strong> de b\u00e9n\u00e9volat de <strong>Pierre Tousignant<\/strong><\/span><\/li>\n<li><span style=\"color: #000000;\">Les <strong>15 ann\u00e9es<\/strong> de b\u00e9n\u00e9volat de <strong>Jordan Madore<\/strong><\/span><\/li>\n<li><span style=\"color: #000000;\">Les <strong>15 ann\u00e9es<\/strong> de b\u00e9n\u00e9volat de <strong>Laurent-Luc De Serres<\/strong><\/span><\/li>\n<li><span style=\"color: #000000;\">Les <strong>14 ann\u00e9es<\/strong> de b\u00e9n\u00e9volat de <strong>Sylvain S\u00e9guin<\/strong><\/span><\/li>\n<li><span style=\"color: #000000;\">Les <strong>13,5 ann\u00e9es<\/strong> de b\u00e9n\u00e9volat de <strong>Marc-Andr\u00e9 Hamel<\/strong><\/span><\/li>\n<li><span style=\"color: #000000;\">Les <strong>11 ann\u00e9es<\/strong> de b\u00e9n\u00e9volat d&#8217;<strong>Hugo Lauzon<\/strong><\/span><\/li>\n<li><span style=\"color: #000000;\">Les <strong>10 ann\u00e9es<\/strong> de b\u00e9n\u00e9volat de <strong>Philippe Castonguay<\/strong><\/span><\/li>\n<\/ul>\n<p>[\/vc_column_text][\/vc_column][vc_column width=&#8221;1\/2&#8243;][vc_single_image image=&#8221;3039&#8243; img_size=&#8221;large&#8221; alignment=&#8221;center&#8221;][\/vc_column][\/vc_row][vc_row css=&#8221;.vc_custom_1511561428266{margin-bottom: 25px !important;}&#8221;][vc_column][vc_column_text]<\/p>\n<p style=\"text-align: center;\"><strong><span style=\"color: #000000;\">La cohorte des b\u00e9n\u00e9voles pr\u00e9sents \u00e0<\/span> <a href=\"https:\/\/jaquebec.org\/fr\/2023\/03\/28\/congres-officiel-de-la-jeunesse-entrepreneuriale-du-quebec-2023\/\">COJEQ 2023<\/a> :<\/strong><\/p>\n<p><img loading=\"lazy\" decoding=\"async\" class=\"wp-image-8804 aligncenter\" src=\"https:\/\/jaquebec.org\/wp-content\/uploads\/2023\/03\/336020090_758629108950791_4165060519613127389_n.jpg\" alt=\"\" width=\"503\" height=\"377\" srcset=\"https:\/\/jaquebec.org\/wp-content\/uploads\/2023\/03\/336020090_758629108950791_4165060519613127389_n.jpg 2048w, https:\/\/jaquebec.org\/wp-content\/uploads\/2023\/03\/336020090_758629108950791_4165060519613127389_n-300x225.jpg 300w, https:\/\/jaquebec.org\/wp-content\/uploads\/2023\/03\/336020090_758629108950791_4165060519613127389_n-1024x768.jpg 1024w, https:\/\/jaquebec.org\/wp-content\/uploads\/2023\/03\/336020090_758629108950791_4165060519613127389_n-768x576.jpg 768w, https:\/\/jaquebec.org\/wp-content\/uploads\/2023\/03\/336020090_758629108950791_4165060519613127389_n-1536x1152.jpg 1536w, https:\/\/jaquebec.org\/wp-content\/uploads\/2023\/03\/336020090_758629108950791_4165060519613127389_n-1140x855.jpg 1140w, https:\/\/jaquebec.org\/wp-content\/uploads\/2023\/03\/336020090_758629108950791_4165060519613127389_n-380x285.jpg 380w\" sizes=\"auto, (max-width: 503px) 100vw, 503px\" \/>[\/vc_column_text][vc_column_text css=&#8221;.vc_custom_1524360831141{padding-top: 45px !important;padding-bottom: 25px !important;}&#8221;]<\/p>\n<h3 style=\"text-align: center;\">Pourquoi faire du b\u00e9n\u00e9volat et s&#8217;impliquer aupr\u00e8s de JA Qu\u00e9bec ?<\/h3>\n<p>[\/vc_column_text][vc_column_text]<\/p>\n<p style=\"text-align: center;\"><span style=\"color: #000000;\">Voyez ce qu&#8217;en disent nos b\u00e9n\u00e9voles en<\/span> <a href=\"https:\/\/jaquebec.org\/benevoles\/temoignages\/\">cliquant ici<\/a>!<\/p>\n<p>[\/vc_column_text][\/vc_column][\/vc_row]<\/p>","protected":false},"excerpt":{"rendered":"<p>[vc_row full_width=&#8221;stretch_row_content&#8221; css=&#8221;.vc_custom_1660940644552{margin-top: -80px !important;}&#8221;][vc_column][vc_single_image image=&#8221;7601&#8243; img_size=&#8221;full&#8221;][\/vc_column][\/vc_row][vc_row css=&#8221;.vc_custom_1660940710440{margin-top: 20px !important;margin-bottom: 35px !important;}&#8221;][vc_column][vc_column_text]Notre organisme est fier de compter sur l\u2019engagement d\u00e9vou\u00e9 de plus de 550 b\u00e9n\u00e9voles issus du milieu des affaires, qui ont donn\u00e9 cette ann\u00e9e pr\u00e8s de 300 programmes (classes et EE) et form\u00e9s plus de 6 000 jeunes ! Cette force d\u2019intervention, consid\u00e9rable apport [&hellip;]<\/p>\n","protected":false},"author":2,"featured_media":0,"parent":717,"menu_order":0,"comment_status":"closed","ping_status":"closed","template":"","meta":{"_lmt_disableupdate":"","_lmt_disable":"","footnotes":""},"class_list":["post-788","page","type-page","status-publish","hentry"],"_links":{"self":[{"href":"https:\/\/jaquebec.org\/fr\/wp-json\/wp\/v2\/pages\/788","targetHints":{"allow":["GET"]}}],"collection":[{"href":"https:\/\/jaquebec.org\/fr\/wp-json\/wp\/v2\/pages"}],"about":[{"href":"https:\/\/jaquebec.org\/fr\/wp-json\/wp\/v2\/types\/page"}],"author":[{"embeddable":true,"href":"https:\/\/jaquebec.org\/fr\/wp-json\/wp\/v2\/users\/2"}],"replies":[{"embeddable":true,"href":"https:\/\/jaquebec.org\/fr\/wp-json\/wp\/v2\/comments?post=788"}],"version-history":[{"count":27,"href":"https:\/\/jaquebec.org\/fr\/wp-json\/wp\/v2\/pages\/788\/revisions"}],"predecessor-version":[{"id":10112,"href":"https:\/\/jaquebec.org\/fr\/wp-json\/wp\/v2\/pages\/788\/revisions\/10112"}],"up":[{"embeddable":true,"href":"https:\/\/jaquebec.org\/fr\/wp-json\/wp\/v2\/pages\/717"}],"wp:attachment":[{"href":"https:\/\/jaquebec.org\/fr\/wp-json\/wp\/v2\/media?parent=788"}],"curies":[{"name":"wp","href":"https:\/\/api.w.org\/{rel}","templated":true}]}}