{"id":794,"date":"2017-10-25T22:55:46","date_gmt":"2017-10-25T20:55:46","guid":{"rendered":"https:\/\/jaquebec.com\/?page_id=794"},"modified":"2022-08-19T14:42:57","modified_gmt":"2022-08-19T18:42:57","slug":"temoignages","status":"publish","type":"page","link":"https:\/\/jaquebec.org\/fr\/jeunes\/temoignages\/","title":{"rendered":"T\u00e9moignages"},"content":{"rendered":"<p>[vc_row full_width=&#8221;stretch_row_content&#8221; css=&#8221;.vc_custom_1660934492646{margin-top: -80px !important;}&#8221;][vc_column][vc_single_image image=&#8221;7600&#8243; img_size=&#8221;full&#8221;][\/vc_column][\/vc_row][vc_row][vc_column]<div class='headline with-icon text-center '><i class='fa fa-bullhorn'><\/i><h3>T\u00e9moignages<\/h3><\/div>[vc_row_inner][vc_column_inner width=&#8221;1\/2&#8243;][vc_custom_heading text=&#8221;Le 16 avril 2019&#8243; font_container=&#8221;tag:h2|text_align:center&#8221; css_animation=&#8221;zoomInUp&#8221;]<div class='testimonial  vc_custom_1561779085883'><blockquote><h4>\u00ab Comment raconter mon exp\u00e9rience \u00e0 JA Qu\u00e9bec? Impossible de la d\u00e9crire en un seul mot.<\/p>\n<p>Enrichissante, r\u00e9v\u00e9latrice, unique.<\/p>\n<p>Je suis plus que satisfaite d&#8217;\u00eatre embarqu\u00e9e dans ce p\u00e9riple qui a dur\u00e9 quelques mois. Le plus important, selon moi, est que j&#8217;en ressors avec des souvenirs qui me resteront \u00e0 vie.<\/p>\n<p>Non seulement j&#8217;ai appris \u00e0 travailler en \u00e9quipe, \u00e0 faire na\u00eetre mon esprit d&#8217;entrepreneur ainsi que de cr\u00e9er une entreprise, je me suis d\u00e9couverte \u00e0 travers cette exp\u00e9rience. J&#8217;ai constat\u00e9 depuis ces derniers mois que je devais me faire confiance d&#8217;avantage et que je devais foncer lorsque je voulais partager une id\u00e9e et faire mon point.<\/p>\n<p>Mon organisation s&#8217;est \u00e9galement am\u00e9lior\u00e9e, ayant beaucoup de choses \u00e0 g\u00e9rer \u00e0 la fois. Me proposant constamment \u00e0 aider et n&#8217;ayant pas peur de prendre des initiatives, je pense que mon r\u00f4le &#8220;d&#8217;entrepreneur&#8221; a finalement \u00e9t\u00e9 combl\u00e9.<\/p>\n<p>Ce programme [Entreprise \u00c9tudiante] JA Qu\u00e9bec est r\u00e9ellement plus qu&#8217;une simple activit\u00e9. C&#8217;est un cours \u00e9ducatif qui ouvre sur le monde de l&#8217;entrepreneuriat.<\/p>\n<p>Je n&#8217;aurais jamais cru avoir cette \u00e9tincelle en moi simplement \u00e0 penser d&#8217;aller rejoindre mes nouveaux amis chaque mardi. Remplis de fous rires et de coop\u00e9ration, mes soir\u00e9es &#8220;OBI&#8221; \u00e9taient attendues. Un r\u00e9el esprit d&#8217;\u00e9quipe est n\u00e9 au sein de notre \u00e9quipe malgr\u00e9 certains atomes crochus. C&#8217;est ce qui nous a rendu forts et unis.<\/p>\n<p>Je pense que tous les jeunes du Qu\u00e9bec m\u00e9riteraient d&#8217;avoir l&#8217;opportunit\u00e9 de vivre une aventure unique, comme j&#8217;ai eu la chance de vivre. J&#8217;en serai \u00e0 jamais reconnaissante. Apr\u00e8s tout, nous sommes le futur de demain. \u00bb<\/h4><\/blockquote><h4>- Ang\u00e9lique P.<\/h4><h6><\/h6><\/div>[\/vc_column_inner][vc_column_inner width=&#8221;1\/2&#8243;][vc_custom_heading text=&#8221;Le 19 f\u00e9vrier 2018&#8243; font_container=&#8221;tag:h2|text_align:center&#8221; css_animation=&#8221;zoomIn&#8221;]<div class='testimonial  vc_custom_1561778374370'><blockquote><h4>\u00ab Je m\u2019appelle Elyssa H., j&#8217;ai 15 ans et je souhaiterais aller \u00e0 COJEQ.<\/p>\n<p>J\u2019\u00e9tudie au coll\u00e8ge Stanislas depuis que je suis arriv\u00e9e \u00e0 Montr\u00e9al il y 2 ans avec mes parents, mon fr\u00e8re et ma s\u0153ur. On s\u2019y plait d\u00e9j\u00e0 \u00e9norm\u00e9ment, et de plus en plus chaque saison qui passe. Je participe depuis le d\u00e9but de cette ann\u00e9e \u00e0 l\u2019activit\u00e9 Junior Achievement tous les mardis soir de 18h30 \u00e0 21h30 \u00e0 l\u2019\u00e9cole. J\u2019y participe avec quelques personnes de mon groupe d\u2019amis, ce qui m\u2019a permis de faire la connaissance de parfaits \u00e9trangers. Nous avons une entreprise de jeux de cartes, on s\u2019occupe de la production, du design, et de tous ce qui touche le domaine de l\u2019entreprenariat. Tous les entrepreneurs sont dynamiques, motiv\u00e9s, cr\u00e9atifs et toujours pleins de bonnes id\u00e9es et de nouveaux concepts \u00e0 expliquer. Chaque mardi, je d\u00e9couvre une nouvelle qualit\u00e9, de nouvelles choses \u00e0 approfondir, \u00e0 essayer, \u00e0 imaginer dans mon entreprise. Grace \u00e0 votre programme.<\/p>\n<p>J\u2019aimerais remercier JA Qu\u00e9bec pour son dynamisme et son organisation qui ont permis la tenue de ces activit\u00e9s dans les coll\u00e8ges du Qu\u00e9bec. Je pense que je n\u2019aurais jamais touch\u00e9 d\u2019aussi pr\u00e8s une entreprise apr\u00e8s avoir particip\u00e9 de si pr\u00e8s a la fondation de Ludicartes.\u00a0 Aussi, depuis que je suis en secondaire 5, et que j\u2019ai d\u00e9couvert cette facette de l\u2019entreprenariat, je pense me diriger vers une fili\u00e8re \u00e9conomique et sociale qui me permettra un jour de cr\u00e9er ma propre entreprise.<\/p>\n<p>Je commence d\u00e9j\u00e0 \u00e0 faire fleurir mes id\u00e9es dans un petit carnet. Et, puisque je me plait \u00e0 faire des projets sur le long terme, j\u2019ai pens\u00e9 \u00e0 cr\u00e9er une chaine d\u2019h\u00f4tels, je rassemble d\u00e9j\u00e0 des dizaines id\u00e9es \u00e0 travers mes exp\u00e9riences. J\u2019adore y consacrer du temps et j\u2019attends souvent les vacances pour pouvoir m\u2019en occuper pleinement. R\u00e9cemment, je me suis tourn\u00e9e vers de nouvelles id\u00e9es, cette fois-ci concernant l\u2019organisation du programme scolaire et des soins pour la sant\u00e9 ici au Qu\u00e9bec, que j\u2019aimerais r\u00e9ussir \u00e0 mieux organiser, voire \u00e0 r\u00e9former. Je suis encore en train d\u2019approfondir mes id\u00e9es, d\u2019en parler autour de moi, avec mes parents, mes amis, et \u00e0 mon entourage. Je tiens aussi un blog pendant mon temps libre, qui ne concerne pas mes activit\u00e9s en entreprenariat mais plut\u00f4t mes loisirs. Je tiens \u00e0 vous parler de cette exp\u00e9rience car elle consolide ma m\u00e9thode d\u2019organisation, mes qualit\u00e9s litt\u00e9raires et ma cr\u00e9ativit\u00e9 \u00e0 travers internet. \u00bb<\/h4><\/blockquote><h4>- Elyssa H.<\/h4><h6><\/h6><\/div>[\/vc_column_inner][\/vc_row_inner][\/vc_column][\/vc_row][vc_row][vc_column]<div class='headline with-icon text-center '><i class='berlin-icon-bar1'><\/i><h3>R\u00e9sultats sondage post-mortem<\/h3><\/div>[vc_column_text]<\/p>\n<h3 style=\"text-align: center;\">R\u00e9sultats sondage Entreprise \u00c9tudiante 2016-2017<\/h3>\n<h4 style=\"text-align: center;\">21 juin 2017<\/h4>\n<p>[\/vc_column_text][vc_single_image image=&#8221;1212&#8243; img_size=&#8221;large&#8221; alignment=&#8221;center&#8221;][\/vc_column][\/vc_row][vc_row css=&#8221;.vc_custom_1510271975315{margin-top: 25px !important;margin-bottom: 50px !important;}&#8221;][vc_column][vc_column_text]<\/p>\n<h3>Le sondage a \u00e9t\u00e9 envoy\u00e9 \u00e0 pr\u00e8s de 250 jeunes. Voici les r\u00e9sultats des questions pertinentes \u00e0 ce rapport\u00a0:<\/h3>\n<h4 style=\"color: #008000;\">70 % des jeunes qui ont particip\u00e9 \u00e0 l&#8217;exp\u00e9rience Entreprise \u00c9tudiante en 2016-2017 ont aim\u00e9 leur exp\u00e9rience.<\/h4>\n<h4 style=\"color: #008000;\"><\/h4>\n<p>\u00ab Exp\u00e9rience tr\u00e8s enrichissante. \u00bb<\/p>\n<p>\u00ab J&#8217;en ai appris beaucoup sur le fonctionnement d&#8217;une entreprise, tant au niveau des ventes que des finances, ainsi que sur la r\u00e9partition des r\u00f4les. De plus, j&#8217;ai pu faire de nouvelles connaissances. \u00bb<\/p>\n<p>\u00ab J&#8217;ai pu voir comment une entreprise prend forme et comment \u00e7a fonctionne. J&#8217;ai aussi fait de merveilleuses rencontres avec des membres de l&#8217;entreprise. \u00bb<\/p>\n<p>\u00ab J&#8217;ai beaucoup appris sur l&#8217;entrepreneuriat, mais aussi sur la vie en g\u00e9n\u00e9ral. Je sais maintenant comment agir avec du monde que je viens de rencontrer, autant des professionnels que des jeunes comme moi. \u00bb<\/p>\n<h4 style=\"color: #008000;\">50% des jeunes participant en 2016-2017 ont d\u00e9clar\u00e9 que le programme Entreprise \u00c9tudiante avait eu un impact sur leur choix de carri\u00e8re.<\/h4>\n<p>\u00ab Maintenant, gr\u00e2ce au programme, j&#8217;envisage plus une carri\u00e8re dans le marketing.\u00bb<\/p>\n<p>\u00ab J&#8217;aimerais m&#8217;orienter vers l&#8217;entrepreneuriat. \u00bb<\/p>\n<p>\u00ab Gr\u00e2ce \u00e0 JA Qu\u00e9bec, j&#8217;ai d\u00e9cid\u00e9 de m&#8217;enr\u00f4ler dans un programme de Sciences Sociales-Commerce au Coll\u00e8ge Marianopolis. \u00bb<\/p>\n<p>\u00ab Je ne d\u00e9sire pas du tout devenir une entrepreneure avec ma propre entreprise, mais je sais que toutes les notions apprises me seront utiles dans la vie. \u00bb<\/p>\n<h4 style=\"color: #008000;\">85 % des jeunes qui ont r\u00e9pondu au sondage ont d\u00e9clar\u00e9 qu&#8217;ils recommanderaient \u00ab <em>sans h\u00e9siter <\/em>\u00bb le programme Entreprise \u00c9tudiante \u00e0 leurs amis.<\/h4>\n<p>\u00ab J\u2019aimerais m\u00eame vivre une deuxi\u00e8me ann\u00e9e en tant qu\u2019entrepreneur. \u00bb<\/p>\n<p>\u00ab Je recommanderais aux gens qui ont un int\u00e9r\u00eat pour l\u2019entrepreneuriat pour voir si ce domaine les int\u00e9resse. \u00bb[\/vc_column_text][\/vc_column][\/vc_row][vc_row full_width=&#8221;stretch_row&#8221; parallax=&#8221;stellar&#8221; parallax_image=&#8221;7611&#8243; overlay_enable=&#8221;1&#8243; overlay_color=&#8221;#285f74&#8243; overlay_opacity=&#8221;0.6&#8243; css=&#8221;.vc_custom_1660849039556{padding-top: 150px !important;padding-bottom: 120px !important;}&#8221; berlin_font_color=&#8221;#ffffff&#8221;][vc_column width=&#8221;1\/4&#8243;][vc_btn title=&#8221;Donnez maintenant&#8221; style=&#8221;custom&#8221; custom_background=&#8221;#e3e24f&#8221; custom_text=&#8221;#22404d&#8221; size=&#8221;lg&#8221; align=&#8221;center&#8221; link=&#8221;url:https%3A%2F%2Fjaquebec.org%2Ffaire-un-don%2F|title:Donnez%20maintenant||&#8221; el_class=&#8221;.bold&#8221;][\/vc_column][vc_column width=&#8221;3\/4&#8243;][vc_column_text]<span style=\"color: #ffffff;\"><strong><span style=\"font-family: Montserrat; font-size: 22px;\">Merci d\u2019encourager JA Qu\u00e9bec! Votre don nous permet de continuer \u00e0 offrir nos programmes gratuitement<\/span><\/strong><\/span>[\/vc_column_text][\/vc_column][\/vc_row]<\/p>","protected":false},"excerpt":{"rendered":"<p>[vc_row full_width=&#8221;stretch_row_content&#8221; css=&#8221;.vc_custom_1660934492646{margin-top: -80px !important;}&#8221;][vc_column][vc_single_image image=&#8221;7600&#8243; img_size=&#8221;full&#8221;][\/vc_column][\/vc_row][vc_row][vc_column][vc_row_inner][vc_column_inner width=&#8221;1\/2&#8243;][vc_custom_heading text=&#8221;Le 16 avril 2019&#8243; font_container=&#8221;tag:h2|text_align:center&#8221; css_animation=&#8221;zoomInUp&#8221;][\/vc_column_inner][vc_column_inner width=&#8221;1\/2&#8243;][vc_custom_heading text=&#8221;Le 19 f\u00e9vrier 2018&#8243; font_container=&#8221;tag:h2|text_align:center&#8221; css_animation=&#8221;zoomIn&#8221;][\/vc_column_inner][\/vc_row_inner][\/vc_column][\/vc_row][vc_row][vc_column][vc_column_text] R\u00e9sultats sondage Entreprise \u00c9tudiante 2016-2017 21 juin 2017 [\/vc_column_text][vc_single_image image=&#8221;1212&#8243; img_size=&#8221;large&#8221; alignment=&#8221;center&#8221;][\/vc_column][\/vc_row][vc_row css=&#8221;.vc_custom_1510271975315{margin-top: 25px !important;margin-bottom: 50px !important;}&#8221;][vc_column][vc_column_text] Le sondage a \u00e9t\u00e9 envoy\u00e9 \u00e0 pr\u00e8s de 250 jeunes. Voici les r\u00e9sultats des questions pertinentes \u00e0 [&hellip;]<\/p>\n","protected":false},"author":2,"featured_media":0,"parent":790,"menu_order":0,"comment_status":"closed","ping_status":"closed","template":"","meta":{"_lmt_disableupdate":"","_lmt_disable":"","footnotes":""},"class_list":["post-794","page","type-page","status-publish","hentry"],"_links":{"self":[{"href":"https:\/\/jaquebec.org\/fr\/wp-json\/wp\/v2\/pages\/794","targetHints":{"allow":["GET"]}}],"collection":[{"href":"https:\/\/jaquebec.org\/fr\/wp-json\/wp\/v2\/pages"}],"about":[{"href":"https:\/\/jaquebec.org\/fr\/wp-json\/wp\/v2\/types\/page"}],"author":[{"embeddable":true,"href":"https:\/\/jaquebec.org\/fr\/wp-json\/wp\/v2\/users\/2"}],"replies":[{"embeddable":true,"href":"https:\/\/jaquebec.org\/fr\/wp-json\/wp\/v2\/comments?post=794"}],"version-history":[{"count":38,"href":"https:\/\/jaquebec.org\/fr\/wp-json\/wp\/v2\/pages\/794\/revisions"}],"predecessor-version":[{"id":7699,"href":"https:\/\/jaquebec.org\/fr\/wp-json\/wp\/v2\/pages\/794\/revisions\/7699"}],"up":[{"embeddable":true,"href":"https:\/\/jaquebec.org\/fr\/wp-json\/wp\/v2\/pages\/790"}],"wp:attachment":[{"href":"https:\/\/jaquebec.org\/fr\/wp-json\/wp\/v2\/media?parent=794"}],"curies":[{"name":"wp","href":"https:\/\/api.w.org\/{rel}","templated":true}]}}