{"id":810,"date":"2017-10-25T23:01:10","date_gmt":"2017-10-25T21:01:10","guid":{"rendered":"https:\/\/jaquebec.com\/?page_id=810"},"modified":"2022-08-18T15:03:23","modified_gmt":"2022-08-18T19:03:23","slug":"7-raisons-de-donner","status":"publish","type":"page","link":"https:\/\/jaquebec.org\/fr\/7-raisons-de-donner\/","title":{"rendered":"7 raisons de donner"},"content":{"rendered":"<p>[vc_row full_width=&#8221;stretch_row_content&#8221; css=&#8221;.vc_custom_1660847456459{margin-top: -80px !important;}&#8221;][vc_column][vc_single_image image=&#8221;7607&#8243; img_size=&#8221;full&#8221; alignment=&#8221;center&#8221;][\/vc_column][\/vc_row][vc_row css=&#8221;.vc_custom_1660847815190{margin-top: 20px !important;}&#8221;][vc_column][vc_column_text]<\/p>\n<h1>7 raisons de donner<\/h1>\n<p>[\/vc_column_text][\/vc_column][\/vc_row][vc_row css=&#8221;.vc_custom_1510171561494{padding-top: 15px !important;padding-bottom: 15px !important;}&#8221;][vc_column width=&#8221;1\/6&#8243;][vc_column_text]<\/p>\n<h2 style=\"color: #008000; text-align: center;\">1.<\/h2>\n<p>[\/vc_column_text][\/vc_column][vc_column width=&#8221;3\/4&#8243;][vc_column_text]Notre mission consiste \u00e0 intervenir <strong>en amont<\/strong> de la cha\u00eene du d\u00e9veloppement de la rel\u00e8ve entrepreneuriale donc plus t\u00f4t que la majorit\u00e9 des autres intervenants[\/vc_column_text][\/vc_column][\/vc_row][vc_row css=&#8221;.vc_custom_1510171561494{padding-top: 15px !important;padding-bottom: 15px !important;}&#8221;][vc_column width=&#8221;1\/6&#8243;][vc_column_text]<\/p>\n<h2 style=\"color: #008000; text-align: center;\">2.<\/h2>\n<p>[\/vc_column_text][\/vc_column][vc_column width=&#8221;3\/4&#8243;][vc_column_text]Notre programme <strong>Entreprise \u00c9tudiante<\/strong> est unique au Qu\u00e9bec. Il permet aux jeunes de vivre concr\u00e8tement le lancement et la gestion de leur entreprise, supervis\u00e9s par des mentors du milieu des affaires.[\/vc_column_text][\/vc_column][\/vc_row][vc_row css=&#8221;.vc_custom_1510171561494{padding-top: 15px !important;padding-bottom: 15px !important;}&#8221;][vc_column width=&#8221;1\/6&#8243;][vc_column_text]<\/p>\n<h2 style=\"text-align: center; color: #008000;\">3.<\/h2>\n<p>[\/vc_column_text][\/vc_column][vc_column width=&#8221;3\/4&#8243;][vc_column_text]Les jeunes dipl\u00f4m\u00e9s d\u2019Entreprise \u00c9tudiante sont transform\u00e9s par leur exp\u00e9rience entrepreneuriale concr\u00e8te et <strong>50 %<\/strong> des participants \u00e0 nos programmes se montrent <strong>plus enclins \u00e0 ouvrir leur propre entreprise<\/strong>, ce qui m\u00e8ne \u00e0 l\u2019innovation, aux nouveaux emplois et \u00e0 la cr\u00e9ation de la richesse.<sup>*<\/sup><br \/>\n<span style=\"font-size: 11px;\"><sup>*<\/sup>Les statistiques incluses dans ce document proviennent d\u2019une \u00e9tude ind\u00e9pendante r\u00e9alis\u00e9e par le Boston Consulting Group en 2011.<\/span>[\/vc_column_text][\/vc_column][\/vc_row][vc_row css=&#8221;.vc_custom_1510171561494{padding-top: 15px !important;padding-bottom: 15px !important;}&#8221;][vc_column width=&#8221;1\/6&#8243;][vc_column_text]<\/p>\n<h2 style=\"text-align: center; color: #008000;\">4.<\/h2>\n<p>[\/vc_column_text][\/vc_column][vc_column width=&#8221;3\/4&#8243;][vc_column_text]Depuis 1962, JA Qu\u00e9bec a rejoint directement pr\u00e8s de <strong>306 500 <\/strong>jeunes. Il a l\u2019expertise n\u00e9cessaire pour faire le pont entre les entrepreneurs du Qu\u00e9bec et les \u00e9coles.[\/vc_column_text][\/vc_column][\/vc_row][vc_row css=&#8221;.vc_custom_1510171561494{padding-top: 15px !important;padding-bottom: 15px !important;}&#8221;][vc_column width=&#8221;1\/6&#8243;][vc_column_text]<\/p>\n<h2 style=\"text-align: center; color: #008000;\">5.<\/h2>\n<p>[\/vc_column_text][\/vc_column][vc_column width=&#8221;3\/4&#8243;][vc_column_text]Nos b\u00e9n\u00e9voles, issus du milieu des affaires, sont une source d\u2019inspiration pour les jeunes et livrent des programmes de grande qualit\u00e9 bas\u00e9s sur trois grands piliers : <strong>l\u2019entrepreneuriat, la litt\u00e9ratie financi\u00e8re et la pr\u00e9paration au travail.<\/strong>[\/vc_column_text][\/vc_column][\/vc_row][vc_row css=&#8221;.vc_custom_1510171561494{padding-top: 15px !important;padding-bottom: 15px !important;}&#8221;][vc_column width=&#8221;1\/6&#8243;][vc_column_text]<\/p>\n<h2 style=\"text-align: center; color: #008000;\">6.<\/h2>\n<p>[\/vc_column_text][\/vc_column][vc_column width=&#8221;3\/4&#8243;][vc_column_text]Nos programmes de formation touchent \u00e0 des enjeux actuels pour les jeunes. Plus de <strong>65 %<\/strong> des participants indiquent que leur participation aux programmes \u00e9ducatifs de JA Qu\u00e9bec a eu un impact sur leur d\u00e9cision de ne pas abandonner l\u2019\u00e9cole et de poursuivre des \u00e9tudes postsecondaires.[\/vc_column_text][\/vc_column][\/vc_row][vc_row css=&#8221;.vc_custom_1510171561494{padding-top: 15px !important;padding-bottom: 15px !important;}&#8221;][vc_column width=&#8221;1\/6&#8243;][vc_column_text]<\/p>\n<h2 style=\"text-align: center; color: #008000;\">7.<\/h2>\n<p>[\/vc_column_text][\/vc_column][vc_column width=&#8221;3\/4&#8243;][vc_column_text]En aidant les jeunes \u00e0 s\u2019investir \u00e0 l\u2019\u00e9cole, en encourageant l\u2019esprit entrepreneurial d\u00e8s le jeune \u00e2ge et en enseignant la litt\u00e9ratie financi\u00e8re, chaque dollar investi dans JA Qu\u00e9bec cr\u00e9e 45 $ de richesse annuellement.[\/vc_column_text][\/vc_column][\/vc_row][vc_row css=&#8221;.vc_custom_1510585975699{margin-top: 25px !important;margin-bottom: 25px !important;}&#8221;][vc_column][vc_column_text]<strong>Pour toutes questions reli\u00e9es aux dons et aux partenariats<\/strong>, veuillez contacter madame Anne Riby, directrice principale, partenariats strat\u00e9giques et communications \u00e0 : <a href=\"mailto:ariby@jaquebec.org\">ariby@jaquebec.org<\/a> ou au (514) 285 8944, poste 101.[\/vc_column_text][\/vc_column][\/vc_row][vc_row full_width=&#8221;stretch_row&#8221; parallax=&#8221;stellar&#8221; parallax_image=&#8221;7611&#8243; overlay_enable=&#8221;1&#8243; overlay_color=&#8221;#285f74&#8243; overlay_opacity=&#8221;0.6&#8243; css=&#8221;.vc_custom_1660849039556{padding-top: 150px !important;padding-bottom: 120px !important;}&#8221; berlin_font_color=&#8221;#ffffff&#8221;][vc_column width=&#8221;1\/4&#8243;][vc_btn title=&#8221;Donnez maintenant&#8221; style=&#8221;custom&#8221; custom_background=&#8221;#e3e24f&#8221; custom_text=&#8221;#22404d&#8221; size=&#8221;lg&#8221; align=&#8221;center&#8221; link=&#8221;url:https%3A%2F%2Fjaquebec.org%2Ffaire-un-don%2F|title:Donnez%20maintenant||&#8221; el_class=&#8221;.bold&#8221;][\/vc_column][vc_column width=&#8221;3\/4&#8243;][vc_column_text]<strong><span style=\"font-family: Montserrat; font-size: 22px;\">Merci d\u2019encourager JA Qu\u00e9bec! Votre don nous permet de continuer \u00e0 offrir nos programmes gratuitement<\/span><\/strong>[\/vc_column_text][\/vc_column][\/vc_row]<\/p>","protected":false},"excerpt":{"rendered":"<p>[vc_row full_width=&#8221;stretch_row_content&#8221; css=&#8221;.vc_custom_1660847456459{margin-top: -80px !important;}&#8221;][vc_column][vc_single_image image=&#8221;7607&#8243; img_size=&#8221;full&#8221; alignment=&#8221;center&#8221;][\/vc_column][\/vc_row][vc_row css=&#8221;.vc_custom_1660847815190{margin-top: 20px !important;}&#8221;][vc_column][vc_column_text] 7 raisons de donner [\/vc_column_text][\/vc_column][\/vc_row][vc_row css=&#8221;.vc_custom_1510171561494{padding-top: 15px !important;padding-bottom: 15px !important;}&#8221;][vc_column width=&#8221;1\/6&#8243;][vc_column_text] 1. [\/vc_column_text][\/vc_column][vc_column width=&#8221;3\/4&#8243;][vc_column_text]Notre mission consiste \u00e0 intervenir en amont de la cha\u00eene du d\u00e9veloppement de la rel\u00e8ve entrepreneuriale donc plus t\u00f4t que la majorit\u00e9 des autres intervenants[\/vc_column_text][\/vc_column][\/vc_row][vc_row css=&#8221;.vc_custom_1510171561494{padding-top: 15px !important;padding-bottom: 15px !important;}&#8221;][vc_column width=&#8221;1\/6&#8243;][vc_column_text] [&hellip;]<\/p>\n","protected":false},"author":2,"featured_media":0,"parent":0,"menu_order":0,"comment_status":"closed","ping_status":"closed","template":"","meta":{"_lmt_disableupdate":"","_lmt_disable":"","footnotes":""},"class_list":["post-810","page","type-page","status-publish","hentry"],"_links":{"self":[{"href":"https:\/\/jaquebec.org\/fr\/wp-json\/wp\/v2\/pages\/810","targetHints":{"allow":["GET"]}}],"collection":[{"href":"https:\/\/jaquebec.org\/fr\/wp-json\/wp\/v2\/pages"}],"about":[{"href":"https:\/\/jaquebec.org\/fr\/wp-json\/wp\/v2\/types\/page"}],"author":[{"embeddable":true,"href":"https:\/\/jaquebec.org\/fr\/wp-json\/wp\/v2\/users\/2"}],"replies":[{"embeddable":true,"href":"https:\/\/jaquebec.org\/fr\/wp-json\/wp\/v2\/comments?post=810"}],"version-history":[{"count":39,"href":"https:\/\/jaquebec.org\/fr\/wp-json\/wp\/v2\/pages\/810\/revisions"}],"predecessor-version":[{"id":7621,"href":"https:\/\/jaquebec.org\/fr\/wp-json\/wp\/v2\/pages\/810\/revisions\/7621"}],"wp:attachment":[{"href":"https:\/\/jaquebec.org\/fr\/wp-json\/wp\/v2\/media?parent=810"}],"curies":[{"name":"wp","href":"https:\/\/api.w.org\/{rel}","templated":true}]}}