{"id":812,"date":"2017-10-25T23:01:48","date_gmt":"2017-10-25T21:01:48","guid":{"rendered":"https:\/\/jaquebec.com\/?page_id=812"},"modified":"2023-08-11T17:16:09","modified_gmt":"2023-08-11T21:16:09","slug":"a-quoi-servent-vos-dons","status":"publish","type":"page","link":"https:\/\/jaquebec.org\/fr\/a-quoi-servent-vos-dons\/","title":{"rendered":"\u00c0 quoi servent vos dons?"},"content":{"rendered":"<p>[vc_row full_width=&#8221;stretch_row_content&#8221; css=&#8221;.vc_custom_1660849572978{margin-top: -80px !important;}&#8221;][vc_column][vc_single_image image=&#8221;7607&#8243; img_size=&#8221;full&#8221;][\/vc_column][\/vc_row][vc_row css=&#8221;.vc_custom_1660849578570{margin-top: 20px !important;}&#8221;][vc_column][vc_column_text]<\/p>\n<h2 style=\"text-align: center;\">\u00c0 quoi servent vos dons?<\/h2>\n<p>[\/vc_column_text][\/vc_column][\/vc_row][vc_row][vc_column][vc_column_text]<\/p>\n<h4 style=\"color: #008000;\"><span style=\"color: #285f74;\">Tous les dollars amass\u00e9s gr\u00e2ce \u00e0 votre g\u00e9n\u00e9rosit\u00e9, mais aussi gr\u00e2ce au travail de nos pr\u00e9cieux b\u00e9n\u00e9voles et employ\u00e9s, permettent :<\/span><\/h4>\n<p>[\/vc_column_text][\/vc_column][\/vc_row][vc_row][vc_column][vc_column_text css=&#8221;.vc_custom_1691788441443{margin-top: 25px !important;margin-left: 25px !important;}&#8221;]<span style=\"color: #000000;\">\u2022 D\u2019offrir <strong>GRATUITEMENT<\/strong> nos programmes de formation sur la litt\u00e9ratie financi\u00e8re, la pr\u00e9paration au march\u00e9 du travail et l\u2019entrepreneuriat dans les \u00e9coles du Qu\u00e9bec ;<\/span><\/p>\n<p><span style=\"color: #000000;\">\u2022 De rejoindre plus de jeunes en d\u00e9ployant nos programmes dans plus d\u2019\u00e9coles au Qu\u00e9bec ;<\/span><\/p>\n<p><span style=\"color: #000000;\">\u2022 De bonifier nos diff\u00e9rents programmes existants par l\u2019ajout de conf\u00e9rences d\u2019experts dans leur domaine ;<\/span><\/p>\n<p><span style=\"color: #000000;\">\u2022 D&#8217;ajouter de nouveaux programmes de formation et des outils p\u00e9dagogiques novateurs.<\/span>[\/vc_column_text][\/vc_column][\/vc_row][vc_row css=&#8221;.vc_custom_1510171561494{padding-top: 15px !important;padding-bottom: 15px !important;}&#8221;][vc_column]<div class='headline with-icon text-center '><i class='berlin-icon-location1'><\/i><h3>MONTR\u00c9AL ET R\u00c9GIONS AVOISINANTES<\/h3><\/div>[\/vc_column][\/vc_row][vc_row full_width=&#8221;stretch_row&#8221; css=&#8221;.vc_custom_1660849611490{margin-top: 25px !important;padding-top: 50px !important;padding-bottom: 50px !important;background-color: #f2f2f2 !important;}&#8221;][vc_column width=&#8221;1\/3&#8243;][vc_column_text]<\/p>\n<h5 style=\"color: #008000; text-align: center;\"><span style=\"color: #285f74;\"><strong>Entreprises \u00e9tudiantes<\/strong><\/span><\/h5>\n<h1 style=\"text-align: center;\">92<\/h1>\n<h4 style=\"text-align: center;\">+ 6% par rapport \u00e0 l\u2019an dernier<\/h4>\n<p>[\/vc_column_text][\/vc_column][vc_column width=&#8221;1\/3&#8243;][vc_column_text]<\/p>\n<h5 style=\"color: #008000; text-align: center;\"><span style=\"color: #285f74;\"><strong>Programmes scolaires<\/strong><\/span><\/h5>\n<h1 style=\"text-align: center;\">226<\/h1>\n<h4 style=\"text-align: center;\">+ 12% par rapport \u00e0 l\u2019an dernier<\/h4>\n<p>[\/vc_column_text][\/vc_column][vc_column width=&#8221;1\/3&#8243;][vc_column_text]<\/p>\n<h5 style=\"color: #008000; text-align: center;\"><span style=\"color: #285f74;\"><strong>Revenus annuels<\/strong><\/span><\/h5>\n<h1 style=\"text-align: center;\">560 621 $<\/h1>\n<h4 style=\"text-align: center;\">+ 10% par rapport \u00e0 l\u2019an dernier<\/h4>\n<p>[\/vc_column_text][\/vc_column][\/vc_row][vc_row][vc_column]<div class='headline with-icon text-center '><i class='berlin-icon-location1'><\/i><h3>TOUTES LES R\u00c9GIONS AU QU\u00c9BEC<\/h3><\/div>[\/vc_column][\/vc_row][vc_row full_width=&#8221;stretch_row&#8221; css=&#8221;.vc_custom_1660849603713{margin-top: 25px !important;padding-top: 50px !important;padding-bottom: 50px !important;background-color: #f2f2f2 !important;}&#8221;][vc_column][vc_column_text]<\/p>\n<h5 style=\"color: #008000; text-align: center;\"><span style=\"color: #285f74;\"><strong>Nombre de jeunes participants aux programmes de JA Qu\u00e9bec<\/strong><\/span><\/h5>\n<h1 style=\"text-align: center;\"><span style=\"color: #000000;\">6 429<\/span><\/h1>\n<h4 style=\"text-align: center;\"><span style=\"color: #000000;\">+ 7% par rapport \u00e0 l\u2019an dernier<\/span><\/h4>\n<p>[\/vc_column_text][\/vc_column][\/vc_row][vc_row full_width=&#8221;stretch_row&#8221; parallax=&#8221;stellar&#8221; parallax_image=&#8221;7611&#8243; overlay_enable=&#8221;1&#8243; overlay_color=&#8221;#285f74&#8243; overlay_opacity=&#8221;0.6&#8243; css=&#8221;.vc_custom_1660849039556{padding-top: 150px !important;padding-bottom: 120px !important;}&#8221; berlin_font_color=&#8221;#ffffff&#8221;][vc_column width=&#8221;1\/4&#8243;][vc_btn title=&#8221;Donnez maintenant&#8221; style=&#8221;custom&#8221; custom_background=&#8221;#e3e24f&#8221; custom_text=&#8221;#22404d&#8221; size=&#8221;lg&#8221; align=&#8221;center&#8221; link=&#8221;url:https%3A%2F%2Fjaquebec.org%2Ffaire-un-don%2F|title:Donnez%20maintenant||&#8221; el_class=&#8221;.bold&#8221;][\/vc_column][vc_column width=&#8221;3\/4&#8243;][vc_column_text]<span style=\"color: #000000;\"><strong><span style=\"font-family: Montserrat; font-size: 22px;\">Merci d\u2019encourager JA Qu\u00e9bec! Votre don nous permet de continuer \u00e0 offrir nos programmes gratuitement<\/span><\/strong><\/span>[\/vc_column_text][\/vc_column][\/vc_row]<\/p>","protected":false},"excerpt":{"rendered":"<p>[vc_row full_width=&#8221;stretch_row_content&#8221; css=&#8221;.vc_custom_1660849572978{margin-top: -80px !important;}&#8221;][vc_column][vc_single_image image=&#8221;7607&#8243; img_size=&#8221;full&#8221;][\/vc_column][\/vc_row][vc_row css=&#8221;.vc_custom_1660849578570{margin-top: 20px !important;}&#8221;][vc_column][vc_column_text] \u00c0 quoi servent vos dons? [\/vc_column_text][\/vc_column][\/vc_row][vc_row][vc_column][vc_column_text] Tous les dollars amass\u00e9s gr\u00e2ce \u00e0 votre g\u00e9n\u00e9rosit\u00e9, mais aussi gr\u00e2ce au travail de nos pr\u00e9cieux b\u00e9n\u00e9voles et employ\u00e9s, permettent : [\/vc_column_text][\/vc_column][\/vc_row][vc_row][vc_column][vc_column_text css=&#8221;.vc_custom_1691788441443{margin-top: 25px !important;margin-left: 25px !important;}&#8221;]\u2022 D\u2019offrir GRATUITEMENT nos programmes de formation sur la litt\u00e9ratie financi\u00e8re, la pr\u00e9paration [&hellip;]<\/p>\n","protected":false},"author":2,"featured_media":0,"parent":0,"menu_order":0,"comment_status":"closed","ping_status":"closed","template":"","meta":{"_lmt_disableupdate":"","_lmt_disable":"","footnotes":""},"class_list":["post-812","page","type-page","status-publish","hentry"],"_links":{"self":[{"href":"https:\/\/jaquebec.org\/fr\/wp-json\/wp\/v2\/pages\/812","targetHints":{"allow":["GET"]}}],"collection":[{"href":"https:\/\/jaquebec.org\/fr\/wp-json\/wp\/v2\/pages"}],"about":[{"href":"https:\/\/jaquebec.org\/fr\/wp-json\/wp\/v2\/types\/page"}],"author":[{"embeddable":true,"href":"https:\/\/jaquebec.org\/fr\/wp-json\/wp\/v2\/users\/2"}],"replies":[{"embeddable":true,"href":"https:\/\/jaquebec.org\/fr\/wp-json\/wp\/v2\/comments?post=812"}],"version-history":[{"count":26,"href":"https:\/\/jaquebec.org\/fr\/wp-json\/wp\/v2\/pages\/812\/revisions"}],"predecessor-version":[{"id":10092,"href":"https:\/\/jaquebec.org\/fr\/wp-json\/wp\/v2\/pages\/812\/revisions\/10092"}],"wp:attachment":[{"href":"https:\/\/jaquebec.org\/fr\/wp-json\/wp\/v2\/media?parent=812"}],"curies":[{"name":"wp","href":"https:\/\/api.w.org\/{rel}","templated":true}]}}