{"id":9738,"date":"2025-08-29T12:29:04","date_gmt":"2025-08-29T16:29:04","guid":{"rendered":"https:\/\/jaquebec.org\/?page_id=9738"},"modified":"2025-08-29T16:31:42","modified_gmt":"2025-08-29T20:31:42","slug":"carrieres","status":"publish","type":"page","link":"https:\/\/jaquebec.org\/fr\/carrieres\/","title":{"rendered":"Carri\u00e8res"},"content":{"rendered":"<p>[vc_row css=&#8221;.vc_custom_1724359676495{margin-top: -100px !important;}&#8221;][vc_column][vc_column_text]<\/p>\n<h1 style=\"text-align: center;\">Carri\u00e8res<\/h1>\n<p>[\/vc_column_text][vc_column_text css=&#8221;.vc_custom_1724441368006{margin-bottom: 30px !important;}&#8221;]<\/p>\n<p style=\"text-align: justify;\"><span style=\"color: #000000;\">D\u00e9couvrez comment vous pouvez vous impliquer dans le d\u00e9veloppement de la rel\u00e8ve entrepreneuriale en rejoignant notre \u00e9quipe. Notre page <strong>Carri\u00e8res<\/strong> regroupe toutes les opportunit\u00e9s d&#8217;emplois et de stages au sein de notre organisation \u00e0 but non lucratif. Vous souhaitez contribuer \u00e0 l&#8217;\u00e9ducation des jeunes en leur offrant des formations en entrepreneuriat et en finance ? Rejoignez-nous pour faire une r\u00e9elle diff\u00e9rence et les aider \u00e0 construire un avenir prometteur. Que vous soyez un professionnel exp\u00e9riment\u00e9 souhaitant partager votre expertise ou un jeune talent \u00e0 la recherche d&#8217;une exp\u00e9rience valorisante, nous avons des opportunit\u00e9s passionnantes \u00e0 vous offrir. Explorez notre page Carri\u00e8res d\u00e8s maintenant et donnez un nouvel \u00e9lan \u00e0 votre parcours professionnel en soutenant l&#8217;\u00e9ducation et le d\u00e9veloppement entrepreneurial.<\/span><\/p>\n<p>[\/vc_column_text][vc_text_separator title=&#8221;Offres d&#8217;emploi actuellement disponibles&#8221;][vc_column_text css=&#8221;.vc_custom_1756499500385{margin-top: 30px !important;margin-bottom: 30px !important;}&#8221;]<\/p>\n<ul>\n<li><a href=\"https:\/\/jaquebec.org\/2025\/08\/29\/offre-demploi-responsable-developpement-philanthropique-et-partenariats\/\"><strong>Responsable d\u00e9veloppement philanthropique et partenariats<\/strong><\/a><\/li>\n<li><a href=\"https:\/\/jaquebec.org\/fr\/2023\/05\/31\/offre-demploi-adjointe-programmes-et-administration\/\"><strong>Adjoint(e) aux programmes<\/strong><\/a><\/li>\n<li><strong><a href=\"https:\/\/jaquebec.org\/2025\/08\/29\/agente-de-coordination-programmes-scolaires\/\">Agent(e) de coordination, programmes scolaires<\/a><\/strong><\/li>\n<\/ul>\n<p>[\/vc_column_text][vc_text_separator title=&#8221;Autres possibilit\u00e9s de postes actuellement ferm\u00e9s&#8221;][vc_column_text css=&#8221;.vc_custom_1724441199981{margin-top: 30px !important;margin-bottom: 30px !important;}&#8221;]<\/p>\n<ul>\n<li data-leveltext=\"\uf0b7\" data-font=\"Symbol\" data-listid=\"17\" data-list-defn-props=\"{&quot;335552541&quot;:1,&quot;335559685&quot;:720,&quot;335559991&quot;:360,&quot;469769226&quot;:&quot;Symbol&quot;,&quot;469769242&quot;:[8226],&quot;469777803&quot;:&quot;left&quot;,&quot;469777804&quot;:&quot;\uf0b7&quot;,&quot;469777815&quot;:&quot;hybridMultilevel&quot;}\" aria-setsize=\"-1\" data-aria-posinset=\"2\" data-aria-level=\"1\">Coordinateur(trice) programme Entreprise \u00c9tudiante (temporaire)<\/li>\n<li data-leveltext=\"\uf0b7\" data-font=\"Symbol\" data-listid=\"17\" data-list-defn-props=\"{&quot;335552541&quot;:1,&quot;335559685&quot;:720,&quot;335559991&quot;:360,&quot;469769226&quot;:&quot;Symbol&quot;,&quot;469769242&quot;:[8226],&quot;469777803&quot;:&quot;left&quot;,&quot;469777804&quot;:&quot;\uf0b7&quot;,&quot;469777815&quot;:&quot;hybridMultilevel&quot;}\" aria-setsize=\"-1\" data-aria-posinset=\"2\" data-aria-level=\"1\">Responsable de centre des Entreprises \u00c9tudiantes (temps partiel de soir d&#8217;octobre \u00e0 avril)<\/li>\n<li data-leveltext=\"\uf0b7\" data-font=\"Symbol\" data-listid=\"17\" data-list-defn-props=\"{&quot;335552541&quot;:1,&quot;335559685&quot;:720,&quot;335559991&quot;:360,&quot;469769226&quot;:&quot;Symbol&quot;,&quot;469769242&quot;:[8226],&quot;469777803&quot;:&quot;left&quot;,&quot;469777804&quot;:&quot;\uf0b7&quot;,&quot;469777815&quot;:&quot;hybridMultilevel&quot;}\" aria-setsize=\"-1\" data-aria-posinset=\"2\" data-aria-level=\"1\">Communications et marketing num\u00e9rique<\/li>\n<li data-leveltext=\"\uf0b7\" data-font=\"Symbol\" data-listid=\"17\" data-list-defn-props=\"{&quot;335552541&quot;:1,&quot;335559685&quot;:720,&quot;335559991&quot;:360,&quot;469769226&quot;:&quot;Symbol&quot;,&quot;469769242&quot;:[8226],&quot;469777803&quot;:&quot;left&quot;,&quot;469777804&quot;:&quot;\uf0b7&quot;,&quot;469777815&quot;:&quot;hybridMultilevel&quot;}\" aria-setsize=\"-1\" data-aria-posinset=\"2\" data-aria-level=\"1\">Coordinateur(trice) programme programmes scolaires<\/li>\n<\/ul>\n<p>[\/vc_column_text][\/vc_column][\/vc_row][vc_row css=&#8221;.vc_custom_1724440995681{margin-bottom: 25px !important;}&#8221;][vc_column][\/vc_column][\/vc_row][vc_row][vc_column][vc_column_text][\/vc_column_text][\/vc_column][\/vc_row]<\/p>","protected":false},"excerpt":{"rendered":"<p>[vc_row css=&#8221;.vc_custom_1724359676495{margin-top: -100px !important;}&#8221;][vc_column][vc_column_text] Carri\u00e8res [\/vc_column_text][vc_column_text css=&#8221;.vc_custom_1724441368006{margin-bottom: 30px !important;}&#8221;] D\u00e9couvrez comment vous pouvez vous impliquer dans le d\u00e9veloppement de la rel\u00e8ve entrepreneuriale en rejoignant notre \u00e9quipe. Notre page Carri\u00e8res regroupe toutes les opportunit\u00e9s d&#8217;emplois et de stages au sein de notre organisation \u00e0 but non lucratif. Vous souhaitez contribuer \u00e0 l&#8217;\u00e9ducation des jeunes en leur [&hellip;]<\/p>\n","protected":false},"author":2,"featured_media":0,"parent":0,"menu_order":0,"comment_status":"closed","ping_status":"closed","template":"","meta":{"_lmt_disableupdate":"","_lmt_disable":"","footnotes":""},"class_list":["post-9738","page","type-page","status-publish","hentry"],"_links":{"self":[{"href":"https:\/\/jaquebec.org\/fr\/wp-json\/wp\/v2\/pages\/9738","targetHints":{"allow":["GET"]}}],"collection":[{"href":"https:\/\/jaquebec.org\/fr\/wp-json\/wp\/v2\/pages"}],"about":[{"href":"https:\/\/jaquebec.org\/fr\/wp-json\/wp\/v2\/types\/page"}],"author":[{"embeddable":true,"href":"https:\/\/jaquebec.org\/fr\/wp-json\/wp\/v2\/users\/2"}],"replies":[{"embeddable":true,"href":"https:\/\/jaquebec.org\/fr\/wp-json\/wp\/v2\/comments?post=9738"}],"version-history":[{"count":38,"href":"https:\/\/jaquebec.org\/fr\/wp-json\/wp\/v2\/pages\/9738\/revisions"}],"predecessor-version":[{"id":13434,"href":"https:\/\/jaquebec.org\/fr\/wp-json\/wp\/v2\/pages\/9738\/revisions\/13434"}],"wp:attachment":[{"href":"https:\/\/jaquebec.org\/fr\/wp-json\/wp\/v2\/media?parent=9738"}],"curies":[{"name":"wp","href":"https:\/\/api.w.org\/{rel}","templated":true}]}}